{"id":86,"date":"2020-08-19T21:46:32","date_gmt":"2020-08-20T01:46:32","guid":{"rendered":"http:\/\/localhost:10003\/why-montys\/"},"modified":"2024-01-16T09:12:57","modified_gmt":"2024-01-16T14:12:57","slug":"why-montys","status":"publish","type":"page","link":"https:\/\/montysinternational.com\/pt\/why-montys\/","title":{"rendered":"Por que Monty's"},"content":{"rendered":"<h1>\n\t\tConstru\u00eddo por Agricultores. Para Agricultores.\n\t<\/h1>\n\t<p>Experi\u00eancia pr\u00e1tica para ajudar seus campos a prosperar<\/p>\n<h2>\n\t\tConsultores de confian\u00e7a. Solu\u00e7\u00f5es Comprovadas\n\t<\/h2>\n\t<p>O principal objetivo da Monty sempre foi ajudar os agricultores a serem mais bem-sucedidos. Oferecemos aos agricultores solu\u00e7\u00f5es de nutrientes de alta efici\u00eancia, sejam elas iniciadores no sulco, condicionadores de solo \u00e0 base de h\u00famus l\u00edderes do setor ou pacotes de nutrientes aplicados via foliar, projetados para proporcionar melhor desenvolvimento das ra\u00edzes, plantas mais saud\u00e1veis e, por fim, maior produtividade!<\/p>\n<p>A Monty's \u00e9 a sua fonte confi\u00e1vel de orienta\u00e7\u00e3o confi\u00e1vel e produtos inovadores para plantas e solo, com respaldo cient\u00edfico, que facilitam a produ\u00e7\u00e3o de rendimentos maiores e de alta qualidade e melhoram a qualidade do solo a longo prazo. Monty's... consultores confi\u00e1veis. Solu\u00e7\u00f5es comprovadas. Fale com seu representante Monty's hoje mesmo!<\/p>\n<p><strong>Nossa miss\u00e3o.<\/strong> Ao fornecer nutri\u00e7\u00e3o vegetal e produtos de solo confi\u00e1veis e ambientalmente respons\u00e1veis, ajudamos nossos clientes a atingir seu maior potencial.<\/p>\n<p><strong>Princ\u00edpios-chave. <\/strong>Apoiar o desenvolvimento de cada funcion\u00e1rio. V\u00e1 a milha extra para ajudar nossos clientes a alcan\u00e7ar o sucesso. Escolha materiais da mais alta qualidade e ambientalmente respons\u00e1veis. Operar com integridade, mesmo quando ningu\u00e9m estiver observando. Nunca pare de aprender e desenvolver novas tecnologias inovadoras.<\/p>\n\n<h2>\n\t\tParceria com voc\u00ea para seu maior e mais saud\u00e1vel rendimento\n\t<\/h2>\n\t\t\t\t\t\t\t\t\t<img loading=\"lazy\" decoding=\"async\" src=\"https:\/\/montysinternational.com\/wp-content\/uploads\/2020\/08\/icon-about-1.png\" alt=\"icon-about-1\" itemprop=\"image\" height=\"216\" width=\"213\" title=\"icon-about-1\" onerror=\"this.style.display='none'\"  \/>\n<h3>\n\t\tEspecialistas em agronomia que trabalham para voc\u00ea.\n\t<\/h3>\n\t<p>Desde a resolu\u00e7\u00e3o de pequenos problemas at\u00e9 a ressurrei\u00e7\u00e3o de seus piores campos, seu especialista em agronomia local trabalhar\u00e1 com voc\u00ea para oferecer-lhe solu\u00e7\u00f5es sob medida que atendam a seus objetivos.<\/p>\n<h3>\n\t\tVeja as m\u00e9tricas que importam.\n\t<\/h3>\n\t<p>N\u00e3o existe um modelo \u00fanico para todos os agricultores. E se voc\u00ea n\u00e3o sabe o que est\u00e1 acontecendo sob a superf\u00edcie, ent\u00e3o est\u00e1 cultivando \u00e0s cegas. Tome decis\u00f5es orientadas por dados com base em amostras de solo e plantas de seus campos.<\/p>\n\t\t\t\t\t\t\t\t\t<img loading=\"lazy\" decoding=\"async\" src=\"https:\/\/montysinternational.com\/wp-content\/uploads\/2020\/08\/icon-about-2.png\" alt=\"icon-about-2\" itemprop=\"image\" height=\"215\" width=\"213\" srcset=\"https:\/\/montysinternational.com\/wp-content\/uploads\/2020\/08\/icon-about-2.png 213w, https:\/\/montysinternational.com\/wp-content\/uploads\/2020\/08\/icon-about-2-150x150.png 150w\" sizes=\"auto, (max-width: 213px) 100vw, 213px\" title=\"icon-about-2\" onerror=\"this.style.display='none'\"  \/>\n\t\t\t\t\t\t\t\t\t<img loading=\"lazy\" decoding=\"async\" src=\"https:\/\/montysinternational.com\/wp-content\/uploads\/2020\/08\/icon-about-3.png\" alt=\"icon-about-3\" itemprop=\"image\" height=\"216\" width=\"213\" title=\"icon-about-3\" onerror=\"this.style.display='none'\"  \/>\n<h3>\n\t\tDireitos de fanfarronice para acres.\n\t<\/h3>\n\t<p>Voc\u00ea (e seus vizinhos) ver\u00e1 a diferen\u00e7a da Monty's em campos lado a lado usados com e sem nossas solu\u00e7\u00f5es de solo e plantas. <\/p>\n<h2>\n\t\tNossa Hist\u00f3ria\n\t<\/h2>\n<p><strong>Os primeiros dias<\/strong><\/p>\n<p>O que come\u00e7ou como um hobby para Monty Justice rapidamente se tornou uma paix\u00e3o para toda a vida. Depois de se aposentar de uma carreira de 32 anos na fabrica\u00e7\u00e3o de metais, Monty se dedicou a cultivar as rosas mais saud\u00e1veis e bonitas. Monty rapidamente descobriu que n\u00e3o havia um \u00fanico produto no mercado que pudesse fornecer uma excelente nutri\u00e7\u00e3o para suas rosas, sem adicionar sais e alterar o pH do solo.<\/p>\n<p>N\u00e3o querendo se acomodar, Monty iniciou seus pr\u00f3prios testes e ensaios adicionando diferentes nutrientes ao solo e, em um per\u00edodo de dois anos, criou a f\u00f3rmula patenteada Monty's Plant Food.<\/p>\n<p>Inicialmente chamada de \"Monty's Joy Juice\", a f\u00f3rmula logo se tornou a alegria dos jardineiros de toda a comunidade de Kentucky, onde ele nasceu e cresceu. \u00c0 medida que surgiam relatos sobre o sucesso do Monty's em planta\u00e7\u00f5es de hortali\u00e7as, o interesse come\u00e7ou a crescer entre os agricultores da regi\u00e3o.<\/p>\n<p><strong>Uma opera\u00e7\u00e3o em crescimento<\/strong><\/p>\n<p>Dennis Stephens, um fazendeiro de gera\u00e7\u00f5es do Condado de Bourbon, KY, e genro de Monty's, iniciou os primeiros testes nas planta\u00e7\u00f5es de tabaco de sua pr\u00f3pria fam\u00edlia, para ver se os resultados que eles estavam vendo em rosas e hortas poderiam ser reproduzidos em uma escala maior. Depois de apenas uma temporada, impressionado com os resultados, Stephens, juntamente com dois outros parceiros de neg\u00f3cios, John Petrey e Kevin Voss, convenceu a Monty's de que era hora de levar o produto a um p\u00fablico ainda maior. Foi ent\u00e3o que, em 1997, a Monty's Plant Food Company foi criada.<\/p>\n<p>A Monty's evoluiu e se tornou uma fonte confi\u00e1vel de produtos para plantas e solo para agricultores e produtores nos Estados Unidos e no mundo. A empresa tamb\u00e9m assumiu um papel de lideran\u00e7a nas conversas emergentes sobre a sa\u00fade do solo, com membros importantes da equipe da Monty's atuando nos conselhos e comit\u00eas da Soil Renaissance (Noble Foundation) e da Humics Product Trade Association. A Monty's tamb\u00e9m continua a realizar testes de campo e a coletar dados de campo de seus produtores, que se tornaram verdadeiros defensores.<\/p>\n<p>De jardins de rosas no quintal a grandes fazendas produtoras de safras, a Monty's Plant Food Company mant\u00e9m seu slogan com produtores de todo o mundo, prometendo \"Success You Can See\".<\/p>\n<p><strong>\u00a0<\/strong><\/p>\n<p><strong>Valores familiares de Monty<\/strong><\/p>\n<p>Monty Justice era um homem cheio de energia e entusiasmo ilimitados - e nunca teve medo de experimentar coisas novas. Antes de ser um pioneiro na agricultura, ele teve uma carreira de sucesso no ramo de metais. Monty tamb\u00e9m era um marido dedicado, um pai atencioso e um av\u00f4 muito presente para seus tr\u00eas netos.<\/p>\n<p>Quando Monty come\u00e7ou o \"Monty's Joy Juice\", ele realmente fez dele um neg\u00f3cio de fam\u00edlia, com sua esposa e filhos misturando e embalando o produto \u00e0 base de h\u00famicos na varanda dos fundos. \u00c0 medida que a not\u00edcia de sua mistura bem-sucedida se espalhava, Monty come\u00e7ou a engarrafar seu produto em jarras de leite recicladas de um gal\u00e3o e a entreg\u00e1-las aos clientes em toda a regi\u00e3o central do Sul, no porta-malas de seu carro.<\/p>\n<p>A empresa familiar cresceu e passou a incluir seu genro, Dennis Stephens. Juntos, Monty e Dennis continuaram a desenvolver a marca Monty's Plant Food, conectando-se com parceiros comerciais para ajudar a distribuir o produto em grandes quantidades para agricultores e pecuaristas para suas colheitas.<\/p>\n<p>Desde a varanda dos fundos nos anos 90 at\u00e9 a empresa multimilion\u00e1ria de hoje, o efusivo e entusiasmado Monty Justice deu um presente aos produtores e jardineiros de todo o mundo. Como o pr\u00f3prio Monty disse antes de falecer em 2012, \"O prazer est\u00e1 em dar\".<\/p>\n<p><a href=\"https:\/\/montysinternational.com\/wp-content\/uploads\/2020\/10\/Monty_driveway-full-of-roses.jpg\"><img loading=\"lazy\" decoding=\"async\" src=\"https:\/\/montysinternational.com\/wp-content\/uploads\/2020\/10\/Monty_driveway-full-of-roses.jpg\" alt=\"\" width=\"583\" height=\"345\" \/><\/a><\/p>\n<p>&nbsp;<\/p>\n<p>&nbsp;<\/p>\n\t\t\t\tMaximize o potencial do seu solo\n\t\t<h2>Tecnologia H\u00famica Ativa<\/h2>\n\t<p>A diferen\u00e7a \u00e9 a ativa\u00e7\u00e3o. Quando voc\u00ea aplica a tecnologia h\u00famica propriet\u00e1ria mais ativa e sol\u00favel do mercado em seu solo, faz com que tudo o resto que voc\u00ea aplica funcione melhor.<\/p>\n\t<a href=\"https:\/\/montysplantfood.com\/montys-humics-fulvics\/\" target=\"_self\" role=\"button\" aria-label=\"Saiba mais\" rel=\"noopener\">\n\t\t\t\t\t\tSaiba mais\n\t\t\t\t\t<\/a>\n<h2>\n\t\tO que voc\u00ea pode contar com o Monty's\n\t<\/h2>\n\t\t\t\t\t\t\t<img decoding=\"async\" src=\"https:\/\/montysinternational.com\/wp-content\/uploads\/2020\/08\/icon-benefit-1.png\" alt=\"icon-benefit-1\" \/>\n\t\t<h3>Solu\u00e7\u00f5es orientadas por dados<\/h3>\n\t\t\t\t\t\t\t<img decoding=\"async\" src=\"https:\/\/montysinternational.com\/wp-content\/uploads\/2020\/08\/icon-benefit-2.png\" alt=\"icon-benefit-2\" \/>\n\t\t<h3>Resposta e entrega imediatas<\/h3>\n\t\t\t\t\t\t\t<img decoding=\"async\" src=\"https:\/\/montysinternational.com\/wp-content\/uploads\/2020\/08\/icon-benefit-3.png\" alt=\"icon-benefit-3\" \/>\n\t\t<h3>Produtos inovadores e comprovados<\/h3>\n\t\t\t\t\t\t\t<img decoding=\"async\" src=\"https:\/\/montysinternational.com\/wp-content\/uploads\/2020\/08\/icon-benefit-4.png\" alt=\"icon-benefit-4\" \/>\n\t\t<h3>Rendimentos altos e saud\u00e1veis<\/h3>\n\t\t\t\t\t\t\t<img decoding=\"async\" src=\"https:\/\/montysinternational.com\/wp-content\/uploads\/2020\/08\/icon-benefit-5.png\" alt=\"icon-benefit-5\" \/>\n\t\t<h3>Especialistas em Agronomia de Confian\u00e7a<\/h3>\n\t\t\t\t\t\t\t<img decoding=\"async\" src=\"https:\/\/montysinternational.com\/wp-content\/uploads\/2020\/08\/icon-benefit-6.png\" alt=\"icon-benefit-6\" \/>\n\t\t<h3>Materiais ambientalmente respons\u00e1veis<\/h3>","protected":false},"excerpt":{"rendered":"<p>Constru\u00eddo por agricultores. Para agricultores. Conhecimento pr\u00e1tico para ajudar seus campos a prosperar Consultores confi\u00e1veis. Solu\u00e7\u00f5es comprovadas O principal objetivo da Monty sempre foi ajudar os agricultores a serem mais bem-sucedidos. Oferecemos aos agricultores solu\u00e7\u00f5es de nutrientes de alta efici\u00eancia - sejam iniciadores no sulco, condicionadores de solo \u00e0 base de h\u00famus l\u00edderes do setor ou pacotes de nutrientes aplicados por via foliar - projetados para proporcionar melhor desenvolvimento das ra\u00edzes,...<\/p>","protected":false},"author":20,"featured_media":0,"parent":0,"menu_order":7,"comment_status":"closed","ping_status":"closed","template":"","meta":{"_acf_changed":false,"_monsterinsights_skip_tracking":false,"_monsterinsights_sitenote_active":false,"_monsterinsights_sitenote_note":"","_monsterinsights_sitenote_category":0,"footnotes":""},"class_list":["post-86","page","type-page","status-publish","hentry"],"acf":[],"yoast_head":"<!-- This site is optimized with the Yoast SEO plugin v27.3 - https:\/\/yoast.com\/product\/yoast-seo-wordpress\/ -->\n<title>Why Monty\u2019s - Monty&#039;s International<\/title>\n<meta name=\"robots\" content=\"index, follow, max-snippet:-1, max-image-preview:large, max-video-preview:-1\" \/>\n<link rel=\"canonical\" href=\"https:\/\/montysinternational.com\/pt\/why-montys\/\" \/>\n<meta property=\"og:locale\" content=\"pt_BR\" \/>\n<meta property=\"og:type\" content=\"article\" \/>\n<meta property=\"og:title\" content=\"Why Monty\u2019s - Monty&#039;s International\" \/>\n<meta property=\"og:description\" content=\"Built by Farmers. For Farmers. Hands-On Expertise To Help Your Fields Thrive Trusted Advisors. Proven Solutions Monty&#8217;s primary goal has always been to help farmers be more successful. We offer farmers high efficiency nutrient solutions &#8211; whether in-furrow starters, industry-leading humic-based soil conditioners, or foliar applied nutrient packages &#8211; designed to bring better root development,&hellip;\" \/>\n<meta property=\"og:url\" content=\"https:\/\/montysinternational.com\/pt\/why-montys\/\" \/>\n<meta property=\"og:site_name\" content=\"Monty&#039;s International\" \/>\n<meta property=\"article:modified_time\" content=\"2024-01-16T14:12:57+00:00\" \/>\n<meta property=\"og:image\" content=\"https:\/\/montysinternational.com\/wp-content\/uploads\/2020\/08\/icon-about-1.png\" \/>\n<meta name=\"twitter:card\" content=\"summary_large_image\" \/>\n<meta name=\"twitter:label1\" content=\"Est. reading time\" \/>\n\t<meta name=\"twitter:data1\" content=\"6 minutes\" \/>\n<script type=\"application\/ld+json\" class=\"yoast-schema-graph\">{\"@context\":\"https:\\\/\\\/schema.org\",\"@graph\":[{\"@type\":\"WebPage\",\"@id\":\"https:\\\/\\\/montysinternational.com\\\/why-montys\\\/\",\"url\":\"https:\\\/\\\/montysinternational.com\\\/why-montys\\\/\",\"name\":\"Why Monty\u2019s - Monty&#039;s International\",\"isPartOf\":{\"@id\":\"https:\\\/\\\/montysinternational.com\\\/#website\"},\"primaryImageOfPage\":{\"@id\":\"https:\\\/\\\/montysinternational.com\\\/why-montys\\\/#primaryimage\"},\"image\":{\"@id\":\"https:\\\/\\\/montysinternational.com\\\/why-montys\\\/#primaryimage\"},\"thumbnailUrl\":\"https:\\\/\\\/montysinternational.com\\\/wp-content\\\/uploads\\\/2020\\\/08\\\/icon-about-1.png\",\"datePublished\":\"2020-08-20T01:46:32+00:00\",\"dateModified\":\"2024-01-16T14:12:57+00:00\",\"breadcrumb\":{\"@id\":\"https:\\\/\\\/montysinternational.com\\\/why-montys\\\/#breadcrumb\"},\"inLanguage\":\"pt-BR\",\"potentialAction\":[{\"@type\":\"ReadAction\",\"target\":[\"https:\\\/\\\/montysinternational.com\\\/why-montys\\\/\"]}]},{\"@type\":\"ImageObject\",\"inLanguage\":\"pt-BR\",\"@id\":\"https:\\\/\\\/montysinternational.com\\\/why-montys\\\/#primaryimage\",\"url\":\"https:\\\/\\\/montysinternational.com\\\/wp-content\\\/uploads\\\/2020\\\/08\\\/icon-about-1.png\",\"contentUrl\":\"https:\\\/\\\/montysinternational.com\\\/wp-content\\\/uploads\\\/2020\\\/08\\\/icon-about-1.png\"},{\"@type\":\"BreadcrumbList\",\"@id\":\"https:\\\/\\\/montysinternational.com\\\/why-montys\\\/#breadcrumb\",\"itemListElement\":[{\"@type\":\"ListItem\",\"position\":1,\"name\":\"Home\",\"item\":\"https:\\\/\\\/montysinternational.com\\\/\"},{\"@type\":\"ListItem\",\"position\":2,\"name\":\"Why Monty\u2019s\"}]},{\"@type\":\"WebSite\",\"@id\":\"https:\\\/\\\/montysinternational.com\\\/#website\",\"url\":\"https:\\\/\\\/montysinternational.com\\\/\",\"name\":\"Monty&#039;s International\",\"description\":\"\",\"publisher\":{\"@id\":\"https:\\\/\\\/montysinternational.com\\\/#organization\"},\"potentialAction\":[{\"@type\":\"SearchAction\",\"target\":{\"@type\":\"EntryPoint\",\"urlTemplate\":\"https:\\\/\\\/montysinternational.com\\\/?s={search_term_string}\"},\"query-input\":{\"@type\":\"PropertyValueSpecification\",\"valueRequired\":true,\"valueName\":\"search_term_string\"}}],\"inLanguage\":\"pt-BR\"},{\"@type\":\"Organization\",\"@id\":\"https:\\\/\\\/montysinternational.com\\\/#organization\",\"name\":\"Monty's Plant Food\",\"url\":\"https:\\\/\\\/montysinternational.com\\\/\",\"logo\":{\"@type\":\"ImageObject\",\"inLanguage\":\"pt-BR\",\"@id\":\"https:\\\/\\\/montysinternational.com\\\/#\\\/schema\\\/logo\\\/image\\\/\",\"url\":\"https:\\\/\\\/montysinternational.com\\\/wp-content\\\/uploads\\\/2020\\\/09\\\/Website-Logo-TEST.png\",\"contentUrl\":\"https:\\\/\\\/montysinternational.com\\\/wp-content\\\/uploads\\\/2020\\\/09\\\/Website-Logo-TEST.png\",\"width\":505,\"height\":358,\"caption\":\"Monty's Plant Food\"},\"image\":{\"@id\":\"https:\\\/\\\/montysinternational.com\\\/#\\\/schema\\\/logo\\\/image\\\/\"}}]}<\/script>\n<!-- \/ Yoast SEO plugin. -->","yoast_head_json":{"title":"Why Monty\u2019s - Monty&#039;s International","robots":{"index":"index","follow":"follow","max-snippet":"max-snippet:-1","max-image-preview":"max-image-preview:large","max-video-preview":"max-video-preview:-1"},"canonical":"https:\/\/montysinternational.com\/pt\/why-montys\/","og_locale":"pt_BR","og_type":"article","og_title":"Why Monty\u2019s - Monty&#039;s International","og_description":"Built by Farmers. For Farmers. Hands-On Expertise To Help Your Fields Thrive Trusted Advisors. Proven Solutions Monty&#8217;s primary goal has always been to help farmers be more successful. We offer farmers high efficiency nutrient solutions &#8211; whether in-furrow starters, industry-leading humic-based soil conditioners, or foliar applied nutrient packages &#8211; designed to bring better root development,&hellip;","og_url":"https:\/\/montysinternational.com\/pt\/why-montys\/","og_site_name":"Monty&#039;s International","article_modified_time":"2024-01-16T14:12:57+00:00","og_image":[{"url":"https:\/\/montysinternational.com\/wp-content\/uploads\/2020\/08\/icon-about-1.png","type":"","width":"","height":""}],"twitter_card":"summary_large_image","twitter_misc":{"Est. reading time":"6 minutes"},"schema":{"@context":"https:\/\/schema.org","@graph":[{"@type":"WebPage","@id":"https:\/\/montysinternational.com\/why-montys\/","url":"https:\/\/montysinternational.com\/why-montys\/","name":"Why Monty\u2019s - Monty&#039;s International","isPartOf":{"@id":"https:\/\/montysinternational.com\/#website"},"primaryImageOfPage":{"@id":"https:\/\/montysinternational.com\/why-montys\/#primaryimage"},"image":{"@id":"https:\/\/montysinternational.com\/why-montys\/#primaryimage"},"thumbnailUrl":"https:\/\/montysinternational.com\/wp-content\/uploads\/2020\/08\/icon-about-1.png","datePublished":"2020-08-20T01:46:32+00:00","dateModified":"2024-01-16T14:12:57+00:00","breadcrumb":{"@id":"https:\/\/montysinternational.com\/why-montys\/#breadcrumb"},"inLanguage":"pt-BR","potentialAction":[{"@type":"ReadAction","target":["https:\/\/montysinternational.com\/why-montys\/"]}]},{"@type":"ImageObject","inLanguage":"pt-BR","@id":"https:\/\/montysinternational.com\/why-montys\/#primaryimage","url":"https:\/\/montysinternational.com\/wp-content\/uploads\/2020\/08\/icon-about-1.png","contentUrl":"https:\/\/montysinternational.com\/wp-content\/uploads\/2020\/08\/icon-about-1.png"},{"@type":"BreadcrumbList","@id":"https:\/\/montysinternational.com\/why-montys\/#breadcrumb","itemListElement":[{"@type":"ListItem","position":1,"name":"Home","item":"https:\/\/montysinternational.com\/"},{"@type":"ListItem","position":2,"name":"Why Monty\u2019s"}]},{"@type":"WebSite","@id":"https:\/\/montysinternational.com\/#website","url":"https:\/\/montysinternational.com\/","name":"Monty&#039;s Internacional","description":"","publisher":{"@id":"https:\/\/montysinternational.com\/#organization"},"potentialAction":[{"@type":"SearchAction","target":{"@type":"EntryPoint","urlTemplate":"https:\/\/montysinternational.com\/?s={search_term_string}"},"query-input":{"@type":"PropertyValueSpecification","valueRequired":true,"valueName":"search_term_string"}}],"inLanguage":"pt-BR"},{"@type":"Organization","@id":"https:\/\/montysinternational.com\/#organization","name":"Monty's Plant Food","url":"https:\/\/montysinternational.com\/","logo":{"@type":"ImageObject","inLanguage":"pt-BR","@id":"https:\/\/montysinternational.com\/#\/schema\/logo\/image\/","url":"https:\/\/montysinternational.com\/wp-content\/uploads\/2020\/09\/Website-Logo-TEST.png","contentUrl":"https:\/\/montysinternational.com\/wp-content\/uploads\/2020\/09\/Website-Logo-TEST.png","width":505,"height":358,"caption":"Monty's Plant Food"},"image":{"@id":"https:\/\/montysinternational.com\/#\/schema\/logo\/image\/"}}]}},"_links":{"self":[{"href":"https:\/\/montysinternational.com\/pt\/wp-json\/wp\/v2\/pages\/86","targetHints":{"allow":["GET"]}}],"collection":[{"href":"https:\/\/montysinternational.com\/pt\/wp-json\/wp\/v2\/pages"}],"about":[{"href":"https:\/\/montysinternational.com\/pt\/wp-json\/wp\/v2\/types\/page"}],"author":[{"embeddable":true,"href":"https:\/\/montysinternational.com\/pt\/wp-json\/wp\/v2\/users\/20"}],"replies":[{"embeddable":true,"href":"https:\/\/montysinternational.com\/pt\/wp-json\/wp\/v2\/comments?post=86"}],"version-history":[{"count":10,"href":"https:\/\/montysinternational.com\/pt\/wp-json\/wp\/v2\/pages\/86\/revisions"}],"predecessor-version":[{"id":13159,"href":"https:\/\/montysinternational.com\/pt\/wp-json\/wp\/v2\/pages\/86\/revisions\/13159"}],"wp:attachment":[{"href":"https:\/\/montysinternational.com\/pt\/wp-json\/wp\/v2\/media?parent=86"}],"curies":[{"name":"wp","href":"https:\/\/api.w.org\/{rel}","templated":true}]}}