{"id":12608,"date":"2022-08-16T14:10:11","date_gmt":"2022-08-16T18:10:11","guid":{"rendered":"https:\/\/montysplantfood.com\/?page_id=12608"},"modified":"2025-04-11T08:47:03","modified_gmt":"2025-04-11T12:47:03","slug":"team","status":"publish","type":"page","link":"https:\/\/montysinternational.com\/pt\/guatemala\/team\/","title":{"rendered":"Equipe da Guatemala"},"content":{"rendered":"<h1>\n\t\tEquipe guatemalteca\n\t<\/h1>\n\t\t\t\t<img loading=\"lazy\" decoding=\"async\" src=\"https:\/\/montysinternational.com\/wp-content\/uploads\/2022\/06\/Gregorio-4x5-1-819x1024.png\" alt=\"Gregorio\" itemprop=\"image\" height=\"1024\" width=\"819\" title=\"Gregorio\" onerror=\"this.style.display='none'\"  \/>\n\t\t\t\t<img loading=\"lazy\" decoding=\"async\" src=\"https:\/\/montysinternational.com\/wp-content\/uploads\/2024\/01\/Sangalli-Jeff.png\" alt=\"Sangalli-Jeff\" itemprop=\"image\" height=\"1200\" width=\"1200\" title=\"Sangalli-Jeff\" onerror=\"this.style.display='none'\"  \/>\n\t\t\t\t<img loading=\"lazy\" decoding=\"async\" src=\"https:\/\/montysinternational.com\/wp-content\/uploads\/2022\/06\/Marcel-4x5-1-819x1024.png\" alt=\"Marcel\" itemprop=\"image\" height=\"1024\" width=\"819\" title=\"Marcel\" onerror=\"this.style.display='none'\"  \/>\n\t\t\t\t<img loading=\"lazy\" decoding=\"async\" src=\"https:\/\/montysinternational.com\/wp-content\/uploads\/2024\/01\/Lambert-4x4-1.png\" alt=\"Lambert 4x4\" itemprop=\"image\" height=\"1200\" width=\"1200\" title=\"Lambert 4x4\" onerror=\"this.style.display='none'\"  \/>\n\t\t\t\t<img loading=\"lazy\" decoding=\"async\" src=\"https:\/\/montysinternational.com\/wp-content\/uploads\/2024\/01\/Barbara-Tucker-4x4-1.png\" alt=\"Barbara Tucker 4x4\" itemprop=\"image\" height=\"1200\" width=\"1200\" title=\"Barbara Tucker 4x4\" onerror=\"this.style.display='none'\"  \/>\n\t<h2><strong>Gregorio Ordonez\u00a0 <a href=\"https:\/\/montysinternational.com\/wp-content\/uploads\/2022\/10\/0a9778f19e8d751c5fa68ca4d71f9e40.jpeg\"><img loading=\"lazy\" decoding=\"async\" src=\"https:\/\/montysinternational.com\/wp-content\/uploads\/2022\/10\/0a9778f19e8d751c5fa68ca4d71f9e40.jpeg\" alt=\"\" width=\"100\" height=\"60\" \/><\/a><\/strong><\/h2>\n<h5>Gerente de \u00c1rea de Pa\u00edses da Am\u00e9rica Central<\/h5>\n<p>Gregorio is a strategic sales and marketing expert who holds a BS in Agronomy and an MBA.\u00a0 He also farms grains in Guatemala and has experience working on different crops including vegetables, row crops, orchards, and tropical crops.\u00a0 Gregorio has worked for multinational companies such as American Cyanamid, Monsanto, Makteshim-Agan, and BASF.\u00a0 Since mid-2020, Gregorio has been serving Monty&#8217;s Plant Food as Central America Country Manager focusing on registering, developing, and selling Monty&#8217;s Activated Humic substances.<\/p>\n<p><a href=\"mailto:Gregorio.Ordonez@montysplantfood.com\">Gregorio.Ordonez@montysplantfood.com<\/a><\/p>\n<p><a href=\"tel:50252065276\">+502 5206 5276<\/a><\/p>\n\t<h2><strong>Jeff Sangalli <\/strong><strong><img loading=\"lazy\" decoding=\"async\" src=\"https:\/\/montysinternational.com\/wp-content\/uploads\/2022\/03\/AFlag-300x180.jpg\" alt=\"\" width=\"95\" height=\"57\" \/><\/strong><\/h2>\n<h5>Diretor executivo, Monty's Plant Food Co.<\/h5>\n<p>Como diretor executivo da Monty's Plant Food Co. Jeff \u00e9 respons\u00e1vel pela vis\u00e3o geral, estrat\u00e9gia e dire\u00e7\u00e3o da Monty's. A prol\u00edfica carreira de 25 anos de Jeff engloba v\u00e1rias fun\u00e7\u00f5es de lideran\u00e7a, incluindo planejamento estrat\u00e9gico e inova\u00e7\u00e3o em P&amp;D, planejamento e desenvolvimento de produtos, planejamento e atendimento de oferta\/demanda mundial e gerenciamento de fabrica\u00e7\u00e3o e opera\u00e7\u00f5es em empresas como Monty's, Lexmark International e Ford Motor Company. Al\u00e9m disso, Jeff possui cinco patentes americanas.<\/p>\n<p>A forma\u00e7\u00e3o de Jeff inclui: M.B.A., Xavier University (Williams College of Business &amp; Administration), Cincinnati, OH; M.Eng., Engenharia, University of Louisville (Speed Scientific School), Louisville, KY; e B.S.E.S., University of Louisville (Speed Scientific School), Louisville, KY.<\/p>\n<p>&nbsp;<\/p>\n\t<h2><strong>Marcel Barbier <\/strong><strong><img loading=\"lazy\" decoding=\"async\" src=\"https:\/\/montysinternational.com\/wp-content\/uploads\/2022\/03\/AFlag-300x180.jpg\" alt=\"\" width=\"95\" height=\"57\" \/><\/strong><\/h2>\n<h5>L\u00edder T\u00e9cnico Chefe Internacional<\/h5>\n<p>O Dr. Barbier \u00e9 um cientista de solo e planta com mais de 20 anos de experi\u00eancia no desenvolvimento, aprimoramento e comercializa\u00e7\u00e3o de produtos para os mercados convencional e org\u00e2nico.  Ele \u00e9 bacharel em Agronomia, mestre em Prote\u00e7\u00e3o de Culturas no Com\u00e9rcio Internacional e doutor em Ci\u00eancias do Solo e das Plantas, com especializa\u00e7\u00e3o em Gest\u00e3o de Sa\u00fade Vegetal.  O Dr. Barbier tem experi\u00eancia em trabalhar com hortali\u00e7as, culturas em linha, pomares e culturas tropicais.  Ele trabalhou para empresas multinacionais como Chiquita, Monsanto, Bayer, Syngenta, Stockton e Rio Tinto (US Borax). Em 2010, o Dr. Barbier fundou uma empresa de consultoria que se concentra em ajudar as empresas a desenvolver e lan\u00e7ar produtos.<\/p>\n<p>Desde o in\u00edcio de 2020, o Dr. Barbier tem servido \u00e0 Monty's Plant Food como L\u00edder T\u00e9cnico Chefe Internacional, concentrando-se na avalia\u00e7\u00e3o de produtos e ensinando os agricultores sobre os benef\u00edcios das subst\u00e2ncias h\u00famicas ativadas da Monty's e como esses produtos melhoram a sa\u00fade do solo e a estabiliza\u00e7\u00e3o de nutrientes... aumentando, portanto, o rendimento e a qualidade da colheita.<\/p>\n<p><a href=\"mailto:Marcel.Barbier@montysplantfood.com\">Marcel.Barbier@montysplantfood.com<\/a><\/p>\n<p><a href=\"tel:7724806831\">(772) 480-6831<\/a><\/p>\n\t<h2><strong>Lambert Franklin <\/strong><strong><img loading=\"lazy\" decoding=\"async\" src=\"https:\/\/montysinternational.com\/wp-content\/uploads\/2022\/03\/AFlag-300x180.jpg\" alt=\"\" width=\"95\" height=\"57\" \/><\/strong><\/h2>\n<h5>Log\u00edstica nacional e internacional<\/h5>\n<p><a href=\"mailto:lambert.franklin@montysplantfood.com\">Lambert.Franklin@montysplantfood.com<\/a><\/p>\n<p><a href=\"tel:5026531104\">(502) 653-1104<\/a><\/p>\n\t<h2><strong>Barbara Tucker <\/strong><strong><img loading=\"lazy\" decoding=\"async\" src=\"https:\/\/montysinternational.com\/wp-content\/uploads\/2022\/03\/AFlag-300x180.jpg\" alt=\"\" width=\"95\" height=\"57\" \/><\/strong><\/h2>\n<h5>Log\u00edstica internacional<\/h5>\n<p><a href=\"mailto:barbara.tucker@montysplantfood.com\">Barbara.Tucker@montysplantfood.com<\/a><\/p>\n<p><a href=\"tel:5024899888\">(502) 489-9888<\/a><\/p>","protected":false},"excerpt":{"rendered":"<p>Guatemalan Team Gregorio Ordonez\u00a0 Central America Country Area Manager Gregorio is a strategic sales and marketing expert who holds a BS in Agronomy and an MBA.\u00a0 He also farms grains in Guatemala and has experience working on different crops including vegetables, row crops, orchards, and tropical crops.\u00a0 Gregorio has worked for multinational companies such as&hellip;<\/p>","protected":false},"author":17,"featured_media":0,"parent":12595,"menu_order":0,"comment_status":"closed","ping_status":"closed","template":"","meta":{"_acf_changed":false,"_monsterinsights_skip_tracking":false,"_monsterinsights_sitenote_active":false,"_monsterinsights_sitenote_note":"","_monsterinsights_sitenote_category":0,"footnotes":""},"class_list":["post-12608","page","type-page","status-publish","hentry"],"acf":[],"yoast_head":"<!-- This site is optimized with the Yoast SEO plugin v27.3 - https:\/\/yoast.com\/product\/yoast-seo-wordpress\/ -->\n<title>Guatemala Team - Monty&#039;s International<\/title>\n<meta name=\"robots\" content=\"index, follow, max-snippet:-1, max-image-preview:large, max-video-preview:-1\" \/>\n<link rel=\"canonical\" href=\"https:\/\/montysinternational.com\/pt\/guatemala\/team\/\" \/>\n<meta property=\"og:locale\" content=\"pt_BR\" \/>\n<meta property=\"og:type\" content=\"article\" \/>\n<meta property=\"og:title\" content=\"Guatemala Team - Monty&#039;s International\" \/>\n<meta property=\"og:description\" content=\"Guatemalan Team Gregorio Ordonez\u00a0 Central America Country Area Manager Gregorio is a strategic sales and marketing expert who holds a BS in Agronomy and an MBA.\u00a0 He also farms grains in Guatemala and has experience working on different crops including vegetables, row crops, orchards, and tropical crops.\u00a0 Gregorio has worked for multinational companies such as&hellip;\" \/>\n<meta property=\"og:url\" content=\"https:\/\/montysinternational.com\/pt\/guatemala\/team\/\" \/>\n<meta property=\"og:site_name\" content=\"Monty&#039;s International\" \/>\n<meta property=\"article:modified_time\" content=\"2025-04-11T12:47:03+00:00\" \/>\n<meta property=\"og:image\" content=\"https:\/\/montysinternational.com\/wp-content\/uploads\/2022\/06\/Gregorio-4x5-1-819x1024.png\" \/>\n<meta name=\"twitter:card\" content=\"summary_large_image\" \/>\n<meta name=\"twitter:label1\" content=\"Est. reading time\" \/>\n\t<meta name=\"twitter:data1\" content=\"4 minutes\" \/>\n<script type=\"application\/ld+json\" class=\"yoast-schema-graph\">{\"@context\":\"https:\\\/\\\/schema.org\",\"@graph\":[{\"@type\":\"WebPage\",\"@id\":\"https:\\\/\\\/montysinternational.com\\\/guatemala\\\/team\\\/\",\"url\":\"https:\\\/\\\/montysinternational.com\\\/guatemala\\\/team\\\/\",\"name\":\"Guatemala Team - Monty&#039;s International\",\"isPartOf\":{\"@id\":\"https:\\\/\\\/montysinternational.com\\\/#website\"},\"primaryImageOfPage\":{\"@id\":\"https:\\\/\\\/montysinternational.com\\\/guatemala\\\/team\\\/#primaryimage\"},\"image\":{\"@id\":\"https:\\\/\\\/montysinternational.com\\\/guatemala\\\/team\\\/#primaryimage\"},\"thumbnailUrl\":\"https:\\\/\\\/montysinternational.com\\\/wp-content\\\/uploads\\\/2022\\\/06\\\/Gregorio-4x5-1-819x1024.png\",\"datePublished\":\"2022-08-16T18:10:11+00:00\",\"dateModified\":\"2025-04-11T12:47:03+00:00\",\"breadcrumb\":{\"@id\":\"https:\\\/\\\/montysinternational.com\\\/guatemala\\\/team\\\/#breadcrumb\"},\"inLanguage\":\"pt-BR\",\"potentialAction\":[{\"@type\":\"ReadAction\",\"target\":[\"https:\\\/\\\/montysinternational.com\\\/guatemala\\\/team\\\/\"]}]},{\"@type\":\"ImageObject\",\"inLanguage\":\"pt-BR\",\"@id\":\"https:\\\/\\\/montysinternational.com\\\/guatemala\\\/team\\\/#primaryimage\",\"url\":\"https:\\\/\\\/montysinternational.com\\\/wp-content\\\/uploads\\\/2022\\\/06\\\/Gregorio-4x5-1-819x1024.png\",\"contentUrl\":\"https:\\\/\\\/montysinternational.com\\\/wp-content\\\/uploads\\\/2022\\\/06\\\/Gregorio-4x5-1-819x1024.png\"},{\"@type\":\"BreadcrumbList\",\"@id\":\"https:\\\/\\\/montysinternational.com\\\/guatemala\\\/team\\\/#breadcrumb\",\"itemListElement\":[{\"@type\":\"ListItem\",\"position\":1,\"name\":\"Home\",\"item\":\"https:\\\/\\\/montysinternational.com\\\/\"},{\"@type\":\"ListItem\",\"position\":2,\"name\":\"Guatemala\",\"item\":\"https:\\\/\\\/montysinternational.com\\\/guatemala\\\/\"},{\"@type\":\"ListItem\",\"position\":3,\"name\":\"Guatemala Team\"}]},{\"@type\":\"WebSite\",\"@id\":\"https:\\\/\\\/montysinternational.com\\\/#website\",\"url\":\"https:\\\/\\\/montysinternational.com\\\/\",\"name\":\"Monty&#039;s International\",\"description\":\"\",\"publisher\":{\"@id\":\"https:\\\/\\\/montysinternational.com\\\/#organization\"},\"potentialAction\":[{\"@type\":\"SearchAction\",\"target\":{\"@type\":\"EntryPoint\",\"urlTemplate\":\"https:\\\/\\\/montysinternational.com\\\/?s={search_term_string}\"},\"query-input\":{\"@type\":\"PropertyValueSpecification\",\"valueRequired\":true,\"valueName\":\"search_term_string\"}}],\"inLanguage\":\"pt-BR\"},{\"@type\":\"Organization\",\"@id\":\"https:\\\/\\\/montysinternational.com\\\/#organization\",\"name\":\"Monty's Plant Food\",\"url\":\"https:\\\/\\\/montysinternational.com\\\/\",\"logo\":{\"@type\":\"ImageObject\",\"inLanguage\":\"pt-BR\",\"@id\":\"https:\\\/\\\/montysinternational.com\\\/#\\\/schema\\\/logo\\\/image\\\/\",\"url\":\"https:\\\/\\\/montysinternational.com\\\/wp-content\\\/uploads\\\/2020\\\/09\\\/Website-Logo-TEST.png\",\"contentUrl\":\"https:\\\/\\\/montysinternational.com\\\/wp-content\\\/uploads\\\/2020\\\/09\\\/Website-Logo-TEST.png\",\"width\":505,\"height\":358,\"caption\":\"Monty's Plant Food\"},\"image\":{\"@id\":\"https:\\\/\\\/montysinternational.com\\\/#\\\/schema\\\/logo\\\/image\\\/\"}}]}<\/script>\n<!-- \/ Yoast SEO plugin. -->","yoast_head_json":{"title":"Guatemala Team - Monty&#039;s International","robots":{"index":"index","follow":"follow","max-snippet":"max-snippet:-1","max-image-preview":"max-image-preview:large","max-video-preview":"max-video-preview:-1"},"canonical":"https:\/\/montysinternational.com\/pt\/guatemala\/team\/","og_locale":"pt_BR","og_type":"article","og_title":"Guatemala Team - Monty&#039;s International","og_description":"Guatemalan Team Gregorio Ordonez\u00a0 Central America Country Area Manager Gregorio is a strategic sales and marketing expert who holds a BS in Agronomy and an MBA.\u00a0 He also farms grains in Guatemala and has experience working on different crops including vegetables, row crops, orchards, and tropical crops.\u00a0 Gregorio has worked for multinational companies such as&hellip;","og_url":"https:\/\/montysinternational.com\/pt\/guatemala\/team\/","og_site_name":"Monty&#039;s International","article_modified_time":"2025-04-11T12:47:03+00:00","og_image":[{"url":"https:\/\/montysinternational.com\/wp-content\/uploads\/2022\/06\/Gregorio-4x5-1-819x1024.png","type":"","width":"","height":""}],"twitter_card":"summary_large_image","twitter_misc":{"Est. reading time":"4 minutes"},"schema":{"@context":"https:\/\/schema.org","@graph":[{"@type":"WebPage","@id":"https:\/\/montysinternational.com\/guatemala\/team\/","url":"https:\/\/montysinternational.com\/guatemala\/team\/","name":"Guatemala Team - Monty&#039;s International","isPartOf":{"@id":"https:\/\/montysinternational.com\/#website"},"primaryImageOfPage":{"@id":"https:\/\/montysinternational.com\/guatemala\/team\/#primaryimage"},"image":{"@id":"https:\/\/montysinternational.com\/guatemala\/team\/#primaryimage"},"thumbnailUrl":"https:\/\/montysinternational.com\/wp-content\/uploads\/2022\/06\/Gregorio-4x5-1-819x1024.png","datePublished":"2022-08-16T18:10:11+00:00","dateModified":"2025-04-11T12:47:03+00:00","breadcrumb":{"@id":"https:\/\/montysinternational.com\/guatemala\/team\/#breadcrumb"},"inLanguage":"pt-BR","potentialAction":[{"@type":"ReadAction","target":["https:\/\/montysinternational.com\/guatemala\/team\/"]}]},{"@type":"ImageObject","inLanguage":"pt-BR","@id":"https:\/\/montysinternational.com\/guatemala\/team\/#primaryimage","url":"https:\/\/montysinternational.com\/wp-content\/uploads\/2022\/06\/Gregorio-4x5-1-819x1024.png","contentUrl":"https:\/\/montysinternational.com\/wp-content\/uploads\/2022\/06\/Gregorio-4x5-1-819x1024.png"},{"@type":"BreadcrumbList","@id":"https:\/\/montysinternational.com\/guatemala\/team\/#breadcrumb","itemListElement":[{"@type":"ListItem","position":1,"name":"Home","item":"https:\/\/montysinternational.com\/"},{"@type":"ListItem","position":2,"name":"Guatemala","item":"https:\/\/montysinternational.com\/guatemala\/"},{"@type":"ListItem","position":3,"name":"Guatemala Team"}]},{"@type":"WebSite","@id":"https:\/\/montysinternational.com\/#website","url":"https:\/\/montysinternational.com\/","name":"Monty&#039;s Internacional","description":"","publisher":{"@id":"https:\/\/montysinternational.com\/#organization"},"potentialAction":[{"@type":"SearchAction","target":{"@type":"EntryPoint","urlTemplate":"https:\/\/montysinternational.com\/?s={search_term_string}"},"query-input":{"@type":"PropertyValueSpecification","valueRequired":true,"valueName":"search_term_string"}}],"inLanguage":"pt-BR"},{"@type":"Organization","@id":"https:\/\/montysinternational.com\/#organization","name":"Monty's Plant Food","url":"https:\/\/montysinternational.com\/","logo":{"@type":"ImageObject","inLanguage":"pt-BR","@id":"https:\/\/montysinternational.com\/#\/schema\/logo\/image\/","url":"https:\/\/montysinternational.com\/wp-content\/uploads\/2020\/09\/Website-Logo-TEST.png","contentUrl":"https:\/\/montysinternational.com\/wp-content\/uploads\/2020\/09\/Website-Logo-TEST.png","width":505,"height":358,"caption":"Monty's Plant Food"},"image":{"@id":"https:\/\/montysinternational.com\/#\/schema\/logo\/image\/"}}]}},"_links":{"self":[{"href":"https:\/\/montysinternational.com\/pt\/wp-json\/wp\/v2\/pages\/12608","targetHints":{"allow":["GET"]}}],"collection":[{"href":"https:\/\/montysinternational.com\/pt\/wp-json\/wp\/v2\/pages"}],"about":[{"href":"https:\/\/montysinternational.com\/pt\/wp-json\/wp\/v2\/types\/page"}],"author":[{"embeddable":true,"href":"https:\/\/montysinternational.com\/pt\/wp-json\/wp\/v2\/users\/17"}],"replies":[{"embeddable":true,"href":"https:\/\/montysinternational.com\/pt\/wp-json\/wp\/v2\/comments?post=12608"}],"version-history":[{"count":12,"href":"https:\/\/montysinternational.com\/pt\/wp-json\/wp\/v2\/pages\/12608\/revisions"}],"predecessor-version":[{"id":13363,"href":"https:\/\/montysinternational.com\/pt\/wp-json\/wp\/v2\/pages\/12608\/revisions\/13363"}],"up":[{"embeddable":true,"href":"https:\/\/montysinternational.com\/pt\/wp-json\/wp\/v2\/pages\/12595"}],"wp:attachment":[{"href":"https:\/\/montysinternational.com\/pt\/wp-json\/wp\/v2\/media?parent=12608"}],"curies":[{"name":"wp","href":"https:\/\/api.w.org\/{rel}","templated":true}]}}