{"id":12606,"date":"2022-08-16T14:10:42","date_gmt":"2022-08-16T18:10:42","guid":{"rendered":"https:\/\/montysplantfood.com\/?page_id=12606"},"modified":"2025-04-11T08:49:30","modified_gmt":"2025-04-11T12:49:30","slug":"team","status":"publish","type":"page","link":"https:\/\/montysinternational.com\/pt\/nigeria\/team\/","title":{"rendered":"Equipe da Nig\u00e9ria"},"content":{"rendered":"<h1>\n\t\tEquipe da Nig\u00e9ria\n\t<\/h1>\n\t\t\t\t<img loading=\"lazy\" decoding=\"async\" src=\"https:\/\/montysinternational.com\/wp-content\/uploads\/2022\/06\/Sunny-4x5-1-819x1024.png\" alt=\"SunnySunnySunnySunnySunnySunnySunnySunny\" itemprop=\"image\" height=\"1024\" width=\"819\" title=\"Ensolarado\" onerror=\"this.style.display='none'\"  \/>\n\t\t\t\t<img loading=\"lazy\" decoding=\"async\" src=\"https:\/\/montysinternational.com\/wp-content\/uploads\/2024\/01\/Sangalli-Jeff.png\" alt=\"Sangalli-Jeff\" itemprop=\"image\" height=\"1200\" width=\"1200\" title=\"Sangalli-Jeff\" onerror=\"this.style.display='none'\"  \/>\n\t\t\t\t<img loading=\"lazy\" decoding=\"async\" src=\"https:\/\/montysinternational.com\/wp-content\/uploads\/2022\/06\/Marcel-4x5-1-819x1024.png\" alt=\"Marcel\" itemprop=\"image\" height=\"1024\" width=\"819\" title=\"Marcel\" onerror=\"this.style.display='none'\"  \/>\n\t\t\t\t<img loading=\"lazy\" decoding=\"async\" src=\"https:\/\/montysinternational.com\/wp-content\/uploads\/2024\/01\/Lambert-4x4-1.png\" alt=\"Lambert 4x4\" itemprop=\"image\" height=\"1200\" width=\"1200\" title=\"Lambert 4x4\" onerror=\"this.style.display='none'\"  \/>\n\t\t\t\t<img loading=\"lazy\" decoding=\"async\" src=\"https:\/\/montysinternational.com\/wp-content\/uploads\/2024\/01\/Barbara-Tucker-4x4-1.png\" alt=\"Barbara Tucker 4x4\" itemprop=\"image\" height=\"1200\" width=\"1200\" title=\"Barbara Tucker 4x4\" onerror=\"this.style.display='none'\"  \/>\n\t<h2><strong>Sunny Ameh <\/strong><strong><img loading=\"lazy\" decoding=\"async\" src=\"https:\/\/montysinternational.com\/wp-content\/uploads\/2020\/09\/Flag-Nigeria-300x219.png\" alt=\"\" width=\"84\" height=\"61\" \/><\/strong><\/h2>\n<h5>Diretor Nacional da Nig\u00e9ria<\/h5>\n<p>Sunny \u00e9 Diretor da \u00c1frica Subsaariana da Monty's Plant Food Company, EUA, e Presidente\/Diretor de inova\u00e7\u00e3o e crescimento da Charis Lifescience Ltd na Nig\u00e9ria. Ele \u00e9 farmac\u00eautico treinado, especialista em biotecnologia e em nutri\u00e7\u00e3o e prote\u00e7\u00e3o de culturas internacionais e possui um certificado de gerenciamento avan\u00e7ado com especializa\u00e7\u00e3o em gerenciamento de agroneg\u00f3cios da prestigiada Lagos Business School, em Lagos. Sunny participou de v\u00e1rios programas de treinamento e desenvolvimento de n\u00edvel s\u00eanior de classe mundial na MaSE Academy da Syngenta Agro AG em Basel, na Su\u00ed\u00e7a, al\u00e9m de outros treinamentos no Qu\u00eania, Z\u00e2mbia, Gana, \u00c1frica do Sul e Europa.<\/p>\n<p>Sunny \u00e9 membro da CropLife Nigeria, do Nigerian Agribusiness Group (NABG), do Nigerian Economic Summit Group, do Agribusiness (Input and Distribution) thematic Lead (NESG), especialista do setor e facilitadora visitante da Lagos Business School (LBS) Nig\u00e9ria.<\/p>\n<p><a href=\"mailto:Sunny.Ameh@montysplantfood.com\">Sunny.Ameh@montysplantfood.com<\/a><\/p>\n<p><a href=\"tel:2348098712223\">+234 809 871 2223<\/a><\/p>\n\t<h2><strong>Jeff Sangalli <\/strong><strong><img loading=\"lazy\" decoding=\"async\" src=\"https:\/\/montysinternational.com\/wp-content\/uploads\/2022\/03\/AFlag-300x180.jpg\" alt=\"\" width=\"95\" height=\"57\" \/><\/strong><\/h2>\n<h5>Diretor executivo, Monty's Plant Food Co.<\/h5>\n<p>Como diretor executivo da Monty's Plant Food Co. Jeff \u00e9 respons\u00e1vel pela vis\u00e3o geral, estrat\u00e9gia e dire\u00e7\u00e3o da Monty's. A prol\u00edfica carreira de 25 anos de Jeff engloba v\u00e1rias fun\u00e7\u00f5es de lideran\u00e7a, incluindo planejamento estrat\u00e9gico e inova\u00e7\u00e3o em P&amp;D, planejamento e desenvolvimento de produtos, planejamento e atendimento de oferta\/demanda mundial e gerenciamento de fabrica\u00e7\u00e3o e opera\u00e7\u00f5es em empresas como Monty's, Lexmark International e Ford Motor Company. Al\u00e9m disso, Jeff possui cinco patentes americanas.<\/p>\n<p>A forma\u00e7\u00e3o de Jeff inclui: M.B.A., Xavier University (Williams College of Business &amp; Administration), Cincinnati, OH; M.Eng., Engenharia, University of Louisville (Speed Scientific School), Louisville, KY; e B.S.E.S., University of Louisville (Speed Scientific School), Louisville, KY.<\/p>\n<p>&nbsp;<\/p>\n\t<h2><strong>Marcel Barbier <\/strong><strong><img loading=\"lazy\" decoding=\"async\" src=\"https:\/\/montysinternational.com\/wp-content\/uploads\/2022\/03\/AFlag-300x180.jpg\" alt=\"\" width=\"95\" height=\"57\" \/><\/strong><\/h2>\n<h5>L\u00edder T\u00e9cnico Chefe Internacional<\/h5>\n<p>O Dr. Barbier \u00e9 um cientista de solo e planta com mais de 20 anos de experi\u00eancia no desenvolvimento, aprimoramento e comercializa\u00e7\u00e3o de produtos para mercados convencionais e org\u00e2nicos.  Ele \u00e9 bacharel em Agronomia, mestre em Prote\u00e7\u00e3o de Culturas no Com\u00e9rcio Internacional e doutor em Ci\u00eancias do Solo e das Plantas, com especializa\u00e7\u00e3o em Gest\u00e3o de Sa\u00fade Vegetal.  O Dr. Barbier tem experi\u00eancia em trabalhar com hortali\u00e7as, culturas em linha, pomares e culturas tropicais.  Ele trabalhou para empresas multinacionais como Chiquita, Monsanto, Bayer, Syngenta, Stockton e Rio Tinto (US Borax). Em 2010, o Dr. Barbier fundou uma empresa de consultoria que se concentra em ajudar as empresas a desenvolver e lan\u00e7ar produtos.<\/p>\n<p>Desde o in\u00edcio de 2020, o Dr. Barbier tem servido \u00e0 Monty's Plant Food como L\u00edder T\u00e9cnico Chefe Internacional, concentrando-se na avalia\u00e7\u00e3o de produtos e ensinando os agricultores sobre os benef\u00edcios das subst\u00e2ncias h\u00famicas ativadas da Monty's e como esses produtos melhoram a sa\u00fade do solo e a estabiliza\u00e7\u00e3o de nutrientes... aumentando, portanto, o rendimento e a qualidade da colheita.<\/p>\n<p><a href=\"mailto:Marcel.Barbier@montysplantfood.com\">Marcel.Barbier@montysplantfood.com<\/a><\/p>\n<p><a href=\"tel:7724806831\">(772) 480-6831<\/a><\/p>\n\t<h2><strong>Lambert Franklin <\/strong><strong><img loading=\"lazy\" decoding=\"async\" src=\"https:\/\/montysinternational.com\/wp-content\/uploads\/2022\/03\/AFlag-300x180.jpg\" alt=\"\" width=\"95\" height=\"57\" \/><\/strong><\/h2>\n<h5>Log\u00edstica nacional e internacional<\/h5>\n<p><a href=\"mailto:lambert.franklin@montysplantfood.com\">Lambert.Franklin@montysplantfood.com<\/a><\/p>\n<p><a href=\"tel:5026531104\">(502) 653-1104<\/a><\/p>\n\t<h2><strong>Barbara Tucker <\/strong><strong><img loading=\"lazy\" decoding=\"async\" src=\"https:\/\/montysinternational.com\/wp-content\/uploads\/2022\/03\/AFlag-300x180.jpg\" alt=\"\" width=\"95\" height=\"57\" \/><\/strong><\/h2>\n<h5>Log\u00edstica internacional<\/h5>\n<p><a href=\"mailto:barbara.tucker@montysplantfood.com\">Barbara.Tucker@montysplantfood.com<\/a><\/p>\n<p><a href=\"tel:5024899888\">(502) 489-9888<\/a><\/p>","protected":false},"excerpt":{"rendered":"<p>Equipe nigeriana Sunny Ameh Diretor nacional da Nig\u00e9ria Sunny \u00e9 Diretor da \u00c1frica Subsaariana da Monty's Plant Food Company, EUA, e Presidente\/Diretor de inova\u00e7\u00e3o e crescimento da Charis Lifescience Ltd na Nig\u00e9ria. Ele \u00e9 farmac\u00eautico treinado, especialista em biotecnologia e em nutri\u00e7\u00e3o e prote\u00e7\u00e3o de culturas internacionais e possui um certificado de gerenciamento avan\u00e7ado com especializa\u00e7\u00e3o em...<\/p>","protected":false},"author":17,"featured_media":0,"parent":12600,"menu_order":0,"comment_status":"closed","ping_status":"closed","template":"","meta":{"_acf_changed":false,"_monsterinsights_skip_tracking":false,"_monsterinsights_sitenote_active":false,"_monsterinsights_sitenote_note":"","_monsterinsights_sitenote_category":0,"footnotes":""},"class_list":["post-12606","page","type-page","status-publish","hentry"],"acf":[],"yoast_head":"<!-- This site is optimized with the Yoast SEO plugin v27.3 - https:\/\/yoast.com\/product\/yoast-seo-wordpress\/ -->\n<title>Nigeria Team - Monty&#039;s International<\/title>\n<meta name=\"robots\" content=\"index, follow, max-snippet:-1, max-image-preview:large, max-video-preview:-1\" \/>\n<link rel=\"canonical\" href=\"https:\/\/montysinternational.com\/pt\/nigeria\/team\/\" \/>\n<meta property=\"og:locale\" content=\"pt_BR\" \/>\n<meta property=\"og:type\" content=\"article\" \/>\n<meta property=\"og:title\" content=\"Nigeria Team - Monty&#039;s International\" \/>\n<meta property=\"og:description\" content=\"Nigerian Team Sunny Ameh Nigeria Country Director Sunny is the Director, Sub Saharan Africa, for Monty&#8217;s Plant Food Company, USA, and President\/Director of innovation and growth of Charis Lifescience Ltd in Nigeria. He is a trained Pharmacist, Biotech, and International Crop Nutrition and protection expert who holds an Advanced Management certificate with a specialization in&hellip;\" \/>\n<meta property=\"og:url\" content=\"https:\/\/montysinternational.com\/pt\/nigeria\/team\/\" \/>\n<meta property=\"og:site_name\" content=\"Monty&#039;s International\" \/>\n<meta property=\"article:modified_time\" content=\"2025-04-11T12:49:30+00:00\" \/>\n<meta property=\"og:image\" content=\"https:\/\/montysinternational.com\/wp-content\/uploads\/2022\/06\/Sunny-4x5-1-819x1024.png\" \/>\n<meta name=\"twitter:card\" content=\"summary_large_image\" \/>\n<meta name=\"twitter:label1\" content=\"Est. reading time\" \/>\n\t<meta name=\"twitter:data1\" content=\"6 minutes\" \/>\n<script type=\"application\/ld+json\" class=\"yoast-schema-graph\">{\"@context\":\"https:\\\/\\\/schema.org\",\"@graph\":[{\"@type\":\"WebPage\",\"@id\":\"https:\\\/\\\/montysinternational.com\\\/nigeria\\\/team\\\/\",\"url\":\"https:\\\/\\\/montysinternational.com\\\/nigeria\\\/team\\\/\",\"name\":\"Nigeria Team - Monty&#039;s International\",\"isPartOf\":{\"@id\":\"https:\\\/\\\/montysinternational.com\\\/#website\"},\"primaryImageOfPage\":{\"@id\":\"https:\\\/\\\/montysinternational.com\\\/nigeria\\\/team\\\/#primaryimage\"},\"image\":{\"@id\":\"https:\\\/\\\/montysinternational.com\\\/nigeria\\\/team\\\/#primaryimage\"},\"thumbnailUrl\":\"https:\\\/\\\/montysinternational.com\\\/wp-content\\\/uploads\\\/2022\\\/06\\\/Sunny-4x5-1-819x1024.png\",\"datePublished\":\"2022-08-16T18:10:42+00:00\",\"dateModified\":\"2025-04-11T12:49:30+00:00\",\"breadcrumb\":{\"@id\":\"https:\\\/\\\/montysinternational.com\\\/nigeria\\\/team\\\/#breadcrumb\"},\"inLanguage\":\"pt-BR\",\"potentialAction\":[{\"@type\":\"ReadAction\",\"target\":[\"https:\\\/\\\/montysinternational.com\\\/nigeria\\\/team\\\/\"]}]},{\"@type\":\"ImageObject\",\"inLanguage\":\"pt-BR\",\"@id\":\"https:\\\/\\\/montysinternational.com\\\/nigeria\\\/team\\\/#primaryimage\",\"url\":\"https:\\\/\\\/montysinternational.com\\\/wp-content\\\/uploads\\\/2022\\\/06\\\/Sunny-4x5-1-819x1024.png\",\"contentUrl\":\"https:\\\/\\\/montysinternational.com\\\/wp-content\\\/uploads\\\/2022\\\/06\\\/Sunny-4x5-1-819x1024.png\"},{\"@type\":\"BreadcrumbList\",\"@id\":\"https:\\\/\\\/montysinternational.com\\\/nigeria\\\/team\\\/#breadcrumb\",\"itemListElement\":[{\"@type\":\"ListItem\",\"position\":1,\"name\":\"Home\",\"item\":\"https:\\\/\\\/montysinternational.com\\\/\"},{\"@type\":\"ListItem\",\"position\":2,\"name\":\"Nigeria\",\"item\":\"https:\\\/\\\/montysinternational.com\\\/nigeria\\\/\"},{\"@type\":\"ListItem\",\"position\":3,\"name\":\"Nigeria Team\"}]},{\"@type\":\"WebSite\",\"@id\":\"https:\\\/\\\/montysinternational.com\\\/#website\",\"url\":\"https:\\\/\\\/montysinternational.com\\\/\",\"name\":\"Monty&#039;s International\",\"description\":\"\",\"publisher\":{\"@id\":\"https:\\\/\\\/montysinternational.com\\\/#organization\"},\"potentialAction\":[{\"@type\":\"SearchAction\",\"target\":{\"@type\":\"EntryPoint\",\"urlTemplate\":\"https:\\\/\\\/montysinternational.com\\\/?s={search_term_string}\"},\"query-input\":{\"@type\":\"PropertyValueSpecification\",\"valueRequired\":true,\"valueName\":\"search_term_string\"}}],\"inLanguage\":\"pt-BR\"},{\"@type\":\"Organization\",\"@id\":\"https:\\\/\\\/montysinternational.com\\\/#organization\",\"name\":\"Monty's Plant Food\",\"url\":\"https:\\\/\\\/montysinternational.com\\\/\",\"logo\":{\"@type\":\"ImageObject\",\"inLanguage\":\"pt-BR\",\"@id\":\"https:\\\/\\\/montysinternational.com\\\/#\\\/schema\\\/logo\\\/image\\\/\",\"url\":\"https:\\\/\\\/montysinternational.com\\\/wp-content\\\/uploads\\\/2020\\\/09\\\/Website-Logo-TEST.png\",\"contentUrl\":\"https:\\\/\\\/montysinternational.com\\\/wp-content\\\/uploads\\\/2020\\\/09\\\/Website-Logo-TEST.png\",\"width\":505,\"height\":358,\"caption\":\"Monty's Plant Food\"},\"image\":{\"@id\":\"https:\\\/\\\/montysinternational.com\\\/#\\\/schema\\\/logo\\\/image\\\/\"}}]}<\/script>\n<!-- \/ Yoast SEO plugin. -->","yoast_head_json":{"title":"Nigeria Team - Monty&#039;s International","robots":{"index":"index","follow":"follow","max-snippet":"max-snippet:-1","max-image-preview":"max-image-preview:large","max-video-preview":"max-video-preview:-1"},"canonical":"https:\/\/montysinternational.com\/pt\/nigeria\/team\/","og_locale":"pt_BR","og_type":"article","og_title":"Nigeria Team - Monty&#039;s International","og_description":"Nigerian Team Sunny Ameh Nigeria Country Director Sunny is the Director, Sub Saharan Africa, for Monty&#8217;s Plant Food Company, USA, and President\/Director of innovation and growth of Charis Lifescience Ltd in Nigeria. He is a trained Pharmacist, Biotech, and International Crop Nutrition and protection expert who holds an Advanced Management certificate with a specialization in&hellip;","og_url":"https:\/\/montysinternational.com\/pt\/nigeria\/team\/","og_site_name":"Monty&#039;s International","article_modified_time":"2025-04-11T12:49:30+00:00","og_image":[{"url":"https:\/\/montysinternational.com\/wp-content\/uploads\/2022\/06\/Sunny-4x5-1-819x1024.png","type":"","width":"","height":""}],"twitter_card":"summary_large_image","twitter_misc":{"Est. reading time":"6 minutes"},"schema":{"@context":"https:\/\/schema.org","@graph":[{"@type":"WebPage","@id":"https:\/\/montysinternational.com\/nigeria\/team\/","url":"https:\/\/montysinternational.com\/nigeria\/team\/","name":"Nigeria Team - Monty&#039;s International","isPartOf":{"@id":"https:\/\/montysinternational.com\/#website"},"primaryImageOfPage":{"@id":"https:\/\/montysinternational.com\/nigeria\/team\/#primaryimage"},"image":{"@id":"https:\/\/montysinternational.com\/nigeria\/team\/#primaryimage"},"thumbnailUrl":"https:\/\/montysinternational.com\/wp-content\/uploads\/2022\/06\/Sunny-4x5-1-819x1024.png","datePublished":"2022-08-16T18:10:42+00:00","dateModified":"2025-04-11T12:49:30+00:00","breadcrumb":{"@id":"https:\/\/montysinternational.com\/nigeria\/team\/#breadcrumb"},"inLanguage":"pt-BR","potentialAction":[{"@type":"ReadAction","target":["https:\/\/montysinternational.com\/nigeria\/team\/"]}]},{"@type":"ImageObject","inLanguage":"pt-BR","@id":"https:\/\/montysinternational.com\/nigeria\/team\/#primaryimage","url":"https:\/\/montysinternational.com\/wp-content\/uploads\/2022\/06\/Sunny-4x5-1-819x1024.png","contentUrl":"https:\/\/montysinternational.com\/wp-content\/uploads\/2022\/06\/Sunny-4x5-1-819x1024.png"},{"@type":"BreadcrumbList","@id":"https:\/\/montysinternational.com\/nigeria\/team\/#breadcrumb","itemListElement":[{"@type":"ListItem","position":1,"name":"Home","item":"https:\/\/montysinternational.com\/"},{"@type":"ListItem","position":2,"name":"Nigeria","item":"https:\/\/montysinternational.com\/nigeria\/"},{"@type":"ListItem","position":3,"name":"Nigeria Team"}]},{"@type":"WebSite","@id":"https:\/\/montysinternational.com\/#website","url":"https:\/\/montysinternational.com\/","name":"Monty&#039;s Internacional","description":"","publisher":{"@id":"https:\/\/montysinternational.com\/#organization"},"potentialAction":[{"@type":"SearchAction","target":{"@type":"EntryPoint","urlTemplate":"https:\/\/montysinternational.com\/?s={search_term_string}"},"query-input":{"@type":"PropertyValueSpecification","valueRequired":true,"valueName":"search_term_string"}}],"inLanguage":"pt-BR"},{"@type":"Organization","@id":"https:\/\/montysinternational.com\/#organization","name":"Monty's Plant Food","url":"https:\/\/montysinternational.com\/","logo":{"@type":"ImageObject","inLanguage":"pt-BR","@id":"https:\/\/montysinternational.com\/#\/schema\/logo\/image\/","url":"https:\/\/montysinternational.com\/wp-content\/uploads\/2020\/09\/Website-Logo-TEST.png","contentUrl":"https:\/\/montysinternational.com\/wp-content\/uploads\/2020\/09\/Website-Logo-TEST.png","width":505,"height":358,"caption":"Monty's Plant Food"},"image":{"@id":"https:\/\/montysinternational.com\/#\/schema\/logo\/image\/"}}]}},"_links":{"self":[{"href":"https:\/\/montysinternational.com\/pt\/wp-json\/wp\/v2\/pages\/12606","targetHints":{"allow":["GET"]}}],"collection":[{"href":"https:\/\/montysinternational.com\/pt\/wp-json\/wp\/v2\/pages"}],"about":[{"href":"https:\/\/montysinternational.com\/pt\/wp-json\/wp\/v2\/types\/page"}],"author":[{"embeddable":true,"href":"https:\/\/montysinternational.com\/pt\/wp-json\/wp\/v2\/users\/17"}],"replies":[{"embeddable":true,"href":"https:\/\/montysinternational.com\/pt\/wp-json\/wp\/v2\/comments?post=12606"}],"version-history":[{"count":11,"href":"https:\/\/montysinternational.com\/pt\/wp-json\/wp\/v2\/pages\/12606\/revisions"}],"predecessor-version":[{"id":13365,"href":"https:\/\/montysinternational.com\/pt\/wp-json\/wp\/v2\/pages\/12606\/revisions\/13365"}],"up":[{"embeddable":true,"href":"https:\/\/montysinternational.com\/pt\/wp-json\/wp\/v2\/pages\/12600"}],"wp:attachment":[{"href":"https:\/\/montysinternational.com\/pt\/wp-json\/wp\/v2\/media?parent=12606"}],"curies":[{"name":"wp","href":"https:\/\/api.w.org\/{rel}","templated":true}]}}