{"id":12548,"date":"2022-11-11T16:47:15","date_gmt":"2022-11-11T21:47:15","guid":{"rendered":"https:\/\/montysplantfood.com\/?page_id=12548"},"modified":"2024-01-29T13:32:56","modified_gmt":"2024-01-29T18:32:56","slug":"brazil","status":"publish","type":"page","link":"https:\/\/montysinternational.com\/pt\/brazil\/","title":{"rendered":"Brasil"},"content":{"rendered":"<h1>\n\t\tBrasil\n\t<\/h1>\n<h2>\n\t\tMaximize a qualidade e a quantidade de seus rendimentos\n\t<\/h2>\n\t<p>O principal objetivo da Monty sempre foi ajudar os agricultores a serem mais bem-sucedidos. Oferecemos aos agricultores brasileiros solu\u00e7\u00f5es nutricionais de alta efici\u00eancia - sejam elas iniciadoras no sulco, condicionadores de solo \u00e0 base de h\u00famus l\u00edderes do setor ou pacotes de nutrientes aplicados via foliar - projetadas para proporcionar melhor desenvolvimento das ra\u00edzes, plantas mais saud\u00e1veis e, por fim, maior produtividade!<\/p>\n<p>A Monty's \u00e9 a sua fonte confi\u00e1vel de orienta\u00e7\u00e3o confi\u00e1vel e produtos inovadores para plantas e solo, com respaldo cient\u00edfico, que facilitam a produ\u00e7\u00e3o de rendimentos maiores e de alta qualidade e melhoram a qualidade do solo a longo prazo. Monty's... consultores confi\u00e1veis. Solu\u00e7\u00f5es comprovadas. Fale com seu representante Monty's hoje mesmo!<\/p>\n\t\t\t\t\t\t\t\t\t<img loading=\"lazy\" decoding=\"async\" src=\"https:\/\/montysinternational.com\/wp-content\/uploads\/2020\/08\/flag-brazil.png\" alt=\"flag-brazil\" itemprop=\"image\" height=\"436\" width=\"597\" srcset=\"https:\/\/montysinternational.com\/wp-content\/uploads\/2020\/08\/flag-brazil.png 597w, https:\/\/montysinternational.com\/wp-content\/uploads\/2020\/08\/flag-brazil-300x219.png 300w\" sizes=\"auto, (max-width: 597px) 100vw, 597px\" title=\"bandeira-brazil\" onerror=\"this.style.display='none'\"  \/>\n\t<a href=\"https:\/\/montysinternational.com\/pt\/brazil\/team\/\" target=\"_self\" role=\"button\" aria-label=\"Nossa Equipe Brasileira\" rel=\"noopener\">\n\t\t\t\t\t\tNossa Equipe Brasileira\n\t\t\t\t\t<\/a>\n<h2>\n\t\tPrincipais produtos dispon\u00edveis no Brasil\n\t<\/h2>\n<h3>\n\t\tCarbono-N l\u00edquido do Monty\n\t<\/h3>\n\tO condicionador de solo Carbono-N l\u00edquido da Monty foi projetado para ajudar a<br \/>\na decomposi\u00e7\u00e3o da mat\u00e9ria org\u00e2nica. Ele pode melhorar o gerenciamento da umidade no solo. Esse produto cont\u00e9m o \u00e1cido h\u00famico ativado da Monty, que \u00e9 processado por meio de nossa tecnologia exclusiva. O \u00e1cido h\u00famico pode melhorar a absor\u00e7\u00e3o de micronutrientes.\n\t\t\t<a href=\"https:\/\/montysinternational.com\/wp-content\/uploads\/2024\/01\/1213-Montys-Liquid-Carbon-N-Sheet-Brazil-Portuguese-WEB.pdf\" target=\"_blank\" role=\"button\" rel=\"noopener\">\n\t\t\t\t\t\tFolha do produto\n\t\t\t\t\t<\/a>\n\t\t\t<a href=\"https:\/\/montysinternational.com\/wp-content\/uploads\/2023\/01\/MNT_MontysLiquidCarbon_POR_5003BR_10Litros_FT.pdf\" target=\"_blank\" role=\"button\" rel=\"noopener\">\n\t\t\t\t\t\tEtiqueta\n\t\t\t\t\t<\/a>\n<h3>\n\t\tHumihance\n\t<\/h3>\n\t<p>O Humihance \u00e9 um revestimento de fertilizante \u00e0 base de subst\u00e2ncias h\u00famicas que proporciona benef\u00edcios de gerenciamento de nutrientes de forma r\u00e1pida e eficiente, sem inibir a atividade das bact\u00e9rias naturais do solo. \u00c9 ideal para uso na mistura de todos os fertilizantes granulares e \u00e9 compat\u00edvel com uma variedade de micronutrientes e fertilizantes pr\u00e9-tratados.\u00a0\u00a0<\/p>\n\t\t\t<a href=\"https:\/\/montysinternational.com\/wp-content\/uploads\/2024\/01\/1213-Humihance-Sheet-Brazil-Portuguese-WEB.pdf\" target=\"_blank\" role=\"button\" rel=\"noopener\">\n\t\t\t\t\t\tFolha do produto\n\t\t\t\t\t<\/a>\n\t\t\t<a href=\"https:\/\/montysinternational.com\/wp-content\/uploads\/2023\/01\/MNT_Humihance_POR_5005BR_9.46L_FT_V1.pdf\" target=\"_blank\" role=\"button\" rel=\"noopener\">\n\t\t\t\t\t\tEtiqueta\n\t\t\t\t\t<\/a>\n<h3>\n\t\tDri-Carbon do Monty\n\t<\/h3>\n\t<p>O Dri-Carbon da Monty oferece os mesmos benef\u00edcios com os quais os produtores contam com o carv\u00e3o l\u00edquido da Monty, s\u00f3 que em um produto granulado.<\/p>\n\t\t\t<a href=\"https:\/\/montysinternational.com\/wp-content\/uploads\/2024\/01\/1213-Montys-Dri-Carbon-Sheet-Brazil-Portuguese-WEB.pdf\" target=\"_blank\" role=\"button\" rel=\"noopener\">\n\t\t\t\t\t\tFolha do produto\n\t\t\t\t\t<\/a>\n\t\t\t<a href=\"https:\/\/montysinternational.com\/wp-content\/uploads\/2023\/01\/MNT_Dri-Carbon_POR_8B_V118.pdf\" target=\"_blank\" role=\"button\" rel=\"noopener\">\n\t\t\t\t\t\tEtiqueta\n\t\t\t\t\t<\/a>\n<h3>\n\t\tMagmaHume\n\t<\/h3>\n\t<p>O MagmaHume \u00e9 uma combina\u00e7\u00e3o exclusiva de basalto, uma fonte de micronutrientes e secund\u00e1rios, e os h\u00famicos ativados de propriedade da Monty, para melhorar a fertilidade e a sa\u00fade do solo. O MagmaHume \u00e9 natural, org\u00e2nico e equilibrado para um melhor crescimento, trazendo mais energia para suas plantas.<\/p>\n\t\t\t<a href=\"https:\/\/montysplantfood.com\/products\/magmahume\/\" target=\"_blank\" role=\"button\" rel=\"noopener\">\n\t\t\t\t\t\tFolha do produto\n\t\t\t\t\t<\/a>\n\t\t\t<a href=\"https:\/\/montysinternational.com\/wp-content\/uploads\/2023\/01\/MagmaHume-Rotulo-oficial.pdf\" target=\"_blank\" role=\"button\" rel=\"noopener\">\n\t\t\t\t\t\tEtiqueta\n\t\t\t\t\t<\/a>\n<h3>\n\t\tUltra-N do Monty\n\t<\/h3>\n\t<p>O Humihance \u00e9 um revestimento de fertilizante \u00e0 base de subst\u00e2ncias h\u00famicas que proporciona benef\u00edcios de gerenciamento de nutrientes de forma r\u00e1pida e eficiente, sem inibir a atividade das bact\u00e9rias naturais do solo. \u00c9 ideal para uso na mistura de todos os fertilizantes granulares e \u00e9 compat\u00edvel com uma variedade de micronutrientes e fertilizantes pr\u00e9-tratados.\u00a0\u00a0<\/p>\n\t\t\t<a href=\"https:\/\/montysinternational.com\/wp-content\/uploads\/2024\/01\/1213-Montys-Ultra-N-Sheet-Brazil-Portuguese-WEB.pdf\" target=\"_blank\" role=\"button\" rel=\"noopener\">\n\t\t\t\t\t\tFolha do produto\n\t\t\t\t\t<\/a>\n\t\t\t<a href=\"https:\/\/montysinternational.com\/wp-content\/uploads\/2023\/01\/MNT_Ultra-N_POR_8B_V1.pdf\" target=\"_blank\" role=\"button\" rel=\"noopener\">\n\t\t\t\t\t\tEtiqueta\n\t\t\t\t\t<\/a>\n<h3>\n\t\tSurge XD\n\t<\/h3>\n\t<p>Surge XD \u00e9 projetado para uso com fertilizantes l\u00edquidos para facilitar a absor\u00e7\u00e3o de nutrientes atrav\u00e9s dos tecidos da planta.<\/p>\n\t\t\t<a href=\"https:\/\/montysinternational.com\/wp-content\/uploads\/2024\/01\/1213-Surge-XD-Sheet-Brazil-Portuguese-WEB.pdf\" target=\"_blank\" role=\"button\" rel=\"noopener\">\n\t\t\t\t\t\tFolha do produto\n\t\t\t\t\t<\/a>\n\t\t\t<a href=\"\" target=\"_blank\" role=\"button\" rel=\"noopener\">\n\t\t\t\t\t\tEtiqueta\n\t\t\t\t\t<\/a>\n\t<a href=\"https:\/\/montysinternational.com\/wp-content\/uploads\/2023\/02\/Humic-Brochure_Brazil_Portuguese.pdf\" target=\"_blank\" role=\"button\" rel=\"noopener\" aria-label=\"Humics &amp; Soil Health\">\n\t\t\t\t\t\tHumics &amp; Soil Health\n\t\t\t\t\t<\/a>\n<h2>\n\t\tSolu\u00e7\u00f5es para plantas e solos que funcionam t\u00e3o duramente quanto voc\u00ea\n\t<\/h2>\n\t<p>Veja como estamos ajudando milhares de agricultores em dezenas de pa\u00edses ao redor do mundo a encontrar melhores respostas, aplicar solu\u00e7\u00f5es com mais precis\u00e3o e maximizar seu potencial de campo.<\/p>\n\t\t\t\t\t\t\t<img decoding=\"async\" src=\"https:\/\/montysinternational.com\/wp-content\/uploads\/2020\/08\/icon-corn.png\" alt=\"icon-corn\" \/>\n\t\t<h3>Milho<\/h3>\n\t\t\t\t\t\t\t<img decoding=\"async\" src=\"https:\/\/montysinternational.com\/wp-content\/uploads\/2020\/08\/icon-soybeans.png\" alt=\"icon-soybeans\" \/>\n\t\t<h3>Gr\u00e3os de soja<\/h3>\n\t\t\t\t\t\t\t<img decoding=\"async\" src=\"https:\/\/montysinternational.com\/wp-content\/uploads\/2020\/12\/MNT_Icons_SugarCane.png\" alt=\"MNT_Icons_SugarCane\" \/>\n\t\t<h3>Cana-de-a\u00e7\u00facar<\/h3>\n\t\t\t\t\t\t\t<img decoding=\"async\" src=\"https:\/\/montysinternational.com\/wp-content\/uploads\/2022\/12\/Crop_Icon_Cotton.png\" alt=\"Crop_Icon_Cotton\" \/>\n\t\t<h3>Algod\u00e3o<\/h3>\n<h2>\n\t\tVamos mudar o futuro da agricultura brasileira\n\t<\/h2>\n\t<p>Veja como estamos ajudando milhares de agricultores em dezenas de pa\u00edses ao redor do mundo a encontrar melhores respostas, aplicar solu\u00e7\u00f5es com mais precis\u00e3o e maximizar seu potencial de campo.<\/p>\n<h3>\n\t\tCONTATOS\n\t<\/h3>\n\t<strong>Gabriel Barros<\/strong>\nGerente de Opera\u00e7\u00f5es Brasil\n<a title=\"mailto:GBarros@montysplantfood.com\" contenteditable=\"false\" href=\"mailto:GBarros@montysplantfood.com\">E-mail: GBarros@montysplantfood.com<\/a>\n<a href=\"tel:55659999834503\">+55 65 999983-4503<\/a>\n<strong>Marcos Gaio<\/strong>\nGerente de Pa\u00eds do Brasil\n<a title=\"mailto:MGaio@montysplantfood.com\" contenteditable=\"false\" href=\"mailto:MGaio@montysplantfood.com\">E-mail : MGaio@montysplantfood.com<\/a>\n<a href=\"tel:5511975789609\">+55 11 97578-9609<\/a>\n<h3>\n\t\tEscrit\u00f3rio Corporativo no Brasil: FERTILIZANTES MONTY'S\n\t<\/h3>\n\tRodovia Presidente Castelo Branco,\n11.100 Km 30,5 - M\u00f3dulo G\nJardim Maria Cristina\nBarueri - SP - Brasil\nCEP: 06.421-400\nCNPJ: 23.020.505\/0001-13","protected":false},"excerpt":{"rendered":"<p>Brasil Maximize a qualidade e a quantidade de sua produ\u00e7\u00e3o O principal objetivo da Monty sempre foi ajudar os agricultores a serem mais bem-sucedidos. Oferecemos aos agricultores brasileiros solu\u00e7\u00f5es de nutrientes de alta efici\u00eancia - sejam eles iniciadores no sulco, condicionadores de solo \u00e0 base de h\u00famus l\u00edderes do setor ou pacotes de nutrientes aplicados por via foliar - projetados para proporcionar melhor desenvolvimento das ra\u00edzes, plantas mais saud\u00e1veis e, por fim, maior produtividade!...<\/p>","protected":false},"author":17,"featured_media":0,"parent":0,"menu_order":0,"comment_status":"closed","ping_status":"closed","template":"","meta":{"_acf_changed":false,"_monsterinsights_skip_tracking":false,"_monsterinsights_sitenote_active":false,"_monsterinsights_sitenote_note":"","_monsterinsights_sitenote_category":0,"footnotes":""},"class_list":["post-12548","page","type-page","status-publish","hentry"],"acf":[],"yoast_head":"<!-- This site is optimized with the Yoast SEO plugin v27.3 - https:\/\/yoast.com\/product\/yoast-seo-wordpress\/ -->\n<title>Brazil - Monty&#039;s International<\/title>\n<meta name=\"robots\" content=\"index, follow, max-snippet:-1, max-image-preview:large, max-video-preview:-1\" \/>\n<link rel=\"canonical\" href=\"https:\/\/montysinternational.com\/pt\/brazil\/\" \/>\n<meta property=\"og:locale\" content=\"pt_BR\" \/>\n<meta property=\"og:type\" content=\"article\" \/>\n<meta property=\"og:title\" content=\"Brazil - Monty&#039;s International\" \/>\n<meta property=\"og:description\" content=\"Brazil Maximize The Quality and Quantity Of Your Yields Monty&#8217;s primary goals has always been to help farmers be more successful. We offer Brazilian farmers high efficiency nutrient solutions &#8211; whether in-furrow starters, industry-leading humic-based soil conditioners, or foliar applied nutrient packages &#8211; designed to bring better root development, healthier plants, and ultimately higher yields!&hellip;\" \/>\n<meta property=\"og:url\" content=\"https:\/\/montysinternational.com\/pt\/brazil\/\" \/>\n<meta property=\"og:site_name\" content=\"Monty&#039;s International\" \/>\n<meta property=\"article:modified_time\" content=\"2024-01-29T18:32:56+00:00\" \/>\n<meta property=\"og:image\" content=\"https:\/\/montysinternational.com\/wp-content\/uploads\/2020\/08\/flag-brazil.png\" \/>\n<meta name=\"twitter:card\" content=\"summary_large_image\" \/>\n<meta name=\"twitter:label1\" content=\"Est. reading time\" \/>\n\t<meta name=\"twitter:data1\" content=\"10 minutes\" \/>\n<script type=\"application\/ld+json\" class=\"yoast-schema-graph\">{\"@context\":\"https:\\\/\\\/schema.org\",\"@graph\":[{\"@type\":\"WebPage\",\"@id\":\"https:\\\/\\\/montysinternational.com\\\/brazil\\\/\",\"url\":\"https:\\\/\\\/montysinternational.com\\\/brazil\\\/\",\"name\":\"Brazil - Monty&#039;s International\",\"isPartOf\":{\"@id\":\"https:\\\/\\\/montysinternational.com\\\/#website\"},\"primaryImageOfPage\":{\"@id\":\"https:\\\/\\\/montysinternational.com\\\/brazil\\\/#primaryimage\"},\"image\":{\"@id\":\"https:\\\/\\\/montysinternational.com\\\/brazil\\\/#primaryimage\"},\"thumbnailUrl\":\"https:\\\/\\\/montysinternational.com\\\/wp-content\\\/uploads\\\/2020\\\/08\\\/flag-brazil.png\",\"datePublished\":\"2022-11-11T21:47:15+00:00\",\"dateModified\":\"2024-01-29T18:32:56+00:00\",\"breadcrumb\":{\"@id\":\"https:\\\/\\\/montysinternational.com\\\/brazil\\\/#breadcrumb\"},\"inLanguage\":\"pt-BR\",\"potentialAction\":[{\"@type\":\"ReadAction\",\"target\":[\"https:\\\/\\\/montysinternational.com\\\/brazil\\\/\"]}]},{\"@type\":\"ImageObject\",\"inLanguage\":\"pt-BR\",\"@id\":\"https:\\\/\\\/montysinternational.com\\\/brazil\\\/#primaryimage\",\"url\":\"https:\\\/\\\/montysinternational.com\\\/wp-content\\\/uploads\\\/2020\\\/08\\\/flag-brazil.png\",\"contentUrl\":\"https:\\\/\\\/montysinternational.com\\\/wp-content\\\/uploads\\\/2020\\\/08\\\/flag-brazil.png\"},{\"@type\":\"BreadcrumbList\",\"@id\":\"https:\\\/\\\/montysinternational.com\\\/brazil\\\/#breadcrumb\",\"itemListElement\":[{\"@type\":\"ListItem\",\"position\":1,\"name\":\"Home\",\"item\":\"https:\\\/\\\/montysinternational.com\\\/\"},{\"@type\":\"ListItem\",\"position\":2,\"name\":\"Brazil\"}]},{\"@type\":\"WebSite\",\"@id\":\"https:\\\/\\\/montysinternational.com\\\/#website\",\"url\":\"https:\\\/\\\/montysinternational.com\\\/\",\"name\":\"Monty&#039;s International\",\"description\":\"\",\"publisher\":{\"@id\":\"https:\\\/\\\/montysinternational.com\\\/#organization\"},\"potentialAction\":[{\"@type\":\"SearchAction\",\"target\":{\"@type\":\"EntryPoint\",\"urlTemplate\":\"https:\\\/\\\/montysinternational.com\\\/?s={search_term_string}\"},\"query-input\":{\"@type\":\"PropertyValueSpecification\",\"valueRequired\":true,\"valueName\":\"search_term_string\"}}],\"inLanguage\":\"pt-BR\"},{\"@type\":\"Organization\",\"@id\":\"https:\\\/\\\/montysinternational.com\\\/#organization\",\"name\":\"Monty's Plant Food\",\"url\":\"https:\\\/\\\/montysinternational.com\\\/\",\"logo\":{\"@type\":\"ImageObject\",\"inLanguage\":\"pt-BR\",\"@id\":\"https:\\\/\\\/montysinternational.com\\\/#\\\/schema\\\/logo\\\/image\\\/\",\"url\":\"https:\\\/\\\/montysinternational.com\\\/wp-content\\\/uploads\\\/2020\\\/09\\\/Website-Logo-TEST.png\",\"contentUrl\":\"https:\\\/\\\/montysinternational.com\\\/wp-content\\\/uploads\\\/2020\\\/09\\\/Website-Logo-TEST.png\",\"width\":505,\"height\":358,\"caption\":\"Monty's Plant Food\"},\"image\":{\"@id\":\"https:\\\/\\\/montysinternational.com\\\/#\\\/schema\\\/logo\\\/image\\\/\"}}]}<\/script>\n<!-- \/ Yoast SEO plugin. -->","yoast_head_json":{"title":"Brazil - Monty&#039;s International","robots":{"index":"index","follow":"follow","max-snippet":"max-snippet:-1","max-image-preview":"max-image-preview:large","max-video-preview":"max-video-preview:-1"},"canonical":"https:\/\/montysinternational.com\/pt\/brazil\/","og_locale":"pt_BR","og_type":"article","og_title":"Brazil - Monty&#039;s International","og_description":"Brazil Maximize The Quality and Quantity Of Your Yields Monty&#8217;s primary goals has always been to help farmers be more successful. We offer Brazilian farmers high efficiency nutrient solutions &#8211; whether in-furrow starters, industry-leading humic-based soil conditioners, or foliar applied nutrient packages &#8211; designed to bring better root development, healthier plants, and ultimately higher yields!&hellip;","og_url":"https:\/\/montysinternational.com\/pt\/brazil\/","og_site_name":"Monty&#039;s International","article_modified_time":"2024-01-29T18:32:56+00:00","og_image":[{"url":"https:\/\/montysinternational.com\/wp-content\/uploads\/2020\/08\/flag-brazil.png","type":"","width":"","height":""}],"twitter_card":"summary_large_image","twitter_misc":{"Est. reading time":"10 minutes"},"schema":{"@context":"https:\/\/schema.org","@graph":[{"@type":"WebPage","@id":"https:\/\/montysinternational.com\/brazil\/","url":"https:\/\/montysinternational.com\/brazil\/","name":"Brazil - Monty&#039;s International","isPartOf":{"@id":"https:\/\/montysinternational.com\/#website"},"primaryImageOfPage":{"@id":"https:\/\/montysinternational.com\/brazil\/#primaryimage"},"image":{"@id":"https:\/\/montysinternational.com\/brazil\/#primaryimage"},"thumbnailUrl":"https:\/\/montysinternational.com\/wp-content\/uploads\/2020\/08\/flag-brazil.png","datePublished":"2022-11-11T21:47:15+00:00","dateModified":"2024-01-29T18:32:56+00:00","breadcrumb":{"@id":"https:\/\/montysinternational.com\/brazil\/#breadcrumb"},"inLanguage":"pt-BR","potentialAction":[{"@type":"ReadAction","target":["https:\/\/montysinternational.com\/brazil\/"]}]},{"@type":"ImageObject","inLanguage":"pt-BR","@id":"https:\/\/montysinternational.com\/brazil\/#primaryimage","url":"https:\/\/montysinternational.com\/wp-content\/uploads\/2020\/08\/flag-brazil.png","contentUrl":"https:\/\/montysinternational.com\/wp-content\/uploads\/2020\/08\/flag-brazil.png"},{"@type":"BreadcrumbList","@id":"https:\/\/montysinternational.com\/brazil\/#breadcrumb","itemListElement":[{"@type":"ListItem","position":1,"name":"Home","item":"https:\/\/montysinternational.com\/"},{"@type":"ListItem","position":2,"name":"Brazil"}]},{"@type":"WebSite","@id":"https:\/\/montysinternational.com\/#website","url":"https:\/\/montysinternational.com\/","name":"Monty&#039;s Internacional","description":"","publisher":{"@id":"https:\/\/montysinternational.com\/#organization"},"potentialAction":[{"@type":"SearchAction","target":{"@type":"EntryPoint","urlTemplate":"https:\/\/montysinternational.com\/?s={search_term_string}"},"query-input":{"@type":"PropertyValueSpecification","valueRequired":true,"valueName":"search_term_string"}}],"inLanguage":"pt-BR"},{"@type":"Organization","@id":"https:\/\/montysinternational.com\/#organization","name":"Monty's Plant Food","url":"https:\/\/montysinternational.com\/","logo":{"@type":"ImageObject","inLanguage":"pt-BR","@id":"https:\/\/montysinternational.com\/#\/schema\/logo\/image\/","url":"https:\/\/montysinternational.com\/wp-content\/uploads\/2020\/09\/Website-Logo-TEST.png","contentUrl":"https:\/\/montysinternational.com\/wp-content\/uploads\/2020\/09\/Website-Logo-TEST.png","width":505,"height":358,"caption":"Monty's Plant Food"},"image":{"@id":"https:\/\/montysinternational.com\/#\/schema\/logo\/image\/"}}]}},"_links":{"self":[{"href":"https:\/\/montysinternational.com\/pt\/wp-json\/wp\/v2\/pages\/12548","targetHints":{"allow":["GET"]}}],"collection":[{"href":"https:\/\/montysinternational.com\/pt\/wp-json\/wp\/v2\/pages"}],"about":[{"href":"https:\/\/montysinternational.com\/pt\/wp-json\/wp\/v2\/types\/page"}],"author":[{"embeddable":true,"href":"https:\/\/montysinternational.com\/pt\/wp-json\/wp\/v2\/users\/17"}],"replies":[{"embeddable":true,"href":"https:\/\/montysinternational.com\/pt\/wp-json\/wp\/v2\/comments?post=12548"}],"version-history":[{"count":10,"href":"https:\/\/montysinternational.com\/pt\/wp-json\/wp\/v2\/pages\/12548\/revisions"}],"predecessor-version":[{"id":13267,"href":"https:\/\/montysinternational.com\/pt\/wp-json\/wp\/v2\/pages\/12548\/revisions\/13267"}],"wp:attachment":[{"href":"https:\/\/montysinternational.com\/pt\/wp-json\/wp\/v2\/media?parent=12548"}],"curies":[{"name":"wp","href":"https:\/\/api.w.org\/{rel}","templated":true}]}}