{"id":88,"date":"2020-08-19T21:46:33","date_gmt":"2020-08-20T01:46:33","guid":{"rendered":"http:\/\/localhost:10003\/products\/"},"modified":"2020-10-20T14:44:06","modified_gmt":"2020-10-20T18:44:06","slug":"products","status":"publish","type":"page","link":"https:\/\/montysinternational.com\/fr\/products\/","title":{"rendered":"Produits"},"content":{"rendered":"<h1>\n\t\tProduits\n\t<\/h1>\n    <section id=\"fertility\">\n        <header>\n            <h2>Fertilit\u00e9<\/h2>\n        <\/header>\n                        <a href=\"https:\/\/montysinternational.com\/fr\/products\/agri-n\/\">\n                                <h3>Agri-N<\/h3>\n                                        Am\u00e9lioration foliaire pour le verdissement et l'\u00e9nergie                                    \n                        <\/a>\n                        <a href=\"https:\/\/montysinternational.com\/fr\/products\/agrihance-r\/\">\n                                <h3>Agrihance-R<\/h3>\n                                        Stade reproductif                                    \n                        <\/a>\n                        <a href=\"https:\/\/montysinternational.com\/fr\/products\/agrihance-s\/\">\n                                <h3>Agrihance-S<\/h3>\n                                        D\u00e9marreur de semences                                    \n                        <\/a>\n                        <a href=\"https:\/\/montysinternational.com\/fr\/products\/agrihance-v\/\">\n                                <h3>Agrihance-V<\/h3>\n                                        Stade v\u00e9g\u00e9tatif                                    \n                        <\/a>\n                        <a href=\"https:\/\/montysinternational.com\/fr\/products\/all-purpose-growth\/\">\n                                <h3>Croissance polyvalente<\/h3>\n                                        Croissance vigoureuse des plantes et gestion du stress des cultures                                    \n                        <\/a>\n                        <a href=\"https:\/\/montysinternational.com\/fr\/products\/c795-plus\/\">\n                                <h3>C795 Plus<\/h3>\n                                        Produit \u00e0 usage multiple id\u00e9al pour la r\u00e9ussite des semences et des plantes                                    \n                        <\/a>\n                        <a href=\"https:\/\/montysinternational.com\/fr\/products\/calcium-plus\/\">\n                                <h3>Calcium Plus<\/h3>\n                                        Suppl\u00e9ment nutritionnel                                    \n                        <\/a>\n                        <a href=\"https:\/\/montysinternational.com\/fr\/products\/hay-now\/\">\n                                <h3>Hay-Now<\/h3>\n                                        Engrais liquide pour foin et p\u00e2turages                                    \n                        <\/a>\n                        <a href=\"https:\/\/montysinternational.com\/fr\/products\/k28\/\">\n                                <h3>K28<\/h3>\n                                        Suppl\u00e9ment nutritif liquide \u00e0 base de potasse                                    \n                        <\/a>\n                        <a href=\"https:\/\/montysinternational.com\/fr\/products\/magmahume\/\">\n                                <h3>Magmahume\u2122<\/h3>\n                                        Fortifiant pour plantes et sols                                    \n                        <\/a>\n                        <a href=\"https:\/\/montysinternational.com\/fr\/products\/microhance\/\">\n                                <h3>Microhance<\/h3>\n                                        Paquet nutritionnel - Six nutriments importants                                    \n                        <\/a>\n                        <a href=\"https:\/\/montysinternational.com\/fr\/products\/midnight\/\">\n                                <h3>Minuit<\/h3>\n                                        M\u00e9lange unique id\u00e9al pour la croissance des plantes                                    \n                        <\/a>\n                        <a href=\"https:\/\/montysinternational.com\/fr\/products\/nauxin\/\">\n                                <h3>Nauxin<\/h3>\n                                        Paquet de nutriments essentiels                                    \n                        <\/a>\n                        <a href=\"https:\/\/montysinternational.com\/fr\/products\/premium-blend\/\">\n                                <h3>M\u00e9lange Premium<\/h3>\n                                        La cl\u00e9 du succ\u00e8s r\u00e9side dans le choix du phosphate                                    \n                        <\/a>\n                        <a href=\"https:\/\/montysinternational.com\/fr\/products\/root-bloom\/\">\n                                <h3>Root &amp; Bloom<\/h3>\n                                        Croissance des racines et d\u00e9veloppement des graines et des fruits                                    \n                        <\/a>\n                        <a href=\"https:\/\/montysinternational.com\/fr\/products\/seed-starter-foliar\/\">\n                                <h3>D\u00e9marreur de semences\/ Foliaire<\/h3>\n                                        Pour une \u00e9mergence rapide et une vigueur en d\u00e9but de saison                                    \n                        <\/a>\n                        <a href=\"https:\/\/montysinternational.com\/fr\/products\/sulfur-15\/\">\n                                <h3>Soufre 15<\/h3>\n                                        Suppl\u00e9ment nutritionnel                                    \n                        <\/a>\n            <\/section>\n    <section id=\"micronutrients\">\n        <header>\n            <h2>Micronutriments<\/h2>\n        <\/header>\n                        <a href=\"https:\/\/montysinternational.com\/fr\/products\/boron\/\">\n                                <h3>Bore<\/h3>\n                                        N\u00e9cessaire \u00e0 la synth\u00e8se des prot\u00e9ines, \u00e0 la division cellulaire et au d\u00e9veloppement des racines.                                    \n                        <\/a>\n                        <a href=\"https:\/\/montysinternational.com\/fr\/products\/comob\/\">\n                                <h3>CoMoB<\/h3>\n                                        Un m\u00e9lange unique de micronutriments destin\u00e9s \u00e0 maximiser la croissance des plantes.                                    \n                        <\/a>\n                        <a href=\"https:\/\/montysinternational.com\/fr\/products\/iron\/\">\n                                <h3>Fer (Fe)<\/h3>\n                                        Pour la pr\u00e9vention et la correction de la chlorose ferrique dans toutes les cultures                                    \n                        <\/a>\n                        <a href=\"https:\/\/montysinternational.com\/fr\/products\/magnesium-mg\/\">\n                                <h3>Magn\u00e9sium (Mg)<\/h3>\n                                        Activation des enzymes v\u00e9g\u00e9tales n\u00e9cessaires au processus de croissance                                    \n                        <\/a>\n                        <a href=\"https:\/\/montysinternational.com\/fr\/products\/manganese-mn\/\">\n                                <h3>Mangan\u00e8se (Mn)<\/h3>\n                                        Essentiel pour l'oxydation des cellules et l'absorption des sucres                                    \n                        <\/a>\n                        <a href=\"https:\/\/montysinternational.com\/fr\/products\/molybdenum-mo\/\">\n                                <h3>Molybd\u00e8ne (Mo)<\/h3>\n                                        Compl\u00e9ment \u00e0 un programme de fertilisation r\u00e9gulier pour pr\u00e9venir et corriger les carences                                    \n                        <\/a>\n                        <a href=\"https:\/\/montysinternational.com\/fr\/products\/zinc-zn\/\">\n                                <h3>Zinc (Zn)<\/h3>\n                                        Augmente la disponibilit\u00e9 du calcium (Ca) et du phosphore (P)                                    \n                        <\/a>\n            <\/section>\n    <section id=\"nutrient-management\">\n        <header>\n            <h2>Gestion des nutriments<\/h2>\n        <\/header>\n                        <a href=\"https:\/\/montysinternational.com\/fr\/products\/humihance\/\">\n                                <h3>Humihance<\/h3>\n                                        Monty's Innovative Fertilizer Coating (rev\u00eatement d'engrais)                                    \n                        <\/a>\n                        <a href=\"https:\/\/montysinternational.com\/fr\/products\/surge-xd\/\">\n                                <h3>Surge XD<\/h3>\n                                        Distribution extr\u00eame de nutriments                                    \n                        <\/a>\n            <\/section>\n    <section id=\"soil-amendment\">\n        <header>\n            <h2>Amendement du sol<\/h2>\n        <\/header>\n                        <a href=\"https:\/\/montysinternational.com\/fr\/products\/dri-carbon\/\">\n                                <h3>Dri-Carbon<\/h3>\n                                        Carbone liquide sous forme s\u00e8che                                    \n                        <\/a>\n                        <a href=\"https:\/\/montysinternational.com\/fr\/products\/humi-till\/\">\n                                <h3>Humi-Till<\/h3>\n                                        Gestion des r\u00e9sidus de culture                                    \n                        <\/a>\n                        <a href=\"https:\/\/montysinternational.com\/fr\/products\/humi-till-activator\/\">\n                                <h3>Activateur d'humi-Till<\/h3>\n                                        Pour la gestion des r\u00e9sidus                                    \n                        <\/a>\n                        <a href=\"https:\/\/montysinternational.com\/fr\/products\/montys-liquid-carbon\/\">\n                                <h3>Le carbone liquide de Monty<\/h3>\n                                        Technologie exclusive de l'humus activ\u00e9                                    \n                        <\/a>\n                        <a href=\"https:\/\/montysinternational.com\/fr\/products\/nanobind\/\">\n                                <h3>Nanobind<\/h3>\n                                        Carbone liquide am\u00e9lior\u00e9 par voie microbienne                                    \n                        <\/a>\n            <\/section>\n    <section id=\"specialty\">\n        <header>\n            <h2>Sp\u00e9cialit\u00e9<\/h2>\n        <\/header>\n                        <a href=\"https:\/\/montysinternational.com\/fr\/products\/agri-sweet\/\">\n                                <h3>Agri-Sweet<\/h3>\n                                        Sucre raffin\u00e9                                    \n                        <\/a>\n                        <a href=\"https:\/\/montysinternational.com\/fr\/products\/bio-strain\/\">\n                                <h3>Bio-souche<\/h3>\n                                        Paquet microbien pour les cultures en ligne et les fruits et l\u00e9gumes                                    \n                        <\/a>\n                        <a href=\"https:\/\/montysinternational.com\/fr\/products\/calesco\/\">\n                                <h3>Calesco<\/h3>\n                                        Conditionneur d'eau sp\u00e9cialis\u00e9                                    \n                        <\/a>\n                        <a href=\"https:\/\/montysinternational.com\/fr\/products\/multiplicity\/\">\n                                <h3>Multiplicit\u00e9<\/h3>\n                                        Une source s\u00e8che de micro-organismes pour aider les cultures \u00e0 atteindre leur plein potentiel                                    \n                        <\/a>\n                        <a href=\"https:\/\/montysinternational.com\/fr\/products\/nanoboost\/\">\n                                <h3>Nanoboost<\/h3>\n                                        Herbicide Booster                                    \n                        <\/a>\n            <\/section>","protected":false},"excerpt":{"rendered":"<p>Produits Fertilit\u00e9 Agri-N Am\u00e9lioration foliaire pour la verdure et l'\u00e9nergie Agrihance-R Stade reproductif Agrihance-S D\u00e9marrage des semences Agrihance-V Stade v\u00e9g\u00e9tatif Croissance polyvalente Croissance vigoureuse des plantes et gestion du stress des cultures C795 Plus Produit \u00e0 usages multiples Id\u00e9al pour la r\u00e9ussite des semences et des plantes Calcium Plus Suppl\u00e9ment nutritif Hay-Now Engrais liquide pour foin et p\u00e2turages K28 Potasse liquide Suppl\u00e9ment nutritif Magmahume\u2122 Plantes et...<\/p>","protected":false},"author":20,"featured_media":0,"parent":0,"menu_order":9,"comment_status":"closed","ping_status":"closed","template":"","meta":{"_acf_changed":false,"_monsterinsights_skip_tracking":false,"_monsterinsights_sitenote_active":false,"_monsterinsights_sitenote_note":"","_monsterinsights_sitenote_category":0,"footnotes":""},"class_list":["post-88","page","type-page","status-publish","hentry"],"acf":[],"yoast_head":"<!-- This site is optimized with the Yoast SEO plugin v27.3 - https:\/\/yoast.com\/product\/yoast-seo-wordpress\/ -->\n<title>Products - Monty&#039;s International<\/title>\n<meta name=\"robots\" content=\"index, follow, max-snippet:-1, max-image-preview:large, max-video-preview:-1\" \/>\n<link rel=\"canonical\" href=\"https:\/\/montysinternational.com\/fr\/products\/\" \/>\n<meta property=\"og:locale\" content=\"fr_FR\" \/>\n<meta property=\"og:type\" content=\"article\" \/>\n<meta property=\"og:title\" content=\"Products - Monty&#039;s International\" \/>\n<meta property=\"og:description\" content=\"Products Fertility Agri-N Foliar Enhancement for Green-Up and Energy Agrihance-R Reproductive Stage Agrihance-S Seed Starter Agrihance-V Vegetative Stage All-Purpose Growth Vigorous plant growth and crop stress management C795 Plus Multi-Use Product Ideal for Seed and Plant Success Calcium Plus Nutrient Supplement Hay-Now Hay and Pasture Liquid Fertilizer K28 Liquid Potash Nutrient Supplement Magmahume\u2122 Plant and&hellip;\" \/>\n<meta property=\"og:url\" content=\"https:\/\/montysinternational.com\/fr\/products\/\" \/>\n<meta property=\"og:site_name\" content=\"Monty&#039;s International\" \/>\n<meta property=\"article:modified_time\" content=\"2020-10-20T18:44:06+00:00\" \/>\n<meta property=\"og:image\" content=\"https:\/\/montysinternational.com\/wp-content\/uploads\/2020\/09\/social-share.jpg\" \/>\n\t<meta property=\"og:image:width\" content=\"1280\" \/>\n\t<meta property=\"og:image:height\" content=\"720\" \/>\n\t<meta property=\"og:image:type\" content=\"image\/jpeg\" \/>\n<meta name=\"twitter:card\" content=\"summary_large_image\" \/>\n<meta name=\"twitter:label1\" content=\"Est. reading time\" \/>\n\t<meta name=\"twitter:data1\" content=\"1 minute\" \/>\n<script type=\"application\/ld+json\" class=\"yoast-schema-graph\">{\"@context\":\"https:\\\/\\\/schema.org\",\"@graph\":[{\"@type\":\"WebPage\",\"@id\":\"https:\\\/\\\/montysinternational.com\\\/products\\\/\",\"url\":\"https:\\\/\\\/montysinternational.com\\\/products\\\/\",\"name\":\"Products - Monty&#039;s International\",\"isPartOf\":{\"@id\":\"https:\\\/\\\/montysinternational.com\\\/#website\"},\"datePublished\":\"2020-08-20T01:46:33+00:00\",\"dateModified\":\"2020-10-20T18:44:06+00:00\",\"breadcrumb\":{\"@id\":\"https:\\\/\\\/montysinternational.com\\\/products\\\/#breadcrumb\"},\"inLanguage\":\"fr-FR\",\"potentialAction\":[{\"@type\":\"ReadAction\",\"target\":[\"https:\\\/\\\/montysinternational.com\\\/products\\\/\"]}]},{\"@type\":\"BreadcrumbList\",\"@id\":\"https:\\\/\\\/montysinternational.com\\\/products\\\/#breadcrumb\",\"itemListElement\":[{\"@type\":\"ListItem\",\"position\":1,\"name\":\"Home\",\"item\":\"https:\\\/\\\/montysinternational.com\\\/\"},{\"@type\":\"ListItem\",\"position\":2,\"name\":\"Products\"}]},{\"@type\":\"WebSite\",\"@id\":\"https:\\\/\\\/montysinternational.com\\\/#website\",\"url\":\"https:\\\/\\\/montysinternational.com\\\/\",\"name\":\"Monty&#039;s International\",\"description\":\"\",\"publisher\":{\"@id\":\"https:\\\/\\\/montysinternational.com\\\/#organization\"},\"potentialAction\":[{\"@type\":\"SearchAction\",\"target\":{\"@type\":\"EntryPoint\",\"urlTemplate\":\"https:\\\/\\\/montysinternational.com\\\/?s={search_term_string}\"},\"query-input\":{\"@type\":\"PropertyValueSpecification\",\"valueRequired\":true,\"valueName\":\"search_term_string\"}}],\"inLanguage\":\"fr-FR\"},{\"@type\":\"Organization\",\"@id\":\"https:\\\/\\\/montysinternational.com\\\/#organization\",\"name\":\"Monty's Plant Food\",\"url\":\"https:\\\/\\\/montysinternational.com\\\/\",\"logo\":{\"@type\":\"ImageObject\",\"inLanguage\":\"fr-FR\",\"@id\":\"https:\\\/\\\/montysinternational.com\\\/#\\\/schema\\\/logo\\\/image\\\/\",\"url\":\"https:\\\/\\\/montysinternational.com\\\/wp-content\\\/uploads\\\/2020\\\/09\\\/Website-Logo-TEST.png\",\"contentUrl\":\"https:\\\/\\\/montysinternational.com\\\/wp-content\\\/uploads\\\/2020\\\/09\\\/Website-Logo-TEST.png\",\"width\":505,\"height\":358,\"caption\":\"Monty's Plant Food\"},\"image\":{\"@id\":\"https:\\\/\\\/montysinternational.com\\\/#\\\/schema\\\/logo\\\/image\\\/\"}}]}<\/script>\n<!-- \/ Yoast SEO plugin. -->","yoast_head_json":{"title":"Products - Monty&#039;s International","robots":{"index":"index","follow":"follow","max-snippet":"max-snippet:-1","max-image-preview":"max-image-preview:large","max-video-preview":"max-video-preview:-1"},"canonical":"https:\/\/montysinternational.com\/fr\/products\/","og_locale":"fr_FR","og_type":"article","og_title":"Products - Monty&#039;s International","og_description":"Products Fertility Agri-N Foliar Enhancement for Green-Up and Energy Agrihance-R Reproductive Stage Agrihance-S Seed Starter Agrihance-V Vegetative Stage All-Purpose Growth Vigorous plant growth and crop stress management C795 Plus Multi-Use Product Ideal for Seed and Plant Success Calcium Plus Nutrient Supplement Hay-Now Hay and Pasture Liquid Fertilizer K28 Liquid Potash Nutrient Supplement Magmahume\u2122 Plant and&hellip;","og_url":"https:\/\/montysinternational.com\/fr\/products\/","og_site_name":"Monty&#039;s International","article_modified_time":"2020-10-20T18:44:06+00:00","og_image":[{"width":1280,"height":720,"url":"https:\/\/montysinternational.com\/wp-content\/uploads\/2020\/09\/social-share.jpg","type":"image\/jpeg"}],"twitter_card":"summary_large_image","twitter_misc":{"Est. reading time":"1 minute"},"schema":{"@context":"https:\/\/schema.org","@graph":[{"@type":"WebPage","@id":"https:\/\/montysinternational.com\/products\/","url":"https:\/\/montysinternational.com\/products\/","name":"Products - Monty&#039;s International","isPartOf":{"@id":"https:\/\/montysinternational.com\/#website"},"datePublished":"2020-08-20T01:46:33+00:00","dateModified":"2020-10-20T18:44:06+00:00","breadcrumb":{"@id":"https:\/\/montysinternational.com\/products\/#breadcrumb"},"inLanguage":"fr-FR","potentialAction":[{"@type":"ReadAction","target":["https:\/\/montysinternational.com\/products\/"]}]},{"@type":"BreadcrumbList","@id":"https:\/\/montysinternational.com\/products\/#breadcrumb","itemListElement":[{"@type":"ListItem","position":1,"name":"Home","item":"https:\/\/montysinternational.com\/"},{"@type":"ListItem","position":2,"name":"Products"}]},{"@type":"WebSite","@id":"https:\/\/montysinternational.com\/#website","url":"https:\/\/montysinternational.com\/","name":"Monty&#039;s International","description":"","publisher":{"@id":"https:\/\/montysinternational.com\/#organization"},"potentialAction":[{"@type":"SearchAction","target":{"@type":"EntryPoint","urlTemplate":"https:\/\/montysinternational.com\/?s={search_term_string}"},"query-input":{"@type":"PropertyValueSpecification","valueRequired":true,"valueName":"search_term_string"}}],"inLanguage":"fr-FR"},{"@type":"Organization","@id":"https:\/\/montysinternational.com\/#organization","name":"Monty's Plant Food","url":"https:\/\/montysinternational.com\/","logo":{"@type":"ImageObject","inLanguage":"fr-FR","@id":"https:\/\/montysinternational.com\/#\/schema\/logo\/image\/","url":"https:\/\/montysinternational.com\/wp-content\/uploads\/2020\/09\/Website-Logo-TEST.png","contentUrl":"https:\/\/montysinternational.com\/wp-content\/uploads\/2020\/09\/Website-Logo-TEST.png","width":505,"height":358,"caption":"Monty's Plant Food"},"image":{"@id":"https:\/\/montysinternational.com\/#\/schema\/logo\/image\/"}}]}},"_links":{"self":[{"href":"https:\/\/montysinternational.com\/fr\/wp-json\/wp\/v2\/pages\/88","targetHints":{"allow":["GET"]}}],"collection":[{"href":"https:\/\/montysinternational.com\/fr\/wp-json\/wp\/v2\/pages"}],"about":[{"href":"https:\/\/montysinternational.com\/fr\/wp-json\/wp\/v2\/types\/page"}],"author":[{"embeddable":true,"href":"https:\/\/montysinternational.com\/fr\/wp-json\/wp\/v2\/users\/20"}],"replies":[{"embeddable":true,"href":"https:\/\/montysinternational.com\/fr\/wp-json\/wp\/v2\/comments?post=88"}],"version-history":[{"count":2,"href":"https:\/\/montysinternational.com\/fr\/wp-json\/wp\/v2\/pages\/88\/revisions"}],"predecessor-version":[{"id":11119,"href":"https:\/\/montysinternational.com\/fr\/wp-json\/wp\/v2\/pages\/88\/revisions\/11119"}],"wp:attachment":[{"href":"https:\/\/montysinternational.com\/fr\/wp-json\/wp\/v2\/media?parent=88"}],"curies":[{"name":"wp","href":"https:\/\/api.w.org\/{rel}","templated":true}]}}