{"id":86,"date":"2020-08-19T21:46:32","date_gmt":"2020-08-20T01:46:32","guid":{"rendered":"http:\/\/localhost:10003\/why-montys\/"},"modified":"2024-01-16T09:12:57","modified_gmt":"2024-01-16T14:12:57","slug":"why-montys","status":"publish","type":"page","link":"https:\/\/montysinternational.com\/fr\/why-montys\/","title":{"rendered":"Pourquoi Monty's"},"content":{"rendered":"<h1>\n\t\tConstruit par des agriculteurs. Pour les agriculteurs.\n\t<\/h1>\n\t<p>Une expertise pratique pour aider vos champs \u00e0 prosp\u00e9rer<\/p>\n<h2>\n\t\tDes conseillers de confiance. Des solutions \u00e9prouv\u00e9es\n\t<\/h2>\n\t<p>L'objectif premier de Monty a toujours \u00e9t\u00e9 d'aider les agriculteurs \u00e0 mieux r\u00e9ussir. Nous offrons aux agriculteurs des solutions nutritives de haute efficacit\u00e9 - qu'il s'agisse d'engrais de d\u00e9marrage dans le sillon, d'amendements \u00e0 base d'humus \u00e0 la pointe de l'industrie ou de paquets de nutriments appliqu\u00e9s par voie foliaire - con\u00e7ues pour assurer un meilleur d\u00e9veloppement des racines, des plantes plus saines et, en fin de compte, des rendements plus \u00e9lev\u00e9s !<\/p>\n<p>Monty's est votre source de confiance pour des conseils fiables et des produits innovants, scientifiquement fond\u00e9s, pour les plantes et le sol, qui facilitent l'augmentation des rendements de haute qualit\u00e9 tout en am\u00e9liorant la qualit\u00e9 du sol \u00e0 long terme. Monty's... des conseillers de confiance. Des solutions \u00e9prouv\u00e9es. Contactez votre repr\u00e9sentant Monty's d\u00e8s aujourd'hui !<\/p>\n<p><strong>Notre mission.<\/strong> En fournissant des produits de nutrition v\u00e9g\u00e9tale et des produits pour le sol fiables et respectueux de l'environnement, nous aidons nos clients \u00e0 atteindre leur potentiel maximum.<\/p>\n<p><strong>Principes cl\u00e9s. <\/strong>Soutenir le d\u00e9veloppement de chaque employ\u00e9. Faire un effort suppl\u00e9mentaire pour aider nos clients \u00e0 r\u00e9ussir. Choisir des mat\u00e9riaux de la plus haute qualit\u00e9 et respectueux de l'environnement. Op\u00e9rer avec int\u00e9grit\u00e9, m\u00eame lorsque personne ne regarde. Ne jamais cesser d'apprendre et de d\u00e9velopper de nouvelles technologies innovantes.<\/p>\n\n<h2>\n\t\tUn partenariat avec vous pour un rendement optimal et sain\n\t<\/h2>\n\t\t\t\t\t\t\t\t\t<img loading=\"lazy\" decoding=\"async\" src=\"https:\/\/montysinternational.com\/wp-content\/uploads\/2020\/08\/icon-about-1.png\" alt=\"icon-about-1\" itemprop=\"image\" height=\"216\" width=\"213\" title=\"ic\u00f4ne-about-1\" onerror=\"this.style.display='none'\"  \/>\n<h3>\n\t\tDes experts en agronomie qui travaillent pour vous.\n\t<\/h3>\n\t<p>Qu'il s'agisse de r\u00e9soudre des probl\u00e8mes mineurs ou de ressusciter vos pires champs, votre expert en agronomie local travaillera avec vous pour vous proposer des solutions sur mesure qui r\u00e9pondent \u00e0 vos objectifs.<\/p>\n<h3>\n\t\tVoir les mesures qui comptent.\n\t<\/h3>\n\t<p>Il n'existe pas de solution unique pour les agriculteurs. Et si vous ne savez pas ce qui se passe sous la surface, vous pratiquez une agriculture aveugle. Prenez des d\u00e9cisions fond\u00e9es sur des donn\u00e9es provenant d'\u00e9chantillons de sol et de plantes pr\u00e9lev\u00e9s dans vos champs.<\/p>\n\t\t\t\t\t\t\t\t\t<img loading=\"lazy\" decoding=\"async\" src=\"https:\/\/montysinternational.com\/wp-content\/uploads\/2020\/08\/icon-about-2.png\" alt=\"icon-about-2\" itemprop=\"image\" height=\"215\" width=\"213\" srcset=\"https:\/\/montysinternational.com\/wp-content\/uploads\/2020\/08\/icon-about-2.png 213w, https:\/\/montysinternational.com\/wp-content\/uploads\/2020\/08\/icon-about-2-150x150.png 150w\" sizes=\"auto, (max-width: 213px) 100vw, 213px\" title=\"ic\u00f4ne-about-2\" onerror=\"this.style.display='none'\"  \/>\n\t\t\t\t\t\t\t\t\t<img loading=\"lazy\" decoding=\"async\" src=\"https:\/\/montysinternational.com\/wp-content\/uploads\/2020\/08\/icon-about-3.png\" alt=\"icon-about-3\" itemprop=\"image\" height=\"216\" width=\"213\" title=\"ic\u00f4ne-about-3\" onerror=\"this.style.display='none'\"  \/>\n<h3>\n\t\tLe droit de se vanter pour les acres.\n\t<\/h3>\n\t<p>Vous (et vos voisins) verrez la diff\u00e9rence Monty's dans des champs c\u00f4te \u00e0 c\u00f4te utilis\u00e9s avec et sans nos solutions pour le sol et les plantes. <\/p>\n<h2>\n\t\tNotre histoire\n\t<\/h2>\n<p><strong>Les premiers jours<\/strong><\/p>\n<p>Ce qui n'\u00e9tait au d\u00e9part qu'un passe-temps pour Monty Justice est rapidement devenu la passion de toute une vie. Apr\u00e8s avoir pris sa retraite apr\u00e8s 32 ans de carri\u00e8re dans la fabrication de m\u00e9taux, Monty s'est consacr\u00e9 \u00e0 la culture des roses les plus saines et les plus belles. Monty a rapidement constat\u00e9 qu'il n'y avait pas un seul produit sur le march\u00e9 capable de fournir une excellente nutrition \u00e0 ses roses sans ajouter de sels ni modifier le pH du sol.<\/p>\n<p>Ne se contentant pas de cela, Monty a commenc\u00e9 ses propres essais et tests en ajoutant diff\u00e9rents nutriments au sol et, sur une p\u00e9riode de deux ans, il a cr\u00e9\u00e9 la formule exclusive Monty's Plant Food.<\/p>\n<p>Initialement appel\u00e9e \"Monty's Joy Juice\", la formule a rapidement fait la joie des jardiniers de la communaut\u00e9 du Kentucky o\u00f9 il est n\u00e9 et a grandi. Au fur et \u00e0 mesure que les rapports sur le succ\u00e8s de Monty's sur les cultures mara\u00eech\u00e8res s'accumulent, les agriculteurs de la r\u00e9gion commencent \u00e0 s'int\u00e9resser au produit.<\/p>\n<p><strong>Une op\u00e9ration en pleine croissance<\/strong><\/p>\n<p>Dennis Stephens, agriculteur de g\u00e9n\u00e9ration en g\u00e9n\u00e9ration du comt\u00e9 de Bourbon, KY, et gendre de Monty's, a commenc\u00e9 les premiers essais sur les cultures de tabac de sa propre famille, pour voir si les r\u00e9sultats qu'ils avaient obtenus sur les roses et dans les potagers pouvaient \u00eatre reproduits \u00e0 plus grande \u00e9chelle. Apr\u00e8s une seule saison, stup\u00e9faits par les r\u00e9sultats, Stephens et deux autres partenaires commerciaux, John Petrey et Kevin Voss, ont convaincu Monty's qu'il \u00e9tait temps de proposer le produit \u00e0 un public encore plus large. C'est ainsi que Monty's Plant Food Company a \u00e9t\u00e9 cr\u00e9\u00e9e en 1997.<\/p>\n<p>Monty's est devenu une source fiable de produits pour les plantes et les sols pour les agriculteurs et les cultivateurs \u00e0 travers les \u00c9tats-Unis et le monde. L'entreprise a \u00e9galement jou\u00e9 un r\u00f4le de premier plan dans les discussions \u00e9mergentes sur la sant\u00e9 des sols, des membres cl\u00e9s de l'\u00e9quipe de Monty's si\u00e9geant aux conseils et comit\u00e9s de Soil Renaissance (Noble Foundation) et de l'Humics Product Trade Association. Monty's continue \u00e9galement \u00e0 effectuer des essais sur le terrain et \u00e0 recueillir des donn\u00e9es aupr\u00e8s de ses producteurs, qui sont devenus de v\u00e9ritables d\u00e9fenseurs de ses produits.<\/p>\n<p>Des roseraies d'arri\u00e8re-cour aux grandes exploitations agricoles, Monty's Plant Food Company d\u00e9fend son slogan aupr\u00e8s des cultivateurs du monde entier, en leur promettant un \"succ\u00e8s visible\".<\/p>\n<p><strong>\u00a0<\/strong><\/p>\n<p><strong>Les valeurs familiales de Monty<\/strong><\/p>\n<p>Monty Justice \u00e9tait un homme plein d'\u00e9nergie et d'enthousiasme, qui n'avait jamais peur d'essayer de nouvelles choses. Avant d'\u00eatre un pionnier de l'agriculture, il a men\u00e9 une carri\u00e8re fructueuse dans le secteur de la m\u00e9tallurgie. Monty \u00e9tait \u00e9galement un mari d\u00e9vou\u00e9, un p\u00e8re attentionn\u00e9 et un grand-p\u00e8re attentif \u00e0 ses trois petits-enfants.<\/p>\n<p>Lorsque Monty a lanc\u00e9 \"Monty's Joy Juice\", il en a fait une v\u00e9ritable entreprise familiale, sa femme et ses enfants m\u00e9langeant et conditionnant le produit \u00e0 base d'humus sous leur porche. Le succ\u00e8s de son m\u00e9lange s'\u00e9tant r\u00e9pandu, Monty s'est retrouv\u00e9 \u00e0 embouteiller son produit dans des bidons de lait recycl\u00e9s d'un gallon et \u00e0 les livrer \u00e0 ses clients dans tout le Mid-South depuis le coffre de sa voiture.<\/p>\n<p>L'entreprise familiale s'est agrandie pour inclure son gendre, Dennis Stephens. Ensemble, Monty et Dennis ont continu\u00e9 \u00e0 d\u00e9velopper la marque Monty's Plant Food, en s'associant \u00e0 des partenaires commerciaux pour aider \u00e0 distribuer le produit en plus grandes quantit\u00e9s aux agriculteurs et aux \u00e9leveurs pour leurs r\u00e9coltes.<\/p>\n<p>Du porche arri\u00e8re des ann\u00e9es 1990 \u00e0 l'entreprise multimillionnaire d'aujourd'hui, l'enthousiaste Monty Justice a fait un cadeau aux cultivateurs et aux jardiniers du monde entier. Comme l'a dit Monty lui-m\u00eame avant son d\u00e9c\u00e8s en 2012, \"Le plaisir est dans le don\".<\/p>\n<p><a href=\"https:\/\/montysinternational.com\/wp-content\/uploads\/2020\/10\/Monty_driveway-full-of-roses.jpg\"><img loading=\"lazy\" decoding=\"async\" src=\"https:\/\/montysinternational.com\/wp-content\/uploads\/2020\/10\/Monty_driveway-full-of-roses.jpg\" alt=\"\" width=\"583\" height=\"345\" \/><\/a><\/p>\n<p>&nbsp;<\/p>\n<p>&nbsp;<\/p>\n\t\t\t\tOptimisez le potentiel de votre sol\n\t\t<h2>Technologie humique active<\/h2>\n\t<p>La diff\u00e9rence est l'activation. Lorsque vous appliquez \u00e0 votre sol la technologie humique propri\u00e9taire la plus active et la plus soluble du march\u00e9, tout ce que vous appliquez devient plus efficace.<\/p>\n\t<a href=\"https:\/\/montysplantfood.com\/montys-humics-fulvics\/\" target=\"_self\" role=\"button\" aria-label=\"En savoir plus\" rel=\"noopener\">\n\t\t\t\t\t\tEn savoir plus\n\t\t\t\t\t<\/a>\n<h2>\n\t\tCe sur quoi vous pouvez compter chez Monty's\n\t<\/h2>\n\t\t\t\t\t\t\t<img decoding=\"async\" src=\"https:\/\/montysinternational.com\/wp-content\/uploads\/2020\/08\/icon-benefit-1.png\" alt=\"icon-benefit-1\" \/>\n\t\t<h3>Solutions bas\u00e9es sur les donn\u00e9es<\/h3>\n\t\t\t\t\t\t\t<img decoding=\"async\" src=\"https:\/\/montysinternational.com\/wp-content\/uploads\/2020\/08\/icon-benefit-2.png\" alt=\"icon-benefit-2\" \/>\n\t\t<h3>R\u00e9ponse et livraison rapides<\/h3>\n\t\t\t\t\t\t\t<img decoding=\"async\" src=\"https:\/\/montysinternational.com\/wp-content\/uploads\/2020\/08\/icon-benefit-3.png\" alt=\"icon-benefit-3\" \/>\n\t\t<h3>Produits innovants et \u00e9prouv\u00e9s<\/h3>\n\t\t\t\t\t\t\t<img decoding=\"async\" src=\"https:\/\/montysinternational.com\/wp-content\/uploads\/2020\/08\/icon-benefit-4.png\" alt=\"icon-benefit-4\" \/>\n\t\t<h3>Des rendements \u00e9lev\u00e9s et sains<\/h3>\n\t\t\t\t\t\t\t<img decoding=\"async\" src=\"https:\/\/montysinternational.com\/wp-content\/uploads\/2020\/08\/icon-benefit-5.png\" alt=\"icon-benefit-5\" \/>\n\t\t<h3>Des experts en agronomie de confiance<\/h3>\n\t\t\t\t\t\t\t<img decoding=\"async\" src=\"https:\/\/montysinternational.com\/wp-content\/uploads\/2020\/08\/icon-benefit-6.png\" alt=\"icon-benefit-6\" \/>\n\t\t<h3>Mat\u00e9riaux respectueux de l'environnement<\/h3>","protected":false},"excerpt":{"rendered":"<p>Construit par des agriculteurs. Pour les agriculteurs. Une expertise pratique pour aider vos champs \u00e0 prosp\u00e9rer Des conseillers de confiance. Des solutions \u00e9prouv\u00e9es L'objectif premier de Monty a toujours \u00e9t\u00e9 d'aider les agriculteurs \u00e0 mieux r\u00e9ussir. Nous offrons aux agriculteurs des solutions nutritives \u00e0 haute efficacit\u00e9 - qu'il s'agisse d'engrais de d\u00e9marrage dans le sillon, d'amendements \u00e0 base d'humus \u00e0 la pointe de l'industrie ou de paquets de nutriments appliqu\u00e9s par voie foliaire - con\u00e7ues pour am\u00e9liorer le d\u00e9veloppement des racines,...<\/p>","protected":false},"author":20,"featured_media":0,"parent":0,"menu_order":7,"comment_status":"closed","ping_status":"closed","template":"","meta":{"_acf_changed":false,"_monsterinsights_skip_tracking":false,"_monsterinsights_sitenote_active":false,"_monsterinsights_sitenote_note":"","_monsterinsights_sitenote_category":0,"footnotes":""},"class_list":["post-86","page","type-page","status-publish","hentry"],"acf":[],"yoast_head":"<!-- This site is optimized with the Yoast SEO plugin v27.3 - https:\/\/yoast.com\/product\/yoast-seo-wordpress\/ -->\n<title>Why Monty\u2019s - Monty&#039;s International<\/title>\n<meta name=\"robots\" content=\"index, follow, max-snippet:-1, max-image-preview:large, max-video-preview:-1\" \/>\n<link rel=\"canonical\" href=\"https:\/\/montysinternational.com\/fr\/why-montys\/\" \/>\n<meta property=\"og:locale\" content=\"fr_FR\" \/>\n<meta property=\"og:type\" content=\"article\" \/>\n<meta property=\"og:title\" content=\"Why Monty\u2019s - Monty&#039;s International\" \/>\n<meta property=\"og:description\" content=\"Built by Farmers. For Farmers. Hands-On Expertise To Help Your Fields Thrive Trusted Advisors. Proven Solutions Monty&#8217;s primary goal has always been to help farmers be more successful. We offer farmers high efficiency nutrient solutions &#8211; whether in-furrow starters, industry-leading humic-based soil conditioners, or foliar applied nutrient packages &#8211; designed to bring better root development,&hellip;\" \/>\n<meta property=\"og:url\" content=\"https:\/\/montysinternational.com\/fr\/why-montys\/\" \/>\n<meta property=\"og:site_name\" content=\"Monty&#039;s International\" \/>\n<meta property=\"article:modified_time\" content=\"2024-01-16T14:12:57+00:00\" \/>\n<meta property=\"og:image\" content=\"https:\/\/montysinternational.com\/wp-content\/uploads\/2020\/08\/icon-about-1.png\" \/>\n<meta name=\"twitter:card\" content=\"summary_large_image\" \/>\n<meta name=\"twitter:label1\" content=\"Est. reading time\" \/>\n\t<meta name=\"twitter:data1\" content=\"6 minutes\" \/>\n<script type=\"application\/ld+json\" class=\"yoast-schema-graph\">{\"@context\":\"https:\\\/\\\/schema.org\",\"@graph\":[{\"@type\":\"WebPage\",\"@id\":\"https:\\\/\\\/montysinternational.com\\\/why-montys\\\/\",\"url\":\"https:\\\/\\\/montysinternational.com\\\/why-montys\\\/\",\"name\":\"Why Monty\u2019s - Monty&#039;s International\",\"isPartOf\":{\"@id\":\"https:\\\/\\\/montysinternational.com\\\/#website\"},\"primaryImageOfPage\":{\"@id\":\"https:\\\/\\\/montysinternational.com\\\/why-montys\\\/#primaryimage\"},\"image\":{\"@id\":\"https:\\\/\\\/montysinternational.com\\\/why-montys\\\/#primaryimage\"},\"thumbnailUrl\":\"https:\\\/\\\/montysinternational.com\\\/wp-content\\\/uploads\\\/2020\\\/08\\\/icon-about-1.png\",\"datePublished\":\"2020-08-20T01:46:32+00:00\",\"dateModified\":\"2024-01-16T14:12:57+00:00\",\"breadcrumb\":{\"@id\":\"https:\\\/\\\/montysinternational.com\\\/why-montys\\\/#breadcrumb\"},\"inLanguage\":\"fr-FR\",\"potentialAction\":[{\"@type\":\"ReadAction\",\"target\":[\"https:\\\/\\\/montysinternational.com\\\/why-montys\\\/\"]}]},{\"@type\":\"ImageObject\",\"inLanguage\":\"fr-FR\",\"@id\":\"https:\\\/\\\/montysinternational.com\\\/why-montys\\\/#primaryimage\",\"url\":\"https:\\\/\\\/montysinternational.com\\\/wp-content\\\/uploads\\\/2020\\\/08\\\/icon-about-1.png\",\"contentUrl\":\"https:\\\/\\\/montysinternational.com\\\/wp-content\\\/uploads\\\/2020\\\/08\\\/icon-about-1.png\"},{\"@type\":\"BreadcrumbList\",\"@id\":\"https:\\\/\\\/montysinternational.com\\\/why-montys\\\/#breadcrumb\",\"itemListElement\":[{\"@type\":\"ListItem\",\"position\":1,\"name\":\"Home\",\"item\":\"https:\\\/\\\/montysinternational.com\\\/\"},{\"@type\":\"ListItem\",\"position\":2,\"name\":\"Why Monty\u2019s\"}]},{\"@type\":\"WebSite\",\"@id\":\"https:\\\/\\\/montysinternational.com\\\/#website\",\"url\":\"https:\\\/\\\/montysinternational.com\\\/\",\"name\":\"Monty&#039;s International\",\"description\":\"\",\"publisher\":{\"@id\":\"https:\\\/\\\/montysinternational.com\\\/#organization\"},\"potentialAction\":[{\"@type\":\"SearchAction\",\"target\":{\"@type\":\"EntryPoint\",\"urlTemplate\":\"https:\\\/\\\/montysinternational.com\\\/?s={search_term_string}\"},\"query-input\":{\"@type\":\"PropertyValueSpecification\",\"valueRequired\":true,\"valueName\":\"search_term_string\"}}],\"inLanguage\":\"fr-FR\"},{\"@type\":\"Organization\",\"@id\":\"https:\\\/\\\/montysinternational.com\\\/#organization\",\"name\":\"Monty's Plant Food\",\"url\":\"https:\\\/\\\/montysinternational.com\\\/\",\"logo\":{\"@type\":\"ImageObject\",\"inLanguage\":\"fr-FR\",\"@id\":\"https:\\\/\\\/montysinternational.com\\\/#\\\/schema\\\/logo\\\/image\\\/\",\"url\":\"https:\\\/\\\/montysinternational.com\\\/wp-content\\\/uploads\\\/2020\\\/09\\\/Website-Logo-TEST.png\",\"contentUrl\":\"https:\\\/\\\/montysinternational.com\\\/wp-content\\\/uploads\\\/2020\\\/09\\\/Website-Logo-TEST.png\",\"width\":505,\"height\":358,\"caption\":\"Monty's Plant Food\"},\"image\":{\"@id\":\"https:\\\/\\\/montysinternational.com\\\/#\\\/schema\\\/logo\\\/image\\\/\"}}]}<\/script>\n<!-- \/ Yoast SEO plugin. -->","yoast_head_json":{"title":"Why Monty\u2019s - Monty&#039;s International","robots":{"index":"index","follow":"follow","max-snippet":"max-snippet:-1","max-image-preview":"max-image-preview:large","max-video-preview":"max-video-preview:-1"},"canonical":"https:\/\/montysinternational.com\/fr\/why-montys\/","og_locale":"fr_FR","og_type":"article","og_title":"Why Monty\u2019s - Monty&#039;s International","og_description":"Built by Farmers. For Farmers. Hands-On Expertise To Help Your Fields Thrive Trusted Advisors. Proven Solutions Monty&#8217;s primary goal has always been to help farmers be more successful. We offer farmers high efficiency nutrient solutions &#8211; whether in-furrow starters, industry-leading humic-based soil conditioners, or foliar applied nutrient packages &#8211; designed to bring better root development,&hellip;","og_url":"https:\/\/montysinternational.com\/fr\/why-montys\/","og_site_name":"Monty&#039;s International","article_modified_time":"2024-01-16T14:12:57+00:00","og_image":[{"url":"https:\/\/montysinternational.com\/wp-content\/uploads\/2020\/08\/icon-about-1.png","type":"","width":"","height":""}],"twitter_card":"summary_large_image","twitter_misc":{"Est. reading time":"6 minutes"},"schema":{"@context":"https:\/\/schema.org","@graph":[{"@type":"WebPage","@id":"https:\/\/montysinternational.com\/why-montys\/","url":"https:\/\/montysinternational.com\/why-montys\/","name":"Why Monty\u2019s - Monty&#039;s International","isPartOf":{"@id":"https:\/\/montysinternational.com\/#website"},"primaryImageOfPage":{"@id":"https:\/\/montysinternational.com\/why-montys\/#primaryimage"},"image":{"@id":"https:\/\/montysinternational.com\/why-montys\/#primaryimage"},"thumbnailUrl":"https:\/\/montysinternational.com\/wp-content\/uploads\/2020\/08\/icon-about-1.png","datePublished":"2020-08-20T01:46:32+00:00","dateModified":"2024-01-16T14:12:57+00:00","breadcrumb":{"@id":"https:\/\/montysinternational.com\/why-montys\/#breadcrumb"},"inLanguage":"fr-FR","potentialAction":[{"@type":"ReadAction","target":["https:\/\/montysinternational.com\/why-montys\/"]}]},{"@type":"ImageObject","inLanguage":"fr-FR","@id":"https:\/\/montysinternational.com\/why-montys\/#primaryimage","url":"https:\/\/montysinternational.com\/wp-content\/uploads\/2020\/08\/icon-about-1.png","contentUrl":"https:\/\/montysinternational.com\/wp-content\/uploads\/2020\/08\/icon-about-1.png"},{"@type":"BreadcrumbList","@id":"https:\/\/montysinternational.com\/why-montys\/#breadcrumb","itemListElement":[{"@type":"ListItem","position":1,"name":"Home","item":"https:\/\/montysinternational.com\/"},{"@type":"ListItem","position":2,"name":"Why Monty\u2019s"}]},{"@type":"WebSite","@id":"https:\/\/montysinternational.com\/#website","url":"https:\/\/montysinternational.com\/","name":"Monty&#039;s International","description":"","publisher":{"@id":"https:\/\/montysinternational.com\/#organization"},"potentialAction":[{"@type":"SearchAction","target":{"@type":"EntryPoint","urlTemplate":"https:\/\/montysinternational.com\/?s={search_term_string}"},"query-input":{"@type":"PropertyValueSpecification","valueRequired":true,"valueName":"search_term_string"}}],"inLanguage":"fr-FR"},{"@type":"Organization","@id":"https:\/\/montysinternational.com\/#organization","name":"Monty's Plant Food","url":"https:\/\/montysinternational.com\/","logo":{"@type":"ImageObject","inLanguage":"fr-FR","@id":"https:\/\/montysinternational.com\/#\/schema\/logo\/image\/","url":"https:\/\/montysinternational.com\/wp-content\/uploads\/2020\/09\/Website-Logo-TEST.png","contentUrl":"https:\/\/montysinternational.com\/wp-content\/uploads\/2020\/09\/Website-Logo-TEST.png","width":505,"height":358,"caption":"Monty's Plant Food"},"image":{"@id":"https:\/\/montysinternational.com\/#\/schema\/logo\/image\/"}}]}},"_links":{"self":[{"href":"https:\/\/montysinternational.com\/fr\/wp-json\/wp\/v2\/pages\/86","targetHints":{"allow":["GET"]}}],"collection":[{"href":"https:\/\/montysinternational.com\/fr\/wp-json\/wp\/v2\/pages"}],"about":[{"href":"https:\/\/montysinternational.com\/fr\/wp-json\/wp\/v2\/types\/page"}],"author":[{"embeddable":true,"href":"https:\/\/montysinternational.com\/fr\/wp-json\/wp\/v2\/users\/20"}],"replies":[{"embeddable":true,"href":"https:\/\/montysinternational.com\/fr\/wp-json\/wp\/v2\/comments?post=86"}],"version-history":[{"count":10,"href":"https:\/\/montysinternational.com\/fr\/wp-json\/wp\/v2\/pages\/86\/revisions"}],"predecessor-version":[{"id":13159,"href":"https:\/\/montysinternational.com\/fr\/wp-json\/wp\/v2\/pages\/86\/revisions\/13159"}],"wp:attachment":[{"href":"https:\/\/montysinternational.com\/fr\/wp-json\/wp\/v2\/media?parent=86"}],"curies":[{"name":"wp","href":"https:\/\/api.w.org\/{rel}","templated":true}]}}