{"id":13166,"date":"2024-01-29T14:18:22","date_gmt":"2024-01-29T19:18:22","guid":{"rendered":"https:\/\/montysinternational.com\/?page_id=13166"},"modified":"2024-12-12T13:46:25","modified_gmt":"2024-12-12T18:46:25","slug":"field-trials-and-test-data","status":"publish","type":"page","link":"https:\/\/montysinternational.com\/fr\/field-trials-and-test-data\/","title":{"rendered":"Essais sur le terrain et donn\u00e9es d'essai"},"content":{"rendered":"<h1>\n\t\tEssais sur le terrain et donn\u00e9es d'essai\n\t<\/h1>\n<h2>\n\t\tEssais sur le terrain et donn\u00e9es d'essai\n\t<\/h2>\n\t<p>Monty's teste constamment ses produits en laboratoire et sur le terrain. Au cours des deux derni\u00e8res d\u00e9cennies, nous avons accumul\u00e9 une quantit\u00e9 impressionnante de donn\u00e9es. Que vous recherchiez des recherches sur une culture ou un produit sp\u00e9cifique, il est fort probable que nous disposions des donn\u00e9es que vous souhaitez. Gr\u00e2ce \u00e0 notre \u00e9quipe de recherche interne, \u00e0 des essais r\u00e9alis\u00e9s par des tiers et \u00e0 des d\u00e9monstrations sur le terrain, vous pouvez \u00eatre certain que nous avons test\u00e9 nos produits dans pratiquement toutes les conditions possibles et imaginables.<\/p>\n<h3>\n\t\tDomestique\n\t<\/h3>\n\t<ul>\n<li><a href=\"https:\/\/montysplantfood.com\/trialdata\/\">Donn\u00e9es sur les essais nationaux<\/a><\/li>\n<\/ul>\n<h3>\n\t\tBr\u00e9sil\n\t<\/h3>\n\t<ul>\n<li><a href=\"https:\/\/montysplantfood.com\/trialdata\/\">Donn\u00e9es sur les essais nationaux<\/a><\/li>\n<\/ul>\n<h3>\n\t\tGuatemala\n\t<\/h3>\n\t<ul>\n<li><a href=\"https:\/\/montysinternational.com\/wp-content\/uploads\/2024\/01\/Guatemala-Trial-Data-1.pdf\">Guatemala - Banana - Ticanlu Tiquisate 11-23<\/a><\/li>\n<li><a href=\"https:\/\/montysinternational.com\/wp-content\/uploads\/2024\/01\/Guatemala-Trial-Data-2.pdf\">Guatemala - Carotte et Pascuas 11-23<\/a><\/li>\n<li><a href=\"https:\/\/montysinternational.com\/wp-content\/uploads\/2024\/01\/Guatemala-Trial-Data-3.pdf\">Guatemala - Chou 1-23<\/a><\/li>\n<li><a href=\"https:\/\/montysinternational.com\/wp-content\/uploads\/2024\/01\/Guatemala-Trial-Data-4.pdf\">Guatemala 1-24<\/a><\/li>\n<\/ul>\n<h3>\n\t\tNigeria\n\t<\/h3>\n\t<ul>\n<li><a href=\"https:\/\/montysplantfood.com\/trialdata\/\">Donn\u00e9es sur les essais nationaux<\/a><\/li>\n<\/ul>","protected":false},"excerpt":{"rendered":"<p>Essais sur le terrain et donn\u00e9es d'essai Essais sur le terrain et donn\u00e9es d'essai Monty's teste constamment ses produits en laboratoire et sur le terrain. Au cours des deux derni\u00e8res d\u00e9cennies, nous avons accumul\u00e9 une quantit\u00e9 impressionnante de donn\u00e9es. Que vous recherchiez des recherches sur une culture ou un produit sp\u00e9cifique, nous avons tr\u00e8s probablement...<\/p>","protected":false},"author":17,"featured_media":0,"parent":0,"menu_order":11,"comment_status":"closed","ping_status":"closed","template":"","meta":{"_acf_changed":false,"_monsterinsights_skip_tracking":false,"_monsterinsights_sitenote_active":false,"_monsterinsights_sitenote_note":"","_monsterinsights_sitenote_category":0,"footnotes":""},"class_list":["post-13166","page","type-page","status-publish","hentry"],"acf":[],"yoast_head":"<!-- This site is optimized with the Yoast SEO plugin v27.3 - https:\/\/yoast.com\/product\/yoast-seo-wordpress\/ -->\n<title>Field Trials and Test Data - Monty&#039;s International<\/title>\n<meta name=\"robots\" content=\"index, follow, max-snippet:-1, max-image-preview:large, max-video-preview:-1\" \/>\n<link rel=\"canonical\" href=\"https:\/\/montysinternational.com\/fr\/field-trials-and-test-data\/\" \/>\n<meta property=\"og:locale\" content=\"fr_FR\" \/>\n<meta property=\"og:type\" content=\"article\" \/>\n<meta property=\"og:title\" content=\"Field Trials and Test Data - Monty&#039;s International\" \/>\n<meta property=\"og:description\" content=\"Field Trials and Test Data Field Trials and Test Data Monty&#8217;s is constantly testing its products in both the lab and the field. Over the course of the last two decades, we have amassed an impressive amount of data. Whether you are looking for research on a specific crop or product, we most likely have&hellip;\" \/>\n<meta property=\"og:url\" content=\"https:\/\/montysinternational.com\/fr\/field-trials-and-test-data\/\" \/>\n<meta property=\"og:site_name\" content=\"Monty&#039;s International\" \/>\n<meta property=\"article:modified_time\" content=\"2024-12-12T18:46:25+00:00\" \/>\n<meta property=\"og:image\" content=\"https:\/\/montysinternational.com\/wp-content\/uploads\/2020\/09\/social-share.jpg\" \/>\n\t<meta property=\"og:image:width\" content=\"1280\" \/>\n\t<meta property=\"og:image:height\" content=\"720\" \/>\n\t<meta property=\"og:image:type\" content=\"image\/jpeg\" \/>\n<meta name=\"twitter:card\" content=\"summary_large_image\" \/>\n<meta name=\"twitter:label1\" content=\"Est. reading time\" \/>\n\t<meta name=\"twitter:data1\" content=\"1 minute\" \/>\n<script type=\"application\/ld+json\" class=\"yoast-schema-graph\">{\"@context\":\"https:\\\/\\\/schema.org\",\"@graph\":[{\"@type\":\"WebPage\",\"@id\":\"https:\\\/\\\/montysinternational.com\\\/field-trials-and-test-data\\\/\",\"url\":\"https:\\\/\\\/montysinternational.com\\\/field-trials-and-test-data\\\/\",\"name\":\"Field Trials and Test Data - Monty&#039;s International\",\"isPartOf\":{\"@id\":\"https:\\\/\\\/montysinternational.com\\\/#website\"},\"datePublished\":\"2024-01-29T19:18:22+00:00\",\"dateModified\":\"2024-12-12T18:46:25+00:00\",\"breadcrumb\":{\"@id\":\"https:\\\/\\\/montysinternational.com\\\/field-trials-and-test-data\\\/#breadcrumb\"},\"inLanguage\":\"fr-FR\",\"potentialAction\":[{\"@type\":\"ReadAction\",\"target\":[\"https:\\\/\\\/montysinternational.com\\\/field-trials-and-test-data\\\/\"]}]},{\"@type\":\"BreadcrumbList\",\"@id\":\"https:\\\/\\\/montysinternational.com\\\/field-trials-and-test-data\\\/#breadcrumb\",\"itemListElement\":[{\"@type\":\"ListItem\",\"position\":1,\"name\":\"Home\",\"item\":\"https:\\\/\\\/montysinternational.com\\\/\"},{\"@type\":\"ListItem\",\"position\":2,\"name\":\"Field Trials and Test Data\"}]},{\"@type\":\"WebSite\",\"@id\":\"https:\\\/\\\/montysinternational.com\\\/#website\",\"url\":\"https:\\\/\\\/montysinternational.com\\\/\",\"name\":\"Monty&#039;s International\",\"description\":\"\",\"publisher\":{\"@id\":\"https:\\\/\\\/montysinternational.com\\\/#organization\"},\"potentialAction\":[{\"@type\":\"SearchAction\",\"target\":{\"@type\":\"EntryPoint\",\"urlTemplate\":\"https:\\\/\\\/montysinternational.com\\\/?s={search_term_string}\"},\"query-input\":{\"@type\":\"PropertyValueSpecification\",\"valueRequired\":true,\"valueName\":\"search_term_string\"}}],\"inLanguage\":\"fr-FR\"},{\"@type\":\"Organization\",\"@id\":\"https:\\\/\\\/montysinternational.com\\\/#organization\",\"name\":\"Monty's Plant Food\",\"url\":\"https:\\\/\\\/montysinternational.com\\\/\",\"logo\":{\"@type\":\"ImageObject\",\"inLanguage\":\"fr-FR\",\"@id\":\"https:\\\/\\\/montysinternational.com\\\/#\\\/schema\\\/logo\\\/image\\\/\",\"url\":\"https:\\\/\\\/montysinternational.com\\\/wp-content\\\/uploads\\\/2020\\\/09\\\/Website-Logo-TEST.png\",\"contentUrl\":\"https:\\\/\\\/montysinternational.com\\\/wp-content\\\/uploads\\\/2020\\\/09\\\/Website-Logo-TEST.png\",\"width\":505,\"height\":358,\"caption\":\"Monty's Plant Food\"},\"image\":{\"@id\":\"https:\\\/\\\/montysinternational.com\\\/#\\\/schema\\\/logo\\\/image\\\/\"}}]}<\/script>\n<!-- \/ Yoast SEO plugin. -->","yoast_head_json":{"title":"Field Trials and Test Data - Monty&#039;s International","robots":{"index":"index","follow":"follow","max-snippet":"max-snippet:-1","max-image-preview":"max-image-preview:large","max-video-preview":"max-video-preview:-1"},"canonical":"https:\/\/montysinternational.com\/fr\/field-trials-and-test-data\/","og_locale":"fr_FR","og_type":"article","og_title":"Field Trials and Test Data - Monty&#039;s International","og_description":"Field Trials and Test Data Field Trials and Test Data Monty&#8217;s is constantly testing its products in both the lab and the field. Over the course of the last two decades, we have amassed an impressive amount of data. Whether you are looking for research on a specific crop or product, we most likely have&hellip;","og_url":"https:\/\/montysinternational.com\/fr\/field-trials-and-test-data\/","og_site_name":"Monty&#039;s International","article_modified_time":"2024-12-12T18:46:25+00:00","og_image":[{"width":1280,"height":720,"url":"https:\/\/montysinternational.com\/wp-content\/uploads\/2020\/09\/social-share.jpg","type":"image\/jpeg"}],"twitter_card":"summary_large_image","twitter_misc":{"Est. reading time":"1 minute"},"schema":{"@context":"https:\/\/schema.org","@graph":[{"@type":"WebPage","@id":"https:\/\/montysinternational.com\/field-trials-and-test-data\/","url":"https:\/\/montysinternational.com\/field-trials-and-test-data\/","name":"Field Trials and Test Data - Monty&#039;s International","isPartOf":{"@id":"https:\/\/montysinternational.com\/#website"},"datePublished":"2024-01-29T19:18:22+00:00","dateModified":"2024-12-12T18:46:25+00:00","breadcrumb":{"@id":"https:\/\/montysinternational.com\/field-trials-and-test-data\/#breadcrumb"},"inLanguage":"fr-FR","potentialAction":[{"@type":"ReadAction","target":["https:\/\/montysinternational.com\/field-trials-and-test-data\/"]}]},{"@type":"BreadcrumbList","@id":"https:\/\/montysinternational.com\/field-trials-and-test-data\/#breadcrumb","itemListElement":[{"@type":"ListItem","position":1,"name":"Home","item":"https:\/\/montysinternational.com\/"},{"@type":"ListItem","position":2,"name":"Field Trials and Test Data"}]},{"@type":"WebSite","@id":"https:\/\/montysinternational.com\/#website","url":"https:\/\/montysinternational.com\/","name":"Monty&#039;s International","description":"","publisher":{"@id":"https:\/\/montysinternational.com\/#organization"},"potentialAction":[{"@type":"SearchAction","target":{"@type":"EntryPoint","urlTemplate":"https:\/\/montysinternational.com\/?s={search_term_string}"},"query-input":{"@type":"PropertyValueSpecification","valueRequired":true,"valueName":"search_term_string"}}],"inLanguage":"fr-FR"},{"@type":"Organization","@id":"https:\/\/montysinternational.com\/#organization","name":"Monty's Plant Food","url":"https:\/\/montysinternational.com\/","logo":{"@type":"ImageObject","inLanguage":"fr-FR","@id":"https:\/\/montysinternational.com\/#\/schema\/logo\/image\/","url":"https:\/\/montysinternational.com\/wp-content\/uploads\/2020\/09\/Website-Logo-TEST.png","contentUrl":"https:\/\/montysinternational.com\/wp-content\/uploads\/2020\/09\/Website-Logo-TEST.png","width":505,"height":358,"caption":"Monty's Plant Food"},"image":{"@id":"https:\/\/montysinternational.com\/#\/schema\/logo\/image\/"}}]}},"_links":{"self":[{"href":"https:\/\/montysinternational.com\/fr\/wp-json\/wp\/v2\/pages\/13166","targetHints":{"allow":["GET"]}}],"collection":[{"href":"https:\/\/montysinternational.com\/fr\/wp-json\/wp\/v2\/pages"}],"about":[{"href":"https:\/\/montysinternational.com\/fr\/wp-json\/wp\/v2\/types\/page"}],"author":[{"embeddable":true,"href":"https:\/\/montysinternational.com\/fr\/wp-json\/wp\/v2\/users\/17"}],"replies":[{"embeddable":true,"href":"https:\/\/montysinternational.com\/fr\/wp-json\/wp\/v2\/comments?post=13166"}],"version-history":[{"count":7,"href":"https:\/\/montysinternational.com\/fr\/wp-json\/wp\/v2\/pages\/13166\/revisions"}],"predecessor-version":[{"id":13348,"href":"https:\/\/montysinternational.com\/fr\/wp-json\/wp\/v2\/pages\/13166\/revisions\/13348"}],"wp:attachment":[{"href":"https:\/\/montysinternational.com\/fr\/wp-json\/wp\/v2\/media?parent=13166"}],"curies":[{"name":"wp","href":"https:\/\/api.w.org\/{rel}","templated":true}]}}