{"id":12689,"date":"2022-10-15T13:23:14","date_gmt":"2022-10-15T17:23:14","guid":{"rendered":"https:\/\/montysinternational.local.loud\/?page_id=12689"},"modified":"2025-12-03T10:23:55","modified_gmt":"2025-12-03T15:23:55","slug":"home-international","status":"publish","type":"page","link":"https:\/\/montysinternational.com\/fr\/","title":{"rendered":"Accueil - International"},"content":{"rendered":"<h1>\n\t\tMonty's International\n\t<\/h1>\n\t<p>Revitalisez votre sol. Donnez de l'\u00e9nergie \u00e0 vos cultures.<\/p>\n<h2>\n\t\tChoisissez un pays pour plus d'informations\n\t<\/h2>\n\t<p>Les experts en agronomie de Monty's vous accompagnent pour am\u00e9liorer la qualit\u00e9 et la quantit\u00e9 de vos r\u00e9coltes en utilisant des solutions innovantes qui ont fait leurs preuves pour favoriser un sol plus sain, des plantes plus saines et des rendements plus \u00e9lev\u00e9s.<\/p>\n\t\t\t\t<a href=\"https:\/\/montysinternational.com\/en\/brazil\/\" target=\"_self\" rel=\"noopener\">\n\t\t\t\t\t\t\t<img decoding=\"async\" src=\"https:\/\/montysinternational.com\/wp-content\/uploads\/2022\/10\/6a66ed076bcd0aa4883daadf464f5dfb.jpeg\" alt=\"Brazil flag\">\n\t\t\t\t\t\t\t\t\t\tBr\u00e9sil\n\t\t\t\t<\/a>\n\t\t\t\t<a href=\"https:\/\/montysinternational.com\/en\/guatemala\/\" target=\"_self\" rel=\"noopener\">\n\t\t\t\t\t\t\t<img decoding=\"async\" src=\"https:\/\/montysinternational.com\/wp-content\/uploads\/2022\/10\/0a9778f19e8d751c5fa68ca4d71f9e40.jpeg\" alt=\"Guatemala flag\">\n\t\t\t\t\t\t\t\t\t\tGuatemala\n\t\t\t\t<\/a>\n\t\t\t\t<a href=\"https:\/\/montysinternational.com\/en\/nigeria\/\" target=\"_self\" rel=\"noopener\">\n\t\t\t\t\t\t\t<img decoding=\"async\" src=\"https:\/\/montysinternational.com\/wp-content\/uploads\/2022\/10\/06f67072a12f9bb9366db1f8f7cabc55.jpeg\" alt=\"Nigeria flag\">\n\t\t\t\t\t\t\t\t\t\tNigeria\n\t\t\t\t<\/a>\n\t\t\t\t<a href=\"https:\/\/montysplantfood.com\/\" target=\"_blank\" rel=\"noopener\">\n\t\t\t\t\t\t\t<img decoding=\"async\" src=\"https:\/\/montysinternational.com\/wp-content\/uploads\/2022\/10\/31a96dbf6561b751c27a59f2f370dc51.jpeg\" alt=\"United States flag\">\n\t\t\t\t\t\t\t\t\t\t\u00c9tats-Unis\n\t\t\t\t<\/a>\n\t<p><a href=\"https:\/\/montysinternational.com\/fr\/contact\/\">Vous ne voyez pas votre pays ? Contactez nous<\/a><\/p>\n<h2>\n\t\tChangeons l'avenir de l'agriculture internationale\n\t<\/h2>\n\t<p>D\u00e9couvrez comment nous aidons des milliers d'agriculteurs dans des dizaines de pays du monde entier \u00e0 trouver de meilleures r\u00e9ponses, \u00e0 appliquer des solutions avec plus de pr\u00e9cision et \u00e0 maximiser le potentiel de leurs champs.<\/p>\n<h3>\n\t\t24+\n\t<\/h3>\n\t<p>pays o\u00f9 Monty's aide les agriculteurs \u00e0 prosp\u00e9rer<\/p>\n<h3>\n\t\t1,000s\n\t<\/h3>\n\t<p>d'agriculteurs b\u00e9n\u00e9ficiant des produits de Monty<\/p>\n<h3>\n\t\t1M+\n\t<\/h3>\n\t<p>gallons de produit vendus<\/p>\n<h2>\n\t\tD\u00e9couvrez pourquoi les agriculteurs du monde entier nous confient leurs champs.\n\t<\/h2>","protected":false},"excerpt":{"rendered":"<p>Monty's International Revitalisez votre sol. Dynamisez vos cultures. Choisissez un pays pour plus d'informations Les experts en agronomie de Monty's vous accompagnent pour am\u00e9liorer la qualit\u00e9 et la quantit\u00e9 de vos r\u00e9coltes en utilisant des solutions innovantes qui ont fait leurs preuves pour promouvoir un sol plus sain, des plantes plus saines et des rendements plus \u00e9lev\u00e9s. Br\u00e9sil Guatemala Nigeria \u00c9tats-Unis Vous ne voyez pas votre pays ? Contactez-nous...<\/p>","protected":false},"author":20,"featured_media":0,"parent":0,"menu_order":0,"comment_status":"closed","ping_status":"closed","template":"","meta":{"_acf_changed":false,"_monsterinsights_skip_tracking":false,"_monsterinsights_sitenote_active":false,"_monsterinsights_sitenote_note":"","_monsterinsights_sitenote_category":0,"footnotes":""},"class_list":["post-12689","page","type-page","status-publish","hentry"],"acf":[],"yoast_head":"<!-- This site is optimized with the Yoast SEO plugin v27.3 - https:\/\/yoast.com\/product\/yoast-seo-wordpress\/ -->\n<title>Monty&#039;s International | Monty&#039;s Plant Food<\/title>\n<meta name=\"description\" content=\"Monty\u2019s Agronomy Experts come alongside you to improve the quality and quantity of your crop yields using innovative solutions proven to promote healthier soil, healthier plants, and higher yields.\" \/>\n<meta name=\"robots\" content=\"index, follow, max-snippet:-1, max-image-preview:large, max-video-preview:-1\" \/>\n<link rel=\"canonical\" href=\"https:\/\/montysinternational.com\/fr\/\" \/>\n<meta property=\"og:locale\" content=\"fr_FR\" \/>\n<meta property=\"og:type\" content=\"article\" \/>\n<meta property=\"og:title\" content=\"Monty&#039;s International | Monty&#039;s Plant Food\" \/>\n<meta property=\"og:description\" content=\"Monty\u2019s Agronomy Experts come alongside you to improve the quality and quantity of your crop yields using innovative solutions proven to promote healthier soil, healthier plants, and higher yields.\" \/>\n<meta property=\"og:url\" content=\"https:\/\/montysinternational.com\/fr\/\" \/>\n<meta property=\"og:site_name\" content=\"Monty&#039;s International\" \/>\n<meta property=\"article:modified_time\" content=\"2025-12-03T15:23:55+00:00\" \/>\n<meta property=\"og:image\" content=\"https:\/\/montysinternational.com\/wp-content\/uploads\/2022\/10\/6a66ed076bcd0aa4883daadf464f5dfb.jpeg\" \/>\n<meta name=\"twitter:card\" content=\"summary_large_image\" \/>\n<meta name=\"twitter:label1\" content=\"Est. reading time\" \/>\n\t<meta name=\"twitter:data1\" content=\"2 minutes\" \/>\n<script type=\"application\/ld+json\" class=\"yoast-schema-graph\">{\"@context\":\"https:\\\/\\\/schema.org\",\"@graph\":[{\"@type\":\"WebPage\",\"@id\":\"https:\\\/\\\/montysinternational.com\\\/\",\"url\":\"https:\\\/\\\/montysinternational.com\\\/\",\"name\":\"Monty's International | Monty's Plant Food\",\"isPartOf\":{\"@id\":\"https:\\\/\\\/montysinternational.com\\\/#website\"},\"primaryImageOfPage\":{\"@id\":\"https:\\\/\\\/montysinternational.com\\\/#primaryimage\"},\"image\":{\"@id\":\"https:\\\/\\\/montysinternational.com\\\/#primaryimage\"},\"thumbnailUrl\":\"https:\\\/\\\/montysinternational.com\\\/wp-content\\\/uploads\\\/2022\\\/10\\\/6a66ed076bcd0aa4883daadf464f5dfb.jpeg\",\"datePublished\":\"2022-10-15T17:23:14+00:00\",\"dateModified\":\"2025-12-03T15:23:55+00:00\",\"description\":\"Monty\u2019s Agronomy Experts come alongside you to improve the quality and quantity of your crop yields using innovative solutions proven to promote healthier soil, healthier plants, and higher yields.\",\"breadcrumb\":{\"@id\":\"https:\\\/\\\/montysinternational.com\\\/#breadcrumb\"},\"inLanguage\":\"fr-FR\",\"potentialAction\":[{\"@type\":\"ReadAction\",\"target\":[\"https:\\\/\\\/montysinternational.com\\\/\"]}]},{\"@type\":\"ImageObject\",\"inLanguage\":\"fr-FR\",\"@id\":\"https:\\\/\\\/montysinternational.com\\\/#primaryimage\",\"url\":\"https:\\\/\\\/montysinternational.com\\\/wp-content\\\/uploads\\\/2022\\\/10\\\/6a66ed076bcd0aa4883daadf464f5dfb.jpeg\",\"contentUrl\":\"https:\\\/\\\/montysinternational.com\\\/wp-content\\\/uploads\\\/2022\\\/10\\\/6a66ed076bcd0aa4883daadf464f5dfb.jpeg\"},{\"@type\":\"BreadcrumbList\",\"@id\":\"https:\\\/\\\/montysinternational.com\\\/#breadcrumb\",\"itemListElement\":[{\"@type\":\"ListItem\",\"position\":1,\"name\":\"Home\",\"item\":\"https:\\\/\\\/montysinternational.com\\\/\"},{\"@type\":\"ListItem\",\"position\":2,\"name\":\"Home &#8211; International\"}]},{\"@type\":\"WebSite\",\"@id\":\"https:\\\/\\\/montysinternational.com\\\/#website\",\"url\":\"https:\\\/\\\/montysinternational.com\\\/\",\"name\":\"Monty&#039;s International\",\"description\":\"\",\"publisher\":{\"@id\":\"https:\\\/\\\/montysinternational.com\\\/#organization\"},\"potentialAction\":[{\"@type\":\"SearchAction\",\"target\":{\"@type\":\"EntryPoint\",\"urlTemplate\":\"https:\\\/\\\/montysinternational.com\\\/?s={search_term_string}\"},\"query-input\":{\"@type\":\"PropertyValueSpecification\",\"valueRequired\":true,\"valueName\":\"search_term_string\"}}],\"inLanguage\":\"fr-FR\"},{\"@type\":\"Organization\",\"@id\":\"https:\\\/\\\/montysinternational.com\\\/#organization\",\"name\":\"Monty's Plant Food\",\"url\":\"https:\\\/\\\/montysinternational.com\\\/\",\"logo\":{\"@type\":\"ImageObject\",\"inLanguage\":\"fr-FR\",\"@id\":\"https:\\\/\\\/montysinternational.com\\\/#\\\/schema\\\/logo\\\/image\\\/\",\"url\":\"https:\\\/\\\/montysinternational.com\\\/wp-content\\\/uploads\\\/2020\\\/09\\\/Website-Logo-TEST.png\",\"contentUrl\":\"https:\\\/\\\/montysinternational.com\\\/wp-content\\\/uploads\\\/2020\\\/09\\\/Website-Logo-TEST.png\",\"width\":505,\"height\":358,\"caption\":\"Monty's Plant Food\"},\"image\":{\"@id\":\"https:\\\/\\\/montysinternational.com\\\/#\\\/schema\\\/logo\\\/image\\\/\"}}]}<\/script>\n<!-- \/ Yoast SEO plugin. -->","yoast_head_json":{"title":"Monty's International | Monty's Plant Food","description":"Les experts en agronomie de Monty sont \u00e0 vos c\u00f4t\u00e9s pour am\u00e9liorer la qualit\u00e9 et la quantit\u00e9 des rendements de vos cultures gr\u00e2ce \u00e0 des solutions innovantes qui ont fait leurs preuves pour favoriser un sol plus sain, des plantes plus saines et des rendements plus \u00e9lev\u00e9s.","robots":{"index":"index","follow":"follow","max-snippet":"max-snippet:-1","max-image-preview":"max-image-preview:large","max-video-preview":"max-video-preview:-1"},"canonical":"https:\/\/montysinternational.com\/fr\/","og_locale":"fr_FR","og_type":"article","og_title":"Monty's International | Monty's Plant Food","og_description":"Monty\u2019s Agronomy Experts come alongside you to improve the quality and quantity of your crop yields using innovative solutions proven to promote healthier soil, healthier plants, and higher yields.","og_url":"https:\/\/montysinternational.com\/fr\/","og_site_name":"Monty&#039;s International","article_modified_time":"2025-12-03T15:23:55+00:00","og_image":[{"url":"https:\/\/montysinternational.com\/wp-content\/uploads\/2022\/10\/6a66ed076bcd0aa4883daadf464f5dfb.jpeg","type":"","width":"","height":""}],"twitter_card":"summary_large_image","twitter_misc":{"Est. reading time":"2 minutes"},"schema":{"@context":"https:\/\/schema.org","@graph":[{"@type":"WebPage","@id":"https:\/\/montysinternational.com\/","url":"https:\/\/montysinternational.com\/","name":"Monty's International | Monty's Plant Food","isPartOf":{"@id":"https:\/\/montysinternational.com\/#website"},"primaryImageOfPage":{"@id":"https:\/\/montysinternational.com\/#primaryimage"},"image":{"@id":"https:\/\/montysinternational.com\/#primaryimage"},"thumbnailUrl":"https:\/\/montysinternational.com\/wp-content\/uploads\/2022\/10\/6a66ed076bcd0aa4883daadf464f5dfb.jpeg","datePublished":"2022-10-15T17:23:14+00:00","dateModified":"2025-12-03T15:23:55+00:00","description":"Les experts en agronomie de Monty sont \u00e0 vos c\u00f4t\u00e9s pour am\u00e9liorer la qualit\u00e9 et la quantit\u00e9 des rendements de vos cultures gr\u00e2ce \u00e0 des solutions innovantes qui ont fait leurs preuves pour favoriser un sol plus sain, des plantes plus saines et des rendements plus \u00e9lev\u00e9s.","breadcrumb":{"@id":"https:\/\/montysinternational.com\/#breadcrumb"},"inLanguage":"fr-FR","potentialAction":[{"@type":"ReadAction","target":["https:\/\/montysinternational.com\/"]}]},{"@type":"ImageObject","inLanguage":"fr-FR","@id":"https:\/\/montysinternational.com\/#primaryimage","url":"https:\/\/montysinternational.com\/wp-content\/uploads\/2022\/10\/6a66ed076bcd0aa4883daadf464f5dfb.jpeg","contentUrl":"https:\/\/montysinternational.com\/wp-content\/uploads\/2022\/10\/6a66ed076bcd0aa4883daadf464f5dfb.jpeg"},{"@type":"BreadcrumbList","@id":"https:\/\/montysinternational.com\/#breadcrumb","itemListElement":[{"@type":"ListItem","position":1,"name":"Home","item":"https:\/\/montysinternational.com\/"},{"@type":"ListItem","position":2,"name":"Home &#8211; International"}]},{"@type":"WebSite","@id":"https:\/\/montysinternational.com\/#website","url":"https:\/\/montysinternational.com\/","name":"Monty&#039;s International","description":"","publisher":{"@id":"https:\/\/montysinternational.com\/#organization"},"potentialAction":[{"@type":"SearchAction","target":{"@type":"EntryPoint","urlTemplate":"https:\/\/montysinternational.com\/?s={search_term_string}"},"query-input":{"@type":"PropertyValueSpecification","valueRequired":true,"valueName":"search_term_string"}}],"inLanguage":"fr-FR"},{"@type":"Organization","@id":"https:\/\/montysinternational.com\/#organization","name":"Monty's Plant Food","url":"https:\/\/montysinternational.com\/","logo":{"@type":"ImageObject","inLanguage":"fr-FR","@id":"https:\/\/montysinternational.com\/#\/schema\/logo\/image\/","url":"https:\/\/montysinternational.com\/wp-content\/uploads\/2020\/09\/Website-Logo-TEST.png","contentUrl":"https:\/\/montysinternational.com\/wp-content\/uploads\/2020\/09\/Website-Logo-TEST.png","width":505,"height":358,"caption":"Monty's Plant Food"},"image":{"@id":"https:\/\/montysinternational.com\/#\/schema\/logo\/image\/"}}]}},"_links":{"self":[{"href":"https:\/\/montysinternational.com\/fr\/wp-json\/wp\/v2\/pages\/12689","targetHints":{"allow":["GET"]}}],"collection":[{"href":"https:\/\/montysinternational.com\/fr\/wp-json\/wp\/v2\/pages"}],"about":[{"href":"https:\/\/montysinternational.com\/fr\/wp-json\/wp\/v2\/types\/page"}],"author":[{"embeddable":true,"href":"https:\/\/montysinternational.com\/fr\/wp-json\/wp\/v2\/users\/20"}],"replies":[{"embeddable":true,"href":"https:\/\/montysinternational.com\/fr\/wp-json\/wp\/v2\/comments?post=12689"}],"version-history":[{"count":10,"href":"https:\/\/montysinternational.com\/fr\/wp-json\/wp\/v2\/pages\/12689\/revisions"}],"predecessor-version":[{"id":12899,"href":"https:\/\/montysinternational.com\/fr\/wp-json\/wp\/v2\/pages\/12689\/revisions\/12899"}],"wp:attachment":[{"href":"https:\/\/montysinternational.com\/fr\/wp-json\/wp\/v2\/media?parent=12689"}],"curies":[{"name":"wp","href":"https:\/\/api.w.org\/{rel}","templated":true}]}}