{"id":12606,"date":"2022-08-16T14:10:42","date_gmt":"2022-08-16T18:10:42","guid":{"rendered":"https:\/\/montysplantfood.com\/?page_id=12606"},"modified":"2025-04-11T08:49:30","modified_gmt":"2025-04-11T12:49:30","slug":"team","status":"publish","type":"page","link":"https:\/\/montysinternational.com\/fr\/nigeria\/team\/","title":{"rendered":"L'\u00e9quipe du Nigeria"},"content":{"rendered":"<h1>\n\t\tL'\u00e9quipe nig\u00e9riane\n\t<\/h1>\n\t\t\t\t<img loading=\"lazy\" decoding=\"async\" src=\"https:\/\/montysinternational.com\/wp-content\/uploads\/2022\/06\/Sunny-4x5-1-819x1024.png\" alt=\"SunnySunnySunnySunnySunnySunnySunnySunny\" itemprop=\"image\" height=\"1024\" width=\"819\" title=\"Ensoleill\u00e9\" onerror=\"this.style.display='none'\"  \/>\n\t\t\t\t<img loading=\"lazy\" decoding=\"async\" src=\"https:\/\/montysinternational.com\/wp-content\/uploads\/2024\/01\/Sangalli-Jeff.png\" alt=\"Sangalli-Jeff\" itemprop=\"image\" height=\"1200\" width=\"1200\" title=\"Sangalli-Jeff\" onerror=\"this.style.display='none'\"  \/>\n\t\t\t\t<img loading=\"lazy\" decoding=\"async\" src=\"https:\/\/montysinternational.com\/wp-content\/uploads\/2022\/06\/Marcel-4x5-1-819x1024.png\" alt=\"Marcel\" itemprop=\"image\" height=\"1024\" width=\"819\" title=\"Marcel\" onerror=\"this.style.display='none'\"  \/>\n\t\t\t\t<img loading=\"lazy\" decoding=\"async\" src=\"https:\/\/montysinternational.com\/wp-content\/uploads\/2024\/01\/Lambert-4x4-1.png\" alt=\"Lambert 4x4\" itemprop=\"image\" height=\"1200\" width=\"1200\" title=\"Lambert 4x4\" onerror=\"this.style.display='none'\"  \/>\n\t\t\t\t<img loading=\"lazy\" decoding=\"async\" src=\"https:\/\/montysinternational.com\/wp-content\/uploads\/2024\/01\/Barbara-Tucker-4x4-1.png\" alt=\"Barbara Tucker 4x4\" itemprop=\"image\" height=\"1200\" width=\"1200\" title=\"Barbara Tucker 4x4\" onerror=\"this.style.display='none'\"  \/>\n\t<h2><strong>Sunny Ameh <\/strong><strong><img loading=\"lazy\" decoding=\"async\" src=\"https:\/\/montysinternational.com\/wp-content\/uploads\/2020\/09\/Flag-Nigeria-300x219.png\" alt=\"\" width=\"84\" height=\"61\" \/><\/strong><\/h2>\n<h5>Directeur national du Nigeria<\/h5>\n<p>Sunny est directeur pour l'Afrique subsaharienne de Monty's Plant Food Company, aux \u00c9tats-Unis, et pr\u00e9sident\/directeur de l'innovation et de la croissance de Charis Lifescience Ltd au Nigeria. Pharmacien de formation, expert en biotechnologie et en nutrition et protection des cultures \u00e0 l'\u00e9chelle internationale, il est titulaire d'un certificat de gestion avanc\u00e9e avec une sp\u00e9cialisation en gestion agroalimentaire de la prestigieuse Lagos Business School, \u00e0 Lagos. Sunny a particip\u00e9 \u00e0 plusieurs programmes de formation et de d\u00e9veloppement de haut niveau \u00e0 la MaSE Academy de Syngenta Agro AG \u00e0 B\u00e2le, en Suisse, ainsi qu'\u00e0 d'autres formations au Kenya, en Zambie, au Ghana, en Afrique du Sud et en Europe.<\/p>\n<p>Sunny est membre de CropLife Nigeria, du Nigerian Agribusiness Group (NABG), du Nigerian Economic Summit Group, de l'Agribusiness (Input and Distribution) thematic Lead (NESG), expert industriel, et facilitateur invit\u00e9 \u00e0 la Lagos Business School (LBS) Nigeria.<\/p>\n<p><a href=\"mailto:Sunny.Ameh@montysplantfood.com\">Sunny.Ameh@montysplantfood.com<\/a><\/p>\n<p><a href=\"tel:2348098712223\">+234 809 871 2223<\/a><\/p>\n\t<h2><strong>Jeff Sangalli <\/strong><strong><img loading=\"lazy\" decoding=\"async\" src=\"https:\/\/montysinternational.com\/wp-content\/uploads\/2022\/03\/AFlag-300x180.jpg\" alt=\"\" width=\"95\" height=\"57\" \/><\/strong><\/h2>\n<h5>Directeur g\u00e9n\u00e9ral, Monty's Plant Food Co.<\/h5>\n<p>En tant que directeur g\u00e9n\u00e9ral de Monty's Plant Food Co. Jeff est responsable de la vision, de la strat\u00e9gie et de la direction g\u00e9n\u00e9rales de Monty's. Au cours de ses 25 ann\u00e9es de carri\u00e8re prolifique, Jeff a occup\u00e9 divers postes de direction, notamment dans les domaines de la planification strat\u00e9gique et de l'innovation en R&amp;D, de la planification et du d\u00e9veloppement de produits, de la planification et de l'ex\u00e9cution de l'offre et de la demande \u00e0 l'\u00e9chelle mondiale, ainsi que de la gestion de la fabrication et des op\u00e9rations dans des entreprises telles que Monty's, Lexmark International et Ford Motor Company. En outre, Jeff est titulaire de cinq brevets am\u00e9ricains.<\/p>\n<p>La formation de Jeff comprend : M.B.A., Xavier University (Williams College of Business &amp; Administration), Cincinnati, OH ; M.Eng., ing\u00e9nierie, University of Louisville (Speed Scientific School), Louisville, KY ; et B.S.E.S., University of Louisville (Speed Scientific School), Louisville, KY.<\/p>\n<p>&nbsp;<\/p>\n\t<h2><strong>Marcel Barbier <\/strong><strong><img loading=\"lazy\" decoding=\"async\" src=\"https:\/\/montysinternational.com\/wp-content\/uploads\/2022\/03\/AFlag-300x180.jpg\" alt=\"\" width=\"95\" height=\"57\" \/><\/strong><\/h2>\n<h5>Chef technique international<\/h5>\n<p>M. Barbier est un scientifique sp\u00e9cialiste des sols et des plantes qui poss\u00e8de plus de 20 ans d'exp\u00e9rience dans le d\u00e9veloppement, l'am\u00e9lioration et la commercialisation de produits destin\u00e9s aux march\u00e9s conventionnels et biologiques.  Il est titulaire d'une licence en agronomie, d'une ma\u00eetrise en protection des cultures en commerce international et d'un doctorat en sciences du sol et des plantes, avec une mineure en gestion de la sant\u00e9 des plantes.  M. Barbier a travaill\u00e9 sur les l\u00e9gumes, les cultures en ligne, les vergers et les cultures tropicales.  Il a travaill\u00e9 pour des multinationales telles que Chiquita, Monsanto, Bayer, Syngenta, Stockton et Rio Tinto (US Borax). En 2010, M. Barbier a fond\u00e9 une soci\u00e9t\u00e9 de conseil qui aide les entreprises \u00e0 d\u00e9velopper et \u00e0 lancer des produits.<\/p>\n<p>Depuis le d\u00e9but de l'ann\u00e9e 2020, le Dr Barbier est au service de Monty's Plant Food en tant que responsable technique international. Il se concentre sur l'\u00e9valuation des produits et la formation des agriculteurs aux avantages des substances humiques activ\u00e9es de Monty's et \u00e0 la mani\u00e8re dont ces produits am\u00e9liorent la sant\u00e9 des sols et la stabilisation des nutriments... ce qui permet d'augmenter le rendement et la qualit\u00e9 des r\u00e9coltes.<\/p>\n<p><a href=\"mailto:Marcel.Barbier@montysplantfood.com\">Marcel.Barbier@montysplantfood.com<\/a><\/p>\n<p><a href=\"tel:7724806831\">(772) 480-6831<\/a><\/p>\n\t<h2><strong>Lambert Franklin <\/strong><strong><img loading=\"lazy\" decoding=\"async\" src=\"https:\/\/montysinternational.com\/wp-content\/uploads\/2022\/03\/AFlag-300x180.jpg\" alt=\"\" width=\"95\" height=\"57\" \/><\/strong><\/h2>\n<h5>Logistique nationale et internationale<\/h5>\n<p><a href=\"mailto:lambert.franklin@montysplantfood.com\">Lambert.Franklin@montysplantfood.com<\/a><\/p>\n<p><a href=\"tel:5026531104\">(502) 653-1104<\/a><\/p>\n\t<h2><strong>Barbara Tucker <\/strong><strong><img loading=\"lazy\" decoding=\"async\" src=\"https:\/\/montysinternational.com\/wp-content\/uploads\/2022\/03\/AFlag-300x180.jpg\" alt=\"\" width=\"95\" height=\"57\" \/><\/strong><\/h2>\n<h5>Logistique internationale<\/h5>\n<p><a href=\"mailto:barbara.tucker@montysplantfood.com\">Barbara.Tucker@montysplantfood.com<\/a><\/p>\n<p><a href=\"tel:5024899888\">(502) 489-9888<\/a><\/p>","protected":false},"excerpt":{"rendered":"<p>L'\u00e9quipe nig\u00e9riane Sunny Ameh Nigeria Country Director Sunny est directeur pour l'Afrique subsaharienne de Monty's Plant Food Company, aux \u00c9tats-Unis, et pr\u00e9sident\/directeur de l'innovation et de la croissance de Charis Lifescience Ltd au Nig\u00e9ria. Pharmacien de formation, expert en biotechnologie et en nutrition et protection des cultures internationales, il est titulaire d'un certificat de gestion avanc\u00e9e avec une sp\u00e9cialisation...<\/p>","protected":false},"author":17,"featured_media":0,"parent":12600,"menu_order":0,"comment_status":"closed","ping_status":"closed","template":"","meta":{"_acf_changed":false,"_monsterinsights_skip_tracking":false,"_monsterinsights_sitenote_active":false,"_monsterinsights_sitenote_note":"","_monsterinsights_sitenote_category":0,"footnotes":""},"class_list":["post-12606","page","type-page","status-publish","hentry"],"acf":[],"yoast_head":"<!-- This site is optimized with the Yoast SEO plugin v27.3 - https:\/\/yoast.com\/product\/yoast-seo-wordpress\/ -->\n<title>Nigeria Team - Monty&#039;s International<\/title>\n<meta name=\"robots\" content=\"index, follow, max-snippet:-1, max-image-preview:large, max-video-preview:-1\" \/>\n<link rel=\"canonical\" href=\"https:\/\/montysinternational.com\/fr\/nigeria\/team\/\" \/>\n<meta property=\"og:locale\" content=\"fr_FR\" \/>\n<meta property=\"og:type\" content=\"article\" \/>\n<meta property=\"og:title\" content=\"Nigeria Team - Monty&#039;s International\" \/>\n<meta property=\"og:description\" content=\"Nigerian Team Sunny Ameh Nigeria Country Director Sunny is the Director, Sub Saharan Africa, for Monty&#8217;s Plant Food Company, USA, and President\/Director of innovation and growth of Charis Lifescience Ltd in Nigeria. He is a trained Pharmacist, Biotech, and International Crop Nutrition and protection expert who holds an Advanced Management certificate with a specialization in&hellip;\" \/>\n<meta property=\"og:url\" content=\"https:\/\/montysinternational.com\/fr\/nigeria\/team\/\" \/>\n<meta property=\"og:site_name\" content=\"Monty&#039;s International\" \/>\n<meta property=\"article:modified_time\" content=\"2025-04-11T12:49:30+00:00\" \/>\n<meta property=\"og:image\" content=\"https:\/\/montysinternational.com\/wp-content\/uploads\/2022\/06\/Sunny-4x5-1-819x1024.png\" \/>\n<meta name=\"twitter:card\" content=\"summary_large_image\" \/>\n<meta name=\"twitter:label1\" content=\"Est. reading time\" \/>\n\t<meta name=\"twitter:data1\" content=\"6 minutes\" \/>\n<script type=\"application\/ld+json\" class=\"yoast-schema-graph\">{\"@context\":\"https:\\\/\\\/schema.org\",\"@graph\":[{\"@type\":\"WebPage\",\"@id\":\"https:\\\/\\\/montysinternational.com\\\/nigeria\\\/team\\\/\",\"url\":\"https:\\\/\\\/montysinternational.com\\\/nigeria\\\/team\\\/\",\"name\":\"Nigeria Team - Monty&#039;s International\",\"isPartOf\":{\"@id\":\"https:\\\/\\\/montysinternational.com\\\/#website\"},\"primaryImageOfPage\":{\"@id\":\"https:\\\/\\\/montysinternational.com\\\/nigeria\\\/team\\\/#primaryimage\"},\"image\":{\"@id\":\"https:\\\/\\\/montysinternational.com\\\/nigeria\\\/team\\\/#primaryimage\"},\"thumbnailUrl\":\"https:\\\/\\\/montysinternational.com\\\/wp-content\\\/uploads\\\/2022\\\/06\\\/Sunny-4x5-1-819x1024.png\",\"datePublished\":\"2022-08-16T18:10:42+00:00\",\"dateModified\":\"2025-04-11T12:49:30+00:00\",\"breadcrumb\":{\"@id\":\"https:\\\/\\\/montysinternational.com\\\/nigeria\\\/team\\\/#breadcrumb\"},\"inLanguage\":\"fr-FR\",\"potentialAction\":[{\"@type\":\"ReadAction\",\"target\":[\"https:\\\/\\\/montysinternational.com\\\/nigeria\\\/team\\\/\"]}]},{\"@type\":\"ImageObject\",\"inLanguage\":\"fr-FR\",\"@id\":\"https:\\\/\\\/montysinternational.com\\\/nigeria\\\/team\\\/#primaryimage\",\"url\":\"https:\\\/\\\/montysinternational.com\\\/wp-content\\\/uploads\\\/2022\\\/06\\\/Sunny-4x5-1-819x1024.png\",\"contentUrl\":\"https:\\\/\\\/montysinternational.com\\\/wp-content\\\/uploads\\\/2022\\\/06\\\/Sunny-4x5-1-819x1024.png\"},{\"@type\":\"BreadcrumbList\",\"@id\":\"https:\\\/\\\/montysinternational.com\\\/nigeria\\\/team\\\/#breadcrumb\",\"itemListElement\":[{\"@type\":\"ListItem\",\"position\":1,\"name\":\"Home\",\"item\":\"https:\\\/\\\/montysinternational.com\\\/\"},{\"@type\":\"ListItem\",\"position\":2,\"name\":\"Nigeria\",\"item\":\"https:\\\/\\\/montysinternational.com\\\/nigeria\\\/\"},{\"@type\":\"ListItem\",\"position\":3,\"name\":\"Nigeria Team\"}]},{\"@type\":\"WebSite\",\"@id\":\"https:\\\/\\\/montysinternational.com\\\/#website\",\"url\":\"https:\\\/\\\/montysinternational.com\\\/\",\"name\":\"Monty&#039;s International\",\"description\":\"\",\"publisher\":{\"@id\":\"https:\\\/\\\/montysinternational.com\\\/#organization\"},\"potentialAction\":[{\"@type\":\"SearchAction\",\"target\":{\"@type\":\"EntryPoint\",\"urlTemplate\":\"https:\\\/\\\/montysinternational.com\\\/?s={search_term_string}\"},\"query-input\":{\"@type\":\"PropertyValueSpecification\",\"valueRequired\":true,\"valueName\":\"search_term_string\"}}],\"inLanguage\":\"fr-FR\"},{\"@type\":\"Organization\",\"@id\":\"https:\\\/\\\/montysinternational.com\\\/#organization\",\"name\":\"Monty's Plant Food\",\"url\":\"https:\\\/\\\/montysinternational.com\\\/\",\"logo\":{\"@type\":\"ImageObject\",\"inLanguage\":\"fr-FR\",\"@id\":\"https:\\\/\\\/montysinternational.com\\\/#\\\/schema\\\/logo\\\/image\\\/\",\"url\":\"https:\\\/\\\/montysinternational.com\\\/wp-content\\\/uploads\\\/2020\\\/09\\\/Website-Logo-TEST.png\",\"contentUrl\":\"https:\\\/\\\/montysinternational.com\\\/wp-content\\\/uploads\\\/2020\\\/09\\\/Website-Logo-TEST.png\",\"width\":505,\"height\":358,\"caption\":\"Monty's Plant Food\"},\"image\":{\"@id\":\"https:\\\/\\\/montysinternational.com\\\/#\\\/schema\\\/logo\\\/image\\\/\"}}]}<\/script>\n<!-- \/ Yoast SEO plugin. -->","yoast_head_json":{"title":"Nigeria Team - Monty&#039;s International","robots":{"index":"index","follow":"follow","max-snippet":"max-snippet:-1","max-image-preview":"max-image-preview:large","max-video-preview":"max-video-preview:-1"},"canonical":"https:\/\/montysinternational.com\/fr\/nigeria\/team\/","og_locale":"fr_FR","og_type":"article","og_title":"Nigeria Team - Monty&#039;s International","og_description":"Nigerian Team Sunny Ameh Nigeria Country Director Sunny is the Director, Sub Saharan Africa, for Monty&#8217;s Plant Food Company, USA, and President\/Director of innovation and growth of Charis Lifescience Ltd in Nigeria. He is a trained Pharmacist, Biotech, and International Crop Nutrition and protection expert who holds an Advanced Management certificate with a specialization in&hellip;","og_url":"https:\/\/montysinternational.com\/fr\/nigeria\/team\/","og_site_name":"Monty&#039;s International","article_modified_time":"2025-04-11T12:49:30+00:00","og_image":[{"url":"https:\/\/montysinternational.com\/wp-content\/uploads\/2022\/06\/Sunny-4x5-1-819x1024.png","type":"","width":"","height":""}],"twitter_card":"summary_large_image","twitter_misc":{"Est. reading time":"6 minutes"},"schema":{"@context":"https:\/\/schema.org","@graph":[{"@type":"WebPage","@id":"https:\/\/montysinternational.com\/nigeria\/team\/","url":"https:\/\/montysinternational.com\/nigeria\/team\/","name":"Nigeria Team - Monty&#039;s International","isPartOf":{"@id":"https:\/\/montysinternational.com\/#website"},"primaryImageOfPage":{"@id":"https:\/\/montysinternational.com\/nigeria\/team\/#primaryimage"},"image":{"@id":"https:\/\/montysinternational.com\/nigeria\/team\/#primaryimage"},"thumbnailUrl":"https:\/\/montysinternational.com\/wp-content\/uploads\/2022\/06\/Sunny-4x5-1-819x1024.png","datePublished":"2022-08-16T18:10:42+00:00","dateModified":"2025-04-11T12:49:30+00:00","breadcrumb":{"@id":"https:\/\/montysinternational.com\/nigeria\/team\/#breadcrumb"},"inLanguage":"fr-FR","potentialAction":[{"@type":"ReadAction","target":["https:\/\/montysinternational.com\/nigeria\/team\/"]}]},{"@type":"ImageObject","inLanguage":"fr-FR","@id":"https:\/\/montysinternational.com\/nigeria\/team\/#primaryimage","url":"https:\/\/montysinternational.com\/wp-content\/uploads\/2022\/06\/Sunny-4x5-1-819x1024.png","contentUrl":"https:\/\/montysinternational.com\/wp-content\/uploads\/2022\/06\/Sunny-4x5-1-819x1024.png"},{"@type":"BreadcrumbList","@id":"https:\/\/montysinternational.com\/nigeria\/team\/#breadcrumb","itemListElement":[{"@type":"ListItem","position":1,"name":"Home","item":"https:\/\/montysinternational.com\/"},{"@type":"ListItem","position":2,"name":"Nigeria","item":"https:\/\/montysinternational.com\/nigeria\/"},{"@type":"ListItem","position":3,"name":"Nigeria Team"}]},{"@type":"WebSite","@id":"https:\/\/montysinternational.com\/#website","url":"https:\/\/montysinternational.com\/","name":"Monty&#039;s International","description":"","publisher":{"@id":"https:\/\/montysinternational.com\/#organization"},"potentialAction":[{"@type":"SearchAction","target":{"@type":"EntryPoint","urlTemplate":"https:\/\/montysinternational.com\/?s={search_term_string}"},"query-input":{"@type":"PropertyValueSpecification","valueRequired":true,"valueName":"search_term_string"}}],"inLanguage":"fr-FR"},{"@type":"Organization","@id":"https:\/\/montysinternational.com\/#organization","name":"Monty's Plant Food","url":"https:\/\/montysinternational.com\/","logo":{"@type":"ImageObject","inLanguage":"fr-FR","@id":"https:\/\/montysinternational.com\/#\/schema\/logo\/image\/","url":"https:\/\/montysinternational.com\/wp-content\/uploads\/2020\/09\/Website-Logo-TEST.png","contentUrl":"https:\/\/montysinternational.com\/wp-content\/uploads\/2020\/09\/Website-Logo-TEST.png","width":505,"height":358,"caption":"Monty's Plant Food"},"image":{"@id":"https:\/\/montysinternational.com\/#\/schema\/logo\/image\/"}}]}},"_links":{"self":[{"href":"https:\/\/montysinternational.com\/fr\/wp-json\/wp\/v2\/pages\/12606","targetHints":{"allow":["GET"]}}],"collection":[{"href":"https:\/\/montysinternational.com\/fr\/wp-json\/wp\/v2\/pages"}],"about":[{"href":"https:\/\/montysinternational.com\/fr\/wp-json\/wp\/v2\/types\/page"}],"author":[{"embeddable":true,"href":"https:\/\/montysinternational.com\/fr\/wp-json\/wp\/v2\/users\/17"}],"replies":[{"embeddable":true,"href":"https:\/\/montysinternational.com\/fr\/wp-json\/wp\/v2\/comments?post=12606"}],"version-history":[{"count":11,"href":"https:\/\/montysinternational.com\/fr\/wp-json\/wp\/v2\/pages\/12606\/revisions"}],"predecessor-version":[{"id":13365,"href":"https:\/\/montysinternational.com\/fr\/wp-json\/wp\/v2\/pages\/12606\/revisions\/13365"}],"up":[{"embeddable":true,"href":"https:\/\/montysinternational.com\/fr\/wp-json\/wp\/v2\/pages\/12600"}],"wp:attachment":[{"href":"https:\/\/montysinternational.com\/fr\/wp-json\/wp\/v2\/media?parent=12606"}],"curies":[{"name":"wp","href":"https:\/\/api.w.org\/{rel}","templated":true}]}}