{"id":12595,"date":"2022-08-04T11:16:03","date_gmt":"2022-08-04T15:16:03","guid":{"rendered":"https:\/\/montysplantfood.com\/?page_id=12595"},"modified":"2024-01-29T15:48:04","modified_gmt":"2024-01-29T20:48:04","slug":"guatemala","status":"publish","type":"page","link":"https:\/\/montysinternational.com\/fr\/guatemala\/","title":{"rendered":"Guatemala"},"content":{"rendered":"<h1>\n\t\tGuatemala\n\t<\/h1>\n<h2>\n\t\tMaximiser la qualit\u00e9 et la quantit\u00e9 de vos rendements\n\t<\/h2>\n\t<p>L'objectif premier de Monty a toujours \u00e9t\u00e9 d'aider les agriculteurs guat\u00e9malt\u00e8ques \u00e0 mieux r\u00e9ussir. Nous offrons aux agriculteurs guat\u00e9malt\u00e8ques des solutions nutritives \u00e0 haute efficacit\u00e9 - qu'il s'agisse d'engrais de d\u00e9marrage dans le sillon, d'amendements \u00e0 base d'humus \u00e0 la pointe de l'industrie ou de paquets de nutriments appliqu\u00e9s par voie foliaire - con\u00e7ues pour assurer un meilleur d\u00e9veloppement des racines, des plantes plus saines et, en fin de compte, des rendements plus \u00e9lev\u00e9s !<\/p>\n<p>Monty's est votre source de confiance pour des conseils fiables et des produits innovants, scientifiquement fond\u00e9s, pour les plantes et le sol, qui facilitent l'augmentation des rendements de haute qualit\u00e9 tout en am\u00e9liorant la qualit\u00e9 du sol \u00e0 long terme. Monty's... des conseillers de confiance. Des solutions \u00e9prouv\u00e9es. Contactez votre repr\u00e9sentant Monty's d\u00e8s aujourd'hui !<\/p>\n\t\t\t\t\t\t\t\t\t<img loading=\"lazy\" decoding=\"async\" src=\"https:\/\/montysinternational.com\/wp-content\/uploads\/2022\/07\/Flag-Guatemala.png\" alt=\"Flag-Guatemala\" itemprop=\"image\" height=\"500\" width=\"800\" srcset=\"https:\/\/montysinternational.com\/wp-content\/uploads\/2022\/07\/Flag-Guatemala.png 800w, https:\/\/montysinternational.com\/wp-content\/uploads\/2022\/07\/Flag-Guatemala-300x188.png 300w\" sizes=\"auto, (max-width: 800px) 100vw, 800px\" title=\"Drapeau-Guatemala\" onerror=\"this.style.display='none'\"  \/>\n\t<a href=\"https:\/\/montysinternational.com\/fr\/guatemala\/team\/\" target=\"_self\" role=\"button\" aria-label=\"Notre \u00e9quipe guat\u00e9malt\u00e8que\" rel=\"noopener\">\n\t\t\t\t\t\tNotre \u00e9quipe guat\u00e9malt\u00e8que\n\t\t\t\t\t<\/a>\n<h2>\n\t\tPrincipaux produits disponibles au Guatemala\n\t<\/h2>\n<h3>\n\t\tLe carbone liquide de Monty\n\t<\/h3>\n\tL'amendement de sol Monty's Liquid Carbon est con\u00e7u pour aider \u00e0<br \/>\nla d\u00e9composition de la mati\u00e8re organique. Il peut am\u00e9liorer la gestion de l'humidit\u00e9 dans votre sol. Ce produit contient de l'acide humique activ\u00e9 de Monty's, qui est trait\u00e9 \u00e0 l'aide de notre technologie exclusive. L'acide humique peut am\u00e9liorer l'absorption des micronutriments.\n\t\t\t<a href=\"https:\/\/montysinternational.com\/wp-content\/uploads\/2024\/01\/1213-MLC-Sheet-Guatemala-Spanish-Marcel-Version.pdf\" target=\"_blank\" role=\"button\" rel=\"noopener\">\n\t\t\t\t\t\tFiche produit\n\t\t\t\t\t<\/a>\n\t\t\t<a href=\"https:\/\/montysinternational.com\/wp-content\/uploads\/2024\/01\/Montys-Liquid-Carbon-label-Spanish.pdf\" target=\"_blank\" role=\"button\" rel=\"noopener\">\n\t\t\t\t\t\t\u00c9tiquette\n\t\t\t\t\t<\/a>\n<h3>\n\t\tHumihance\n\t<\/h3>\n\t<p>Humihance est un enrobage d'engrais \u00e0 base d'humus qui apporte rapidement et efficacement des avantages en mati\u00e8re de gestion des nutriments sans inhiber l'activit\u00e9 des bact\u00e9ries naturelles du sol. Il est id\u00e9al pour le m\u00e9lange de tous les engrais granulaires et est compatible avec une vari\u00e9t\u00e9 d'oligo-\u00e9l\u00e9ments et d'engrais pr\u00e9trait\u00e9s.\u00a0\u00a0<\/p>\n\t\t\t<a href=\"https:\/\/montysinternational.com\/wp-content\/uploads\/2024\/01\/1213-Humihance-Sheet-Guatemala-Spanish-Marcel-Version.pdf\" target=\"_blank\" role=\"button\" rel=\"noopener\">\n\t\t\t\t\t\tFiche produit\n\t\t\t\t\t<\/a>\n\t\t\t<a href=\"https:\/\/montysinternational.com\/wp-content\/uploads\/2024\/01\/Humihance-label-Spanish.pdf\" target=\"_blank\" role=\"button\" rel=\"noopener\">\n\t\t\t\t\t\t\u00c9tiquette\n\t\t\t\t\t<\/a>\n<h3>\n\t\tLe Dri-Carbon de Monty\n\t<\/h3>\n\t<p>Monty's Dri-Carbon offre les m\u00eames avantages que Monty's Liquid Carbon, mais sous forme de granul\u00e9s.<\/p>\n\t\t\t<a href=\"https:\/\/montysinternational.com\/wp-content\/uploads\/2024\/01\/1213-Dri-Carbon-Sheet-Guatemala-Spanish-Marcel-Version.pdf\" target=\"_blank\" role=\"button\" rel=\"noopener\">\n\t\t\t\t\t\tFiche produit\n\t\t\t\t\t<\/a>\n\t\t\t<a href=\"https:\/\/montysinternational.com\/wp-content\/uploads\/2024\/01\/Montys-Dri-Carbon-label-Spanish.pdf\" target=\"_blank\" role=\"button\" rel=\"noopener\">\n\t\t\t\t\t\t\u00c9tiquette\n\t\t\t\t\t<\/a>\n<h3>\n\t\tSurge XD\n\t<\/h3>\n\t<p>Surge XD est con\u00e7u pour \u00eatre utilis\u00e9 avec des engrais liquides afin de faciliter l'absorption des nutriments par les tissus v\u00e9g\u00e9taux.<\/p>\n\t\t\t<a href=\"https:\/\/montysinternational.com\/wp-content\/uploads\/2024\/01\/1213-Surge-XD-Sheet-Guatemala-Spanish-WEB.pdf\" target=\"_blank\" role=\"button\" rel=\"noopener\">\n\t\t\t\t\t\tFiche produit\n\t\t\t\t\t<\/a>\n\t\t\t<a href=\"https:\/\/montysinternational.com\/wp-content\/uploads\/2024\/01\/Surge-XD-label-Spanish.pdf\" target=\"_blank\" role=\"button\" rel=\"noopener\">\n\t\t\t\t\t\t\u00c9tiquette\n\t\t\t\t\t<\/a>\n<h3>\n\t\tMicrohance\n\t<\/h3>\n\t<p>Microhance offre un m\u00e9lange unique de technologies Monty's con\u00e7u pour fournir des nutriments \u00e0 la plante \u00e0 n'importe quel stade de croissance, contribuant ainsi \u00e0 maximiser le potentiel de rendement de la plante.<\/p>\n\t\t\t<a href=\"https:\/\/montysinternational.com\/wp-content\/uploads\/2024\/01\/1213-Microhance-Sheet-Guatemala-Spanish-WEB.pdf\" target=\"_blank\" role=\"button\" rel=\"noopener\">\n\t\t\t\t\t\tFiche produit\n\t\t\t\t\t<\/a>\n\t\t\t<a href=\"https:\/\/montysinternational.com\/wp-content\/uploads\/2024\/01\/Microhance-label-Spanish.pdf\" target=\"_blank\" role=\"button\" rel=\"noopener\">\n\t\t\t\t\t\t\u00c9tiquette\n\t\t\t\t\t<\/a>\n<h3>\n\t\tMagmaHume\n\t<\/h3>\n\t<p>MagmaHume est une combinaison unique de basalte, source d'\u00e9l\u00e9ments secondaires et de micronutriments, et d'humus activ\u00e9s, propri\u00e9t\u00e9 de Monty, pour am\u00e9liorer la fertilit\u00e9 et la sant\u00e9 du sol. MagmaHume est naturel, organique et \u00e9quilibr\u00e9 pour une meilleure croissance, apportant plus d'\u00e9nergie \u00e0 vos plantes.\u00a0<\/p>\n\t\t\t<a href=\"https:\/\/montysplantfood.com\/products\/magmahume\/\" target=\"_blank\" role=\"button\" rel=\"noopener\">\n\t\t\t\t\t\tFiche produit\n\t\t\t\t\t<\/a>\n\t\t\t<a href=\"https:\/\/montysplantfood.com\/products\/magmahume\/\" target=\"_blank\" role=\"button\" rel=\"noopener\">\n\t\t\t\t\t\t\u00c9tiquette\n\t\t\t\t\t<\/a>\n<h3>\n\t\tRoot &amp; Bloom\n\t<\/h3>\n\t<p>Root &amp; Bloom est un aliment liquide polyvalent pour les plantes qui peut \u00eatre utilis\u00e9 \u00e0 la plantation et comme foliaire sur n'importe quelle culture. Utilisez-le lorsque la qualit\u00e9 et le rendement sont les objectifs au stade de la floraison, et sur toutes les cultures de racines pendant tous les stades de croissance.<\/p>\n\t\t\t<a href=\"https:\/\/montysinternational.com\/wp-content\/uploads\/2024\/01\/1213-Root-Bloom-Sheet-Guatemala-Spanish-WEB.pdf\" target=\"_blank\" role=\"button\" rel=\"noopener\">\n\t\t\t\t\t\tFiche produit\n\t\t\t\t\t<\/a>\n\t\t\t<a href=\"https:\/\/montysinternational.com\/wp-content\/uploads\/2024\/01\/Root-and-Bloom-label-Spanish.pdf\" target=\"_blank\" role=\"button\" rel=\"noopener\">\n\t\t\t\t\t\t\u00c9tiquette\n\t\t\t\t\t<\/a>\n<h3>\n\t\tCroissance polyvalente\n\t<\/h3>\n\t<p>All-Purpose Growth est un aliment liquide polyvalent pour les plantes qui peut \u00eatre utilis\u00e9 lors de la plantation et en tant que foliaire sur n'importe quelle culture lorsque la croissance de la plante est souhait\u00e9e, que ce soit pendant les stades de croissance v\u00e9g\u00e9tative ou reproductive.<\/p>\n\t\t\t<a href=\"https:\/\/montysinternational.com\/wp-content\/uploads\/2024\/01\/1213-All-Purpose-Growth-Sheet-Guatemala-SPANISH-WEB-Spanish.pdf\" target=\"_blank\" role=\"button\" rel=\"noopener\">\n\t\t\t\t\t\tFiche produit\n\t\t\t\t\t<\/a>\n\t\t\t<a href=\"https:\/\/montysinternational.com\/wp-content\/uploads\/2024\/01\/All-Purpose-Growth-label-Spanish.pdf\" target=\"_blank\" role=\"button\" rel=\"noopener\">\n\t\t\t\t\t\t\u00c9tiquette\n\t\t\t\t\t<\/a>\n<h3>\n\t\tDrivas\n\t<\/h3>\n\t<p>Drivas est con\u00e7u pour \u00eatre utilis\u00e9 avec des engrais liquides afin de faciliter l'absorption des nutriments par les tissus de la plante.<\/p>\n\t\t\t<a href=\"https:\/\/montysinternational.com\/wp-content\/uploads\/2024\/01\/1213-Drivas-Sheet-Spanish.pdf\" target=\"_blank\" role=\"button\" rel=\"noopener\">\n\t\t\t\t\t\tFiche produit\n\t\t\t\t\t<\/a>\n\t\t\t<a href=\"https:\/\/montysinternational.com\/wp-content\/uploads\/2024\/01\/Drivas-label-Spanish.pdf\" target=\"_blank\" role=\"button\" rel=\"noopener\">\n\t\t\t\t\t\t\u00c9tiquette\n\t\t\t\t\t<\/a>\n\t<a href=\"https:\/\/montysinternational.com\/wp-content\/uploads\/2023\/01\/MontysHumicsBrochure_Latin-America__PAGES.pdf\" target=\"_blank\" role=\"button\" rel=\"noopener\" aria-label=\"Humiques et sant\u00e9 des sols\">\n\t\t\t\t\t\tHumiques et sant\u00e9 des sols\n\t\t\t\t\t<\/a>\n<h2>\n\t\tDes solutions pour les plantes et le sol qui travaillent aussi dur que vous.\n\t<\/h2>\n\t<p>D\u00e9couvrez comment nous aidons des milliers d'agriculteurs dans des dizaines de pays du monde entier \u00e0 trouver de meilleures r\u00e9ponses, \u00e0 appliquer des solutions avec plus de pr\u00e9cision et \u00e0 maximiser le potentiel de leurs champs.<\/p>\n\t\t\t\t\t\t\t<img decoding=\"async\" src=\"https:\/\/montysinternational.com\/wp-content\/uploads\/2020\/08\/icon-soybeans.png\" alt=\"icon-soybeans\" \/>\n\t\t<h3>Soja<\/h3>\n\t\t\t\t\t\t\t<img decoding=\"async\" src=\"https:\/\/montysinternational.com\/wp-content\/uploads\/2020\/12\/MNT_Icons_SugarCane.png\" alt=\"MNT_Icons_SugarCane\" \/>\n\t\t<h3>Canne \u00e0 sucre<\/h3>\n\t\t\t\t\t\t\t<img decoding=\"async\" src=\"https:\/\/montysinternational.com\/wp-content\/uploads\/2020\/08\/icon-corn.png\" alt=\"icon-corn\" \/>\n\t\t<h3>Ma\u00efs<\/h3>\n\t\t\t\t\t\t\t<img decoding=\"async\" src=\"https:\/\/montysinternational.com\/wp-content\/uploads\/2022\/08\/Crop_Icon_Banana.png\" alt=\"Crop_Icon_Banana\" \/>\n\t\t<h3>Bananes<\/h3>\n\t\t\t\t\t\t\t<img decoding=\"async\" src=\"https:\/\/montysinternational.com\/wp-content\/uploads\/2022\/08\/Crop_Icon_Vegetables.png\" alt=\"Crop_Icon_Vegetables\" \/>\n\t\t<h3>Brocoli<\/h3>\n<h2>\n\t\tChangeons l'avenir de l'agriculture guat\u00e9malt\u00e8que\n\t<\/h2>\n\t<p>D\u00e9couvrez comment nous aidons des milliers d'agriculteurs dans des dizaines de pays du monde entier \u00e0 trouver de meilleures r\u00e9ponses, \u00e0 appliquer des solutions avec plus de pr\u00e9cision et \u00e0 maximiser le potentiel de leurs champs.<\/p>\n<h3>\n\t\tCONTACTS\n\t<\/h3>\n\t<strong>Gregorio Ordonez<\/strong>\nResponsable de la zone Am\u00e9rique centrale\n<a title=\"mailto:GBarros@montysplantfood.com\" contenteditable=\"false\" href=\"mailto:GOrdonez@montysplantfood.com\">Courriel : GOrdonez@montysplantfood.com<\/a>\n<a href=\"tel:50252065276\">+502 5206 5276<\/a>\n<h3>\n\t\tDistributeur d'entreprise au Guatemala\n\t<\/h3>\n\tIMPORTADOR Y DISTRIBUIDOR\nAREQUIPA S.A.\nCiudad de Guatemala\nTel\/Whatsapp : (502) 2479-1365 - 52065276","protected":false},"excerpt":{"rendered":"<p>Guatemala Maximisez la qualit\u00e9 et la quantit\u00e9 de vos rendements L'objectif premier de Monty a toujours \u00e9t\u00e9 d'aider les agriculteurs guat\u00e9malt\u00e8ques \u00e0 mieux r\u00e9ussir. Nous offrons aux agriculteurs guat\u00e9malt\u00e8ques des solutions nutritives \u00e0 haute efficacit\u00e9 - qu'il s'agisse d'engrais de d\u00e9marrage dans le sillon, d'amendements \u00e0 base d'humus \u00e0 la pointe de l'industrie ou de paquets de nutriments appliqu\u00e9s par voie foliaire - con\u00e7ues pour assurer un meilleur d\u00e9veloppement des racines, des plantes plus saines et, en fin de compte, des rendements plus \u00e9lev\u00e9s....<\/p>","protected":false},"author":17,"featured_media":0,"parent":0,"menu_order":0,"comment_status":"closed","ping_status":"closed","template":"","meta":{"_acf_changed":false,"_monsterinsights_skip_tracking":false,"_monsterinsights_sitenote_active":false,"_monsterinsights_sitenote_note":"","_monsterinsights_sitenote_category":0,"footnotes":""},"class_list":["post-12595","page","type-page","status-publish","hentry"],"acf":[],"yoast_head":"<!-- This site is optimized with the Yoast SEO plugin v27.3 - https:\/\/yoast.com\/product\/yoast-seo-wordpress\/ -->\n<title>Guatemala - Monty&#039;s International<\/title>\n<meta name=\"robots\" content=\"index, follow, max-snippet:-1, max-image-preview:large, max-video-preview:-1\" \/>\n<link rel=\"canonical\" href=\"https:\/\/montysinternational.com\/fr\/guatemala\/\" \/>\n<meta property=\"og:locale\" content=\"fr_FR\" \/>\n<meta property=\"og:type\" content=\"article\" \/>\n<meta property=\"og:title\" content=\"Guatemala - Monty&#039;s International\" \/>\n<meta property=\"og:description\" content=\"Guatemala Maximize The Quality and Quantity Of Your Yields Monty&#8217;s primary goals has always been to help Guatemalan farmers be more successful. We offer Guatemalan farmers high efficiency nutrient solutions &#8211; whether in-furrow starters, industry-leading humic-based soil conditioners, or foliar applied nutrient packages &#8211; designed to bring better root development, healthier plants, and ultimately higher&hellip;\" \/>\n<meta property=\"og:url\" content=\"https:\/\/montysinternational.com\/fr\/guatemala\/\" \/>\n<meta property=\"og:site_name\" content=\"Monty&#039;s International\" \/>\n<meta property=\"article:modified_time\" content=\"2024-01-29T20:48:04+00:00\" \/>\n<meta property=\"og:image\" content=\"https:\/\/montysinternational.com\/wp-content\/uploads\/2022\/07\/Flag-Guatemala.png\" \/>\n<meta name=\"twitter:card\" content=\"summary_large_image\" \/>\n<meta name=\"twitter:label1\" content=\"Est. reading time\" \/>\n\t<meta name=\"twitter:data1\" content=\"4 minutes\" \/>\n<script type=\"application\/ld+json\" class=\"yoast-schema-graph\">{\"@context\":\"https:\\\/\\\/schema.org\",\"@graph\":[{\"@type\":\"WebPage\",\"@id\":\"https:\\\/\\\/montysinternational.com\\\/guatemala\\\/\",\"url\":\"https:\\\/\\\/montysinternational.com\\\/guatemala\\\/\",\"name\":\"Guatemala - Monty&#039;s International\",\"isPartOf\":{\"@id\":\"https:\\\/\\\/montysinternational.com\\\/#website\"},\"primaryImageOfPage\":{\"@id\":\"https:\\\/\\\/montysinternational.com\\\/guatemala\\\/#primaryimage\"},\"image\":{\"@id\":\"https:\\\/\\\/montysinternational.com\\\/guatemala\\\/#primaryimage\"},\"thumbnailUrl\":\"https:\\\/\\\/montysinternational.com\\\/wp-content\\\/uploads\\\/2022\\\/07\\\/Flag-Guatemala.png\",\"datePublished\":\"2022-08-04T15:16:03+00:00\",\"dateModified\":\"2024-01-29T20:48:04+00:00\",\"breadcrumb\":{\"@id\":\"https:\\\/\\\/montysinternational.com\\\/guatemala\\\/#breadcrumb\"},\"inLanguage\":\"fr-FR\",\"potentialAction\":[{\"@type\":\"ReadAction\",\"target\":[\"https:\\\/\\\/montysinternational.com\\\/guatemala\\\/\"]}]},{\"@type\":\"ImageObject\",\"inLanguage\":\"fr-FR\",\"@id\":\"https:\\\/\\\/montysinternational.com\\\/guatemala\\\/#primaryimage\",\"url\":\"https:\\\/\\\/montysinternational.com\\\/wp-content\\\/uploads\\\/2022\\\/07\\\/Flag-Guatemala.png\",\"contentUrl\":\"https:\\\/\\\/montysinternational.com\\\/wp-content\\\/uploads\\\/2022\\\/07\\\/Flag-Guatemala.png\"},{\"@type\":\"BreadcrumbList\",\"@id\":\"https:\\\/\\\/montysinternational.com\\\/guatemala\\\/#breadcrumb\",\"itemListElement\":[{\"@type\":\"ListItem\",\"position\":1,\"name\":\"Home\",\"item\":\"https:\\\/\\\/montysinternational.com\\\/\"},{\"@type\":\"ListItem\",\"position\":2,\"name\":\"Guatemala\"}]},{\"@type\":\"WebSite\",\"@id\":\"https:\\\/\\\/montysinternational.com\\\/#website\",\"url\":\"https:\\\/\\\/montysinternational.com\\\/\",\"name\":\"Monty&#039;s International\",\"description\":\"\",\"publisher\":{\"@id\":\"https:\\\/\\\/montysinternational.com\\\/#organization\"},\"potentialAction\":[{\"@type\":\"SearchAction\",\"target\":{\"@type\":\"EntryPoint\",\"urlTemplate\":\"https:\\\/\\\/montysinternational.com\\\/?s={search_term_string}\"},\"query-input\":{\"@type\":\"PropertyValueSpecification\",\"valueRequired\":true,\"valueName\":\"search_term_string\"}}],\"inLanguage\":\"fr-FR\"},{\"@type\":\"Organization\",\"@id\":\"https:\\\/\\\/montysinternational.com\\\/#organization\",\"name\":\"Monty's Plant Food\",\"url\":\"https:\\\/\\\/montysinternational.com\\\/\",\"logo\":{\"@type\":\"ImageObject\",\"inLanguage\":\"fr-FR\",\"@id\":\"https:\\\/\\\/montysinternational.com\\\/#\\\/schema\\\/logo\\\/image\\\/\",\"url\":\"https:\\\/\\\/montysinternational.com\\\/wp-content\\\/uploads\\\/2020\\\/09\\\/Website-Logo-TEST.png\",\"contentUrl\":\"https:\\\/\\\/montysinternational.com\\\/wp-content\\\/uploads\\\/2020\\\/09\\\/Website-Logo-TEST.png\",\"width\":505,\"height\":358,\"caption\":\"Monty's Plant Food\"},\"image\":{\"@id\":\"https:\\\/\\\/montysinternational.com\\\/#\\\/schema\\\/logo\\\/image\\\/\"}}]}<\/script>\n<!-- \/ Yoast SEO plugin. -->","yoast_head_json":{"title":"Guatemala - Monty&#039;s International","robots":{"index":"index","follow":"follow","max-snippet":"max-snippet:-1","max-image-preview":"max-image-preview:large","max-video-preview":"max-video-preview:-1"},"canonical":"https:\/\/montysinternational.com\/fr\/guatemala\/","og_locale":"fr_FR","og_type":"article","og_title":"Guatemala - Monty&#039;s International","og_description":"Guatemala Maximize The Quality and Quantity Of Your Yields Monty&#8217;s primary goals has always been to help Guatemalan farmers be more successful. We offer Guatemalan farmers high efficiency nutrient solutions &#8211; whether in-furrow starters, industry-leading humic-based soil conditioners, or foliar applied nutrient packages &#8211; designed to bring better root development, healthier plants, and ultimately higher&hellip;","og_url":"https:\/\/montysinternational.com\/fr\/guatemala\/","og_site_name":"Monty&#039;s International","article_modified_time":"2024-01-29T20:48:04+00:00","og_image":[{"url":"https:\/\/montysinternational.com\/wp-content\/uploads\/2022\/07\/Flag-Guatemala.png","type":"","width":"","height":""}],"twitter_card":"summary_large_image","twitter_misc":{"Est. reading time":"4 minutes"},"schema":{"@context":"https:\/\/schema.org","@graph":[{"@type":"WebPage","@id":"https:\/\/montysinternational.com\/guatemala\/","url":"https:\/\/montysinternational.com\/guatemala\/","name":"Guatemala - Monty&#039;s International","isPartOf":{"@id":"https:\/\/montysinternational.com\/#website"},"primaryImageOfPage":{"@id":"https:\/\/montysinternational.com\/guatemala\/#primaryimage"},"image":{"@id":"https:\/\/montysinternational.com\/guatemala\/#primaryimage"},"thumbnailUrl":"https:\/\/montysinternational.com\/wp-content\/uploads\/2022\/07\/Flag-Guatemala.png","datePublished":"2022-08-04T15:16:03+00:00","dateModified":"2024-01-29T20:48:04+00:00","breadcrumb":{"@id":"https:\/\/montysinternational.com\/guatemala\/#breadcrumb"},"inLanguage":"fr-FR","potentialAction":[{"@type":"ReadAction","target":["https:\/\/montysinternational.com\/guatemala\/"]}]},{"@type":"ImageObject","inLanguage":"fr-FR","@id":"https:\/\/montysinternational.com\/guatemala\/#primaryimage","url":"https:\/\/montysinternational.com\/wp-content\/uploads\/2022\/07\/Flag-Guatemala.png","contentUrl":"https:\/\/montysinternational.com\/wp-content\/uploads\/2022\/07\/Flag-Guatemala.png"},{"@type":"BreadcrumbList","@id":"https:\/\/montysinternational.com\/guatemala\/#breadcrumb","itemListElement":[{"@type":"ListItem","position":1,"name":"Home","item":"https:\/\/montysinternational.com\/"},{"@type":"ListItem","position":2,"name":"Guatemala"}]},{"@type":"WebSite","@id":"https:\/\/montysinternational.com\/#website","url":"https:\/\/montysinternational.com\/","name":"Monty&#039;s International","description":"","publisher":{"@id":"https:\/\/montysinternational.com\/#organization"},"potentialAction":[{"@type":"SearchAction","target":{"@type":"EntryPoint","urlTemplate":"https:\/\/montysinternational.com\/?s={search_term_string}"},"query-input":{"@type":"PropertyValueSpecification","valueRequired":true,"valueName":"search_term_string"}}],"inLanguage":"fr-FR"},{"@type":"Organization","@id":"https:\/\/montysinternational.com\/#organization","name":"Monty's Plant Food","url":"https:\/\/montysinternational.com\/","logo":{"@type":"ImageObject","inLanguage":"fr-FR","@id":"https:\/\/montysinternational.com\/#\/schema\/logo\/image\/","url":"https:\/\/montysinternational.com\/wp-content\/uploads\/2020\/09\/Website-Logo-TEST.png","contentUrl":"https:\/\/montysinternational.com\/wp-content\/uploads\/2020\/09\/Website-Logo-TEST.png","width":505,"height":358,"caption":"Monty's Plant Food"},"image":{"@id":"https:\/\/montysinternational.com\/#\/schema\/logo\/image\/"}}]}},"_links":{"self":[{"href":"https:\/\/montysinternational.com\/fr\/wp-json\/wp\/v2\/pages\/12595","targetHints":{"allow":["GET"]}}],"collection":[{"href":"https:\/\/montysinternational.com\/fr\/wp-json\/wp\/v2\/pages"}],"about":[{"href":"https:\/\/montysinternational.com\/fr\/wp-json\/wp\/v2\/types\/page"}],"author":[{"embeddable":true,"href":"https:\/\/montysinternational.com\/fr\/wp-json\/wp\/v2\/users\/17"}],"replies":[{"embeddable":true,"href":"https:\/\/montysinternational.com\/fr\/wp-json\/wp\/v2\/comments?post=12595"}],"version-history":[{"count":10,"href":"https:\/\/montysinternational.com\/fr\/wp-json\/wp\/v2\/pages\/12595\/revisions"}],"predecessor-version":[{"id":13268,"href":"https:\/\/montysinternational.com\/fr\/wp-json\/wp\/v2\/pages\/12595\/revisions\/13268"}],"wp:attachment":[{"href":"https:\/\/montysinternational.com\/fr\/wp-json\/wp\/v2\/media?parent=12595"}],"curies":[{"name":"wp","href":"https:\/\/api.w.org\/{rel}","templated":true}]}}