{"id":12549,"date":"2022-09-15T11:25:57","date_gmt":"2022-09-15T15:25:57","guid":{"rendered":"https:\/\/montysplantfood.com\/?page_id=12549"},"modified":"2025-04-11T08:43:48","modified_gmt":"2025-04-11T12:43:48","slug":"team","status":"publish","type":"page","link":"https:\/\/montysinternational.com\/fr\/brazil\/team\/","title":{"rendered":"L'\u00e9quipe du Br\u00e9sil"},"content":{"rendered":"<h1>\n\t\tL'\u00e9quipe du Br\u00e9sil\n\t<\/h1>\n\t\t\t\t<img loading=\"lazy\" decoding=\"async\" src=\"https:\/\/montysinternational.com\/wp-content\/uploads\/2022\/06\/Marcos-4x5-1-819x1024.png\" alt=\"Marcos\" itemprop=\"image\" height=\"1024\" width=\"819\" title=\"Marcos\" onerror=\"this.style.display='none'\"  \/>\n\t\t\t\t<img loading=\"lazy\" decoding=\"async\" src=\"https:\/\/montysinternational.com\/wp-content\/uploads\/2022\/06\/Gabriel-4x5-1-819x1024.png\" alt=\"Gabriel\" itemprop=\"image\" height=\"1024\" width=\"819\" title=\"Gabriel\" onerror=\"this.style.display='none'\"  \/>\n\t\t\t\t<img loading=\"lazy\" decoding=\"async\" src=\"https:\/\/montysinternational.com\/wp-content\/uploads\/2024\/01\/Sangalli-Jeff.png\" alt=\"Sangalli-Jeff\" itemprop=\"image\" height=\"1200\" width=\"1200\" title=\"Sangalli-Jeff\" onerror=\"this.style.display='none'\"  \/>\n\t\t\t\t<img loading=\"lazy\" decoding=\"async\" src=\"https:\/\/montysinternational.com\/wp-content\/uploads\/2022\/06\/Marcel-4x5-1-819x1024.png\" alt=\"Marcel\" itemprop=\"image\" height=\"1024\" width=\"819\" title=\"Marcel\" onerror=\"this.style.display='none'\"  \/>\n\t\t\t\t<img loading=\"lazy\" decoding=\"async\" src=\"https:\/\/montysinternational.com\/wp-content\/uploads\/2024\/01\/Lambert-4x4-1.png\" alt=\"Lambert 4x4\" itemprop=\"image\" height=\"1200\" width=\"1200\" title=\"Lambert 4x4\" onerror=\"this.style.display='none'\"  \/>\n\t\t\t\t<img loading=\"lazy\" decoding=\"async\" src=\"https:\/\/montysinternational.com\/wp-content\/uploads\/2024\/01\/Barbara-Tucker-4x4-1.png\" alt=\"Barbara Tucker 4x4\" itemprop=\"image\" height=\"1200\" width=\"1200\" title=\"Barbara Tucker 4x4\" onerror=\"this.style.display='none'\"  \/>\n\t<h2><strong>Marcos Gaio <img loading=\"lazy\" decoding=\"async\" src=\"https:\/\/montysinternational.com\/wp-content\/uploads\/2020\/08\/flag-brazil-300x219.png\" alt=\"\" width=\"92\" height=\"67\" \/><\/strong><\/h2>\n<h5>Directeur national pour le Br\u00e9sil<\/h5>\n<p>Marcos Gaio, agronome, est dipl\u00f4m\u00e9 de l'universit\u00e9 f\u00e9d\u00e9rale de Vi\u00e7osa - MG - Br\u00e9sil. Il est titulaire d'un dipl\u00f4me de troisi\u00e8me cycle en marketing et publicit\u00e9 de l'ESPM - SP - Br\u00e9sil, d'un MBA en agroalimentaire de la FGV et d'un MBA international de l'universit\u00e9 de l'Ohio - \u00c9tats-Unis. Marcos a une grande exp\u00e9rience de l'agro-industrie br\u00e9silienne et internationale. Il a travaill\u00e9 pour DuPont, FMC, Nufarm et Gowan au Br\u00e9sil, aux \u00c9tats-Unis, au Mexique et dans toute l'Am\u00e9rique latine, o\u00f9 il a occup\u00e9 plusieurs postes dans les domaines de la vente, du marketing et de la recherche et du d\u00e9veloppement. Il a \u00e9galement si\u00e9g\u00e9 au conseil d'administration de quatre entreprises diff\u00e9rentes en Am\u00e9rique latine.<\/p>\n<p>R\u00e9cemment, Marcos a travaill\u00e9 comme consultant technique dans le domaine agricole, aidant Monty's Plant Food \u00e0 d\u00e9velopper ses activit\u00e9s dans le monde entier.<\/p>\n<p><a href=\"mailto:Marcos.Gaio@montysplantfood.com\">Marcos.Gaio@montysplantfood.com<\/a><\/p>\n<p><a href=\"tel:5511975789609\">+55 11 97578 9609<\/a><\/p>\n\t<h2><strong>Gabriel Barros <img loading=\"lazy\" decoding=\"async\" src=\"https:\/\/montysinternational.com\/wp-content\/uploads\/2020\/08\/flag-brazil-300x219.png\" alt=\"\" width=\"92\" height=\"67\" \/><\/strong><\/h2>\n<h5>Directeur des op\u00e9rations au Br\u00e9sil<\/h5>\n<p>Gabriel Prado de Barros est un chef d'entreprise ayant une formation en marketing et en finance, ainsi qu'une entreprise agricole familiale de troisi\u00e8me g\u00e9n\u00e9ration. Il est titulaire d'une ma\u00eetrise en commerce international de la Hult International Business School \u00e0 SF, Boston et New York (l'\u00e9cole de commerce la plus internationale au monde, class\u00e9e dans le Top 10 du Financial Times), et d'un troisi\u00e8me cycle en sciences appliqu\u00e9es de la consommation de l'ESPM (la meilleure universit\u00e9 br\u00e9silienne en mati\u00e8re de marketing).<\/p>\n<p>L'exp\u00e9rience de Gabriel comprend des projets pour de nombreuses startups et soci\u00e9t\u00e9s dans un large \u00e9ventail de secteurs, principalement ax\u00e9s sur l'agro-industrie et les investissements. Actuellement, Gabriel travaille comme directeur des op\u00e9rations br\u00e9siliennes pour Monty's Plant Food, aidant l'entreprise \u00e0 s'implanter au Br\u00e9sil.<\/p>\n<p><a href=\"mailto:Gabriel.Barros@montysplantfood.com\">Gabriel.Barros@montysplantfood.com<\/a><\/p>\n<p><a href=\"tel:5565999834503\">+55 65 99983 4503<\/a><\/p>\n\t<h2><strong>Jeff Sangalli <\/strong><strong><img loading=\"lazy\" decoding=\"async\" src=\"https:\/\/montysinternational.com\/wp-content\/uploads\/2022\/03\/AFlag-300x180.jpg\" alt=\"\" width=\"95\" height=\"57\" \/><\/strong><\/h2>\n<h5>Directeur g\u00e9n\u00e9ral, Monty's Plant Food Co.<\/h5>\n<p>En tant que directeur g\u00e9n\u00e9ral de Monty's Plant Food Co. Jeff est responsable de la vision, de la strat\u00e9gie et de la direction g\u00e9n\u00e9rales de Monty's. Au cours de ses 25 ann\u00e9es de carri\u00e8re prolifique, Jeff a occup\u00e9 divers postes de direction, notamment dans les domaines de la planification strat\u00e9gique et de l'innovation en R&amp;D, de la planification et du d\u00e9veloppement de produits, de la planification et de l'ex\u00e9cution de l'offre et de la demande \u00e0 l'\u00e9chelle mondiale, ainsi que de la gestion de la fabrication et des op\u00e9rations dans des entreprises telles que Monty's, Lexmark International et Ford Motor Company. En outre, Jeff est titulaire de cinq brevets am\u00e9ricains.<\/p>\n<p>La formation de Jeff comprend : M.B.A., Xavier University (Williams College of Business &amp; Administration), Cincinnati, OH ; M.Eng., ing\u00e9nierie, University of Louisville (Speed Scientific School), Louisville, KY ; et B.S.E.S., University of Louisville (Speed Scientific School), Louisville, KY.<\/p>\n\t<h2><strong>Marcel Barbier <\/strong><strong><img loading=\"lazy\" decoding=\"async\" src=\"https:\/\/montysinternational.com\/wp-content\/uploads\/2022\/03\/AFlag-300x180.jpg\" alt=\"\" width=\"95\" height=\"57\" \/><\/strong><\/h2>\n<h5>Chef technique international<\/h5>\n<p>Dr Barbier is a soil-plant scientist with 20+ years of experience in the development, enhancement, and marketing of products for the conventional and organic markets.\u00a0 He has a Bachelor&#8217;s degree in Agronomy, a Master&#8217;s Degree in Crop Protection in International Commerce, and a Doctorate in Soil and Plant Science, with a minor in Plant Health Management.\u00a0 Dr. Barbier has experience working with vegetables, row crops, orchards, and tropical crops.\u00a0 He has worked for multinational companies such as Chiquita, Monsanto, Bayer, Syngenta, Stockton, and Rio Tinto (US Borax). In 2010 Dr. Barbier founded a consultancy company that is focused on helping companies develop and launch products.<\/p>\n<p>Depuis le d\u00e9but de l'ann\u00e9e 2020, le Dr Barbier est au service de Monty's Plant Food en tant que responsable technique international. Il se concentre sur l'\u00e9valuation des produits et la formation des agriculteurs aux avantages des substances humiques activ\u00e9es de Monty's et \u00e0 la mani\u00e8re dont ces produits am\u00e9liorent la sant\u00e9 des sols et la stabilisation des nutriments... ce qui permet d'augmenter le rendement et la qualit\u00e9 des r\u00e9coltes.<\/p>\n<p><a href=\"mailto:Marcel.Barbier@montysplantfood.com\">Marcel.Barbier@montysplantfood.com<\/a><\/p>\n<p><a href=\"tel:7724806831\">(772) 480-6831<\/a><\/p>\n\t<h2><strong>Lambert Franklin <\/strong><strong><img loading=\"lazy\" decoding=\"async\" src=\"https:\/\/montysinternational.com\/wp-content\/uploads\/2022\/03\/AFlag-300x180.jpg\" alt=\"\" width=\"95\" height=\"57\" \/><\/strong><\/h2>\n<h5>Logistique nationale et internationale<\/h5>\n<p><a href=\"mailto:lambert.franklin@montysplantfood.com\">Lambert.Franklin@montysplantfood.com<\/a><\/p>\n<p><a href=\"tel:5026531104\">(502) 653-1104<\/a><\/p>\n\t<h2><strong>Barbara Tucker <\/strong><strong><img loading=\"lazy\" decoding=\"async\" src=\"https:\/\/montysinternational.com\/wp-content\/uploads\/2022\/03\/AFlag-300x180.jpg\" alt=\"\" width=\"95\" height=\"57\" \/><\/strong><\/h2>\n<h5>Logistique internationale<\/h5>\n<p><a href=\"mailto:barbara.tucker@montysplantfood.com\">Barbara.Tucker@montysplantfood.com<\/a><\/p>\n<p><a href=\"tel:5024899888\">(502) 489-9888<\/a><\/p>","protected":false},"excerpt":{"rendered":"<p>\u00c9quipe du Br\u00e9sil Marcos Gaio Directeur national du Br\u00e9sil Marcos Gaio, agronome, est dipl\u00f4m\u00e9 de l'Universit\u00e9 f\u00e9d\u00e9rale de Vi\u00e7osa - MG - Br\u00e9sil. Il est titulaire d'un dipl\u00f4me de troisi\u00e8me cycle en marketing et publicit\u00e9 de l'ESPM - SP - Br\u00e9sil, d'un MBA en agroalimentaire de la FGV et d'un MBA international de l'Universit\u00e9 de l'Ohio - \u00c9tats-Unis. Marcos poss\u00e8de une exp\u00e9rience significative dans...<\/p>","protected":false},"author":17,"featured_media":0,"parent":12548,"menu_order":0,"comment_status":"closed","ping_status":"closed","template":"","meta":{"_acf_changed":false,"_monsterinsights_skip_tracking":false,"_monsterinsights_sitenote_active":false,"_monsterinsights_sitenote_note":"","_monsterinsights_sitenote_category":0,"footnotes":""},"class_list":["post-12549","page","type-page","status-publish","hentry"],"acf":[],"yoast_head":"<!-- This site is optimized with the Yoast SEO plugin v27.3 - https:\/\/yoast.com\/product\/yoast-seo-wordpress\/ -->\n<title>Brazil Team - Monty&#039;s International<\/title>\n<meta name=\"robots\" content=\"index, follow, max-snippet:-1, max-image-preview:large, max-video-preview:-1\" \/>\n<link rel=\"canonical\" href=\"https:\/\/montysinternational.com\/fr\/brazil\/team\/\" \/>\n<meta property=\"og:locale\" content=\"fr_FR\" \/>\n<meta property=\"og:type\" content=\"article\" \/>\n<meta property=\"og:title\" content=\"Brazil Team - Monty&#039;s International\" \/>\n<meta property=\"og:description\" content=\"Brazil Team Marcos Gaio Brazil Country Manager Marcos Gaio, Agronomist, graduated from the Federal University of Vi\u00e7osa &#8211; MG &#8211; Brazil. He holds a post-graduate degree in Marketing and Advertising from ESPM &#8211; SP &#8211; Brazil, an MBA in Agribusiness from FGV, and International MBA from Ohio University &#8211; USA. Marcos has significant experience in&hellip;\" \/>\n<meta property=\"og:url\" content=\"https:\/\/montysinternational.com\/fr\/brazil\/team\/\" \/>\n<meta property=\"og:site_name\" content=\"Monty&#039;s International\" \/>\n<meta property=\"article:modified_time\" content=\"2025-04-11T12:43:48+00:00\" \/>\n<meta property=\"og:image\" content=\"https:\/\/montysinternational.com\/wp-content\/uploads\/2022\/06\/Marcos-4x5-1-819x1024.png\" \/>\n<meta name=\"twitter:card\" content=\"summary_large_image\" \/>\n<script type=\"application\/ld+json\" class=\"yoast-schema-graph\">{\"@context\":\"https:\\\/\\\/schema.org\",\"@graph\":[{\"@type\":\"WebPage\",\"@id\":\"https:\\\/\\\/montysinternational.com\\\/brazil\\\/team\\\/\",\"url\":\"https:\\\/\\\/montysinternational.com\\\/brazil\\\/team\\\/\",\"name\":\"Brazil Team - Monty&#039;s International\",\"isPartOf\":{\"@id\":\"https:\\\/\\\/montysinternational.com\\\/#website\"},\"primaryImageOfPage\":{\"@id\":\"https:\\\/\\\/montysinternational.com\\\/brazil\\\/team\\\/#primaryimage\"},\"image\":{\"@id\":\"https:\\\/\\\/montysinternational.com\\\/brazil\\\/team\\\/#primaryimage\"},\"thumbnailUrl\":\"https:\\\/\\\/montysinternational.com\\\/wp-content\\\/uploads\\\/2022\\\/06\\\/Marcos-4x5-1-819x1024.png\",\"datePublished\":\"2022-09-15T15:25:57+00:00\",\"dateModified\":\"2025-04-11T12:43:48+00:00\",\"breadcrumb\":{\"@id\":\"https:\\\/\\\/montysinternational.com\\\/brazil\\\/team\\\/#breadcrumb\"},\"inLanguage\":\"fr-FR\",\"potentialAction\":[{\"@type\":\"ReadAction\",\"target\":[\"https:\\\/\\\/montysinternational.com\\\/brazil\\\/team\\\/\"]}]},{\"@type\":\"ImageObject\",\"inLanguage\":\"fr-FR\",\"@id\":\"https:\\\/\\\/montysinternational.com\\\/brazil\\\/team\\\/#primaryimage\",\"url\":\"https:\\\/\\\/montysinternational.com\\\/wp-content\\\/uploads\\\/2022\\\/06\\\/Marcos-4x5-1-819x1024.png\",\"contentUrl\":\"https:\\\/\\\/montysinternational.com\\\/wp-content\\\/uploads\\\/2022\\\/06\\\/Marcos-4x5-1-819x1024.png\"},{\"@type\":\"BreadcrumbList\",\"@id\":\"https:\\\/\\\/montysinternational.com\\\/brazil\\\/team\\\/#breadcrumb\",\"itemListElement\":[{\"@type\":\"ListItem\",\"position\":1,\"name\":\"Home\",\"item\":\"https:\\\/\\\/montysinternational.com\\\/\"},{\"@type\":\"ListItem\",\"position\":2,\"name\":\"Brazil\",\"item\":\"https:\\\/\\\/montysinternational.com\\\/brazil\\\/\"},{\"@type\":\"ListItem\",\"position\":3,\"name\":\"Brazil Team\"}]},{\"@type\":\"WebSite\",\"@id\":\"https:\\\/\\\/montysinternational.com\\\/#website\",\"url\":\"https:\\\/\\\/montysinternational.com\\\/\",\"name\":\"Monty&#039;s International\",\"description\":\"\",\"publisher\":{\"@id\":\"https:\\\/\\\/montysinternational.com\\\/#organization\"},\"potentialAction\":[{\"@type\":\"SearchAction\",\"target\":{\"@type\":\"EntryPoint\",\"urlTemplate\":\"https:\\\/\\\/montysinternational.com\\\/?s={search_term_string}\"},\"query-input\":{\"@type\":\"PropertyValueSpecification\",\"valueRequired\":true,\"valueName\":\"search_term_string\"}}],\"inLanguage\":\"fr-FR\"},{\"@type\":\"Organization\",\"@id\":\"https:\\\/\\\/montysinternational.com\\\/#organization\",\"name\":\"Monty's Plant Food\",\"url\":\"https:\\\/\\\/montysinternational.com\\\/\",\"logo\":{\"@type\":\"ImageObject\",\"inLanguage\":\"fr-FR\",\"@id\":\"https:\\\/\\\/montysinternational.com\\\/#\\\/schema\\\/logo\\\/image\\\/\",\"url\":\"https:\\\/\\\/montysinternational.com\\\/wp-content\\\/uploads\\\/2020\\\/09\\\/Website-Logo-TEST.png\",\"contentUrl\":\"https:\\\/\\\/montysinternational.com\\\/wp-content\\\/uploads\\\/2020\\\/09\\\/Website-Logo-TEST.png\",\"width\":505,\"height\":358,\"caption\":\"Monty's Plant Food\"},\"image\":{\"@id\":\"https:\\\/\\\/montysinternational.com\\\/#\\\/schema\\\/logo\\\/image\\\/\"}}]}<\/script>\n<!-- \/ Yoast SEO plugin. -->","yoast_head_json":{"title":"Brazil Team - Monty&#039;s International","robots":{"index":"index","follow":"follow","max-snippet":"max-snippet:-1","max-image-preview":"max-image-preview:large","max-video-preview":"max-video-preview:-1"},"canonical":"https:\/\/montysinternational.com\/fr\/brazil\/team\/","og_locale":"fr_FR","og_type":"article","og_title":"Brazil Team - Monty&#039;s International","og_description":"Brazil Team Marcos Gaio Brazil Country Manager Marcos Gaio, Agronomist, graduated from the Federal University of Vi\u00e7osa &#8211; MG &#8211; Brazil. He holds a post-graduate degree in Marketing and Advertising from ESPM &#8211; SP &#8211; Brazil, an MBA in Agribusiness from FGV, and International MBA from Ohio University &#8211; USA. Marcos has significant experience in&hellip;","og_url":"https:\/\/montysinternational.com\/fr\/brazil\/team\/","og_site_name":"Monty&#039;s International","article_modified_time":"2025-04-11T12:43:48+00:00","og_image":[{"url":"https:\/\/montysinternational.com\/wp-content\/uploads\/2022\/06\/Marcos-4x5-1-819x1024.png","type":"","width":"","height":""}],"twitter_card":"summary_large_image","schema":{"@context":"https:\/\/schema.org","@graph":[{"@type":"WebPage","@id":"https:\/\/montysinternational.com\/brazil\/team\/","url":"https:\/\/montysinternational.com\/brazil\/team\/","name":"Brazil Team - Monty&#039;s International","isPartOf":{"@id":"https:\/\/montysinternational.com\/#website"},"primaryImageOfPage":{"@id":"https:\/\/montysinternational.com\/brazil\/team\/#primaryimage"},"image":{"@id":"https:\/\/montysinternational.com\/brazil\/team\/#primaryimage"},"thumbnailUrl":"https:\/\/montysinternational.com\/wp-content\/uploads\/2022\/06\/Marcos-4x5-1-819x1024.png","datePublished":"2022-09-15T15:25:57+00:00","dateModified":"2025-04-11T12:43:48+00:00","breadcrumb":{"@id":"https:\/\/montysinternational.com\/brazil\/team\/#breadcrumb"},"inLanguage":"fr-FR","potentialAction":[{"@type":"ReadAction","target":["https:\/\/montysinternational.com\/brazil\/team\/"]}]},{"@type":"ImageObject","inLanguage":"fr-FR","@id":"https:\/\/montysinternational.com\/brazil\/team\/#primaryimage","url":"https:\/\/montysinternational.com\/wp-content\/uploads\/2022\/06\/Marcos-4x5-1-819x1024.png","contentUrl":"https:\/\/montysinternational.com\/wp-content\/uploads\/2022\/06\/Marcos-4x5-1-819x1024.png"},{"@type":"BreadcrumbList","@id":"https:\/\/montysinternational.com\/brazil\/team\/#breadcrumb","itemListElement":[{"@type":"ListItem","position":1,"name":"Home","item":"https:\/\/montysinternational.com\/"},{"@type":"ListItem","position":2,"name":"Brazil","item":"https:\/\/montysinternational.com\/brazil\/"},{"@type":"ListItem","position":3,"name":"Brazil Team"}]},{"@type":"WebSite","@id":"https:\/\/montysinternational.com\/#website","url":"https:\/\/montysinternational.com\/","name":"Monty&#039;s International","description":"","publisher":{"@id":"https:\/\/montysinternational.com\/#organization"},"potentialAction":[{"@type":"SearchAction","target":{"@type":"EntryPoint","urlTemplate":"https:\/\/montysinternational.com\/?s={search_term_string}"},"query-input":{"@type":"PropertyValueSpecification","valueRequired":true,"valueName":"search_term_string"}}],"inLanguage":"fr-FR"},{"@type":"Organization","@id":"https:\/\/montysinternational.com\/#organization","name":"Monty's Plant Food","url":"https:\/\/montysinternational.com\/","logo":{"@type":"ImageObject","inLanguage":"fr-FR","@id":"https:\/\/montysinternational.com\/#\/schema\/logo\/image\/","url":"https:\/\/montysinternational.com\/wp-content\/uploads\/2020\/09\/Website-Logo-TEST.png","contentUrl":"https:\/\/montysinternational.com\/wp-content\/uploads\/2020\/09\/Website-Logo-TEST.png","width":505,"height":358,"caption":"Monty's Plant Food"},"image":{"@id":"https:\/\/montysinternational.com\/#\/schema\/logo\/image\/"}}]}},"_links":{"self":[{"href":"https:\/\/montysinternational.com\/fr\/wp-json\/wp\/v2\/pages\/12549","targetHints":{"allow":["GET"]}}],"collection":[{"href":"https:\/\/montysinternational.com\/fr\/wp-json\/wp\/v2\/pages"}],"about":[{"href":"https:\/\/montysinternational.com\/fr\/wp-json\/wp\/v2\/types\/page"}],"author":[{"embeddable":true,"href":"https:\/\/montysinternational.com\/fr\/wp-json\/wp\/v2\/users\/17"}],"replies":[{"embeddable":true,"href":"https:\/\/montysinternational.com\/fr\/wp-json\/wp\/v2\/comments?post=12549"}],"version-history":[{"count":11,"href":"https:\/\/montysinternational.com\/fr\/wp-json\/wp\/v2\/pages\/12549\/revisions"}],"predecessor-version":[{"id":13362,"href":"https:\/\/montysinternational.com\/fr\/wp-json\/wp\/v2\/pages\/12549\/revisions\/13362"}],"up":[{"embeddable":true,"href":"https:\/\/montysinternational.com\/fr\/wp-json\/wp\/v2\/pages\/12548"}],"wp:attachment":[{"href":"https:\/\/montysinternational.com\/fr\/wp-json\/wp\/v2\/media?parent=12549"}],"curies":[{"name":"wp","href":"https:\/\/api.w.org\/{rel}","templated":true}]}}