{"id":12548,"date":"2022-11-11T16:47:15","date_gmt":"2022-11-11T21:47:15","guid":{"rendered":"https:\/\/montysplantfood.com\/?page_id=12548"},"modified":"2024-01-29T13:32:56","modified_gmt":"2024-01-29T18:32:56","slug":"brazil","status":"publish","type":"page","link":"https:\/\/montysinternational.com\/fr\/brazil\/","title":{"rendered":"Br\u00e9sil"},"content":{"rendered":"<h1>\n\t\tBr\u00e9sil\n\t<\/h1>\n<h2>\n\t\tMaximiser la qualit\u00e9 et la quantit\u00e9 de vos rendements\n\t<\/h2>\n\t<p>L'objectif premier de Monty a toujours \u00e9t\u00e9 d'aider les agriculteurs \u00e0 mieux r\u00e9ussir. Nous offrons aux agriculteurs br\u00e9siliens des solutions nutritives \u00e0 haute efficacit\u00e9 - qu'il s'agisse d'engrais de d\u00e9marrage dans le sillon, d'amendements \u00e0 base d'humus \u00e0 la pointe de l'industrie ou de paquets de nutriments appliqu\u00e9s par voie foliaire - con\u00e7ues pour assurer un meilleur d\u00e9veloppement des racines, des plantes plus saines et, en fin de compte, des rendements plus \u00e9lev\u00e9s !<\/p>\n<p>Monty's est votre source de confiance pour des conseils fiables et des produits innovants, scientifiquement fond\u00e9s, pour les plantes et le sol, qui facilitent l'augmentation des rendements de haute qualit\u00e9 tout en am\u00e9liorant la qualit\u00e9 du sol \u00e0 long terme. Monty's... des conseillers de confiance. Des solutions \u00e9prouv\u00e9es. Parlez \u00e0 votre repr\u00e9sentant Monty's d\u00e8s aujourd'hui !<\/p>\n\t\t\t\t\t\t\t\t\t<img loading=\"lazy\" decoding=\"async\" src=\"https:\/\/montysinternational.com\/wp-content\/uploads\/2020\/08\/flag-brazil.png\" alt=\"flag-brazil\" itemprop=\"image\" height=\"436\" width=\"597\" srcset=\"https:\/\/montysinternational.com\/wp-content\/uploads\/2020\/08\/flag-brazil.png 597w, https:\/\/montysinternational.com\/wp-content\/uploads\/2020\/08\/flag-brazil-300x219.png 300w\" sizes=\"auto, (max-width: 597px) 100vw, 597px\" title=\"drapeau-br\u00e9sil\" onerror=\"this.style.display='none'\"  \/>\n\t<a href=\"https:\/\/montysinternational.com\/fr\/brazil\/team\/\" target=\"_self\" role=\"button\" aria-label=\"Notre \u00e9quipe br\u00e9silienne\" rel=\"noopener\">\n\t\t\t\t\t\tNotre \u00e9quipe br\u00e9silienne\n\t\t\t\t\t<\/a>\n<h2>\n\t\tPrincipaux produits disponibles au Br\u00e9sil\n\t<\/h2>\n<h3>\n\t\tCarbone-N liquide de Monty\n\t<\/h3>\n\tL'amendement de sol Monty's Liquid Carbon-N est con\u00e7u pour aider \u00e0<br \/>\nla d\u00e9composition de la mati\u00e8re organique. Il peut am\u00e9liorer la gestion de l'humidit\u00e9 dans votre sol. Ce produit contient de l'acide humique activ\u00e9 de Monty's, qui est trait\u00e9 \u00e0 l'aide de notre technologie exclusive. L'acide humique peut am\u00e9liorer l'absorption des micronutriments.\n\t\t\t<a href=\"https:\/\/montysinternational.com\/wp-content\/uploads\/2024\/01\/1213-Montys-Liquid-Carbon-N-Sheet-Brazil-Portuguese-WEB.pdf\" target=\"_blank\" role=\"button\" rel=\"noopener\">\n\t\t\t\t\t\tFiche produit\n\t\t\t\t\t<\/a>\n\t\t\t<a href=\"https:\/\/montysinternational.com\/wp-content\/uploads\/2023\/01\/MNT_MontysLiquidCarbon_POR_5003BR_10Litros_FT.pdf\" target=\"_blank\" role=\"button\" rel=\"noopener\">\n\t\t\t\t\t\t\u00c9tiquette\n\t\t\t\t\t<\/a>\n<h3>\n\t\tHumihance\n\t<\/h3>\n\t<p>Humihance est un enrobage d'engrais \u00e0 base d'humus qui apporte rapidement et efficacement des avantages en mati\u00e8re de gestion des nutriments sans inhiber l'activit\u00e9 des bact\u00e9ries naturelles du sol. Il est id\u00e9al pour le m\u00e9lange de tous les engrais granulaires et est compatible avec une vari\u00e9t\u00e9 d'oligo-\u00e9l\u00e9ments et d'engrais pr\u00e9trait\u00e9s.\u00a0\u00a0<\/p>\n\t\t\t<a href=\"https:\/\/montysinternational.com\/wp-content\/uploads\/2024\/01\/1213-Humihance-Sheet-Brazil-Portuguese-WEB.pdf\" target=\"_blank\" role=\"button\" rel=\"noopener\">\n\t\t\t\t\t\tFiche produit\n\t\t\t\t\t<\/a>\n\t\t\t<a href=\"https:\/\/montysinternational.com\/wp-content\/uploads\/2023\/01\/MNT_Humihance_POR_5005BR_9.46L_FT_V1.pdf\" target=\"_blank\" role=\"button\" rel=\"noopener\">\n\t\t\t\t\t\t\u00c9tiquette\n\t\t\t\t\t<\/a>\n<h3>\n\t\tLe Dri-Carbon de Monty\n\t<\/h3>\n\t<p>Monty's Dri-Carbon offre les m\u00eames avantages que Monty's Liquid Carbon, mais sous forme de granul\u00e9s.<\/p>\n\t\t\t<a href=\"https:\/\/montysinternational.com\/wp-content\/uploads\/2024\/01\/1213-Montys-Dri-Carbon-Sheet-Brazil-Portuguese-WEB.pdf\" target=\"_blank\" role=\"button\" rel=\"noopener\">\n\t\t\t\t\t\tFiche produit\n\t\t\t\t\t<\/a>\n\t\t\t<a href=\"https:\/\/montysinternational.com\/wp-content\/uploads\/2023\/01\/MNT_Dri-Carbon_POR_8B_V118.pdf\" target=\"_blank\" role=\"button\" rel=\"noopener\">\n\t\t\t\t\t\t\u00c9tiquette\n\t\t\t\t\t<\/a>\n<h3>\n\t\tMagmaHume\n\t<\/h3>\n\t<p>MagmaHume est une combinaison unique de basalte, source d'\u00e9l\u00e9ments secondaires et de micronutriments, et d'humus activ\u00e9s, propri\u00e9t\u00e9 de Monty, pour am\u00e9liorer la fertilit\u00e9 et la sant\u00e9 du sol. MagmaHume est naturel, organique et \u00e9quilibr\u00e9 pour une meilleure croissance, apportant plus d'\u00e9nergie \u00e0 vos plantes.<\/p>\n\t\t\t<a href=\"https:\/\/montysplantfood.com\/products\/magmahume\/\" target=\"_blank\" role=\"button\" rel=\"noopener\">\n\t\t\t\t\t\tFiche produit\n\t\t\t\t\t<\/a>\n\t\t\t<a href=\"https:\/\/montysinternational.com\/wp-content\/uploads\/2023\/01\/MagmaHume-Rotulo-oficial.pdf\" target=\"_blank\" role=\"button\" rel=\"noopener\">\n\t\t\t\t\t\t\u00c9tiquette\n\t\t\t\t\t<\/a>\n<h3>\n\t\tMonty's Ultra-N\n\t<\/h3>\n\t<p>Humihance est un enrobage d'engrais \u00e0 base d'humus qui apporte rapidement et efficacement des avantages en mati\u00e8re de gestion des nutriments sans inhiber l'activit\u00e9 des bact\u00e9ries naturelles du sol. Il est id\u00e9al pour le m\u00e9lange de tous les engrais granulaires et est compatible avec une vari\u00e9t\u00e9 d'oligo-\u00e9l\u00e9ments et d'engrais pr\u00e9trait\u00e9s.\u00a0\u00a0<\/p>\n\t\t\t<a href=\"https:\/\/montysinternational.com\/wp-content\/uploads\/2024\/01\/1213-Montys-Ultra-N-Sheet-Brazil-Portuguese-WEB.pdf\" target=\"_blank\" role=\"button\" rel=\"noopener\">\n\t\t\t\t\t\tFiche produit\n\t\t\t\t\t<\/a>\n\t\t\t<a href=\"https:\/\/montysinternational.com\/wp-content\/uploads\/2023\/01\/MNT_Ultra-N_POR_8B_V1.pdf\" target=\"_blank\" role=\"button\" rel=\"noopener\">\n\t\t\t\t\t\t\u00c9tiquette\n\t\t\t\t\t<\/a>\n<h3>\n\t\tSurge XD\n\t<\/h3>\n\t<p>Surge XD est con\u00e7u pour \u00eatre utilis\u00e9 avec des engrais liquides afin de faciliter l'absorption des nutriments par les tissus v\u00e9g\u00e9taux.<\/p>\n\t\t\t<a href=\"https:\/\/montysinternational.com\/wp-content\/uploads\/2024\/01\/1213-Surge-XD-Sheet-Brazil-Portuguese-WEB.pdf\" target=\"_blank\" role=\"button\" rel=\"noopener\">\n\t\t\t\t\t\tFiche produit\n\t\t\t\t\t<\/a>\n\t\t\t<a href=\"\" target=\"_blank\" role=\"button\" rel=\"noopener\">\n\t\t\t\t\t\t\u00c9tiquette\n\t\t\t\t\t<\/a>\n\t<a href=\"https:\/\/montysinternational.com\/wp-content\/uploads\/2023\/02\/Humic-Brochure_Brazil_Portuguese.pdf\" target=\"_blank\" role=\"button\" rel=\"noopener\" aria-label=\"Humiques et sant\u00e9 des sols\">\n\t\t\t\t\t\tHumiques et sant\u00e9 des sols\n\t\t\t\t\t<\/a>\n<h2>\n\t\tDes solutions pour les plantes et le sol qui travaillent aussi dur que vous.\n\t<\/h2>\n\t<p>D\u00e9couvrez comment nous aidons des milliers d'agriculteurs dans des dizaines de pays du monde entier \u00e0 trouver de meilleures r\u00e9ponses, \u00e0 appliquer des solutions avec plus de pr\u00e9cision et \u00e0 maximiser le potentiel de leurs champs.<\/p>\n\t\t\t\t\t\t\t<img decoding=\"async\" src=\"https:\/\/montysinternational.com\/wp-content\/uploads\/2020\/08\/icon-corn.png\" alt=\"icon-corn\" \/>\n\t\t<h3>Ma\u00efs<\/h3>\n\t\t\t\t\t\t\t<img decoding=\"async\" src=\"https:\/\/montysinternational.com\/wp-content\/uploads\/2020\/08\/icon-soybeans.png\" alt=\"icon-soybeans\" \/>\n\t\t<h3>Soja<\/h3>\n\t\t\t\t\t\t\t<img decoding=\"async\" src=\"https:\/\/montysinternational.com\/wp-content\/uploads\/2020\/12\/MNT_Icons_SugarCane.png\" alt=\"MNT_Icons_SugarCane\" \/>\n\t\t<h3>Canne \u00e0 sucre<\/h3>\n\t\t\t\t\t\t\t<img decoding=\"async\" src=\"https:\/\/montysinternational.com\/wp-content\/uploads\/2022\/12\/Crop_Icon_Cotton.png\" alt=\"Crop_Icon_Cotton\" \/>\n\t\t<h3>Coton<\/h3>\n<h2>\n\t\tChangeons l'avenir de l'agriculture br\u00e9silienne\n\t<\/h2>\n\t<p>D\u00e9couvrez comment nous aidons des milliers d'agriculteurs dans des dizaines de pays du monde entier \u00e0 trouver de meilleures r\u00e9ponses, \u00e0 appliquer des solutions avec plus de pr\u00e9cision et \u00e0 maximiser le potentiel de leurs champs.<\/p>\n<h3>\n\t\tCONTACTS\n\t<\/h3>\n\t<strong>Gabriel Barros<\/strong>\nDirecteur des op\u00e9rations au Br\u00e9sil\n<a title=\"mailto:GBarros@montysplantfood.com\" contenteditable=\"false\" href=\"mailto:GBarros@montysplantfood.com\">Courriel : GBarros@montysplantfood.com<\/a>\n<a href=\"tel:55659999834503\">+55 65 999983-4503<\/a>\n<strong>Marcos Gaio<\/strong>\nDirecteur national pour le Br\u00e9sil\n<a title=\"mailto:MGaio@montysplantfood.com\" contenteditable=\"false\" href=\"mailto:MGaio@montysplantfood.com\">E-mail : MGaio@montysplantfood.com<\/a>\n<a href=\"tel:5511975789609\">+55 11 97578-9609<\/a>\n<h3>\n\t\tBureau br\u00e9silien de l'entreprise : FERTILIZANTES MONTY'S\n\t<\/h3>\n\tRodovia Presidente Castelo Branco,\n11.100 Km 30,5 - Modulo G\nJardim Maria Cristina\nBarueri - SP - Brasil\nCEP : 06.421-400\nCNPJ : 23.020.505\/0001-13","protected":false},"excerpt":{"rendered":"<p>Br\u00e9sil Maximisez la qualit\u00e9 et la quantit\u00e9 de vos rendements L'objectif premier de Monty a toujours \u00e9t\u00e9 d'aider les agriculteurs \u00e0 mieux r\u00e9ussir. Nous proposons aux agriculteurs br\u00e9siliens des solutions nutritives \u00e0 haute efficacit\u00e9 - qu'il s'agisse d'engrais de d\u00e9marrage dans le sillon, d'amendements \u00e0 base d'humus \u00e0 la pointe de l'industrie ou de paquets de nutriments appliqu\u00e9s par voie foliaire - con\u00e7ues pour am\u00e9liorer le d\u00e9veloppement des racines, la sant\u00e9 des plantes et, en fin de compte, les rendements !....<\/p>","protected":false},"author":17,"featured_media":0,"parent":0,"menu_order":0,"comment_status":"closed","ping_status":"closed","template":"","meta":{"_acf_changed":false,"_monsterinsights_skip_tracking":false,"_monsterinsights_sitenote_active":false,"_monsterinsights_sitenote_note":"","_monsterinsights_sitenote_category":0,"footnotes":""},"class_list":["post-12548","page","type-page","status-publish","hentry"],"acf":[],"yoast_head":"<!-- This site is optimized with the Yoast SEO plugin v27.3 - https:\/\/yoast.com\/product\/yoast-seo-wordpress\/ -->\n<title>Brazil - Monty&#039;s International<\/title>\n<meta name=\"robots\" content=\"index, follow, max-snippet:-1, max-image-preview:large, max-video-preview:-1\" \/>\n<link rel=\"canonical\" href=\"https:\/\/montysinternational.com\/fr\/brazil\/\" \/>\n<meta property=\"og:locale\" content=\"fr_FR\" \/>\n<meta property=\"og:type\" content=\"article\" \/>\n<meta property=\"og:title\" content=\"Brazil - Monty&#039;s International\" \/>\n<meta property=\"og:description\" content=\"Brazil Maximize The Quality and Quantity Of Your Yields Monty&#8217;s primary goals has always been to help farmers be more successful. We offer Brazilian farmers high efficiency nutrient solutions &#8211; whether in-furrow starters, industry-leading humic-based soil conditioners, or foliar applied nutrient packages &#8211; designed to bring better root development, healthier plants, and ultimately higher yields!&hellip;\" \/>\n<meta property=\"og:url\" content=\"https:\/\/montysinternational.com\/fr\/brazil\/\" \/>\n<meta property=\"og:site_name\" content=\"Monty&#039;s International\" \/>\n<meta property=\"article:modified_time\" content=\"2024-01-29T18:32:56+00:00\" \/>\n<meta property=\"og:image\" content=\"https:\/\/montysinternational.com\/wp-content\/uploads\/2020\/08\/flag-brazil.png\" \/>\n<meta name=\"twitter:card\" content=\"summary_large_image\" \/>\n<meta name=\"twitter:label1\" content=\"Est. reading time\" \/>\n\t<meta name=\"twitter:data1\" content=\"10 minutes\" \/>\n<script type=\"application\/ld+json\" class=\"yoast-schema-graph\">{\"@context\":\"https:\\\/\\\/schema.org\",\"@graph\":[{\"@type\":\"WebPage\",\"@id\":\"https:\\\/\\\/montysinternational.com\\\/brazil\\\/\",\"url\":\"https:\\\/\\\/montysinternational.com\\\/brazil\\\/\",\"name\":\"Brazil - Monty&#039;s International\",\"isPartOf\":{\"@id\":\"https:\\\/\\\/montysinternational.com\\\/#website\"},\"primaryImageOfPage\":{\"@id\":\"https:\\\/\\\/montysinternational.com\\\/brazil\\\/#primaryimage\"},\"image\":{\"@id\":\"https:\\\/\\\/montysinternational.com\\\/brazil\\\/#primaryimage\"},\"thumbnailUrl\":\"https:\\\/\\\/montysinternational.com\\\/wp-content\\\/uploads\\\/2020\\\/08\\\/flag-brazil.png\",\"datePublished\":\"2022-11-11T21:47:15+00:00\",\"dateModified\":\"2024-01-29T18:32:56+00:00\",\"breadcrumb\":{\"@id\":\"https:\\\/\\\/montysinternational.com\\\/brazil\\\/#breadcrumb\"},\"inLanguage\":\"fr-FR\",\"potentialAction\":[{\"@type\":\"ReadAction\",\"target\":[\"https:\\\/\\\/montysinternational.com\\\/brazil\\\/\"]}]},{\"@type\":\"ImageObject\",\"inLanguage\":\"fr-FR\",\"@id\":\"https:\\\/\\\/montysinternational.com\\\/brazil\\\/#primaryimage\",\"url\":\"https:\\\/\\\/montysinternational.com\\\/wp-content\\\/uploads\\\/2020\\\/08\\\/flag-brazil.png\",\"contentUrl\":\"https:\\\/\\\/montysinternational.com\\\/wp-content\\\/uploads\\\/2020\\\/08\\\/flag-brazil.png\"},{\"@type\":\"BreadcrumbList\",\"@id\":\"https:\\\/\\\/montysinternational.com\\\/brazil\\\/#breadcrumb\",\"itemListElement\":[{\"@type\":\"ListItem\",\"position\":1,\"name\":\"Home\",\"item\":\"https:\\\/\\\/montysinternational.com\\\/\"},{\"@type\":\"ListItem\",\"position\":2,\"name\":\"Brazil\"}]},{\"@type\":\"WebSite\",\"@id\":\"https:\\\/\\\/montysinternational.com\\\/#website\",\"url\":\"https:\\\/\\\/montysinternational.com\\\/\",\"name\":\"Monty&#039;s International\",\"description\":\"\",\"publisher\":{\"@id\":\"https:\\\/\\\/montysinternational.com\\\/#organization\"},\"potentialAction\":[{\"@type\":\"SearchAction\",\"target\":{\"@type\":\"EntryPoint\",\"urlTemplate\":\"https:\\\/\\\/montysinternational.com\\\/?s={search_term_string}\"},\"query-input\":{\"@type\":\"PropertyValueSpecification\",\"valueRequired\":true,\"valueName\":\"search_term_string\"}}],\"inLanguage\":\"fr-FR\"},{\"@type\":\"Organization\",\"@id\":\"https:\\\/\\\/montysinternational.com\\\/#organization\",\"name\":\"Monty's Plant Food\",\"url\":\"https:\\\/\\\/montysinternational.com\\\/\",\"logo\":{\"@type\":\"ImageObject\",\"inLanguage\":\"fr-FR\",\"@id\":\"https:\\\/\\\/montysinternational.com\\\/#\\\/schema\\\/logo\\\/image\\\/\",\"url\":\"https:\\\/\\\/montysinternational.com\\\/wp-content\\\/uploads\\\/2020\\\/09\\\/Website-Logo-TEST.png\",\"contentUrl\":\"https:\\\/\\\/montysinternational.com\\\/wp-content\\\/uploads\\\/2020\\\/09\\\/Website-Logo-TEST.png\",\"width\":505,\"height\":358,\"caption\":\"Monty's Plant Food\"},\"image\":{\"@id\":\"https:\\\/\\\/montysinternational.com\\\/#\\\/schema\\\/logo\\\/image\\\/\"}}]}<\/script>\n<!-- \/ Yoast SEO plugin. -->","yoast_head_json":{"title":"Brazil - Monty&#039;s International","robots":{"index":"index","follow":"follow","max-snippet":"max-snippet:-1","max-image-preview":"max-image-preview:large","max-video-preview":"max-video-preview:-1"},"canonical":"https:\/\/montysinternational.com\/fr\/brazil\/","og_locale":"fr_FR","og_type":"article","og_title":"Brazil - Monty&#039;s International","og_description":"Brazil Maximize The Quality and Quantity Of Your Yields Monty&#8217;s primary goals has always been to help farmers be more successful. We offer Brazilian farmers high efficiency nutrient solutions &#8211; whether in-furrow starters, industry-leading humic-based soil conditioners, or foliar applied nutrient packages &#8211; designed to bring better root development, healthier plants, and ultimately higher yields!&hellip;","og_url":"https:\/\/montysinternational.com\/fr\/brazil\/","og_site_name":"Monty&#039;s International","article_modified_time":"2024-01-29T18:32:56+00:00","og_image":[{"url":"https:\/\/montysinternational.com\/wp-content\/uploads\/2020\/08\/flag-brazil.png","type":"","width":"","height":""}],"twitter_card":"summary_large_image","twitter_misc":{"Est. reading time":"10 minutes"},"schema":{"@context":"https:\/\/schema.org","@graph":[{"@type":"WebPage","@id":"https:\/\/montysinternational.com\/brazil\/","url":"https:\/\/montysinternational.com\/brazil\/","name":"Brazil - Monty&#039;s International","isPartOf":{"@id":"https:\/\/montysinternational.com\/#website"},"primaryImageOfPage":{"@id":"https:\/\/montysinternational.com\/brazil\/#primaryimage"},"image":{"@id":"https:\/\/montysinternational.com\/brazil\/#primaryimage"},"thumbnailUrl":"https:\/\/montysinternational.com\/wp-content\/uploads\/2020\/08\/flag-brazil.png","datePublished":"2022-11-11T21:47:15+00:00","dateModified":"2024-01-29T18:32:56+00:00","breadcrumb":{"@id":"https:\/\/montysinternational.com\/brazil\/#breadcrumb"},"inLanguage":"fr-FR","potentialAction":[{"@type":"ReadAction","target":["https:\/\/montysinternational.com\/brazil\/"]}]},{"@type":"ImageObject","inLanguage":"fr-FR","@id":"https:\/\/montysinternational.com\/brazil\/#primaryimage","url":"https:\/\/montysinternational.com\/wp-content\/uploads\/2020\/08\/flag-brazil.png","contentUrl":"https:\/\/montysinternational.com\/wp-content\/uploads\/2020\/08\/flag-brazil.png"},{"@type":"BreadcrumbList","@id":"https:\/\/montysinternational.com\/brazil\/#breadcrumb","itemListElement":[{"@type":"ListItem","position":1,"name":"Home","item":"https:\/\/montysinternational.com\/"},{"@type":"ListItem","position":2,"name":"Brazil"}]},{"@type":"WebSite","@id":"https:\/\/montysinternational.com\/#website","url":"https:\/\/montysinternational.com\/","name":"Monty&#039;s International","description":"","publisher":{"@id":"https:\/\/montysinternational.com\/#organization"},"potentialAction":[{"@type":"SearchAction","target":{"@type":"EntryPoint","urlTemplate":"https:\/\/montysinternational.com\/?s={search_term_string}"},"query-input":{"@type":"PropertyValueSpecification","valueRequired":true,"valueName":"search_term_string"}}],"inLanguage":"fr-FR"},{"@type":"Organization","@id":"https:\/\/montysinternational.com\/#organization","name":"Monty's Plant Food","url":"https:\/\/montysinternational.com\/","logo":{"@type":"ImageObject","inLanguage":"fr-FR","@id":"https:\/\/montysinternational.com\/#\/schema\/logo\/image\/","url":"https:\/\/montysinternational.com\/wp-content\/uploads\/2020\/09\/Website-Logo-TEST.png","contentUrl":"https:\/\/montysinternational.com\/wp-content\/uploads\/2020\/09\/Website-Logo-TEST.png","width":505,"height":358,"caption":"Monty's Plant Food"},"image":{"@id":"https:\/\/montysinternational.com\/#\/schema\/logo\/image\/"}}]}},"_links":{"self":[{"href":"https:\/\/montysinternational.com\/fr\/wp-json\/wp\/v2\/pages\/12548","targetHints":{"allow":["GET"]}}],"collection":[{"href":"https:\/\/montysinternational.com\/fr\/wp-json\/wp\/v2\/pages"}],"about":[{"href":"https:\/\/montysinternational.com\/fr\/wp-json\/wp\/v2\/types\/page"}],"author":[{"embeddable":true,"href":"https:\/\/montysinternational.com\/fr\/wp-json\/wp\/v2\/users\/17"}],"replies":[{"embeddable":true,"href":"https:\/\/montysinternational.com\/fr\/wp-json\/wp\/v2\/comments?post=12548"}],"version-history":[{"count":10,"href":"https:\/\/montysinternational.com\/fr\/wp-json\/wp\/v2\/pages\/12548\/revisions"}],"predecessor-version":[{"id":13267,"href":"https:\/\/montysinternational.com\/fr\/wp-json\/wp\/v2\/pages\/12548\/revisions\/13267"}],"wp:attachment":[{"href":"https:\/\/montysinternational.com\/fr\/wp-json\/wp\/v2\/media?parent=12548"}],"curies":[{"name":"wp","href":"https:\/\/api.w.org\/{rel}","templated":true}]}}