{"id":90,"date":"2020-08-19T21:46:33","date_gmt":"2020-08-20T01:46:33","guid":{"rendered":"http:\/\/localhost:10003\/results\/"},"modified":"2024-01-16T11:37:48","modified_gmt":"2024-01-16T16:37:48","slug":"results","status":"publish","type":"page","link":"https:\/\/montysinternational.com\/es\/results\/","title":{"rendered":"Datos del ensayo"},"content":{"rendered":"<h1>\n\t\tPruebas de campo y datos de ensayo\n\t<\/h1>\n<h2>\n\t\tPruebas de campo y datos de ensayo\n\t<\/h2>\n\t<p>Monty's prueba constantemente sus productos tanto en el laboratorio como sobre el terreno. A lo largo de las dos \u00faltimas d\u00e9cadas, hemos acumulado una cantidad impresionante de datos. Tanto si busca investigaci\u00f3n sobre un cultivo o producto espec\u00edfico, lo m\u00e1s probable es que dispongamos de los datos que desea. Gracias a nuestro equipo interno de investigaci\u00f3n, a los ensayos de terceros y a las demostraciones sobre el terreno, puede estar seguro de que hemos probado nuestros productos en casi todas las condiciones que pueda imaginar.<\/p>\n\t<ul>\n<li><a href=\"https:\/\/montysinternational.com\/wp-content\/uploads\/2020\/09\/2011-Wheat-Trial-Ron-Mulford-UMD.pdf\" target=\"_blank\" rel=\"noopener\">Wheat Trial &#8211; Ron Mulford UMD<\/a><\/li>\n<li><a href=\"https:\/\/montysinternational.com\/wp-content\/uploads\/2020\/09\/2010-Tobacco-Trial-Albany-KY.pdf\" target=\"_blank\" rel=\"noopener\">Tobacco Trial &#8211; Albany, KY<\/a><\/li>\n<li><a href=\"https:\/\/montysinternational.com\/wp-content\/uploads\/2020\/09\/2012-Corn-Trial-U-of-GA.pdf\" target=\"_blank\" rel=\"noopener\">Corn Trial &#8211; U of GA<\/a><\/li>\n<li><a href=\"https:\/\/montysinternational.com\/wp-content\/uploads\/2020\/09\/2011-Corn-Trial-Dr.-Ron-Heiniger.pdf\" target=\"_blank\" rel=\"noopener\">Corn Trial &#8211; Dr. Ron Heiniger<\/a><\/li>\n<li><a href=\"https:\/\/montysinternational.com\/wp-content\/uploads\/2020\/09\/2010-Corn-Trial-Nebraska.pdf\" target=\"_blank\" rel=\"noopener\">Corn Trial &#8211; Nebraska<\/a><\/li>\n<li><a href=\"https:\/\/montysinternational.com\/wp-content\/uploads\/2020\/09\/2010-USDA-Soybean-Yield-Stoneville-MS.pdf\" target=\"_blank\" rel=\"noopener\">USDA Soybean Yield &#8211; Stoneville, MS<\/a><\/li>\n<li><a href=\"https:\/\/montysinternational.com\/wp-content\/uploads\/2020\/09\/USDA-Cotton-Yield-Stoneville-MS-2010.pdf\" target=\"_blank\" rel=\"noopener\">USDA Cotton Yield &#8211; Stoneville, MS<\/a><\/li>\n<li><a href=\"https:\/\/montysinternational.com\/wp-content\/uploads\/2020\/09\/USDA-Cotton-Yield-Stoneville-MS-2009.pdf\" target=\"_blank\" rel=\"noopener\">USDA Cotton Yield &#8211; Stoneville, MS<\/a><\/li>\n<li><a href=\"https:\/\/montysinternational.com\/wp-content\/uploads\/2020\/09\/Soybeans-Foliar-Trial-Aurora-NE-2012.pdf\" target=\"_blank\" rel=\"noopener\">Foliar Soybean Trial &#8211; Aurora, NE<\/a><\/li>\n<li><a href=\"https:\/\/montysinternational.com\/wp-content\/uploads\/2020\/09\/Foliar-Soybean-Treatment-MD-Soybean-Board-2011.pdf\" target=\"_blank\" rel=\"noopener\">Foliar Soybean Treatment &#8211; MD Soybean Board<\/a><\/li>\n<li><a href=\"https:\/\/montysinternational.com\/wp-content\/uploads\/2020\/09\/Sweet-Potato-USDA-Trial-2010.pdf\" target=\"_blank\" rel=\"noopener\">USDA Sweet PotatoTrial &#8211; Stoneville, MS<\/a><\/li>\n<li><a href=\"https:\/\/montysinternational.com\/wp-content\/uploads\/2020\/09\/Sweet-Potato-USDA-Trial-2009.pdf\" target=\"_blank\" rel=\"noopener\">USDA Sweet Potato Trial &#8211; Stoneville, MS<\/a><\/li>\n<li><a href=\"https:\/\/montysinternational.com\/wp-content\/uploads\/2020\/09\/2012-Sugar-Beet-Trial.pdf\" target=\"_blank\" rel=\"noopener\">Ensayo sobre la remolacha azucarera<\/a><\/li>\n<li><a href=\"https:\/\/montysinternational.com\/wp-content\/uploads\/2020\/09\/Tobacco_Trial-20122.pdf\" target=\"_blank\" rel=\"noopener\">Tobacco Trial &#8211; Warsaw, KY<\/a><\/li>\n<li><a href=\"https:\/\/montysinternational.com\/wp-content\/uploads\/2020\/09\/Wheat-Carbon-Testimonial.pdf\" target=\"_blank\" rel=\"noopener\">Carb\u00f3n l\u00edquido en el trigo<\/a><\/li>\n<li><a href=\"https:\/\/montysinternational.com\/wp-content\/uploads\/2020\/09\/2011-2012-Wheat-Trials-Dr.-Ron-Heiniger-NCSU.pdf\" target=\"_blank\" rel=\"noopener\">Wheat Trials &#8211; Dr. Ron Heiniger NCSU<\/a><\/li>\n<li><a href=\"https:\/\/montysinternational.com\/wp-content\/uploads\/2020\/09\/Monty-research-farm-trial-4-testimonial.pdf\" target=\"_blank\" rel=\"noopener\">Monty&#8217;s Research Farm Trial 4<\/a><\/li>\n<li><a href=\"https:\/\/montysinternational.com\/wp-content\/uploads\/2020\/09\/Monty-research-farm-trial-3-testimonial.pdf\" target=\"_blank\" rel=\"noopener\">Monty&#8217;s Research Farm Trial 3<\/a><\/li>\n<li><a href=\"https:\/\/montysinternational.com\/wp-content\/uploads\/2020\/09\/Monty-research-farm-trial-2-testimonial.pdf\" target=\"_blank\" rel=\"noopener\">Monty&#8217;s Research Farm Trial 2<\/a><\/li>\n<li><a href=\"https:\/\/montysinternational.com\/wp-content\/uploads\/2020\/09\/Monty-research-farm-trial-1-testimonial.pdf\" target=\"_blank\" rel=\"noopener\">Monty&#8217;s Research Farm Trial 1<\/a><\/li>\n<li><a href=\"https:\/\/montysinternational.com\/wp-content\/uploads\/2020\/09\/Maryland-Wheat-Testimonial-E.pdf\" target=\"_blank\" rel=\"noopener\">Prueba E del trigo de Maryland<\/a><\/li>\n<li><a href=\"https:\/\/montysinternational.com\/wp-content\/uploads\/2020\/09\/Maryland-Wheat-Testimonial-D.pdf\" target=\"_blank\" rel=\"noopener\">Prueba D del trigo de Maryland<\/a><\/li>\n<li><a href=\"https:\/\/montysinternational.com\/wp-content\/uploads\/2020\/09\/Maryland-Wheat-Testimonial-C.pdf\" target=\"_blank\" rel=\"noopener\">Prueba C del trigo de Maryland<\/a><\/li>\n<li><a href=\"https:\/\/montysinternational.com\/wp-content\/uploads\/2020\/09\/Maryland-Wheat-Testimonial-B.pdf\" target=\"_blank\" rel=\"noopener\">Prueba B del trigo de Maryland<\/a><\/li>\n<li><a href=\"https:\/\/montysinternational.com\/wp-content\/uploads\/2020\/09\/Maryland-Wheat-Testimonial-A.pdf\" target=\"_blank\" rel=\"noopener\">Prueba A del trigo de Maryland<\/a><\/li>\n<li><a href=\"https:\/\/montysinternational.com\/wp-content\/uploads\/2020\/09\/Colorado-Wheat-Irrigation.pdf\" target=\"_blank\" rel=\"noopener\">Ensayo de trigo de regad\u00edo en Colorado<\/a><\/li>\n<li><a href=\"https:\/\/montysinternational.com\/wp-content\/uploads\/2020\/09\/2011-Alfalfa-Trials-Fields-1-2.pdf\" target=\"_blank\" rel=\"noopener\">Alfalfa-Trials-Campos 1 y 2<\/a><\/li>\n<li><a href=\"https:\/\/montysinternational.com\/wp-content\/uploads\/2020\/09\/2012-Real-Farm-Research-Corn-Trial.pdf\" target=\"_blank\" rel=\"noopener\">Ensayo de ma\u00edz de Real Farm Research<\/a><\/li>\n<\/ul>\n\t<p><a href=\"https:\/\/montysinternational.com\/wp-content\/uploads\/2020\/10\/Research_1.jpg\"><img loading=\"lazy\" decoding=\"async\" src=\"https:\/\/montysinternational.com\/wp-content\/uploads\/2020\/10\/Research_1.jpg\" alt=\"\" width=\"450\" height=\"300\" \/><\/a><\/p>\n<p><a href=\"https:\/\/montysinternational.com\/wp-content\/uploads\/2020\/10\/Research_2.jpg\"><img loading=\"lazy\" decoding=\"async\" src=\"https:\/\/montysinternational.com\/wp-content\/uploads\/2020\/10\/Research_2.jpg\" alt=\"\" width=\"450\" height=\"300\" \/><\/a><\/p>\n<p><a href=\"https:\/\/montysinternational.com\/wp-content\/uploads\/2020\/10\/Research_3.png\"><img loading=\"lazy\" decoding=\"async\" src=\"https:\/\/montysinternational.com\/wp-content\/uploads\/2020\/10\/Research_3.png\" alt=\"\" width=\"450\" height=\"300\" \/><\/a><\/p>\n<p><a href=\"https:\/\/montysinternational.com\/wp-content\/uploads\/2020\/10\/Research_4.jpg\"><img loading=\"lazy\" decoding=\"async\" src=\"https:\/\/montysinternational.com\/wp-content\/uploads\/2020\/10\/Research_4.jpg\" alt=\"\" width=\"450\" height=\"300\" \/><\/a><\/p>\n<p><a href=\"https:\/\/montysinternational.com\/wp-content\/uploads\/2020\/10\/Research_5.jpg\"><img loading=\"lazy\" decoding=\"async\" src=\"https:\/\/montysinternational.com\/wp-content\/uploads\/2020\/10\/Research_5.jpg\" alt=\"\" width=\"450\" height=\"300\" \/><\/a><\/p>","protected":false},"excerpt":{"rendered":"<p>Ensayos de campo y datos de prueba Ensayos de campo y datos de prueba Monty's prueba constantemente sus productos tanto en el laboratorio como en el campo. A lo largo de las dos \u00faltimas d\u00e9cadas, hemos acumulado una cantidad impresionante de datos. Tanto si busca investigaci\u00f3n sobre un cultivo o producto espec\u00edfico, lo m\u00e1s probable es que tengamos...<\/p>","protected":false},"author":20,"featured_media":0,"parent":0,"menu_order":11,"comment_status":"closed","ping_status":"closed","template":"","meta":{"_acf_changed":false,"_monsterinsights_skip_tracking":false,"_monsterinsights_sitenote_active":false,"_monsterinsights_sitenote_note":"","_monsterinsights_sitenote_category":0,"footnotes":""},"class_list":["post-90","page","type-page","status-publish","hentry"],"acf":[],"yoast_head":"<!-- This site is optimized with the Yoast SEO plugin v27.3 - https:\/\/yoast.com\/product\/yoast-seo-wordpress\/ -->\n<title>Trial Data - Monty&#039;s International<\/title>\n<meta name=\"robots\" content=\"index, follow, max-snippet:-1, max-image-preview:large, max-video-preview:-1\" \/>\n<link rel=\"canonical\" href=\"https:\/\/montysinternational.com\/es\/results\/\" \/>\n<meta property=\"og:locale\" content=\"es_ES\" \/>\n<meta property=\"og:type\" content=\"article\" \/>\n<meta property=\"og:title\" content=\"Trial Data - Monty&#039;s International\" \/>\n<meta property=\"og:description\" content=\"Field Trials and Test Data Field Trials and Test Data Monty&#8217;s is constantly testing its products in both the lab and the field. Over the course of the last two decades, we have amassed an impressive amount of data. Whether you are looking for research on a specific crop or product, we most likely have&hellip;\" \/>\n<meta property=\"og:url\" content=\"https:\/\/montysinternational.com\/es\/results\/\" \/>\n<meta property=\"og:site_name\" content=\"Monty&#039;s International\" \/>\n<meta property=\"article:modified_time\" content=\"2024-01-16T16:37:48+00:00\" \/>\n<meta property=\"og:image\" content=\"https:\/\/montysinternational.com\/wp-content\/uploads\/2020\/10\/Research_1.jpg\" \/>\n<meta name=\"twitter:card\" content=\"summary_large_image\" \/>\n<meta name=\"twitter:label1\" content=\"Est. reading time\" \/>\n\t<meta name=\"twitter:data1\" content=\"1 minute\" \/>\n<script type=\"application\/ld+json\" class=\"yoast-schema-graph\">{\"@context\":\"https:\\\/\\\/schema.org\",\"@graph\":[{\"@type\":\"WebPage\",\"@id\":\"https:\\\/\\\/montysinternational.com\\\/results\\\/\",\"url\":\"https:\\\/\\\/montysinternational.com\\\/results\\\/\",\"name\":\"Trial Data - Monty&#039;s International\",\"isPartOf\":{\"@id\":\"https:\\\/\\\/montysinternational.com\\\/#website\"},\"primaryImageOfPage\":{\"@id\":\"https:\\\/\\\/montysinternational.com\\\/results\\\/#primaryimage\"},\"image\":{\"@id\":\"https:\\\/\\\/montysinternational.com\\\/results\\\/#primaryimage\"},\"thumbnailUrl\":\"https:\\\/\\\/montysinternational.com\\\/wp-content\\\/uploads\\\/2020\\\/10\\\/Research_1.jpg\",\"datePublished\":\"2020-08-20T01:46:33+00:00\",\"dateModified\":\"2024-01-16T16:37:48+00:00\",\"breadcrumb\":{\"@id\":\"https:\\\/\\\/montysinternational.com\\\/results\\\/#breadcrumb\"},\"inLanguage\":\"es-GT\",\"potentialAction\":[{\"@type\":\"ReadAction\",\"target\":[\"https:\\\/\\\/montysinternational.com\\\/results\\\/\"]}]},{\"@type\":\"ImageObject\",\"inLanguage\":\"es-GT\",\"@id\":\"https:\\\/\\\/montysinternational.com\\\/results\\\/#primaryimage\",\"url\":\"https:\\\/\\\/montysinternational.com\\\/wp-content\\\/uploads\\\/2020\\\/10\\\/Research_1.jpg\",\"contentUrl\":\"https:\\\/\\\/montysinternational.com\\\/wp-content\\\/uploads\\\/2020\\\/10\\\/Research_1.jpg\"},{\"@type\":\"BreadcrumbList\",\"@id\":\"https:\\\/\\\/montysinternational.com\\\/results\\\/#breadcrumb\",\"itemListElement\":[{\"@type\":\"ListItem\",\"position\":1,\"name\":\"Home\",\"item\":\"https:\\\/\\\/montysinternational.com\\\/\"},{\"@type\":\"ListItem\",\"position\":2,\"name\":\"Trial Data\"}]},{\"@type\":\"WebSite\",\"@id\":\"https:\\\/\\\/montysinternational.com\\\/#website\",\"url\":\"https:\\\/\\\/montysinternational.com\\\/\",\"name\":\"Monty&#039;s International\",\"description\":\"\",\"publisher\":{\"@id\":\"https:\\\/\\\/montysinternational.com\\\/#organization\"},\"potentialAction\":[{\"@type\":\"SearchAction\",\"target\":{\"@type\":\"EntryPoint\",\"urlTemplate\":\"https:\\\/\\\/montysinternational.com\\\/?s={search_term_string}\"},\"query-input\":{\"@type\":\"PropertyValueSpecification\",\"valueRequired\":true,\"valueName\":\"search_term_string\"}}],\"inLanguage\":\"es-GT\"},{\"@type\":\"Organization\",\"@id\":\"https:\\\/\\\/montysinternational.com\\\/#organization\",\"name\":\"Monty's Plant Food\",\"url\":\"https:\\\/\\\/montysinternational.com\\\/\",\"logo\":{\"@type\":\"ImageObject\",\"inLanguage\":\"es-GT\",\"@id\":\"https:\\\/\\\/montysinternational.com\\\/#\\\/schema\\\/logo\\\/image\\\/\",\"url\":\"https:\\\/\\\/montysinternational.com\\\/wp-content\\\/uploads\\\/2020\\\/09\\\/Website-Logo-TEST.png\",\"contentUrl\":\"https:\\\/\\\/montysinternational.com\\\/wp-content\\\/uploads\\\/2020\\\/09\\\/Website-Logo-TEST.png\",\"width\":505,\"height\":358,\"caption\":\"Monty's Plant Food\"},\"image\":{\"@id\":\"https:\\\/\\\/montysinternational.com\\\/#\\\/schema\\\/logo\\\/image\\\/\"}}]}<\/script>\n<!-- \/ Yoast SEO plugin. -->","yoast_head_json":{"title":"Trial Data - Monty&#039;s International","robots":{"index":"index","follow":"follow","max-snippet":"max-snippet:-1","max-image-preview":"max-image-preview:large","max-video-preview":"max-video-preview:-1"},"canonical":"https:\/\/montysinternational.com\/es\/results\/","og_locale":"es_ES","og_type":"article","og_title":"Trial Data - Monty&#039;s International","og_description":"Field Trials and Test Data Field Trials and Test Data Monty&#8217;s is constantly testing its products in both the lab and the field. Over the course of the last two decades, we have amassed an impressive amount of data. Whether you are looking for research on a specific crop or product, we most likely have&hellip;","og_url":"https:\/\/montysinternational.com\/es\/results\/","og_site_name":"Monty&#039;s International","article_modified_time":"2024-01-16T16:37:48+00:00","og_image":[{"url":"https:\/\/montysinternational.com\/wp-content\/uploads\/2020\/10\/Research_1.jpg","type":"","width":"","height":""}],"twitter_card":"summary_large_image","twitter_misc":{"Est. reading time":"1 minute"},"schema":{"@context":"https:\/\/schema.org","@graph":[{"@type":"WebPage","@id":"https:\/\/montysinternational.com\/results\/","url":"https:\/\/montysinternational.com\/results\/","name":"Trial Data - Monty&#039;s International","isPartOf":{"@id":"https:\/\/montysinternational.com\/#website"},"primaryImageOfPage":{"@id":"https:\/\/montysinternational.com\/results\/#primaryimage"},"image":{"@id":"https:\/\/montysinternational.com\/results\/#primaryimage"},"thumbnailUrl":"https:\/\/montysinternational.com\/wp-content\/uploads\/2020\/10\/Research_1.jpg","datePublished":"2020-08-20T01:46:33+00:00","dateModified":"2024-01-16T16:37:48+00:00","breadcrumb":{"@id":"https:\/\/montysinternational.com\/results\/#breadcrumb"},"inLanguage":"es-GT","potentialAction":[{"@type":"ReadAction","target":["https:\/\/montysinternational.com\/results\/"]}]},{"@type":"ImageObject","inLanguage":"es-GT","@id":"https:\/\/montysinternational.com\/results\/#primaryimage","url":"https:\/\/montysinternational.com\/wp-content\/uploads\/2020\/10\/Research_1.jpg","contentUrl":"https:\/\/montysinternational.com\/wp-content\/uploads\/2020\/10\/Research_1.jpg"},{"@type":"BreadcrumbList","@id":"https:\/\/montysinternational.com\/results\/#breadcrumb","itemListElement":[{"@type":"ListItem","position":1,"name":"Home","item":"https:\/\/montysinternational.com\/"},{"@type":"ListItem","position":2,"name":"Trial Data"}]},{"@type":"WebSite","@id":"https:\/\/montysinternational.com\/#website","url":"https:\/\/montysinternational.com\/","name":"Monty&#039;s Internacional","description":"","publisher":{"@id":"https:\/\/montysinternational.com\/#organization"},"potentialAction":[{"@type":"SearchAction","target":{"@type":"EntryPoint","urlTemplate":"https:\/\/montysinternational.com\/?s={search_term_string}"},"query-input":{"@type":"PropertyValueSpecification","valueRequired":true,"valueName":"search_term_string"}}],"inLanguage":"es-GT"},{"@type":"Organization","@id":"https:\/\/montysinternational.com\/#organization","name":"Monty's Plant Food","url":"https:\/\/montysinternational.com\/","logo":{"@type":"ImageObject","inLanguage":"es-GT","@id":"https:\/\/montysinternational.com\/#\/schema\/logo\/image\/","url":"https:\/\/montysinternational.com\/wp-content\/uploads\/2020\/09\/Website-Logo-TEST.png","contentUrl":"https:\/\/montysinternational.com\/wp-content\/uploads\/2020\/09\/Website-Logo-TEST.png","width":505,"height":358,"caption":"Monty's Plant Food"},"image":{"@id":"https:\/\/montysinternational.com\/#\/schema\/logo\/image\/"}}]}},"_links":{"self":[{"href":"https:\/\/montysinternational.com\/es\/wp-json\/wp\/v2\/pages\/90","targetHints":{"allow":["GET"]}}],"collection":[{"href":"https:\/\/montysinternational.com\/es\/wp-json\/wp\/v2\/pages"}],"about":[{"href":"https:\/\/montysinternational.com\/es\/wp-json\/wp\/v2\/types\/page"}],"author":[{"embeddable":true,"href":"https:\/\/montysinternational.com\/es\/wp-json\/wp\/v2\/users\/20"}],"replies":[{"embeddable":true,"href":"https:\/\/montysinternational.com\/es\/wp-json\/wp\/v2\/comments?post=90"}],"version-history":[{"count":8,"href":"https:\/\/montysinternational.com\/es\/wp-json\/wp\/v2\/pages\/90\/revisions"}],"predecessor-version":[{"id":13164,"href":"https:\/\/montysinternational.com\/es\/wp-json\/wp\/v2\/pages\/90\/revisions\/13164"}],"wp:attachment":[{"href":"https:\/\/montysinternational.com\/es\/wp-json\/wp\/v2\/media?parent=90"}],"curies":[{"name":"wp","href":"https:\/\/api.w.org\/{rel}","templated":true}]}}