{"id":86,"date":"2020-08-19T21:46:32","date_gmt":"2020-08-20T01:46:32","guid":{"rendered":"http:\/\/localhost:10003\/why-montys\/"},"modified":"2024-01-16T09:12:57","modified_gmt":"2024-01-16T14:12:57","slug":"why-montys","status":"publish","type":"page","link":"https:\/\/montysinternational.com\/es\/why-montys\/","title":{"rendered":"Por qu\u00e9 Monty's"},"content":{"rendered":"<h1>\n\t\tConstruido por agricultores. Para los agricultores.\n\t<\/h1>\n\t<p>Experiencia pr\u00e1ctica para ayudar a que sus campos prosperen<\/p>\n<h2>\n\t\tAsesores de confianza. Soluciones probadas\n\t<\/h2>\n\t<p>El objetivo principal de Monty siempre ha sido ayudar a los agricultores a tener m\u00e1s \u00e9xito. Ofrecemos a los agricultores soluciones nutritivas de alta eficiencia, ya sean iniciadores en el surco, acondicionadores del suelo a base de humus l\u00edderes en la industria o paquetes de nutrientes de aplicaci\u00f3n foliar, dise\u00f1ados para mejorar el desarrollo de las ra\u00edces, la salud de las plantas y, en \u00faltima instancia, \u00a1mayores rendimientos!<\/p>\n<p>Monty's es su fuente de confianza para una orientaci\u00f3n fiable y productos innovadores, respaldados cient\u00edficamente, para plantas y suelos que facilitan la producci\u00f3n de rendimientos mayores y de alta calidad, al tiempo que mejoran la calidad del suelo a largo plazo. Monty's... asesores de confianza. Soluciones probadas. \u00a1Hable hoy mismo con su representante de Monty's!<\/p>\n<p><strong>Nuestra misi\u00f3n.<\/strong> Al proporcionar productos de nutrici\u00f3n vegetal y de suelo fiables y respetuosos con el medio ambiente, ayudamos a nuestros clientes a desarrollar su m\u00e1ximo potencial.<\/p>\n<p><strong>Principios clave. <\/strong>Apoyar el desarrollo de cada empleado. Ir m\u00e1s all\u00e1 para ayudar a nuestros clientes a alcanzar el \u00e9xito. Elegir los materiales de mayor calidad y m\u00e1s respetuosos con el medio ambiente. Actuar con integridad incluso cuando nadie nos mira. No dejar nunca de aprender y desarrollar nuevas tecnolog\u00edas innovadoras.<\/p>\n\n<h2>\n\t\tAsociarse con usted para obtener el mayor y m\u00e1s saludable rendimiento\n\t<\/h2>\n\t\t\t\t\t\t\t\t\t<img loading=\"lazy\" decoding=\"async\" src=\"https:\/\/montysinternational.com\/wp-content\/uploads\/2020\/08\/icon-about-1.png\" alt=\"icon-about-1\" itemprop=\"image\" height=\"216\" width=\"213\" title=\"icono-sobre-1\" onerror=\"this.style.display='none'\"  \/>\n<h3>\n\t\tExpertos en agronom\u00eda que trabajan para usted.\n\t<\/h3>\n\t<p>Desde la resoluci\u00f3n de peque\u00f1os problemas hasta la resurrecci\u00f3n de sus peores campos, su experto en agronom\u00eda local trabajar\u00e1 con usted para ofrecerle soluciones a medida que cumplan sus objetivos.<\/p>\n<h3>\n\t\tVea las m\u00e9tricas que importan.\n\t<\/h3>\n\t<p>No existe una soluci\u00f3n \u00fanica para todos los agricultores. Y si no sabe lo que ocurre bajo la superficie, est\u00e1 cultivando a ciegas. Toma decisiones basadas en datos y en muestras de suelo y plantas de tus campos.<\/p>\n\t\t\t\t\t\t\t\t\t<img loading=\"lazy\" decoding=\"async\" src=\"https:\/\/montysinternational.com\/wp-content\/uploads\/2020\/08\/icon-about-2.png\" alt=\"icon-about-2\" itemprop=\"image\" height=\"215\" width=\"213\" srcset=\"https:\/\/montysinternational.com\/wp-content\/uploads\/2020\/08\/icon-about-2.png 213w, https:\/\/montysinternational.com\/wp-content\/uploads\/2020\/08\/icon-about-2-150x150.png 150w\" sizes=\"auto, (max-width: 213px) 100vw, 213px\" title=\"icono-sobre-2\" onerror=\"this.style.display='none'\"  \/>\n\t\t\t\t\t\t\t\t\t<img loading=\"lazy\" decoding=\"async\" src=\"https:\/\/montysinternational.com\/wp-content\/uploads\/2020\/08\/icon-about-3.png\" alt=\"icon-about-3\" itemprop=\"image\" height=\"216\" width=\"213\" title=\"icono-sobre-3\" onerror=\"this.style.display='none'\"  \/>\n<h3>\n\t\tDerecho a presumir de hect\u00e1reas.\n\t<\/h3>\n\t<p>Usted (y sus vecinos) ver\u00e1n la diferencia de Monty's en los campos utilizados con y sin nuestras soluciones para suelos y plantas. <\/p>\n<h2>\n\t\tNuestra historia\n\t<\/h2>\n<p><strong>Los primeros d\u00edas<\/strong><\/p>\n<p>Lo que empez\u00f3 como una afici\u00f3n para Monty Justice se convirti\u00f3 r\u00e1pidamente en una pasi\u00f3n para toda la vida. Tras jubilarse de una carrera de 32 a\u00f1os en la fabricaci\u00f3n de metales, Monty se dedic\u00f3 a cultivar las rosas m\u00e1s sanas y hermosas. Monty se dio cuenta r\u00e1pidamente de que no hab\u00eda ning\u00fan producto en el mercado que proporcionara una nutrici\u00f3n excelente a sus rosas sin a\u00f1adir sales ni cambiar el pH del suelo.<\/p>\n<p>No contento con ello, Monty inici\u00f3 sus propios ensayos y pruebas a\u00f1adiendo diferentes nutrientes a la tierra y, a lo largo de dos a\u00f1os, cre\u00f3 la f\u00f3rmula patentada Monty's Plant Food.<\/p>\n<p>Inicialmente llamada \"Monty's Joy Juice\", la f\u00f3rmula pronto se convirti\u00f3 en la alegr\u00eda de los jardineros de toda la comunidad de Kentucky donde naci\u00f3 y creci\u00f3. A medida que aumentaban los informes sobre el \u00e9xito de Monty's en los cultivos de huerta, crec\u00eda el inter\u00e9s entre los agricultores de la zona.<\/p>\n<p><strong>Una operaci\u00f3n en crecimiento<\/strong><\/p>\n<p>Dennis Stephens, agricultor generacional del condado de Bourbon (Kentucky) y yerno de Monty's, inici\u00f3 los primeros ensayos en los cultivos de tabaco de su propia familia, para ver si los resultados que hab\u00edan estado observando en rosales y huertos pod\u00edan reproducirse a mayor escala. Tras una sola temporada, asombrados por los resultados, Stephens, junto con otros dos socios, John Petrey y Kevin Voss, convencieron a Monty's de que hab\u00eda llegado el momento de llevar el producto a un p\u00fablico a\u00fan m\u00e1s amplio. Fue entonces, en 1997, cuando se fund\u00f3 Monty's Plant Food Company.<\/p>\n<p>Monty's se ha convertido en el proveedor de confianza de productos para plantas y suelos de agricultores y granjeros de todo Estados Unidos y del mundo. La empresa tambi\u00e9n ha asumido un papel de liderazgo en las conversaciones emergentes sobre la salud del suelo con miembros clave del equipo de Monty's que forman parte de las juntas y comit\u00e9s de Soil Renaissance (Noble Foundation) y Humics Product Trade Association. Monty's tambi\u00e9n sigue realizando ensayos de campo y recopilando datos de campo de sus cultivadores, que se han convertido en verdaderos defensores.<\/p>\n<p>Monty's Plant Food Company respalda su eslogan con cultivadores de todo el mundo, prometiendo \"\u00c9xito a la vista\".<\/p>\n<p><strong>\u00a0<\/strong><\/p>\n<p><strong>Valores familiares de Monty<\/strong><\/p>\n<p>Monty Justice era un hombre lleno de energ\u00eda y entusiasmo sin l\u00edmites, que nunca tem\u00eda probar cosas nuevas. Antes de ser un pionero en la agricultura, tuvo una exitosa carrera en el negocio del metal. Monty fue tambi\u00e9n un marido entregado, un padre cari\u00f1oso y un abuelo muy implicado con sus tres nietos.<\/p>\n<p>Cuando Monty puso en marcha \"Monty's Joy Juice\", lo convirti\u00f3 realmente en un negocio familiar, con su mujer y sus hijos mezclando y envasando el producto a base de humus en el porche trasero de su casa. Cuando se corri\u00f3 la voz sobre el \u00e9xito de su mezcla, Monty se vio embotellando su producto en jarras de leche reciclada de un gal\u00f3n y reparti\u00e9ndolas a clientes de todo el Medio Sur desde el maletero de su coche.<\/p>\n<p>El negocio familiar creci\u00f3 hasta incluir a su yerno, Dennis Stephens. Juntos, Monty y Dennis siguieron desarrollando la marca Monty's Plant Food, conect\u00e1ndose con socios comerciales para ayudar a distribuir el producto en mayores cantidades a agricultores y ganaderos para sus cosechas.<\/p>\n<p>Desde el porche trasero en los a\u00f1os 90 hasta la multimillonaria empresa actual, el efusivo y entusiasta Monty Justice ha hecho un regalo a cultivadores y jardineros de todo el mundo. Como dijo el propio Monty antes de fallecer en 2012: \"El placer est\u00e1 en dar\".<\/p>\n<p><a href=\"https:\/\/montysinternational.com\/wp-content\/uploads\/2020\/10\/Monty_driveway-full-of-roses.jpg\"><img loading=\"lazy\" decoding=\"async\" src=\"https:\/\/montysinternational.com\/wp-content\/uploads\/2020\/10\/Monty_driveway-full-of-roses.jpg\" alt=\"\" width=\"583\" height=\"345\" \/><\/a><\/p>\n<p>&nbsp;<\/p>\n<p>&nbsp;<\/p>\n\t\t\t\tMaximice el potencial de su suelo\n\t\t<h2>Tecnolog\u00eda h\u00famica activa<\/h2>\n\t<p>La diferencia es la activaci\u00f3n. Cuando se aplica la tecnolog\u00eda h\u00famica patentada m\u00e1s activa y soluble del mercado a su suelo, hace que todo lo dem\u00e1s que se aplica funcione mejor.<\/p>\n\t<a href=\"https:\/\/montysplantfood.com\/montys-humics-fulvics\/\" target=\"_self\" role=\"button\" aria-label=\"M\u00e1s informaci\u00f3n\" rel=\"noopener\">\n\t\t\t\t\t\tM\u00e1s informaci\u00f3n\n\t\t\t\t\t<\/a>\n<h2>\n\t\tLo que puede esperar de Monty's\n\t<\/h2>\n\t\t\t\t\t\t\t<img decoding=\"async\" src=\"https:\/\/montysinternational.com\/wp-content\/uploads\/2020\/08\/icon-benefit-1.png\" alt=\"icon-benefit-1\" \/>\n\t\t<h3>Soluciones basadas en datos<\/h3>\n\t\t\t\t\t\t\t<img decoding=\"async\" src=\"https:\/\/montysinternational.com\/wp-content\/uploads\/2020\/08\/icon-benefit-2.png\" alt=\"icon-benefit-2\" \/>\n\t\t<h3>Respuesta y entrega r\u00e1pidas<\/h3>\n\t\t\t\t\t\t\t<img decoding=\"async\" src=\"https:\/\/montysinternational.com\/wp-content\/uploads\/2020\/08\/icon-benefit-3.png\" alt=\"icon-benefit-3\" \/>\n\t\t<h3>Productos innovadores y probados<\/h3>\n\t\t\t\t\t\t\t<img decoding=\"async\" src=\"https:\/\/montysinternational.com\/wp-content\/uploads\/2020\/08\/icon-benefit-4.png\" alt=\"icon-benefit-4\" \/>\n\t\t<h3>Rendimiento alto y sano<\/h3>\n\t\t\t\t\t\t\t<img decoding=\"async\" src=\"https:\/\/montysinternational.com\/wp-content\/uploads\/2020\/08\/icon-benefit-5.png\" alt=\"icon-benefit-5\" \/>\n\t\t<h3>Expertos en agronom\u00eda de confianza<\/h3>\n\t\t\t\t\t\t\t<img decoding=\"async\" src=\"https:\/\/montysinternational.com\/wp-content\/uploads\/2020\/08\/icon-benefit-6.png\" alt=\"icon-benefit-6\" \/>\n\t\t<h3>Materiales responsables con el medio ambiente<\/h3>","protected":false},"excerpt":{"rendered":"<p>Construido por agricultores. Para agricultores. Experiencia pr\u00e1ctica para ayudar a que sus campos prosperen Asesores de confianza. Soluciones probadas El objetivo principal de Monty siempre ha sido ayudar a los agricultores a tener m\u00e1s \u00e9xito. Ofrecemos a los agricultores soluciones nutritivas de alta eficacia, ya sean iniciadores en el surco, acondicionadores del suelo a base de humus l\u00edderes del sector o paquetes de nutrientes de aplicaci\u00f3n foliar, dise\u00f1ados para...<\/p>","protected":false},"author":20,"featured_media":0,"parent":0,"menu_order":7,"comment_status":"closed","ping_status":"closed","template":"","meta":{"_acf_changed":false,"_monsterinsights_skip_tracking":false,"_monsterinsights_sitenote_active":false,"_monsterinsights_sitenote_note":"","_monsterinsights_sitenote_category":0,"footnotes":""},"class_list":["post-86","page","type-page","status-publish","hentry"],"acf":[],"yoast_head":"<!-- This site is optimized with the Yoast SEO plugin v27.3 - https:\/\/yoast.com\/product\/yoast-seo-wordpress\/ -->\n<title>Why Monty\u2019s - Monty&#039;s International<\/title>\n<meta name=\"robots\" content=\"index, follow, max-snippet:-1, max-image-preview:large, max-video-preview:-1\" \/>\n<link rel=\"canonical\" href=\"https:\/\/montysinternational.com\/es\/why-montys\/\" \/>\n<meta property=\"og:locale\" content=\"es_ES\" \/>\n<meta property=\"og:type\" content=\"article\" \/>\n<meta property=\"og:title\" content=\"Why Monty\u2019s - Monty&#039;s International\" \/>\n<meta property=\"og:description\" content=\"Built by Farmers. For Farmers. Hands-On Expertise To Help Your Fields Thrive Trusted Advisors. Proven Solutions Monty&#8217;s primary goal has always been to help farmers be more successful. We offer farmers high efficiency nutrient solutions &#8211; whether in-furrow starters, industry-leading humic-based soil conditioners, or foliar applied nutrient packages &#8211; designed to bring better root development,&hellip;\" \/>\n<meta property=\"og:url\" content=\"https:\/\/montysinternational.com\/es\/why-montys\/\" \/>\n<meta property=\"og:site_name\" content=\"Monty&#039;s International\" \/>\n<meta property=\"article:modified_time\" content=\"2024-01-16T14:12:57+00:00\" \/>\n<meta property=\"og:image\" content=\"https:\/\/montysinternational.com\/wp-content\/uploads\/2020\/08\/icon-about-1.png\" \/>\n<meta name=\"twitter:card\" content=\"summary_large_image\" \/>\n<meta name=\"twitter:label1\" content=\"Est. reading time\" \/>\n\t<meta name=\"twitter:data1\" content=\"6 minutes\" \/>\n<script type=\"application\/ld+json\" class=\"yoast-schema-graph\">{\"@context\":\"https:\\\/\\\/schema.org\",\"@graph\":[{\"@type\":\"WebPage\",\"@id\":\"https:\\\/\\\/montysinternational.com\\\/why-montys\\\/\",\"url\":\"https:\\\/\\\/montysinternational.com\\\/why-montys\\\/\",\"name\":\"Why Monty\u2019s - Monty&#039;s International\",\"isPartOf\":{\"@id\":\"https:\\\/\\\/montysinternational.com\\\/#website\"},\"primaryImageOfPage\":{\"@id\":\"https:\\\/\\\/montysinternational.com\\\/why-montys\\\/#primaryimage\"},\"image\":{\"@id\":\"https:\\\/\\\/montysinternational.com\\\/why-montys\\\/#primaryimage\"},\"thumbnailUrl\":\"https:\\\/\\\/montysinternational.com\\\/wp-content\\\/uploads\\\/2020\\\/08\\\/icon-about-1.png\",\"datePublished\":\"2020-08-20T01:46:32+00:00\",\"dateModified\":\"2024-01-16T14:12:57+00:00\",\"breadcrumb\":{\"@id\":\"https:\\\/\\\/montysinternational.com\\\/why-montys\\\/#breadcrumb\"},\"inLanguage\":\"es-GT\",\"potentialAction\":[{\"@type\":\"ReadAction\",\"target\":[\"https:\\\/\\\/montysinternational.com\\\/why-montys\\\/\"]}]},{\"@type\":\"ImageObject\",\"inLanguage\":\"es-GT\",\"@id\":\"https:\\\/\\\/montysinternational.com\\\/why-montys\\\/#primaryimage\",\"url\":\"https:\\\/\\\/montysinternational.com\\\/wp-content\\\/uploads\\\/2020\\\/08\\\/icon-about-1.png\",\"contentUrl\":\"https:\\\/\\\/montysinternational.com\\\/wp-content\\\/uploads\\\/2020\\\/08\\\/icon-about-1.png\"},{\"@type\":\"BreadcrumbList\",\"@id\":\"https:\\\/\\\/montysinternational.com\\\/why-montys\\\/#breadcrumb\",\"itemListElement\":[{\"@type\":\"ListItem\",\"position\":1,\"name\":\"Home\",\"item\":\"https:\\\/\\\/montysinternational.com\\\/\"},{\"@type\":\"ListItem\",\"position\":2,\"name\":\"Why Monty\u2019s\"}]},{\"@type\":\"WebSite\",\"@id\":\"https:\\\/\\\/montysinternational.com\\\/#website\",\"url\":\"https:\\\/\\\/montysinternational.com\\\/\",\"name\":\"Monty&#039;s International\",\"description\":\"\",\"publisher\":{\"@id\":\"https:\\\/\\\/montysinternational.com\\\/#organization\"},\"potentialAction\":[{\"@type\":\"SearchAction\",\"target\":{\"@type\":\"EntryPoint\",\"urlTemplate\":\"https:\\\/\\\/montysinternational.com\\\/?s={search_term_string}\"},\"query-input\":{\"@type\":\"PropertyValueSpecification\",\"valueRequired\":true,\"valueName\":\"search_term_string\"}}],\"inLanguage\":\"es-GT\"},{\"@type\":\"Organization\",\"@id\":\"https:\\\/\\\/montysinternational.com\\\/#organization\",\"name\":\"Monty's Plant Food\",\"url\":\"https:\\\/\\\/montysinternational.com\\\/\",\"logo\":{\"@type\":\"ImageObject\",\"inLanguage\":\"es-GT\",\"@id\":\"https:\\\/\\\/montysinternational.com\\\/#\\\/schema\\\/logo\\\/image\\\/\",\"url\":\"https:\\\/\\\/montysinternational.com\\\/wp-content\\\/uploads\\\/2020\\\/09\\\/Website-Logo-TEST.png\",\"contentUrl\":\"https:\\\/\\\/montysinternational.com\\\/wp-content\\\/uploads\\\/2020\\\/09\\\/Website-Logo-TEST.png\",\"width\":505,\"height\":358,\"caption\":\"Monty's Plant Food\"},\"image\":{\"@id\":\"https:\\\/\\\/montysinternational.com\\\/#\\\/schema\\\/logo\\\/image\\\/\"}}]}<\/script>\n<!-- \/ Yoast SEO plugin. -->","yoast_head_json":{"title":"Why Monty\u2019s - Monty&#039;s International","robots":{"index":"index","follow":"follow","max-snippet":"max-snippet:-1","max-image-preview":"max-image-preview:large","max-video-preview":"max-video-preview:-1"},"canonical":"https:\/\/montysinternational.com\/es\/why-montys\/","og_locale":"es_ES","og_type":"article","og_title":"Why Monty\u2019s - Monty&#039;s International","og_description":"Built by Farmers. For Farmers. Hands-On Expertise To Help Your Fields Thrive Trusted Advisors. Proven Solutions Monty&#8217;s primary goal has always been to help farmers be more successful. We offer farmers high efficiency nutrient solutions &#8211; whether in-furrow starters, industry-leading humic-based soil conditioners, or foliar applied nutrient packages &#8211; designed to bring better root development,&hellip;","og_url":"https:\/\/montysinternational.com\/es\/why-montys\/","og_site_name":"Monty&#039;s International","article_modified_time":"2024-01-16T14:12:57+00:00","og_image":[{"url":"https:\/\/montysinternational.com\/wp-content\/uploads\/2020\/08\/icon-about-1.png","type":"","width":"","height":""}],"twitter_card":"summary_large_image","twitter_misc":{"Est. reading time":"6 minutes"},"schema":{"@context":"https:\/\/schema.org","@graph":[{"@type":"WebPage","@id":"https:\/\/montysinternational.com\/why-montys\/","url":"https:\/\/montysinternational.com\/why-montys\/","name":"Why Monty\u2019s - Monty&#039;s International","isPartOf":{"@id":"https:\/\/montysinternational.com\/#website"},"primaryImageOfPage":{"@id":"https:\/\/montysinternational.com\/why-montys\/#primaryimage"},"image":{"@id":"https:\/\/montysinternational.com\/why-montys\/#primaryimage"},"thumbnailUrl":"https:\/\/montysinternational.com\/wp-content\/uploads\/2020\/08\/icon-about-1.png","datePublished":"2020-08-20T01:46:32+00:00","dateModified":"2024-01-16T14:12:57+00:00","breadcrumb":{"@id":"https:\/\/montysinternational.com\/why-montys\/#breadcrumb"},"inLanguage":"es-GT","potentialAction":[{"@type":"ReadAction","target":["https:\/\/montysinternational.com\/why-montys\/"]}]},{"@type":"ImageObject","inLanguage":"es-GT","@id":"https:\/\/montysinternational.com\/why-montys\/#primaryimage","url":"https:\/\/montysinternational.com\/wp-content\/uploads\/2020\/08\/icon-about-1.png","contentUrl":"https:\/\/montysinternational.com\/wp-content\/uploads\/2020\/08\/icon-about-1.png"},{"@type":"BreadcrumbList","@id":"https:\/\/montysinternational.com\/why-montys\/#breadcrumb","itemListElement":[{"@type":"ListItem","position":1,"name":"Home","item":"https:\/\/montysinternational.com\/"},{"@type":"ListItem","position":2,"name":"Why Monty\u2019s"}]},{"@type":"WebSite","@id":"https:\/\/montysinternational.com\/#website","url":"https:\/\/montysinternational.com\/","name":"Monty&#039;s Internacional","description":"","publisher":{"@id":"https:\/\/montysinternational.com\/#organization"},"potentialAction":[{"@type":"SearchAction","target":{"@type":"EntryPoint","urlTemplate":"https:\/\/montysinternational.com\/?s={search_term_string}"},"query-input":{"@type":"PropertyValueSpecification","valueRequired":true,"valueName":"search_term_string"}}],"inLanguage":"es-GT"},{"@type":"Organization","@id":"https:\/\/montysinternational.com\/#organization","name":"Monty's Plant Food","url":"https:\/\/montysinternational.com\/","logo":{"@type":"ImageObject","inLanguage":"es-GT","@id":"https:\/\/montysinternational.com\/#\/schema\/logo\/image\/","url":"https:\/\/montysinternational.com\/wp-content\/uploads\/2020\/09\/Website-Logo-TEST.png","contentUrl":"https:\/\/montysinternational.com\/wp-content\/uploads\/2020\/09\/Website-Logo-TEST.png","width":505,"height":358,"caption":"Monty's Plant Food"},"image":{"@id":"https:\/\/montysinternational.com\/#\/schema\/logo\/image\/"}}]}},"_links":{"self":[{"href":"https:\/\/montysinternational.com\/es\/wp-json\/wp\/v2\/pages\/86","targetHints":{"allow":["GET"]}}],"collection":[{"href":"https:\/\/montysinternational.com\/es\/wp-json\/wp\/v2\/pages"}],"about":[{"href":"https:\/\/montysinternational.com\/es\/wp-json\/wp\/v2\/types\/page"}],"author":[{"embeddable":true,"href":"https:\/\/montysinternational.com\/es\/wp-json\/wp\/v2\/users\/20"}],"replies":[{"embeddable":true,"href":"https:\/\/montysinternational.com\/es\/wp-json\/wp\/v2\/comments?post=86"}],"version-history":[{"count":10,"href":"https:\/\/montysinternational.com\/es\/wp-json\/wp\/v2\/pages\/86\/revisions"}],"predecessor-version":[{"id":13159,"href":"https:\/\/montysinternational.com\/es\/wp-json\/wp\/v2\/pages\/86\/revisions\/13159"}],"wp:attachment":[{"href":"https:\/\/montysinternational.com\/es\/wp-json\/wp\/v2\/media?parent=86"}],"curies":[{"name":"wp","href":"https:\/\/api.w.org\/{rel}","templated":true}]}}