{"id":12689,"date":"2022-10-15T13:23:14","date_gmt":"2022-10-15T17:23:14","guid":{"rendered":"https:\/\/montysinternational.local.loud\/?page_id=12689"},"modified":"2025-12-03T10:23:55","modified_gmt":"2025-12-03T15:23:55","slug":"home-international","status":"publish","type":"page","link":"https:\/\/montysinternational.com\/es\/","title":{"rendered":"Inicio - Internacional"},"content":{"rendered":"<h1>\n\t\tMonty's Internacional\n\t<\/h1>\n\t<p>Revitalice su suelo. Energice sus cultivos.<\/p>\n<h2>\n\t\tElija un pa\u00eds para obtener m\u00e1s informaci\u00f3n\n\t<\/h2>\n\t<p>Los expertos en agronom\u00eda de Monty est\u00e1n a su lado para mejorar la calidad y la cantidad del rendimiento de sus cultivos mediante soluciones innovadoras que han demostrado promover un suelo m\u00e1s sano, plantas m\u00e1s sanas y mayores rendimientos.<\/p>\n\t\t\t\t<a href=\"https:\/\/montysinternational.com\/en\/brazil\/\" target=\"_self\" rel=\"noopener\">\n\t\t\t\t\t\t\t<img decoding=\"async\" src=\"https:\/\/montysinternational.com\/wp-content\/uploads\/2022\/10\/6a66ed076bcd0aa4883daadf464f5dfb.jpeg\" alt=\"Brazil flag\">\n\t\t\t\t\t\t\t\t\t\tBrasil\n\t\t\t\t<\/a>\n\t\t\t\t<a href=\"https:\/\/montysinternational.com\/en\/guatemala\/\" target=\"_self\" rel=\"noopener\">\n\t\t\t\t\t\t\t<img decoding=\"async\" src=\"https:\/\/montysinternational.com\/wp-content\/uploads\/2022\/10\/0a9778f19e8d751c5fa68ca4d71f9e40.jpeg\" alt=\"Guatemala flag\">\n\t\t\t\t\t\t\t\t\t\tGuatemala\n\t\t\t\t<\/a>\n\t\t\t\t<a href=\"https:\/\/montysinternational.com\/en\/nigeria\/\" target=\"_self\" rel=\"noopener\">\n\t\t\t\t\t\t\t<img decoding=\"async\" src=\"https:\/\/montysinternational.com\/wp-content\/uploads\/2022\/10\/06f67072a12f9bb9366db1f8f7cabc55.jpeg\" alt=\"Nigeria flag\">\n\t\t\t\t\t\t\t\t\t\tNigeria\n\t\t\t\t<\/a>\n\t\t\t\t<a href=\"https:\/\/montysplantfood.com\/\" target=\"_blank\" rel=\"noopener\">\n\t\t\t\t\t\t\t<img decoding=\"async\" src=\"https:\/\/montysinternational.com\/wp-content\/uploads\/2022\/10\/31a96dbf6561b751c27a59f2f370dc51.jpeg\" alt=\"United States flag\">\n\t\t\t\t\t\t\t\t\t\tEstados Unidos\n\t\t\t\t<\/a>\n\t<p><a href=\"https:\/\/montysinternational.com\/es\/contact\/\">\u00bfNo ve su pa\u00eds? P\u00f3ngase en contacto con nosotros<\/a><\/p>\n<h2>\n\t\tCambiemos el futuro de la agricultura internacional\n\t<\/h2>\n\t<p>Vea c\u00f3mo ayudamos a miles de agricultores de decenas de pa\u00edses de todo el mundo a encontrar mejores respuestas, aplicar soluciones con mayor precisi\u00f3n y maximizar el potencial de sus campos.<\/p>\n<h3>\n\t\t24+\n\t<\/h3>\n\t<p>pa\u00edses en los que Monty's ayuda a los agricultores a prosperar<\/p>\n<h3>\n\t\t1,000s\n\t<\/h3>\n\t<p>de agricultores que se benefician de los productos de Monty<\/p>\n<h3>\n\t\t1M+\n\t<\/h3>\n\t<p>galones de producto vendidos<\/p>\n<h2>\n\t\tVea por qu\u00e9 los agricultores de todo el mundo nos conf\u00edan sus campos\n\t<\/h2>","protected":false},"excerpt":{"rendered":"<p>Monty's International Revitalice su suelo. Dinamice sus cultivos. Elija un pa\u00eds para obtener m\u00e1s informaci\u00f3n Los expertos en agronom\u00eda de Monty's se ponen a su lado para mejorar la calidad y la cantidad del rendimiento de sus cultivos utilizando soluciones innovadoras que han demostrado promover un suelo m\u00e1s sano, plantas m\u00e1s sanas y mayores rendimientos. Brasil Guatemala Nigeria Estados Unidos \u00bfNo encuentra su pa\u00eds? Contacte con nosotros Vamos...<\/p>","protected":false},"author":20,"featured_media":0,"parent":0,"menu_order":0,"comment_status":"closed","ping_status":"closed","template":"","meta":{"_acf_changed":false,"_monsterinsights_skip_tracking":false,"_monsterinsights_sitenote_active":false,"_monsterinsights_sitenote_note":"","_monsterinsights_sitenote_category":0,"footnotes":""},"class_list":["post-12689","page","type-page","status-publish","hentry"],"acf":[],"yoast_head":"<!-- This site is optimized with the Yoast SEO plugin v27.3 - https:\/\/yoast.com\/product\/yoast-seo-wordpress\/ -->\n<title>Monty&#039;s International | Monty&#039;s Plant Food<\/title>\n<meta name=\"description\" content=\"Monty\u2019s Agronomy Experts come alongside you to improve the quality and quantity of your crop yields using innovative solutions proven to promote healthier soil, healthier plants, and higher yields.\" \/>\n<meta name=\"robots\" content=\"index, follow, max-snippet:-1, max-image-preview:large, max-video-preview:-1\" \/>\n<link rel=\"canonical\" href=\"https:\/\/montysinternational.com\/es\/\" \/>\n<meta property=\"og:locale\" content=\"es_ES\" \/>\n<meta property=\"og:type\" content=\"article\" \/>\n<meta property=\"og:title\" content=\"Monty&#039;s International | Monty&#039;s Plant Food\" \/>\n<meta property=\"og:description\" content=\"Monty\u2019s Agronomy Experts come alongside you to improve the quality and quantity of your crop yields using innovative solutions proven to promote healthier soil, healthier plants, and higher yields.\" \/>\n<meta property=\"og:url\" content=\"https:\/\/montysinternational.com\/es\/\" \/>\n<meta property=\"og:site_name\" content=\"Monty&#039;s International\" \/>\n<meta property=\"article:modified_time\" content=\"2025-12-03T15:23:55+00:00\" \/>\n<meta property=\"og:image\" content=\"https:\/\/montysinternational.com\/wp-content\/uploads\/2022\/10\/6a66ed076bcd0aa4883daadf464f5dfb.jpeg\" \/>\n<meta name=\"twitter:card\" content=\"summary_large_image\" \/>\n<meta name=\"twitter:label1\" content=\"Est. reading time\" \/>\n\t<meta name=\"twitter:data1\" content=\"2 minutes\" \/>\n<script type=\"application\/ld+json\" class=\"yoast-schema-graph\">{\"@context\":\"https:\\\/\\\/schema.org\",\"@graph\":[{\"@type\":\"WebPage\",\"@id\":\"https:\\\/\\\/montysinternational.com\\\/\",\"url\":\"https:\\\/\\\/montysinternational.com\\\/\",\"name\":\"Monty's International | Monty's Plant Food\",\"isPartOf\":{\"@id\":\"https:\\\/\\\/montysinternational.com\\\/#website\"},\"primaryImageOfPage\":{\"@id\":\"https:\\\/\\\/montysinternational.com\\\/#primaryimage\"},\"image\":{\"@id\":\"https:\\\/\\\/montysinternational.com\\\/#primaryimage\"},\"thumbnailUrl\":\"https:\\\/\\\/montysinternational.com\\\/wp-content\\\/uploads\\\/2022\\\/10\\\/6a66ed076bcd0aa4883daadf464f5dfb.jpeg\",\"datePublished\":\"2022-10-15T17:23:14+00:00\",\"dateModified\":\"2025-12-03T15:23:55+00:00\",\"description\":\"Monty\u2019s Agronomy Experts come alongside you to improve the quality and quantity of your crop yields using innovative solutions proven to promote healthier soil, healthier plants, and higher yields.\",\"breadcrumb\":{\"@id\":\"https:\\\/\\\/montysinternational.com\\\/#breadcrumb\"},\"inLanguage\":\"es-GT\",\"potentialAction\":[{\"@type\":\"ReadAction\",\"target\":[\"https:\\\/\\\/montysinternational.com\\\/\"]}]},{\"@type\":\"ImageObject\",\"inLanguage\":\"es-GT\",\"@id\":\"https:\\\/\\\/montysinternational.com\\\/#primaryimage\",\"url\":\"https:\\\/\\\/montysinternational.com\\\/wp-content\\\/uploads\\\/2022\\\/10\\\/6a66ed076bcd0aa4883daadf464f5dfb.jpeg\",\"contentUrl\":\"https:\\\/\\\/montysinternational.com\\\/wp-content\\\/uploads\\\/2022\\\/10\\\/6a66ed076bcd0aa4883daadf464f5dfb.jpeg\"},{\"@type\":\"BreadcrumbList\",\"@id\":\"https:\\\/\\\/montysinternational.com\\\/#breadcrumb\",\"itemListElement\":[{\"@type\":\"ListItem\",\"position\":1,\"name\":\"Home\",\"item\":\"https:\\\/\\\/montysinternational.com\\\/\"},{\"@type\":\"ListItem\",\"position\":2,\"name\":\"Home &#8211; International\"}]},{\"@type\":\"WebSite\",\"@id\":\"https:\\\/\\\/montysinternational.com\\\/#website\",\"url\":\"https:\\\/\\\/montysinternational.com\\\/\",\"name\":\"Monty&#039;s International\",\"description\":\"\",\"publisher\":{\"@id\":\"https:\\\/\\\/montysinternational.com\\\/#organization\"},\"potentialAction\":[{\"@type\":\"SearchAction\",\"target\":{\"@type\":\"EntryPoint\",\"urlTemplate\":\"https:\\\/\\\/montysinternational.com\\\/?s={search_term_string}\"},\"query-input\":{\"@type\":\"PropertyValueSpecification\",\"valueRequired\":true,\"valueName\":\"search_term_string\"}}],\"inLanguage\":\"es-GT\"},{\"@type\":\"Organization\",\"@id\":\"https:\\\/\\\/montysinternational.com\\\/#organization\",\"name\":\"Monty's Plant Food\",\"url\":\"https:\\\/\\\/montysinternational.com\\\/\",\"logo\":{\"@type\":\"ImageObject\",\"inLanguage\":\"es-GT\",\"@id\":\"https:\\\/\\\/montysinternational.com\\\/#\\\/schema\\\/logo\\\/image\\\/\",\"url\":\"https:\\\/\\\/montysinternational.com\\\/wp-content\\\/uploads\\\/2020\\\/09\\\/Website-Logo-TEST.png\",\"contentUrl\":\"https:\\\/\\\/montysinternational.com\\\/wp-content\\\/uploads\\\/2020\\\/09\\\/Website-Logo-TEST.png\",\"width\":505,\"height\":358,\"caption\":\"Monty's Plant Food\"},\"image\":{\"@id\":\"https:\\\/\\\/montysinternational.com\\\/#\\\/schema\\\/logo\\\/image\\\/\"}}]}<\/script>\n<!-- \/ Yoast SEO plugin. -->","yoast_head_json":{"title":"Monty's International | Monty's Plant Food","description":"Los expertos en agronom\u00eda de Monty est\u00e1n a su lado para mejorar la calidad y la cantidad de los rendimientos de sus cultivos utilizando soluciones innovadoras que han demostrado promover un suelo m\u00e1s sano, plantas m\u00e1s sanas y mayores rendimientos.","robots":{"index":"index","follow":"follow","max-snippet":"max-snippet:-1","max-image-preview":"max-image-preview:large","max-video-preview":"max-video-preview:-1"},"canonical":"https:\/\/montysinternational.com\/es\/","og_locale":"es_ES","og_type":"article","og_title":"Monty's International | Monty's Plant Food","og_description":"Monty\u2019s Agronomy Experts come alongside you to improve the quality and quantity of your crop yields using innovative solutions proven to promote healthier soil, healthier plants, and higher yields.","og_url":"https:\/\/montysinternational.com\/es\/","og_site_name":"Monty&#039;s International","article_modified_time":"2025-12-03T15:23:55+00:00","og_image":[{"url":"https:\/\/montysinternational.com\/wp-content\/uploads\/2022\/10\/6a66ed076bcd0aa4883daadf464f5dfb.jpeg","type":"","width":"","height":""}],"twitter_card":"summary_large_image","twitter_misc":{"Est. reading time":"2 minutes"},"schema":{"@context":"https:\/\/schema.org","@graph":[{"@type":"WebPage","@id":"https:\/\/montysinternational.com\/","url":"https:\/\/montysinternational.com\/","name":"Monty's International | Monty's Plant Food","isPartOf":{"@id":"https:\/\/montysinternational.com\/#website"},"primaryImageOfPage":{"@id":"https:\/\/montysinternational.com\/#primaryimage"},"image":{"@id":"https:\/\/montysinternational.com\/#primaryimage"},"thumbnailUrl":"https:\/\/montysinternational.com\/wp-content\/uploads\/2022\/10\/6a66ed076bcd0aa4883daadf464f5dfb.jpeg","datePublished":"2022-10-15T17:23:14+00:00","dateModified":"2025-12-03T15:23:55+00:00","description":"Los expertos en agronom\u00eda de Monty est\u00e1n a su lado para mejorar la calidad y la cantidad de los rendimientos de sus cultivos utilizando soluciones innovadoras que han demostrado promover un suelo m\u00e1s sano, plantas m\u00e1s sanas y mayores rendimientos.","breadcrumb":{"@id":"https:\/\/montysinternational.com\/#breadcrumb"},"inLanguage":"es-GT","potentialAction":[{"@type":"ReadAction","target":["https:\/\/montysinternational.com\/"]}]},{"@type":"ImageObject","inLanguage":"es-GT","@id":"https:\/\/montysinternational.com\/#primaryimage","url":"https:\/\/montysinternational.com\/wp-content\/uploads\/2022\/10\/6a66ed076bcd0aa4883daadf464f5dfb.jpeg","contentUrl":"https:\/\/montysinternational.com\/wp-content\/uploads\/2022\/10\/6a66ed076bcd0aa4883daadf464f5dfb.jpeg"},{"@type":"BreadcrumbList","@id":"https:\/\/montysinternational.com\/#breadcrumb","itemListElement":[{"@type":"ListItem","position":1,"name":"Home","item":"https:\/\/montysinternational.com\/"},{"@type":"ListItem","position":2,"name":"Home &#8211; International"}]},{"@type":"WebSite","@id":"https:\/\/montysinternational.com\/#website","url":"https:\/\/montysinternational.com\/","name":"Monty&#039;s Internacional","description":"","publisher":{"@id":"https:\/\/montysinternational.com\/#organization"},"potentialAction":[{"@type":"SearchAction","target":{"@type":"EntryPoint","urlTemplate":"https:\/\/montysinternational.com\/?s={search_term_string}"},"query-input":{"@type":"PropertyValueSpecification","valueRequired":true,"valueName":"search_term_string"}}],"inLanguage":"es-GT"},{"@type":"Organization","@id":"https:\/\/montysinternational.com\/#organization","name":"Monty's Plant Food","url":"https:\/\/montysinternational.com\/","logo":{"@type":"ImageObject","inLanguage":"es-GT","@id":"https:\/\/montysinternational.com\/#\/schema\/logo\/image\/","url":"https:\/\/montysinternational.com\/wp-content\/uploads\/2020\/09\/Website-Logo-TEST.png","contentUrl":"https:\/\/montysinternational.com\/wp-content\/uploads\/2020\/09\/Website-Logo-TEST.png","width":505,"height":358,"caption":"Monty's Plant Food"},"image":{"@id":"https:\/\/montysinternational.com\/#\/schema\/logo\/image\/"}}]}},"_links":{"self":[{"href":"https:\/\/montysinternational.com\/es\/wp-json\/wp\/v2\/pages\/12689","targetHints":{"allow":["GET"]}}],"collection":[{"href":"https:\/\/montysinternational.com\/es\/wp-json\/wp\/v2\/pages"}],"about":[{"href":"https:\/\/montysinternational.com\/es\/wp-json\/wp\/v2\/types\/page"}],"author":[{"embeddable":true,"href":"https:\/\/montysinternational.com\/es\/wp-json\/wp\/v2\/users\/20"}],"replies":[{"embeddable":true,"href":"https:\/\/montysinternational.com\/es\/wp-json\/wp\/v2\/comments?post=12689"}],"version-history":[{"count":10,"href":"https:\/\/montysinternational.com\/es\/wp-json\/wp\/v2\/pages\/12689\/revisions"}],"predecessor-version":[{"id":12899,"href":"https:\/\/montysinternational.com\/es\/wp-json\/wp\/v2\/pages\/12689\/revisions\/12899"}],"wp:attachment":[{"href":"https:\/\/montysinternational.com\/es\/wp-json\/wp\/v2\/media?parent=12689"}],"curies":[{"name":"wp","href":"https:\/\/api.w.org\/{rel}","templated":true}]}}