{"id":12608,"date":"2022-08-16T14:10:11","date_gmt":"2022-08-16T18:10:11","guid":{"rendered":"https:\/\/montysplantfood.com\/?page_id=12608"},"modified":"2025-04-11T08:47:03","modified_gmt":"2025-04-11T12:47:03","slug":"team","status":"publish","type":"page","link":"https:\/\/montysinternational.com\/es\/guatemala\/team\/","title":{"rendered":"Equipo de Guatemala"},"content":{"rendered":"<h1>\n\t\tEquipo de Guatemala\n\t<\/h1>\n\t\t\t\t<img loading=\"lazy\" decoding=\"async\" src=\"https:\/\/montysinternational.com\/wp-content\/uploads\/2022\/06\/Gregorio-4x5-1-819x1024.png\" alt=\"Gregorio\" itemprop=\"image\" height=\"1024\" width=\"819\" title=\"Gregorio\" onerror=\"this.style.display='none'\"  \/>\n\t\t\t\t<img loading=\"lazy\" decoding=\"async\" src=\"https:\/\/montysinternational.com\/wp-content\/uploads\/2024\/01\/Sangalli-Jeff.png\" alt=\"Sangalli-Jeff\" itemprop=\"image\" height=\"1200\" width=\"1200\" title=\"Sangalli-Jeff\" onerror=\"this.style.display='none'\"  \/>\n\t\t\t\t<img loading=\"lazy\" decoding=\"async\" src=\"https:\/\/montysinternational.com\/wp-content\/uploads\/2022\/06\/Marcel-4x5-1-819x1024.png\" alt=\"Marcel\" itemprop=\"image\" height=\"1024\" width=\"819\" title=\"Marcel\" onerror=\"this.style.display='none'\"  \/>\n\t\t\t\t<img loading=\"lazy\" decoding=\"async\" src=\"https:\/\/montysinternational.com\/wp-content\/uploads\/2024\/01\/Lambert-4x4-1.png\" alt=\"Lambert 4x4\" itemprop=\"image\" height=\"1200\" width=\"1200\" title=\"Lambert 4x4\" onerror=\"this.style.display='none'\"  \/>\n\t\t\t\t<img loading=\"lazy\" decoding=\"async\" src=\"https:\/\/montysinternational.com\/wp-content\/uploads\/2024\/01\/Barbara-Tucker-4x4-1.png\" alt=\"Barbara Tucker 4x4\" itemprop=\"image\" height=\"1200\" width=\"1200\" title=\"Barbara Tucker 4x4\" onerror=\"this.style.display='none'\"  \/>\n\t<h2><strong>Gregorio Ord\u00f3\u00f1ez\u00a0 <a href=\"https:\/\/montysinternational.com\/wp-content\/uploads\/2022\/10\/0a9778f19e8d751c5fa68ca4d71f9e40.jpeg\"><img loading=\"lazy\" decoding=\"async\" src=\"https:\/\/montysinternational.com\/wp-content\/uploads\/2022\/10\/0a9778f19e8d751c5fa68ca4d71f9e40.jpeg\" alt=\"\" width=\"100\" height=\"60\" \/><\/a><\/strong><\/h2>\n<h5>Director del \u00e1rea de Centroam\u00e9rica<\/h5>\n<p>Gregorio is a strategic sales and marketing expert who holds a BS in Agronomy and an MBA.\u00a0 He also farms grains in Guatemala and has experience working on different crops including vegetables, row crops, orchards, and tropical crops.\u00a0 Gregorio has worked for multinational companies such as American Cyanamid, Monsanto, Makteshim-Agan, and BASF.\u00a0 Since mid-2020, Gregorio has been serving Monty&#8217;s Plant Food as Central America Country Manager focusing on registering, developing, and selling Monty&#8217;s Activated Humic substances.<\/p>\n<p><a href=\"mailto:Gregorio.Ordonez@montysplantfood.com\">Gregorio.Ordonez@montysplantfood.com<\/a><\/p>\n<p><a href=\"tel:50252065276\">+502 5206 5276<\/a><\/p>\n\t<h2><strong>Jeff Sangalli <\/strong><strong><img loading=\"lazy\" decoding=\"async\" src=\"https:\/\/montysinternational.com\/wp-content\/uploads\/2022\/03\/AFlag-300x180.jpg\" alt=\"\" width=\"95\" height=\"57\" \/><\/strong><\/h2>\n<h5>Consejero Delegado, Monty's Plant Food Co.<\/h5>\n<p>Como Director General de Monty's Plant Food Co. Jeff es responsable de la visi\u00f3n general, la estrategia y la direcci\u00f3n de Monty's. La prol\u00edfica carrera de 25 a\u00f1os de Jeff abarca varios puestos de liderazgo, incluyendo la planificaci\u00f3n estrat\u00e9gica y la innovaci\u00f3n en I+D, la planificaci\u00f3n y el desarrollo de productos, la planificaci\u00f3n y el cumplimiento de la oferta\/demanda mundial, y la gesti\u00f3n de fabricaci\u00f3n y operaciones en empresas como Monty's, Lexmark International y Ford Motor Company. Adem\u00e1s, Jeff es titular de cinco patentes estadounidenses.<\/p>\n<p>La formaci\u00f3n de Jeff incluye: M.B.A., Xavier University (Williams College of Business &amp; Administration), Cincinnati, OH; M.Eng., Engineering, University of Louisville (Speed Scientific School), Louisville, KY; y B.S.E.S., University of Louisville (Speed Scientific School), Louisville, KY.<\/p>\n<p>&nbsp;<\/p>\n\t<h2><strong>Marcel Barbier <\/strong><strong><img loading=\"lazy\" decoding=\"async\" src=\"https:\/\/montysinternational.com\/wp-content\/uploads\/2022\/03\/AFlag-300x180.jpg\" alt=\"\" width=\"95\" height=\"57\" \/><\/strong><\/h2>\n<h5>Jefe T\u00e9cnico Internacional<\/h5>\n<p>El Dr. Barbier es un cient\u00edfico especializado en suelos y plantas con m\u00e1s de 20 a\u00f1os de experiencia en el desarrollo, la mejora y la comercializaci\u00f3n de productos para los mercados convencional y ecol\u00f3gico.  Tiene una licenciatura en Agronom\u00eda, un m\u00e1ster en Protecci\u00f3n de Cultivos en Comercio Internacional y un doctorado en Ciencias del Suelo y de las Plantas, con especializaci\u00f3n en Gesti\u00f3n Fitosanitaria.  El Dr. Barbier tiene experiencia en hortalizas, cultivos en hileras, huertos frutales y cultivos tropicales.  Ha trabajado para empresas multinacionales como Chiquita, Monsanto, Bayer, Syngenta, Stockton y Rio Tinto (US Borax). En 2010, el Dr. Barbier fund\u00f3 una empresa de consultor\u00eda centrada en ayudar a las empresas a desarrollar y lanzar productos.<\/p>\n<p>Desde principios de 2020, el Dr. Barbier ha estado al servicio de Monty's Plant Food como Jefe T\u00e9cnico Internacional, centr\u00e1ndose en la evaluaci\u00f3n de productos y ense\u00f1ando a los agricultores los beneficios de las sustancias h\u00famicas activadas de Monty's y c\u00f3mo estos productos mejoran la salud del suelo y la estabilizaci\u00f3n de nutrientes... aumentando as\u00ed el rendimiento y la calidad de los cultivos.<\/p>\n<p><a href=\"mailto:Marcel.Barbier@montysplantfood.com\">Marcel.Barbier@montysplantfood.com<\/a><\/p>\n<p><a href=\"tel:7724806831\">(772) 480-6831<\/a><\/p>\n\t<h2><strong>Lambert Franklin <\/strong><strong><img loading=\"lazy\" decoding=\"async\" src=\"https:\/\/montysinternational.com\/wp-content\/uploads\/2022\/03\/AFlag-300x180.jpg\" alt=\"\" width=\"95\" height=\"57\" \/><\/strong><\/h2>\n<h5>Log\u00edstica nacional e internacional<\/h5>\n<p><a href=\"mailto:lambert.franklin@montysplantfood.com\">Lambert.Franklin@montysplantfood.com<\/a><\/p>\n<p><a href=\"tel:5026531104\">(502) 653-1104<\/a><\/p>\n\t<h2><strong>Barbara Tucker <\/strong><strong><img loading=\"lazy\" decoding=\"async\" src=\"https:\/\/montysinternational.com\/wp-content\/uploads\/2022\/03\/AFlag-300x180.jpg\" alt=\"\" width=\"95\" height=\"57\" \/><\/strong><\/h2>\n<h5>Log\u00edstica internacional<\/h5>\n<p><a href=\"mailto:barbara.tucker@montysplantfood.com\">Barbara.Tucker@montysplantfood.com<\/a><\/p>\n<p><a href=\"tel:5024899888\">(502) 489-9888<\/a><\/p>","protected":false},"excerpt":{"rendered":"<p>Guatemalan Team Gregorio Ordonez\u00a0 Central America Country Area Manager Gregorio is a strategic sales and marketing expert who holds a BS in Agronomy and an MBA.\u00a0 He also farms grains in Guatemala and has experience working on different crops including vegetables, row crops, orchards, and tropical crops.\u00a0 Gregorio has worked for multinational companies such as&hellip;<\/p>","protected":false},"author":17,"featured_media":0,"parent":12595,"menu_order":0,"comment_status":"closed","ping_status":"closed","template":"","meta":{"_acf_changed":false,"_monsterinsights_skip_tracking":false,"_monsterinsights_sitenote_active":false,"_monsterinsights_sitenote_note":"","_monsterinsights_sitenote_category":0,"footnotes":""},"class_list":["post-12608","page","type-page","status-publish","hentry"],"acf":[],"yoast_head":"<!-- This site is optimized with the Yoast SEO plugin v27.3 - https:\/\/yoast.com\/product\/yoast-seo-wordpress\/ -->\n<title>Guatemala Team - Monty&#039;s International<\/title>\n<meta name=\"robots\" content=\"index, follow, max-snippet:-1, max-image-preview:large, max-video-preview:-1\" \/>\n<link rel=\"canonical\" href=\"https:\/\/montysinternational.com\/es\/guatemala\/team\/\" \/>\n<meta property=\"og:locale\" content=\"es_ES\" \/>\n<meta property=\"og:type\" content=\"article\" \/>\n<meta property=\"og:title\" content=\"Guatemala Team - Monty&#039;s International\" \/>\n<meta property=\"og:description\" content=\"Guatemalan Team Gregorio Ordonez\u00a0 Central America Country Area Manager Gregorio is a strategic sales and marketing expert who holds a BS in Agronomy and an MBA.\u00a0 He also farms grains in Guatemala and has experience working on different crops including vegetables, row crops, orchards, and tropical crops.\u00a0 Gregorio has worked for multinational companies such as&hellip;\" \/>\n<meta property=\"og:url\" content=\"https:\/\/montysinternational.com\/es\/guatemala\/team\/\" \/>\n<meta property=\"og:site_name\" content=\"Monty&#039;s International\" \/>\n<meta property=\"article:modified_time\" content=\"2025-04-11T12:47:03+00:00\" \/>\n<meta property=\"og:image\" content=\"https:\/\/montysinternational.com\/wp-content\/uploads\/2022\/06\/Gregorio-4x5-1-819x1024.png\" \/>\n<meta name=\"twitter:card\" content=\"summary_large_image\" \/>\n<meta name=\"twitter:label1\" content=\"Est. reading time\" \/>\n\t<meta name=\"twitter:data1\" content=\"4 minutes\" \/>\n<script type=\"application\/ld+json\" class=\"yoast-schema-graph\">{\"@context\":\"https:\\\/\\\/schema.org\",\"@graph\":[{\"@type\":\"WebPage\",\"@id\":\"https:\\\/\\\/montysinternational.com\\\/guatemala\\\/team\\\/\",\"url\":\"https:\\\/\\\/montysinternational.com\\\/guatemala\\\/team\\\/\",\"name\":\"Guatemala Team - Monty&#039;s International\",\"isPartOf\":{\"@id\":\"https:\\\/\\\/montysinternational.com\\\/#website\"},\"primaryImageOfPage\":{\"@id\":\"https:\\\/\\\/montysinternational.com\\\/guatemala\\\/team\\\/#primaryimage\"},\"image\":{\"@id\":\"https:\\\/\\\/montysinternational.com\\\/guatemala\\\/team\\\/#primaryimage\"},\"thumbnailUrl\":\"https:\\\/\\\/montysinternational.com\\\/wp-content\\\/uploads\\\/2022\\\/06\\\/Gregorio-4x5-1-819x1024.png\",\"datePublished\":\"2022-08-16T18:10:11+00:00\",\"dateModified\":\"2025-04-11T12:47:03+00:00\",\"breadcrumb\":{\"@id\":\"https:\\\/\\\/montysinternational.com\\\/guatemala\\\/team\\\/#breadcrumb\"},\"inLanguage\":\"es-GT\",\"potentialAction\":[{\"@type\":\"ReadAction\",\"target\":[\"https:\\\/\\\/montysinternational.com\\\/guatemala\\\/team\\\/\"]}]},{\"@type\":\"ImageObject\",\"inLanguage\":\"es-GT\",\"@id\":\"https:\\\/\\\/montysinternational.com\\\/guatemala\\\/team\\\/#primaryimage\",\"url\":\"https:\\\/\\\/montysinternational.com\\\/wp-content\\\/uploads\\\/2022\\\/06\\\/Gregorio-4x5-1-819x1024.png\",\"contentUrl\":\"https:\\\/\\\/montysinternational.com\\\/wp-content\\\/uploads\\\/2022\\\/06\\\/Gregorio-4x5-1-819x1024.png\"},{\"@type\":\"BreadcrumbList\",\"@id\":\"https:\\\/\\\/montysinternational.com\\\/guatemala\\\/team\\\/#breadcrumb\",\"itemListElement\":[{\"@type\":\"ListItem\",\"position\":1,\"name\":\"Home\",\"item\":\"https:\\\/\\\/montysinternational.com\\\/\"},{\"@type\":\"ListItem\",\"position\":2,\"name\":\"Guatemala\",\"item\":\"https:\\\/\\\/montysinternational.com\\\/guatemala\\\/\"},{\"@type\":\"ListItem\",\"position\":3,\"name\":\"Guatemala Team\"}]},{\"@type\":\"WebSite\",\"@id\":\"https:\\\/\\\/montysinternational.com\\\/#website\",\"url\":\"https:\\\/\\\/montysinternational.com\\\/\",\"name\":\"Monty&#039;s International\",\"description\":\"\",\"publisher\":{\"@id\":\"https:\\\/\\\/montysinternational.com\\\/#organization\"},\"potentialAction\":[{\"@type\":\"SearchAction\",\"target\":{\"@type\":\"EntryPoint\",\"urlTemplate\":\"https:\\\/\\\/montysinternational.com\\\/?s={search_term_string}\"},\"query-input\":{\"@type\":\"PropertyValueSpecification\",\"valueRequired\":true,\"valueName\":\"search_term_string\"}}],\"inLanguage\":\"es-GT\"},{\"@type\":\"Organization\",\"@id\":\"https:\\\/\\\/montysinternational.com\\\/#organization\",\"name\":\"Monty's Plant Food\",\"url\":\"https:\\\/\\\/montysinternational.com\\\/\",\"logo\":{\"@type\":\"ImageObject\",\"inLanguage\":\"es-GT\",\"@id\":\"https:\\\/\\\/montysinternational.com\\\/#\\\/schema\\\/logo\\\/image\\\/\",\"url\":\"https:\\\/\\\/montysinternational.com\\\/wp-content\\\/uploads\\\/2020\\\/09\\\/Website-Logo-TEST.png\",\"contentUrl\":\"https:\\\/\\\/montysinternational.com\\\/wp-content\\\/uploads\\\/2020\\\/09\\\/Website-Logo-TEST.png\",\"width\":505,\"height\":358,\"caption\":\"Monty's Plant Food\"},\"image\":{\"@id\":\"https:\\\/\\\/montysinternational.com\\\/#\\\/schema\\\/logo\\\/image\\\/\"}}]}<\/script>\n<!-- \/ Yoast SEO plugin. -->","yoast_head_json":{"title":"Guatemala Team - Monty&#039;s International","robots":{"index":"index","follow":"follow","max-snippet":"max-snippet:-1","max-image-preview":"max-image-preview:large","max-video-preview":"max-video-preview:-1"},"canonical":"https:\/\/montysinternational.com\/es\/guatemala\/team\/","og_locale":"es_ES","og_type":"article","og_title":"Guatemala Team - Monty&#039;s International","og_description":"Guatemalan Team Gregorio Ordonez\u00a0 Central America Country Area Manager Gregorio is a strategic sales and marketing expert who holds a BS in Agronomy and an MBA.\u00a0 He also farms grains in Guatemala and has experience working on different crops including vegetables, row crops, orchards, and tropical crops.\u00a0 Gregorio has worked for multinational companies such as&hellip;","og_url":"https:\/\/montysinternational.com\/es\/guatemala\/team\/","og_site_name":"Monty&#039;s International","article_modified_time":"2025-04-11T12:47:03+00:00","og_image":[{"url":"https:\/\/montysinternational.com\/wp-content\/uploads\/2022\/06\/Gregorio-4x5-1-819x1024.png","type":"","width":"","height":""}],"twitter_card":"summary_large_image","twitter_misc":{"Est. reading time":"4 minutes"},"schema":{"@context":"https:\/\/schema.org","@graph":[{"@type":"WebPage","@id":"https:\/\/montysinternational.com\/guatemala\/team\/","url":"https:\/\/montysinternational.com\/guatemala\/team\/","name":"Guatemala Team - Monty&#039;s International","isPartOf":{"@id":"https:\/\/montysinternational.com\/#website"},"primaryImageOfPage":{"@id":"https:\/\/montysinternational.com\/guatemala\/team\/#primaryimage"},"image":{"@id":"https:\/\/montysinternational.com\/guatemala\/team\/#primaryimage"},"thumbnailUrl":"https:\/\/montysinternational.com\/wp-content\/uploads\/2022\/06\/Gregorio-4x5-1-819x1024.png","datePublished":"2022-08-16T18:10:11+00:00","dateModified":"2025-04-11T12:47:03+00:00","breadcrumb":{"@id":"https:\/\/montysinternational.com\/guatemala\/team\/#breadcrumb"},"inLanguage":"es-GT","potentialAction":[{"@type":"ReadAction","target":["https:\/\/montysinternational.com\/guatemala\/team\/"]}]},{"@type":"ImageObject","inLanguage":"es-GT","@id":"https:\/\/montysinternational.com\/guatemala\/team\/#primaryimage","url":"https:\/\/montysinternational.com\/wp-content\/uploads\/2022\/06\/Gregorio-4x5-1-819x1024.png","contentUrl":"https:\/\/montysinternational.com\/wp-content\/uploads\/2022\/06\/Gregorio-4x5-1-819x1024.png"},{"@type":"BreadcrumbList","@id":"https:\/\/montysinternational.com\/guatemala\/team\/#breadcrumb","itemListElement":[{"@type":"ListItem","position":1,"name":"Home","item":"https:\/\/montysinternational.com\/"},{"@type":"ListItem","position":2,"name":"Guatemala","item":"https:\/\/montysinternational.com\/guatemala\/"},{"@type":"ListItem","position":3,"name":"Guatemala Team"}]},{"@type":"WebSite","@id":"https:\/\/montysinternational.com\/#website","url":"https:\/\/montysinternational.com\/","name":"Monty&#039;s Internacional","description":"","publisher":{"@id":"https:\/\/montysinternational.com\/#organization"},"potentialAction":[{"@type":"SearchAction","target":{"@type":"EntryPoint","urlTemplate":"https:\/\/montysinternational.com\/?s={search_term_string}"},"query-input":{"@type":"PropertyValueSpecification","valueRequired":true,"valueName":"search_term_string"}}],"inLanguage":"es-GT"},{"@type":"Organization","@id":"https:\/\/montysinternational.com\/#organization","name":"Monty's Plant Food","url":"https:\/\/montysinternational.com\/","logo":{"@type":"ImageObject","inLanguage":"es-GT","@id":"https:\/\/montysinternational.com\/#\/schema\/logo\/image\/","url":"https:\/\/montysinternational.com\/wp-content\/uploads\/2020\/09\/Website-Logo-TEST.png","contentUrl":"https:\/\/montysinternational.com\/wp-content\/uploads\/2020\/09\/Website-Logo-TEST.png","width":505,"height":358,"caption":"Monty's Plant Food"},"image":{"@id":"https:\/\/montysinternational.com\/#\/schema\/logo\/image\/"}}]}},"_links":{"self":[{"href":"https:\/\/montysinternational.com\/es\/wp-json\/wp\/v2\/pages\/12608","targetHints":{"allow":["GET"]}}],"collection":[{"href":"https:\/\/montysinternational.com\/es\/wp-json\/wp\/v2\/pages"}],"about":[{"href":"https:\/\/montysinternational.com\/es\/wp-json\/wp\/v2\/types\/page"}],"author":[{"embeddable":true,"href":"https:\/\/montysinternational.com\/es\/wp-json\/wp\/v2\/users\/17"}],"replies":[{"embeddable":true,"href":"https:\/\/montysinternational.com\/es\/wp-json\/wp\/v2\/comments?post=12608"}],"version-history":[{"count":12,"href":"https:\/\/montysinternational.com\/es\/wp-json\/wp\/v2\/pages\/12608\/revisions"}],"predecessor-version":[{"id":13363,"href":"https:\/\/montysinternational.com\/es\/wp-json\/wp\/v2\/pages\/12608\/revisions\/13363"}],"up":[{"embeddable":true,"href":"https:\/\/montysinternational.com\/es\/wp-json\/wp\/v2\/pages\/12595"}],"wp:attachment":[{"href":"https:\/\/montysinternational.com\/es\/wp-json\/wp\/v2\/media?parent=12608"}],"curies":[{"name":"wp","href":"https:\/\/api.w.org\/{rel}","templated":true}]}}