{"id":12595,"date":"2022-08-04T11:16:03","date_gmt":"2022-08-04T15:16:03","guid":{"rendered":"https:\/\/montysplantfood.com\/?page_id=12595"},"modified":"2024-01-29T15:48:04","modified_gmt":"2024-01-29T20:48:04","slug":"guatemala","status":"publish","type":"page","link":"https:\/\/montysinternational.com\/es\/guatemala\/","title":{"rendered":"Guatemala"},"content":{"rendered":"<h1>\n\t\tGuatemala\n\t<\/h1>\n<h2>\n\t\tMaximice la calidad y la cantidad de sus rendimientos\n\t<\/h2>\n\t<p>El objetivo principal de Monty siempre ha sido ayudar a los agricultores guatemaltecos a tener m\u00e1s \u00e9xito. Ofrecemos a los agricultores guatemaltecos soluciones de nutrientes de alta eficiencia - ya sea iniciadores en el surco, acondicionadores de suelo a base de humus l\u00edderes en la industria, o paquetes de nutrientes aplicados foliarmente - dise\u00f1ados para traer un mejor desarrollo de las ra\u00edces, plantas m\u00e1s sanas, y en \u00faltima instancia, \u00a1mayores rendimientos!<\/p>\n<p>Monty's es su fuente de confianza para una orientaci\u00f3n fiable y productos innovadores, respaldados cient\u00edficamente, para plantas y suelos que facilitan la producci\u00f3n de rendimientos mayores y de alta calidad, al tiempo que mejoran la calidad del suelo a largo plazo. Monty's... asesores de confianza. Soluciones probadas. \u00a1Hable hoy mismo con su representante de Monty's!<\/p>\n\t\t\t\t\t\t\t\t\t<img loading=\"lazy\" decoding=\"async\" src=\"https:\/\/montysinternational.com\/wp-content\/uploads\/2022\/07\/Flag-Guatemala.png\" alt=\"Flag-Guatemala\" itemprop=\"image\" height=\"500\" width=\"800\" srcset=\"https:\/\/montysinternational.com\/wp-content\/uploads\/2022\/07\/Flag-Guatemala.png 800w, https:\/\/montysinternational.com\/wp-content\/uploads\/2022\/07\/Flag-Guatemala-300x188.png 300w\" sizes=\"auto, (max-width: 800px) 100vw, 800px\" title=\"Bandera de Guatemala\" onerror=\"this.style.display='none'\"  \/>\n\t<a href=\"https:\/\/montysinternational.com\/es\/guatemala\/team\/\" target=\"_self\" role=\"button\" aria-label=\"Nuestro equipo guatemalteco\" rel=\"noopener\">\n\t\t\t\t\t\tNuestro equipo guatemalteco\n\t\t\t\t\t<\/a>\n<h2>\n\t\tPrincipales productos disponibles en Guatemala\n\t<\/h2>\n<h3>\n\t\tCarb\u00f3n l\u00edquido de Monty\n\t<\/h3>\n\tEl acondicionador de suelo Monty's Liquid Carbon est\u00e1 dise\u00f1ado para ayudar a<br \/>\nla descomposici\u00f3n de la materia org\u00e1nica. Puede mejorar la gesti\u00f3n de la humedad en su suelo. Este producto contiene \u00e1cido h\u00famico activado de Monty, que se procesa utilizando nuestra tecnolog\u00eda patentada. El \u00e1cido h\u00famico puede mejorar la absorci\u00f3n de micronutrientes.\n\t\t\t<a href=\"https:\/\/montysinternational.com\/wp-content\/uploads\/2024\/01\/1213-MLC-Sheet-Guatemala-Spanish-Marcel-Version.pdf\" target=\"_blank\" role=\"button\" rel=\"noopener\">\n\t\t\t\t\t\tHoja de Producto\n\t\t\t\t\t<\/a>\n\t\t\t<a href=\"https:\/\/montysinternational.com\/wp-content\/uploads\/2024\/01\/Montys-Liquid-Carbon-label-Spanish.pdf\" target=\"_blank\" role=\"button\" rel=\"noopener\">\n\t\t\t\t\t\tEtiqueta\n\t\t\t\t\t<\/a>\n<h3>\n\t\tHumihance\n\t<\/h3>\n\t<p>Humihance es un recubrimiento fertilizante a base de humus que proporciona de forma r\u00e1pida y eficaz beneficios en la gesti\u00f3n de nutrientes sin inhibir la actividad de las bacterias naturales del suelo. Es ideal para su uso cuando se mezclan todos los fertilizantes granulares, y es compatible con una variedad de micronutrientes y fertilizantes pretratados.\u00a0\u00a0<\/p>\n\t\t\t<a href=\"https:\/\/montysinternational.com\/wp-content\/uploads\/2024\/01\/1213-Humihance-Sheet-Guatemala-Spanish-Marcel-Version.pdf\" target=\"_blank\" role=\"button\" rel=\"noopener\">\n\t\t\t\t\t\tHoja de Producto\n\t\t\t\t\t<\/a>\n\t\t\t<a href=\"https:\/\/montysinternational.com\/wp-content\/uploads\/2024\/01\/Humihance-label-Spanish.pdf\" target=\"_blank\" role=\"button\" rel=\"noopener\">\n\t\t\t\t\t\tEtiqueta\n\t\t\t\t\t<\/a>\n<h3>\n\t\tDri-Carbon de Monty\n\t<\/h3>\n\t<p>Monty's Dri-Carbon ofrece las mismas ventajas que Monty's Liquid Carbon, pero en forma de granulado.<\/p>\n\t\t\t<a href=\"https:\/\/montysinternational.com\/wp-content\/uploads\/2024\/01\/1213-Dri-Carbon-Sheet-Guatemala-Spanish-Marcel-Version.pdf\" target=\"_blank\" role=\"button\" rel=\"noopener\">\n\t\t\t\t\t\tHoja de Producto\n\t\t\t\t\t<\/a>\n\t\t\t<a href=\"https:\/\/montysinternational.com\/wp-content\/uploads\/2024\/01\/Montys-Dri-Carbon-label-Spanish.pdf\" target=\"_blank\" role=\"button\" rel=\"noopener\">\n\t\t\t\t\t\tEtiqueta\n\t\t\t\t\t<\/a>\n<h3>\n\t\tSobrecarga XD\n\t<\/h3>\n\t<p>Surge XD est\u00e1 dise\u00f1ado para su uso con fertilizantes l\u00edquidos para facilitar la absorci\u00f3n de nutrientes a trav\u00e9s de los tejidos de la planta.<\/p>\n\t\t\t<a href=\"https:\/\/montysinternational.com\/wp-content\/uploads\/2024\/01\/1213-Surge-XD-Sheet-Guatemala-Spanish-WEB.pdf\" target=\"_blank\" role=\"button\" rel=\"noopener\">\n\t\t\t\t\t\tHoja de Producto\n\t\t\t\t\t<\/a>\n\t\t\t<a href=\"https:\/\/montysinternational.com\/wp-content\/uploads\/2024\/01\/Surge-XD-label-Spanish.pdf\" target=\"_blank\" role=\"button\" rel=\"noopener\">\n\t\t\t\t\t\tEtiqueta\n\t\t\t\t\t<\/a>\n<h3>\n\t\tMicrohance\n\t<\/h3>\n\t<p>Microhance ofrece una mezcla \u00fanica de la tecnolog\u00eda de Monty dise\u00f1ada para proporcionar nutrientes a la planta en cualquier etapa de crecimiento, ayudando a maximizar el potencial de rendimiento de la planta.<\/p>\n\t\t\t<a href=\"https:\/\/montysinternational.com\/wp-content\/uploads\/2024\/01\/1213-Microhance-Sheet-Guatemala-Spanish-WEB.pdf\" target=\"_blank\" role=\"button\" rel=\"noopener\">\n\t\t\t\t\t\tHoja de Producto\n\t\t\t\t\t<\/a>\n\t\t\t<a href=\"https:\/\/montysinternational.com\/wp-content\/uploads\/2024\/01\/Microhance-label-Spanish.pdf\" target=\"_blank\" role=\"button\" rel=\"noopener\">\n\t\t\t\t\t\tEtiqueta\n\t\t\t\t\t<\/a>\n<h3>\n\t\tMagmaHume\n\t<\/h3>\n\t<p>MagmaHume es una combinaci\u00f3n \u00fanica de basalto, una fuente de secundarios y micronutrientes, y h\u00famicos activados propiedad de Monty, para mejorar la fertilidad y la salud del suelo. MagmaHume es natural, org\u00e1nico y equilibrado para un mejor crecimiento, aportando m\u00e1s energ\u00eda a sus plantas.\u00a0<\/p>\n\t\t\t<a href=\"https:\/\/montysplantfood.com\/products\/magmahume\/\" target=\"_blank\" role=\"button\" rel=\"noopener\">\n\t\t\t\t\t\tHoja de Producto\n\t\t\t\t\t<\/a>\n\t\t\t<a href=\"https:\/\/montysplantfood.com\/products\/magmahume\/\" target=\"_blank\" role=\"button\" rel=\"noopener\">\n\t\t\t\t\t\tEtiqueta\n\t\t\t\t\t<\/a>\n<h3>\n\t\tRa\u00edces y flores\n\t<\/h3>\n\t<p>Root &amp; Bloom es un vers\u00e1til alimento l\u00edquido para plantas que puede utilizarse en la plantaci\u00f3n y como foliar en cualquier cultivo. Util\u00edcelo cuando la calidad y el rendimiento sean los objetivos en la fase de floraci\u00f3n, y en todos los cultivos de ra\u00edces durante todas las fases de crecimiento.<\/p>\n\t\t\t<a href=\"https:\/\/montysinternational.com\/wp-content\/uploads\/2024\/01\/1213-Root-Bloom-Sheet-Guatemala-Spanish-WEB.pdf\" target=\"_blank\" role=\"button\" rel=\"noopener\">\n\t\t\t\t\t\tHoja de Producto\n\t\t\t\t\t<\/a>\n\t\t\t<a href=\"https:\/\/montysinternational.com\/wp-content\/uploads\/2024\/01\/Root-and-Bloom-label-Spanish.pdf\" target=\"_blank\" role=\"button\" rel=\"noopener\">\n\t\t\t\t\t\tEtiqueta\n\t\t\t\t\t<\/a>\n<h3>\n\t\tCrecimiento polivalente\n\t<\/h3>\n\t<p>All-Purpose Growth es un vers\u00e1til alimento l\u00edquido para plantas que puede utilizarse en el momento de la siembra y como foliar en cualquier cultivo cuando se desee el crecimiento de la planta, ya sea durante las etapas de crecimiento vegetativo o reproductivo.<\/p>\n\t\t\t<a href=\"https:\/\/montysinternational.com\/wp-content\/uploads\/2024\/01\/1213-All-Purpose-Growth-Sheet-Guatemala-SPANISH-WEB-Spanish.pdf\" target=\"_blank\" role=\"button\" rel=\"noopener\">\n\t\t\t\t\t\tHoja de Producto\n\t\t\t\t\t<\/a>\n\t\t\t<a href=\"https:\/\/montysinternational.com\/wp-content\/uploads\/2024\/01\/All-Purpose-Growth-label-Spanish.pdf\" target=\"_blank\" role=\"button\" rel=\"noopener\">\n\t\t\t\t\t\tEtiqueta\n\t\t\t\t\t<\/a>\n<h3>\n\t\tDrivas\n\t<\/h3>\n\t<p>Drivas est\u00e1 dise\u00f1ado para su uso con fertilizantes l\u00edquidos a fin de facilitar la absorci\u00f3n de nutrientes a trav\u00e9s de los tejidos vegetales.<\/p>\n\t\t\t<a href=\"https:\/\/montysinternational.com\/wp-content\/uploads\/2024\/01\/1213-Drivas-Sheet-Spanish.pdf\" target=\"_blank\" role=\"button\" rel=\"noopener\">\n\t\t\t\t\t\tHoja de Producto\n\t\t\t\t\t<\/a>\n\t\t\t<a href=\"https:\/\/montysinternational.com\/wp-content\/uploads\/2024\/01\/Drivas-label-Spanish.pdf\" target=\"_blank\" role=\"button\" rel=\"noopener\">\n\t\t\t\t\t\tEtiqueta\n\t\t\t\t\t<\/a>\n\t<a href=\"https:\/\/montysinternational.com\/wp-content\/uploads\/2023\/01\/MontysHumicsBrochure_Latin-America__PAGES.pdf\" target=\"_blank\" role=\"button\" rel=\"noopener\" aria-label=\"H\u00famicos y salud del suelo\">\n\t\t\t\t\t\tH\u00famicos y salud del suelo\n\t\t\t\t\t<\/a>\n<h2>\n\t\tSoluciones para plantas y suelos que trabajan tan duro como usted\n\t<\/h2>\n\t<p>Vea c\u00f3mo ayudamos a miles de agricultores de decenas de pa\u00edses de todo el mundo a encontrar mejores respuestas, aplicar soluciones con mayor precisi\u00f3n y maximizar el potencial de sus campos.<\/p>\n\t\t\t\t\t\t\t<img decoding=\"async\" src=\"https:\/\/montysinternational.com\/wp-content\/uploads\/2020\/08\/icon-soybeans.png\" alt=\"icon-soybeans\" \/>\n\t\t<h3>Soja<\/h3>\n\t\t\t\t\t\t\t<img decoding=\"async\" src=\"https:\/\/montysinternational.com\/wp-content\/uploads\/2020\/12\/MNT_Icons_SugarCane.png\" alt=\"MNT_Icons_SugarCane\" \/>\n\t\t<h3>Ca\u00f1a de az\u00facar<\/h3>\n\t\t\t\t\t\t\t<img decoding=\"async\" src=\"https:\/\/montysinternational.com\/wp-content\/uploads\/2020\/08\/icon-corn.png\" alt=\"icon-corn\" \/>\n\t\t<h3>Ma\u00edz<\/h3>\n\t\t\t\t\t\t\t<img decoding=\"async\" src=\"https:\/\/montysinternational.com\/wp-content\/uploads\/2022\/08\/Crop_Icon_Banana.png\" alt=\"Crop_Icon_Banana\" \/>\n\t\t<h3>Pl\u00e1tanos<\/h3>\n\t\t\t\t\t\t\t<img decoding=\"async\" src=\"https:\/\/montysinternational.com\/wp-content\/uploads\/2022\/08\/Crop_Icon_Vegetables.png\" alt=\"Crop_Icon_Vegetables\" \/>\n\t\t<h3>Br\u00f3coli<\/h3>\n<h2>\n\t\tCambiemos el futuro de la agricultura guatemalteca\n\t<\/h2>\n\t<p>Vea c\u00f3mo ayudamos a miles de agricultores de decenas de pa\u00edses de todo el mundo a encontrar mejores respuestas, aplicar soluciones con mayor precisi\u00f3n y maximizar el potencial de sus campos.<\/p>\n<h3>\n\t\tCONTACTOS\n\t<\/h3>\n\t<strong>Gregorio Ord\u00f3\u00f1ez<\/strong>\nDirector del \u00e1rea de Centroam\u00e9rica\n<a title=\"mailto:GBarros@montysplantfood.com\" contenteditable=\"false\" href=\"mailto:GOrdonez@montysplantfood.com\">Correo electr\u00f3nico: GOrdonez@montysplantfood.com<\/a>\n<a href=\"tel:50252065276\">+502 5206 5276<\/a>\n<h3>\n\t\tDistribuidor corporativo guatemalteco\n\t<\/h3>\n\tIMPORTADOR Y DISTRIBUIDOR\nAREQUIPA S.A.\nCiudad de Guatemala\nTel\/Whatsapp: (502) 2479-1365 - 52065276","protected":false},"excerpt":{"rendered":"<p>Guatemala Maximice la calidad y cantidad de sus cosechas El objetivo principal de Monty siempre ha sido ayudar a los agricultores guatemaltecos a tener m\u00e1s \u00e9xito. Ofrecemos a los agricultores guatemaltecos soluciones de nutrientes de alta eficiencia - ya sea iniciadores en el surco, acondicionadores de suelo a base de humus l\u00edderes en la industria, o paquetes de nutrientes aplicados foliarmente - dise\u00f1ados para...<\/p>","protected":false},"author":17,"featured_media":0,"parent":0,"menu_order":0,"comment_status":"closed","ping_status":"closed","template":"","meta":{"_acf_changed":false,"_monsterinsights_skip_tracking":false,"_monsterinsights_sitenote_active":false,"_monsterinsights_sitenote_note":"","_monsterinsights_sitenote_category":0,"footnotes":""},"class_list":["post-12595","page","type-page","status-publish","hentry"],"acf":[],"yoast_head":"<!-- This site is optimized with the Yoast SEO plugin v27.3 - https:\/\/yoast.com\/product\/yoast-seo-wordpress\/ -->\n<title>Guatemala - Monty&#039;s International<\/title>\n<meta name=\"robots\" content=\"index, follow, max-snippet:-1, max-image-preview:large, max-video-preview:-1\" \/>\n<link rel=\"canonical\" href=\"https:\/\/montysinternational.com\/es\/guatemala\/\" \/>\n<meta property=\"og:locale\" content=\"es_ES\" \/>\n<meta property=\"og:type\" content=\"article\" \/>\n<meta property=\"og:title\" content=\"Guatemala - Monty&#039;s International\" \/>\n<meta property=\"og:description\" content=\"Guatemala Maximize The Quality and Quantity Of Your Yields Monty&#8217;s primary goals has always been to help Guatemalan farmers be more successful. We offer Guatemalan farmers high efficiency nutrient solutions &#8211; whether in-furrow starters, industry-leading humic-based soil conditioners, or foliar applied nutrient packages &#8211; designed to bring better root development, healthier plants, and ultimately higher&hellip;\" \/>\n<meta property=\"og:url\" content=\"https:\/\/montysinternational.com\/es\/guatemala\/\" \/>\n<meta property=\"og:site_name\" content=\"Monty&#039;s International\" \/>\n<meta property=\"article:modified_time\" content=\"2024-01-29T20:48:04+00:00\" \/>\n<meta property=\"og:image\" content=\"https:\/\/montysinternational.com\/wp-content\/uploads\/2022\/07\/Flag-Guatemala.png\" \/>\n<meta name=\"twitter:card\" content=\"summary_large_image\" \/>\n<meta name=\"twitter:label1\" content=\"Est. reading time\" \/>\n\t<meta name=\"twitter:data1\" content=\"4 minutes\" \/>\n<script type=\"application\/ld+json\" class=\"yoast-schema-graph\">{\"@context\":\"https:\\\/\\\/schema.org\",\"@graph\":[{\"@type\":\"WebPage\",\"@id\":\"https:\\\/\\\/montysinternational.com\\\/guatemala\\\/\",\"url\":\"https:\\\/\\\/montysinternational.com\\\/guatemala\\\/\",\"name\":\"Guatemala - Monty&#039;s International\",\"isPartOf\":{\"@id\":\"https:\\\/\\\/montysinternational.com\\\/#website\"},\"primaryImageOfPage\":{\"@id\":\"https:\\\/\\\/montysinternational.com\\\/guatemala\\\/#primaryimage\"},\"image\":{\"@id\":\"https:\\\/\\\/montysinternational.com\\\/guatemala\\\/#primaryimage\"},\"thumbnailUrl\":\"https:\\\/\\\/montysinternational.com\\\/wp-content\\\/uploads\\\/2022\\\/07\\\/Flag-Guatemala.png\",\"datePublished\":\"2022-08-04T15:16:03+00:00\",\"dateModified\":\"2024-01-29T20:48:04+00:00\",\"breadcrumb\":{\"@id\":\"https:\\\/\\\/montysinternational.com\\\/guatemala\\\/#breadcrumb\"},\"inLanguage\":\"es-GT\",\"potentialAction\":[{\"@type\":\"ReadAction\",\"target\":[\"https:\\\/\\\/montysinternational.com\\\/guatemala\\\/\"]}]},{\"@type\":\"ImageObject\",\"inLanguage\":\"es-GT\",\"@id\":\"https:\\\/\\\/montysinternational.com\\\/guatemala\\\/#primaryimage\",\"url\":\"https:\\\/\\\/montysinternational.com\\\/wp-content\\\/uploads\\\/2022\\\/07\\\/Flag-Guatemala.png\",\"contentUrl\":\"https:\\\/\\\/montysinternational.com\\\/wp-content\\\/uploads\\\/2022\\\/07\\\/Flag-Guatemala.png\"},{\"@type\":\"BreadcrumbList\",\"@id\":\"https:\\\/\\\/montysinternational.com\\\/guatemala\\\/#breadcrumb\",\"itemListElement\":[{\"@type\":\"ListItem\",\"position\":1,\"name\":\"Home\",\"item\":\"https:\\\/\\\/montysinternational.com\\\/\"},{\"@type\":\"ListItem\",\"position\":2,\"name\":\"Guatemala\"}]},{\"@type\":\"WebSite\",\"@id\":\"https:\\\/\\\/montysinternational.com\\\/#website\",\"url\":\"https:\\\/\\\/montysinternational.com\\\/\",\"name\":\"Monty&#039;s International\",\"description\":\"\",\"publisher\":{\"@id\":\"https:\\\/\\\/montysinternational.com\\\/#organization\"},\"potentialAction\":[{\"@type\":\"SearchAction\",\"target\":{\"@type\":\"EntryPoint\",\"urlTemplate\":\"https:\\\/\\\/montysinternational.com\\\/?s={search_term_string}\"},\"query-input\":{\"@type\":\"PropertyValueSpecification\",\"valueRequired\":true,\"valueName\":\"search_term_string\"}}],\"inLanguage\":\"es-GT\"},{\"@type\":\"Organization\",\"@id\":\"https:\\\/\\\/montysinternational.com\\\/#organization\",\"name\":\"Monty's Plant Food\",\"url\":\"https:\\\/\\\/montysinternational.com\\\/\",\"logo\":{\"@type\":\"ImageObject\",\"inLanguage\":\"es-GT\",\"@id\":\"https:\\\/\\\/montysinternational.com\\\/#\\\/schema\\\/logo\\\/image\\\/\",\"url\":\"https:\\\/\\\/montysinternational.com\\\/wp-content\\\/uploads\\\/2020\\\/09\\\/Website-Logo-TEST.png\",\"contentUrl\":\"https:\\\/\\\/montysinternational.com\\\/wp-content\\\/uploads\\\/2020\\\/09\\\/Website-Logo-TEST.png\",\"width\":505,\"height\":358,\"caption\":\"Monty's Plant Food\"},\"image\":{\"@id\":\"https:\\\/\\\/montysinternational.com\\\/#\\\/schema\\\/logo\\\/image\\\/\"}}]}<\/script>\n<!-- \/ Yoast SEO plugin. -->","yoast_head_json":{"title":"Guatemala - Monty&#039;s International","robots":{"index":"index","follow":"follow","max-snippet":"max-snippet:-1","max-image-preview":"max-image-preview:large","max-video-preview":"max-video-preview:-1"},"canonical":"https:\/\/montysinternational.com\/es\/guatemala\/","og_locale":"es_ES","og_type":"article","og_title":"Guatemala - Monty&#039;s International","og_description":"Guatemala Maximize The Quality and Quantity Of Your Yields Monty&#8217;s primary goals has always been to help Guatemalan farmers be more successful. We offer Guatemalan farmers high efficiency nutrient solutions &#8211; whether in-furrow starters, industry-leading humic-based soil conditioners, or foliar applied nutrient packages &#8211; designed to bring better root development, healthier plants, and ultimately higher&hellip;","og_url":"https:\/\/montysinternational.com\/es\/guatemala\/","og_site_name":"Monty&#039;s International","article_modified_time":"2024-01-29T20:48:04+00:00","og_image":[{"url":"https:\/\/montysinternational.com\/wp-content\/uploads\/2022\/07\/Flag-Guatemala.png","type":"","width":"","height":""}],"twitter_card":"summary_large_image","twitter_misc":{"Est. reading time":"4 minutes"},"schema":{"@context":"https:\/\/schema.org","@graph":[{"@type":"WebPage","@id":"https:\/\/montysinternational.com\/guatemala\/","url":"https:\/\/montysinternational.com\/guatemala\/","name":"Guatemala - Monty&#039;s International","isPartOf":{"@id":"https:\/\/montysinternational.com\/#website"},"primaryImageOfPage":{"@id":"https:\/\/montysinternational.com\/guatemala\/#primaryimage"},"image":{"@id":"https:\/\/montysinternational.com\/guatemala\/#primaryimage"},"thumbnailUrl":"https:\/\/montysinternational.com\/wp-content\/uploads\/2022\/07\/Flag-Guatemala.png","datePublished":"2022-08-04T15:16:03+00:00","dateModified":"2024-01-29T20:48:04+00:00","breadcrumb":{"@id":"https:\/\/montysinternational.com\/guatemala\/#breadcrumb"},"inLanguage":"es-GT","potentialAction":[{"@type":"ReadAction","target":["https:\/\/montysinternational.com\/guatemala\/"]}]},{"@type":"ImageObject","inLanguage":"es-GT","@id":"https:\/\/montysinternational.com\/guatemala\/#primaryimage","url":"https:\/\/montysinternational.com\/wp-content\/uploads\/2022\/07\/Flag-Guatemala.png","contentUrl":"https:\/\/montysinternational.com\/wp-content\/uploads\/2022\/07\/Flag-Guatemala.png"},{"@type":"BreadcrumbList","@id":"https:\/\/montysinternational.com\/guatemala\/#breadcrumb","itemListElement":[{"@type":"ListItem","position":1,"name":"Home","item":"https:\/\/montysinternational.com\/"},{"@type":"ListItem","position":2,"name":"Guatemala"}]},{"@type":"WebSite","@id":"https:\/\/montysinternational.com\/#website","url":"https:\/\/montysinternational.com\/","name":"Monty&#039;s Internacional","description":"","publisher":{"@id":"https:\/\/montysinternational.com\/#organization"},"potentialAction":[{"@type":"SearchAction","target":{"@type":"EntryPoint","urlTemplate":"https:\/\/montysinternational.com\/?s={search_term_string}"},"query-input":{"@type":"PropertyValueSpecification","valueRequired":true,"valueName":"search_term_string"}}],"inLanguage":"es-GT"},{"@type":"Organization","@id":"https:\/\/montysinternational.com\/#organization","name":"Monty's Plant Food","url":"https:\/\/montysinternational.com\/","logo":{"@type":"ImageObject","inLanguage":"es-GT","@id":"https:\/\/montysinternational.com\/#\/schema\/logo\/image\/","url":"https:\/\/montysinternational.com\/wp-content\/uploads\/2020\/09\/Website-Logo-TEST.png","contentUrl":"https:\/\/montysinternational.com\/wp-content\/uploads\/2020\/09\/Website-Logo-TEST.png","width":505,"height":358,"caption":"Monty's Plant Food"},"image":{"@id":"https:\/\/montysinternational.com\/#\/schema\/logo\/image\/"}}]}},"_links":{"self":[{"href":"https:\/\/montysinternational.com\/es\/wp-json\/wp\/v2\/pages\/12595","targetHints":{"allow":["GET"]}}],"collection":[{"href":"https:\/\/montysinternational.com\/es\/wp-json\/wp\/v2\/pages"}],"about":[{"href":"https:\/\/montysinternational.com\/es\/wp-json\/wp\/v2\/types\/page"}],"author":[{"embeddable":true,"href":"https:\/\/montysinternational.com\/es\/wp-json\/wp\/v2\/users\/17"}],"replies":[{"embeddable":true,"href":"https:\/\/montysinternational.com\/es\/wp-json\/wp\/v2\/comments?post=12595"}],"version-history":[{"count":10,"href":"https:\/\/montysinternational.com\/es\/wp-json\/wp\/v2\/pages\/12595\/revisions"}],"predecessor-version":[{"id":13268,"href":"https:\/\/montysinternational.com\/es\/wp-json\/wp\/v2\/pages\/12595\/revisions\/13268"}],"wp:attachment":[{"href":"https:\/\/montysinternational.com\/es\/wp-json\/wp\/v2\/media?parent=12595"}],"curies":[{"name":"wp","href":"https:\/\/api.w.org\/{rel}","templated":true}]}}