{"id":12549,"date":"2022-09-15T11:25:57","date_gmt":"2022-09-15T15:25:57","guid":{"rendered":"https:\/\/montysplantfood.com\/?page_id=12549"},"modified":"2025-04-11T08:43:48","modified_gmt":"2025-04-11T12:43:48","slug":"team","status":"publish","type":"page","link":"https:\/\/montysinternational.com\/es\/brazil\/team\/","title":{"rendered":"Selecci\u00f3n de Brasil"},"content":{"rendered":"<h1>\n\t\tSelecci\u00f3n de Brasil\n\t<\/h1>\n\t\t\t\t<img loading=\"lazy\" decoding=\"async\" src=\"https:\/\/montysinternational.com\/wp-content\/uploads\/2022\/06\/Marcos-4x5-1-819x1024.png\" alt=\"Marcos\" itemprop=\"image\" height=\"1024\" width=\"819\" title=\"Marcos\" onerror=\"this.style.display='none'\"  \/>\n\t\t\t\t<img loading=\"lazy\" decoding=\"async\" src=\"https:\/\/montysinternational.com\/wp-content\/uploads\/2022\/06\/Gabriel-4x5-1-819x1024.png\" alt=\"Gabriel\" itemprop=\"image\" height=\"1024\" width=\"819\" title=\"Gabriel\" onerror=\"this.style.display='none'\"  \/>\n\t\t\t\t<img loading=\"lazy\" decoding=\"async\" src=\"https:\/\/montysinternational.com\/wp-content\/uploads\/2024\/01\/Sangalli-Jeff.png\" alt=\"Sangalli-Jeff\" itemprop=\"image\" height=\"1200\" width=\"1200\" title=\"Sangalli-Jeff\" onerror=\"this.style.display='none'\"  \/>\n\t\t\t\t<img loading=\"lazy\" decoding=\"async\" src=\"https:\/\/montysinternational.com\/wp-content\/uploads\/2022\/06\/Marcel-4x5-1-819x1024.png\" alt=\"Marcel\" itemprop=\"image\" height=\"1024\" width=\"819\" title=\"Marcel\" onerror=\"this.style.display='none'\"  \/>\n\t\t\t\t<img loading=\"lazy\" decoding=\"async\" src=\"https:\/\/montysinternational.com\/wp-content\/uploads\/2024\/01\/Lambert-4x4-1.png\" alt=\"Lambert 4x4\" itemprop=\"image\" height=\"1200\" width=\"1200\" title=\"Lambert 4x4\" onerror=\"this.style.display='none'\"  \/>\n\t\t\t\t<img loading=\"lazy\" decoding=\"async\" src=\"https:\/\/montysinternational.com\/wp-content\/uploads\/2024\/01\/Barbara-Tucker-4x4-1.png\" alt=\"Barbara Tucker 4x4\" itemprop=\"image\" height=\"1200\" width=\"1200\" title=\"Barbara Tucker 4x4\" onerror=\"this.style.display='none'\"  \/>\n\t<h2><strong>Marcos Gaio <img loading=\"lazy\" decoding=\"async\" src=\"https:\/\/montysinternational.com\/wp-content\/uploads\/2020\/08\/flag-brazil-300x219.png\" alt=\"\" width=\"92\" height=\"67\" \/><\/strong><\/h2>\n<h5>Director para Brasil<\/h5>\n<p>Marcos Gaio, Ingeniero Agr\u00f3nomo, graduado por la Universidad Federal de Vi\u00e7osa - MG - Brasil. Tiene un posgrado en Marketing y Publicidad por la ESPM - SP - Brasil, un MBA en Agronegocios por la FGV, y un MBA Internacional por la Universidad de Ohio - EE.UU.. Marcos tiene una gran experiencia en el sector agroindustrial brasile\u00f1o e internacional. Marcos ha trabajado para DuPont, FMC, Nufarm, y Gowan en Brasil, EE.UU., M\u00e9xico, y toda Am\u00e9rica Latina en varias posiciones, incluyendo ventas, marketing e I + D. Tambi\u00e9n ha sido Consejero de cuatro empresas diferentes en Am\u00e9rica Latina.<\/p>\n<p>Recientemente, Marcos ha trabajado como consultor t\u00e9cnico en el sector agr\u00edcola, ayudando a Monty's Plant Food a ampliar su negocio en todo el mundo.<\/p>\n<p><a href=\"mailto:Marcos.Gaio@montysplantfood.com\">Marcos.Gaio@montysplantfood.com<\/a><\/p>\n<p><a href=\"tel:5511975789609\">+55 11 97578 9609<\/a><\/p>\n\t<h2><strong>Gabriel Barros <img loading=\"lazy\" decoding=\"async\" src=\"https:\/\/montysinternational.com\/wp-content\/uploads\/2020\/08\/flag-brazil-300x219.png\" alt=\"\" width=\"92\" height=\"67\" \/><\/strong><\/h2>\n<h5>Director de Operaciones en Brasil<\/h5>\n<p>Gabriel Prado de Barros es un ejecutivo con formaci\u00f3n en marketing y finanzas, as\u00ed como en una empresa agr\u00edcola familiar de tercera generaci\u00f3n. Posee un m\u00e1ster en Negocios Internacionales por la Hult International Business School de San Francisco, Boston y Nueva York (la escuela de negocios m\u00e1s internacional del mundo, clasificada en el Top 10 del Financial Times), y un posgrado en Ciencias Aplicadas al Consumo por la ESPM (la mejor universidad brasile\u00f1a en marketing).<\/p>\n<p>La experiencia de Gabriel incluye proyectos para m\u00faltiples startups y corporaciones en una amplia gama de sectores, centr\u00e1ndose principalmente en la agroindustria y las inversiones. Actualmente, Gabriel trabaja como Director de Operaciones en Brasil para Monty's Plant Food, ayudando a la empresa a establecer operaciones en Brasil.<\/p>\n<p><a href=\"mailto:Gabriel.Barros@montysplantfood.com\">Gabriel.Barros@montysplantfood.com<\/a><\/p>\n<p><a href=\"tel:5565999834503\">+55 65 99983 4503<\/a><\/p>\n\t<h2><strong>Jeff Sangalli <\/strong><strong><img loading=\"lazy\" decoding=\"async\" src=\"https:\/\/montysinternational.com\/wp-content\/uploads\/2022\/03\/AFlag-300x180.jpg\" alt=\"\" width=\"95\" height=\"57\" \/><\/strong><\/h2>\n<h5>Consejero Delegado, Monty's Plant Food Co.<\/h5>\n<p>Como Director General de Monty's Plant Food Co. Jeff es responsable de la visi\u00f3n general, la estrategia y la direcci\u00f3n de Monty's. La prol\u00edfica carrera de 25 a\u00f1os de Jeff abarca varios puestos de liderazgo, incluyendo la planificaci\u00f3n estrat\u00e9gica y la innovaci\u00f3n en I+D, la planificaci\u00f3n y el desarrollo de productos, la planificaci\u00f3n y el cumplimiento de la oferta\/demanda mundial, y la gesti\u00f3n de fabricaci\u00f3n y operaciones en empresas como Monty's, Lexmark International y Ford Motor Company. Adem\u00e1s, Jeff es titular de cinco patentes estadounidenses.<\/p>\n<p>La formaci\u00f3n de Jeff incluye: M.B.A., Xavier University (Williams College of Business &amp; Administration), Cincinnati, OH; M.Eng., Engineering, University of Louisville (Speed Scientific School), Louisville, KY; y B.S.E.S., University of Louisville (Speed Scientific School), Louisville, KY.<\/p>\n\t<h2><strong>Marcel Barbier <\/strong><strong><img loading=\"lazy\" decoding=\"async\" src=\"https:\/\/montysinternational.com\/wp-content\/uploads\/2022\/03\/AFlag-300x180.jpg\" alt=\"\" width=\"95\" height=\"57\" \/><\/strong><\/h2>\n<h5>Jefe T\u00e9cnico Internacional<\/h5>\n<p>Dr Barbier is a soil-plant scientist with 20+ years of experience in the development, enhancement, and marketing of products for the conventional and organic markets.\u00a0 He has a Bachelor&#8217;s degree in Agronomy, a Master&#8217;s Degree in Crop Protection in International Commerce, and a Doctorate in Soil and Plant Science, with a minor in Plant Health Management.\u00a0 Dr. Barbier has experience working with vegetables, row crops, orchards, and tropical crops.\u00a0 He has worked for multinational companies such as Chiquita, Monsanto, Bayer, Syngenta, Stockton, and Rio Tinto (US Borax). In 2010 Dr. Barbier founded a consultancy company that is focused on helping companies develop and launch products.<\/p>\n<p>Desde principios de 2020, el Dr. Barbier ha estado al servicio de Monty's Plant Food como Jefe T\u00e9cnico Internacional, centr\u00e1ndose en la evaluaci\u00f3n de productos y ense\u00f1ando a los agricultores los beneficios de las sustancias h\u00famicas activadas de Monty's y c\u00f3mo estos productos mejoran la salud del suelo y la estabilizaci\u00f3n de nutrientes... aumentando as\u00ed el rendimiento y la calidad de los cultivos.<\/p>\n<p><a href=\"mailto:Marcel.Barbier@montysplantfood.com\">Marcel.Barbier@montysplantfood.com<\/a><\/p>\n<p><a href=\"tel:7724806831\">(772) 480-6831<\/a><\/p>\n\t<h2><strong>Lambert Franklin <\/strong><strong><img loading=\"lazy\" decoding=\"async\" src=\"https:\/\/montysinternational.com\/wp-content\/uploads\/2022\/03\/AFlag-300x180.jpg\" alt=\"\" width=\"95\" height=\"57\" \/><\/strong><\/h2>\n<h5>Log\u00edstica nacional e internacional<\/h5>\n<p><a href=\"mailto:lambert.franklin@montysplantfood.com\">Lambert.Franklin@montysplantfood.com<\/a><\/p>\n<p><a href=\"tel:5026531104\">(502) 653-1104<\/a><\/p>\n\t<h2><strong>Barbara Tucker <\/strong><strong><img loading=\"lazy\" decoding=\"async\" src=\"https:\/\/montysinternational.com\/wp-content\/uploads\/2022\/03\/AFlag-300x180.jpg\" alt=\"\" width=\"95\" height=\"57\" \/><\/strong><\/h2>\n<h5>Log\u00edstica internacional<\/h5>\n<p><a href=\"mailto:barbara.tucker@montysplantfood.com\">Barbara.Tucker@montysplantfood.com<\/a><\/p>\n<p><a href=\"tel:5024899888\">(502) 489-9888<\/a><\/p>","protected":false},"excerpt":{"rendered":"<p>Equipo Brasil Marcos Gaio Country Manager Brasil Marcos Gaio, Ingeniero Agr\u00f3nomo, se gradu\u00f3 en la Universidad Federal de Vi\u00e7osa - MG - Brasil. Tiene un posgrado en Marketing y Publicidad por la ESPM - SP - Brasil, un MBA en Agronegocios por la FGV, y un MBA Internacional por la Universidad de Ohio - EE.UU.. Marcos tiene una gran experiencia en...<\/p>","protected":false},"author":17,"featured_media":0,"parent":12548,"menu_order":0,"comment_status":"closed","ping_status":"closed","template":"","meta":{"_acf_changed":false,"_monsterinsights_skip_tracking":false,"_monsterinsights_sitenote_active":false,"_monsterinsights_sitenote_note":"","_monsterinsights_sitenote_category":0,"footnotes":""},"class_list":["post-12549","page","type-page","status-publish","hentry"],"acf":[],"yoast_head":"<!-- This site is optimized with the Yoast SEO plugin v27.3 - https:\/\/yoast.com\/product\/yoast-seo-wordpress\/ -->\n<title>Brazil Team - Monty&#039;s International<\/title>\n<meta name=\"robots\" content=\"index, follow, max-snippet:-1, max-image-preview:large, max-video-preview:-1\" \/>\n<link rel=\"canonical\" href=\"https:\/\/montysinternational.com\/es\/brazil\/team\/\" \/>\n<meta property=\"og:locale\" content=\"es_ES\" \/>\n<meta property=\"og:type\" content=\"article\" \/>\n<meta property=\"og:title\" content=\"Brazil Team - Monty&#039;s International\" \/>\n<meta property=\"og:description\" content=\"Brazil Team Marcos Gaio Brazil Country Manager Marcos Gaio, Agronomist, graduated from the Federal University of Vi\u00e7osa &#8211; MG &#8211; Brazil. He holds a post-graduate degree in Marketing and Advertising from ESPM &#8211; SP &#8211; Brazil, an MBA in Agribusiness from FGV, and International MBA from Ohio University &#8211; USA. Marcos has significant experience in&hellip;\" \/>\n<meta property=\"og:url\" content=\"https:\/\/montysinternational.com\/es\/brazil\/team\/\" \/>\n<meta property=\"og:site_name\" content=\"Monty&#039;s International\" \/>\n<meta property=\"article:modified_time\" content=\"2025-04-11T12:43:48+00:00\" \/>\n<meta property=\"og:image\" content=\"https:\/\/montysinternational.com\/wp-content\/uploads\/2022\/06\/Marcos-4x5-1-819x1024.png\" \/>\n<meta name=\"twitter:card\" content=\"summary_large_image\" \/>\n<script type=\"application\/ld+json\" class=\"yoast-schema-graph\">{\"@context\":\"https:\\\/\\\/schema.org\",\"@graph\":[{\"@type\":\"WebPage\",\"@id\":\"https:\\\/\\\/montysinternational.com\\\/brazil\\\/team\\\/\",\"url\":\"https:\\\/\\\/montysinternational.com\\\/brazil\\\/team\\\/\",\"name\":\"Brazil Team - Monty&#039;s International\",\"isPartOf\":{\"@id\":\"https:\\\/\\\/montysinternational.com\\\/#website\"},\"primaryImageOfPage\":{\"@id\":\"https:\\\/\\\/montysinternational.com\\\/brazil\\\/team\\\/#primaryimage\"},\"image\":{\"@id\":\"https:\\\/\\\/montysinternational.com\\\/brazil\\\/team\\\/#primaryimage\"},\"thumbnailUrl\":\"https:\\\/\\\/montysinternational.com\\\/wp-content\\\/uploads\\\/2022\\\/06\\\/Marcos-4x5-1-819x1024.png\",\"datePublished\":\"2022-09-15T15:25:57+00:00\",\"dateModified\":\"2025-04-11T12:43:48+00:00\",\"breadcrumb\":{\"@id\":\"https:\\\/\\\/montysinternational.com\\\/brazil\\\/team\\\/#breadcrumb\"},\"inLanguage\":\"es-GT\",\"potentialAction\":[{\"@type\":\"ReadAction\",\"target\":[\"https:\\\/\\\/montysinternational.com\\\/brazil\\\/team\\\/\"]}]},{\"@type\":\"ImageObject\",\"inLanguage\":\"es-GT\",\"@id\":\"https:\\\/\\\/montysinternational.com\\\/brazil\\\/team\\\/#primaryimage\",\"url\":\"https:\\\/\\\/montysinternational.com\\\/wp-content\\\/uploads\\\/2022\\\/06\\\/Marcos-4x5-1-819x1024.png\",\"contentUrl\":\"https:\\\/\\\/montysinternational.com\\\/wp-content\\\/uploads\\\/2022\\\/06\\\/Marcos-4x5-1-819x1024.png\"},{\"@type\":\"BreadcrumbList\",\"@id\":\"https:\\\/\\\/montysinternational.com\\\/brazil\\\/team\\\/#breadcrumb\",\"itemListElement\":[{\"@type\":\"ListItem\",\"position\":1,\"name\":\"Home\",\"item\":\"https:\\\/\\\/montysinternational.com\\\/\"},{\"@type\":\"ListItem\",\"position\":2,\"name\":\"Brazil\",\"item\":\"https:\\\/\\\/montysinternational.com\\\/brazil\\\/\"},{\"@type\":\"ListItem\",\"position\":3,\"name\":\"Brazil Team\"}]},{\"@type\":\"WebSite\",\"@id\":\"https:\\\/\\\/montysinternational.com\\\/#website\",\"url\":\"https:\\\/\\\/montysinternational.com\\\/\",\"name\":\"Monty&#039;s International\",\"description\":\"\",\"publisher\":{\"@id\":\"https:\\\/\\\/montysinternational.com\\\/#organization\"},\"potentialAction\":[{\"@type\":\"SearchAction\",\"target\":{\"@type\":\"EntryPoint\",\"urlTemplate\":\"https:\\\/\\\/montysinternational.com\\\/?s={search_term_string}\"},\"query-input\":{\"@type\":\"PropertyValueSpecification\",\"valueRequired\":true,\"valueName\":\"search_term_string\"}}],\"inLanguage\":\"es-GT\"},{\"@type\":\"Organization\",\"@id\":\"https:\\\/\\\/montysinternational.com\\\/#organization\",\"name\":\"Monty's Plant Food\",\"url\":\"https:\\\/\\\/montysinternational.com\\\/\",\"logo\":{\"@type\":\"ImageObject\",\"inLanguage\":\"es-GT\",\"@id\":\"https:\\\/\\\/montysinternational.com\\\/#\\\/schema\\\/logo\\\/image\\\/\",\"url\":\"https:\\\/\\\/montysinternational.com\\\/wp-content\\\/uploads\\\/2020\\\/09\\\/Website-Logo-TEST.png\",\"contentUrl\":\"https:\\\/\\\/montysinternational.com\\\/wp-content\\\/uploads\\\/2020\\\/09\\\/Website-Logo-TEST.png\",\"width\":505,\"height\":358,\"caption\":\"Monty's Plant Food\"},\"image\":{\"@id\":\"https:\\\/\\\/montysinternational.com\\\/#\\\/schema\\\/logo\\\/image\\\/\"}}]}<\/script>\n<!-- \/ Yoast SEO plugin. -->","yoast_head_json":{"title":"Brazil Team - Monty&#039;s International","robots":{"index":"index","follow":"follow","max-snippet":"max-snippet:-1","max-image-preview":"max-image-preview:large","max-video-preview":"max-video-preview:-1"},"canonical":"https:\/\/montysinternational.com\/es\/brazil\/team\/","og_locale":"es_ES","og_type":"article","og_title":"Brazil Team - Monty&#039;s International","og_description":"Brazil Team Marcos Gaio Brazil Country Manager Marcos Gaio, Agronomist, graduated from the Federal University of Vi\u00e7osa &#8211; MG &#8211; Brazil. He holds a post-graduate degree in Marketing and Advertising from ESPM &#8211; SP &#8211; Brazil, an MBA in Agribusiness from FGV, and International MBA from Ohio University &#8211; USA. Marcos has significant experience in&hellip;","og_url":"https:\/\/montysinternational.com\/es\/brazil\/team\/","og_site_name":"Monty&#039;s International","article_modified_time":"2025-04-11T12:43:48+00:00","og_image":[{"url":"https:\/\/montysinternational.com\/wp-content\/uploads\/2022\/06\/Marcos-4x5-1-819x1024.png","type":"","width":"","height":""}],"twitter_card":"summary_large_image","schema":{"@context":"https:\/\/schema.org","@graph":[{"@type":"WebPage","@id":"https:\/\/montysinternational.com\/brazil\/team\/","url":"https:\/\/montysinternational.com\/brazil\/team\/","name":"Brazil Team - Monty&#039;s International","isPartOf":{"@id":"https:\/\/montysinternational.com\/#website"},"primaryImageOfPage":{"@id":"https:\/\/montysinternational.com\/brazil\/team\/#primaryimage"},"image":{"@id":"https:\/\/montysinternational.com\/brazil\/team\/#primaryimage"},"thumbnailUrl":"https:\/\/montysinternational.com\/wp-content\/uploads\/2022\/06\/Marcos-4x5-1-819x1024.png","datePublished":"2022-09-15T15:25:57+00:00","dateModified":"2025-04-11T12:43:48+00:00","breadcrumb":{"@id":"https:\/\/montysinternational.com\/brazil\/team\/#breadcrumb"},"inLanguage":"es-GT","potentialAction":[{"@type":"ReadAction","target":["https:\/\/montysinternational.com\/brazil\/team\/"]}]},{"@type":"ImageObject","inLanguage":"es-GT","@id":"https:\/\/montysinternational.com\/brazil\/team\/#primaryimage","url":"https:\/\/montysinternational.com\/wp-content\/uploads\/2022\/06\/Marcos-4x5-1-819x1024.png","contentUrl":"https:\/\/montysinternational.com\/wp-content\/uploads\/2022\/06\/Marcos-4x5-1-819x1024.png"},{"@type":"BreadcrumbList","@id":"https:\/\/montysinternational.com\/brazil\/team\/#breadcrumb","itemListElement":[{"@type":"ListItem","position":1,"name":"Home","item":"https:\/\/montysinternational.com\/"},{"@type":"ListItem","position":2,"name":"Brazil","item":"https:\/\/montysinternational.com\/brazil\/"},{"@type":"ListItem","position":3,"name":"Brazil Team"}]},{"@type":"WebSite","@id":"https:\/\/montysinternational.com\/#website","url":"https:\/\/montysinternational.com\/","name":"Monty&#039;s Internacional","description":"","publisher":{"@id":"https:\/\/montysinternational.com\/#organization"},"potentialAction":[{"@type":"SearchAction","target":{"@type":"EntryPoint","urlTemplate":"https:\/\/montysinternational.com\/?s={search_term_string}"},"query-input":{"@type":"PropertyValueSpecification","valueRequired":true,"valueName":"search_term_string"}}],"inLanguage":"es-GT"},{"@type":"Organization","@id":"https:\/\/montysinternational.com\/#organization","name":"Monty's Plant Food","url":"https:\/\/montysinternational.com\/","logo":{"@type":"ImageObject","inLanguage":"es-GT","@id":"https:\/\/montysinternational.com\/#\/schema\/logo\/image\/","url":"https:\/\/montysinternational.com\/wp-content\/uploads\/2020\/09\/Website-Logo-TEST.png","contentUrl":"https:\/\/montysinternational.com\/wp-content\/uploads\/2020\/09\/Website-Logo-TEST.png","width":505,"height":358,"caption":"Monty's Plant Food"},"image":{"@id":"https:\/\/montysinternational.com\/#\/schema\/logo\/image\/"}}]}},"_links":{"self":[{"href":"https:\/\/montysinternational.com\/es\/wp-json\/wp\/v2\/pages\/12549","targetHints":{"allow":["GET"]}}],"collection":[{"href":"https:\/\/montysinternational.com\/es\/wp-json\/wp\/v2\/pages"}],"about":[{"href":"https:\/\/montysinternational.com\/es\/wp-json\/wp\/v2\/types\/page"}],"author":[{"embeddable":true,"href":"https:\/\/montysinternational.com\/es\/wp-json\/wp\/v2\/users\/17"}],"replies":[{"embeddable":true,"href":"https:\/\/montysinternational.com\/es\/wp-json\/wp\/v2\/comments?post=12549"}],"version-history":[{"count":11,"href":"https:\/\/montysinternational.com\/es\/wp-json\/wp\/v2\/pages\/12549\/revisions"}],"predecessor-version":[{"id":13362,"href":"https:\/\/montysinternational.com\/es\/wp-json\/wp\/v2\/pages\/12549\/revisions\/13362"}],"up":[{"embeddable":true,"href":"https:\/\/montysinternational.com\/es\/wp-json\/wp\/v2\/pages\/12548"}],"wp:attachment":[{"href":"https:\/\/montysinternational.com\/es\/wp-json\/wp\/v2\/media?parent=12549"}],"curies":[{"name":"wp","href":"https:\/\/api.w.org\/{rel}","templated":true}]}}