{"id":12548,"date":"2022-11-11T16:47:15","date_gmt":"2022-11-11T21:47:15","guid":{"rendered":"https:\/\/montysplantfood.com\/?page_id=12548"},"modified":"2024-01-29T13:32:56","modified_gmt":"2024-01-29T18:32:56","slug":"brazil","status":"publish","type":"page","link":"https:\/\/montysinternational.com\/es\/brazil\/","title":{"rendered":"Brasil"},"content":{"rendered":"<h1>\n\t\tBrasil\n\t<\/h1>\n<h2>\n\t\tMaximice la calidad y la cantidad de sus rendimientos\n\t<\/h2>\n\t<p>El objetivo principal de Monty siempre ha sido ayudar a los agricultores a tener m\u00e1s \u00e9xito. Ofrecemos a los agricultores brasile\u00f1os soluciones nutritivas de alta eficiencia, ya sean iniciadores en el surco, acondicionadores del suelo a base de humus l\u00edderes en la industria o paquetes de nutrientes de aplicaci\u00f3n foliar, dise\u00f1ados para lograr un mejor desarrollo de las ra\u00edces, plantas m\u00e1s sanas y, en \u00faltima instancia, \u00a1mayores rendimientos!<\/p>\n<p>Monty's es su fuente de confianza para una orientaci\u00f3n fiable y productos innovadores, respaldados cient\u00edficamente, para plantas y suelos que facilitan la producci\u00f3n de rendimientos mayores y de alta calidad, al tiempo que mejoran la calidad del suelo a largo plazo. Monty's... asesores de confianza. Soluciones probadas. Hable hoy mismo con su representante de Monty's.<\/p>\n\t\t\t\t\t\t\t\t\t<img loading=\"lazy\" decoding=\"async\" src=\"https:\/\/montysinternational.com\/wp-content\/uploads\/2020\/08\/flag-brazil.png\" alt=\"flag-brazil\" itemprop=\"image\" height=\"436\" width=\"597\" srcset=\"https:\/\/montysinternational.com\/wp-content\/uploads\/2020\/08\/flag-brazil.png 597w, https:\/\/montysinternational.com\/wp-content\/uploads\/2020\/08\/flag-brazil-300x219.png 300w\" sizes=\"auto, (max-width: 597px) 100vw, 597px\" title=\"bandera-brasil\" onerror=\"this.style.display='none'\"  \/>\n\t<a href=\"https:\/\/montysinternational.com\/es\/brazil\/team\/\" target=\"_self\" role=\"button\" aria-label=\"Nuestro equipo brasile\u00f1o\" rel=\"noopener\">\n\t\t\t\t\t\tNuestro equipo brasile\u00f1o\n\t\t\t\t\t<\/a>\n<h2>\n\t\tPrincipales productos disponibles en Brasil\n\t<\/h2>\n<h3>\n\t\tMonty's Liquid Carbon-N\n\t<\/h3>\n\tEl acondicionador de suelo Monty's Liquid Carbon-N est\u00e1 dise\u00f1ado para ayudar a<br \/>\nla descomposici\u00f3n de la materia org\u00e1nica. Puede mejorar la gesti\u00f3n de la humedad en su suelo. Este producto contiene \u00e1cido h\u00famico activado de Monty, que se procesa utilizando nuestra tecnolog\u00eda patentada. El \u00e1cido h\u00famico puede mejorar la absorci\u00f3n de micronutrientes.\n\t\t\t<a href=\"https:\/\/montysinternational.com\/wp-content\/uploads\/2024\/01\/1213-Montys-Liquid-Carbon-N-Sheet-Brazil-Portuguese-WEB.pdf\" target=\"_blank\" role=\"button\" rel=\"noopener\">\n\t\t\t\t\t\tHoja de Producto\n\t\t\t\t\t<\/a>\n\t\t\t<a href=\"https:\/\/montysinternational.com\/wp-content\/uploads\/2023\/01\/MNT_MontysLiquidCarbon_POR_5003BR_10Litros_FT.pdf\" target=\"_blank\" role=\"button\" rel=\"noopener\">\n\t\t\t\t\t\tEtiqueta\n\t\t\t\t\t<\/a>\n<h3>\n\t\tHumihance\n\t<\/h3>\n\t<p>Humihance es un recubrimiento fertilizante a base de humus que proporciona de forma r\u00e1pida y eficaz beneficios en la gesti\u00f3n de nutrientes sin inhibir la actividad de las bacterias naturales del suelo. Es ideal para su uso cuando se mezclan todos los fertilizantes granulares, y es compatible con una variedad de micronutrientes y fertilizantes pretratados.\u00a0\u00a0<\/p>\n\t\t\t<a href=\"https:\/\/montysinternational.com\/wp-content\/uploads\/2024\/01\/1213-Humihance-Sheet-Brazil-Portuguese-WEB.pdf\" target=\"_blank\" role=\"button\" rel=\"noopener\">\n\t\t\t\t\t\tHoja de Producto\n\t\t\t\t\t<\/a>\n\t\t\t<a href=\"https:\/\/montysinternational.com\/wp-content\/uploads\/2023\/01\/MNT_Humihance_POR_5005BR_9.46L_FT_V1.pdf\" target=\"_blank\" role=\"button\" rel=\"noopener\">\n\t\t\t\t\t\tEtiqueta\n\t\t\t\t\t<\/a>\n<h3>\n\t\tDri-Carbon de Monty\n\t<\/h3>\n\t<p>Monty's Dri-Carbon ofrece las mismas ventajas que Monty's Liquid Carbon, pero en forma de granulado.<\/p>\n\t\t\t<a href=\"https:\/\/montysinternational.com\/wp-content\/uploads\/2024\/01\/1213-Montys-Dri-Carbon-Sheet-Brazil-Portuguese-WEB.pdf\" target=\"_blank\" role=\"button\" rel=\"noopener\">\n\t\t\t\t\t\tHoja de Producto\n\t\t\t\t\t<\/a>\n\t\t\t<a href=\"https:\/\/montysinternational.com\/wp-content\/uploads\/2023\/01\/MNT_Dri-Carbon_POR_8B_V118.pdf\" target=\"_blank\" role=\"button\" rel=\"noopener\">\n\t\t\t\t\t\tEtiqueta\n\t\t\t\t\t<\/a>\n<h3>\n\t\tMagmaHume\n\t<\/h3>\n\t<p>MagmaHume es una combinaci\u00f3n \u00fanica de basalto, una fuente de secundarios y micronutrientes, y h\u00famicos activados propiedad de Monty, para mejorar la fertilidad y la salud del suelo. MagmaHume es natural, org\u00e1nico y equilibrado para un mejor crecimiento, aportando m\u00e1s energ\u00eda a sus plantas.<\/p>\n\t\t\t<a href=\"https:\/\/montysplantfood.com\/products\/magmahume\/\" target=\"_blank\" role=\"button\" rel=\"noopener\">\n\t\t\t\t\t\tHoja de Producto\n\t\t\t\t\t<\/a>\n\t\t\t<a href=\"https:\/\/montysinternational.com\/wp-content\/uploads\/2023\/01\/MagmaHume-Rotulo-oficial.pdf\" target=\"_blank\" role=\"button\" rel=\"noopener\">\n\t\t\t\t\t\tEtiqueta\n\t\t\t\t\t<\/a>\n<h3>\n\t\tUltra-N de Monty\n\t<\/h3>\n\t<p>Humihance es un recubrimiento fertilizante a base de humus que proporciona de forma r\u00e1pida y eficaz beneficios en la gesti\u00f3n de nutrientes sin inhibir la actividad de las bacterias naturales del suelo. Es ideal para su uso cuando se mezclan todos los fertilizantes granulares, y es compatible con una variedad de micronutrientes y fertilizantes pretratados.\u00a0\u00a0<\/p>\n\t\t\t<a href=\"https:\/\/montysinternational.com\/wp-content\/uploads\/2024\/01\/1213-Montys-Ultra-N-Sheet-Brazil-Portuguese-WEB.pdf\" target=\"_blank\" role=\"button\" rel=\"noopener\">\n\t\t\t\t\t\tHoja de Producto\n\t\t\t\t\t<\/a>\n\t\t\t<a href=\"https:\/\/montysinternational.com\/wp-content\/uploads\/2023\/01\/MNT_Ultra-N_POR_8B_V1.pdf\" target=\"_blank\" role=\"button\" rel=\"noopener\">\n\t\t\t\t\t\tEtiqueta\n\t\t\t\t\t<\/a>\n<h3>\n\t\tSobrecarga XD\n\t<\/h3>\n\t<p>Surge XD est\u00e1 dise\u00f1ado para su uso con fertilizantes l\u00edquidos para facilitar la absorci\u00f3n de nutrientes a trav\u00e9s de los tejidos de la planta.<\/p>\n\t\t\t<a href=\"https:\/\/montysinternational.com\/wp-content\/uploads\/2024\/01\/1213-Surge-XD-Sheet-Brazil-Portuguese-WEB.pdf\" target=\"_blank\" role=\"button\" rel=\"noopener\">\n\t\t\t\t\t\tHoja de Producto\n\t\t\t\t\t<\/a>\n\t\t\t<a href=\"\" target=\"_blank\" role=\"button\" rel=\"noopener\">\n\t\t\t\t\t\tEtiqueta\n\t\t\t\t\t<\/a>\n\t<a href=\"https:\/\/montysinternational.com\/wp-content\/uploads\/2023\/02\/Humic-Brochure_Brazil_Portuguese.pdf\" target=\"_blank\" role=\"button\" rel=\"noopener\" aria-label=\"H\u00famicos y salud del suelo\">\n\t\t\t\t\t\tH\u00famicos y salud del suelo\n\t\t\t\t\t<\/a>\n<h2>\n\t\tSoluciones para plantas y suelos que trabajan tan duro como usted\n\t<\/h2>\n\t<p>Vea c\u00f3mo ayudamos a miles de agricultores de decenas de pa\u00edses de todo el mundo a encontrar mejores respuestas, aplicar soluciones con mayor precisi\u00f3n y maximizar el potencial de sus campos.<\/p>\n\t\t\t\t\t\t\t<img decoding=\"async\" src=\"https:\/\/montysinternational.com\/wp-content\/uploads\/2020\/08\/icon-corn.png\" alt=\"icon-corn\" \/>\n\t\t<h3>Ma\u00edz<\/h3>\n\t\t\t\t\t\t\t<img decoding=\"async\" src=\"https:\/\/montysinternational.com\/wp-content\/uploads\/2020\/08\/icon-soybeans.png\" alt=\"icon-soybeans\" \/>\n\t\t<h3>Soja<\/h3>\n\t\t\t\t\t\t\t<img decoding=\"async\" src=\"https:\/\/montysinternational.com\/wp-content\/uploads\/2020\/12\/MNT_Icons_SugarCane.png\" alt=\"MNT_Icons_SugarCane\" \/>\n\t\t<h3>Ca\u00f1a de az\u00facar<\/h3>\n\t\t\t\t\t\t\t<img decoding=\"async\" src=\"https:\/\/montysinternational.com\/wp-content\/uploads\/2022\/12\/Crop_Icon_Cotton.png\" alt=\"Crop_Icon_Cotton\" \/>\n\t\t<h3>Algod\u00f3n<\/h3>\n<h2>\n\t\tCambiemos el futuro de la agricultura brasile\u00f1a\n\t<\/h2>\n\t<p>Vea c\u00f3mo ayudamos a miles de agricultores de decenas de pa\u00edses de todo el mundo a encontrar mejores respuestas, aplicar soluciones con mayor precisi\u00f3n y maximizar el potencial de sus campos.<\/p>\n<h3>\n\t\tCONTACTOS\n\t<\/h3>\n\t<strong>Gabriel Barros<\/strong>\nDirector de Operaciones en Brasil\n<a title=\"mailto:GBarros@montysplantfood.com\" contenteditable=\"false\" href=\"mailto:GBarros@montysplantfood.com\">Correo electr\u00f3nico: GBarros@montysplantfood.com<\/a>\n<a href=\"tel:55659999834503\">+55 65 999983-4503<\/a>\n<strong>Marcos Gaio<\/strong>\nDirector para Brasil\n<a title=\"mailto:MGaio@montysplantfood.com\" contenteditable=\"false\" href=\"mailto:MGaio@montysplantfood.com\">Correo electr\u00f3nico : MGaio@montysplantfood.com<\/a>\n<a href=\"tel:5511975789609\">+55 11 97578-9609<\/a>\n<h3>\n\t\tOficina Corporativa Brasile\u00f1a: FERTILIZANTES MONTY'S\n\t<\/h3>\n\tRodovia Presidente Castelo Branco,\n11.100 Km 30,5 - Modulo G\nJardim Maria Cristina\nBarueri - SP - Brasil\nCEP: 06.421-400\nCNPJ: 23.020.505\/0001-13","protected":false},"excerpt":{"rendered":"<p>Brasil Maximice la calidad y cantidad de sus cosechas El objetivo principal de Monty siempre ha sido ayudar a los agricultores a tener m\u00e1s \u00e9xito. Ofrecemos a los agricultores brasile\u00f1os soluciones nutritivas de alta eficiencia - ya sean iniciadores en el surco, acondicionadores del suelo a base de humus l\u00edderes en la industria o paquetes de nutrientes aplicados foliarmente - dise\u00f1adas para lograr un mejor desarrollo de las ra\u00edces, plantas m\u00e1s sanas y, en \u00faltima instancia, \u00a1mayores rendimientos!...<\/p>","protected":false},"author":17,"featured_media":0,"parent":0,"menu_order":0,"comment_status":"closed","ping_status":"closed","template":"","meta":{"_acf_changed":false,"_monsterinsights_skip_tracking":false,"_monsterinsights_sitenote_active":false,"_monsterinsights_sitenote_note":"","_monsterinsights_sitenote_category":0,"footnotes":""},"class_list":["post-12548","page","type-page","status-publish","hentry"],"acf":[],"yoast_head":"<!-- This site is optimized with the Yoast SEO plugin v27.3 - https:\/\/yoast.com\/product\/yoast-seo-wordpress\/ -->\n<title>Brazil - Monty&#039;s International<\/title>\n<meta name=\"robots\" content=\"index, follow, max-snippet:-1, max-image-preview:large, max-video-preview:-1\" \/>\n<link rel=\"canonical\" href=\"https:\/\/montysinternational.com\/es\/brazil\/\" \/>\n<meta property=\"og:locale\" content=\"es_ES\" \/>\n<meta property=\"og:type\" content=\"article\" \/>\n<meta property=\"og:title\" content=\"Brazil - Monty&#039;s International\" \/>\n<meta property=\"og:description\" content=\"Brazil Maximize The Quality and Quantity Of Your Yields Monty&#8217;s primary goals has always been to help farmers be more successful. We offer Brazilian farmers high efficiency nutrient solutions &#8211; whether in-furrow starters, industry-leading humic-based soil conditioners, or foliar applied nutrient packages &#8211; designed to bring better root development, healthier plants, and ultimately higher yields!&hellip;\" \/>\n<meta property=\"og:url\" content=\"https:\/\/montysinternational.com\/es\/brazil\/\" \/>\n<meta property=\"og:site_name\" content=\"Monty&#039;s International\" \/>\n<meta property=\"article:modified_time\" content=\"2024-01-29T18:32:56+00:00\" \/>\n<meta property=\"og:image\" content=\"https:\/\/montysinternational.com\/wp-content\/uploads\/2020\/08\/flag-brazil.png\" \/>\n<meta name=\"twitter:card\" content=\"summary_large_image\" \/>\n<meta name=\"twitter:label1\" content=\"Est. reading time\" \/>\n\t<meta name=\"twitter:data1\" content=\"10 minutes\" \/>\n<script type=\"application\/ld+json\" class=\"yoast-schema-graph\">{\"@context\":\"https:\\\/\\\/schema.org\",\"@graph\":[{\"@type\":\"WebPage\",\"@id\":\"https:\\\/\\\/montysinternational.com\\\/brazil\\\/\",\"url\":\"https:\\\/\\\/montysinternational.com\\\/brazil\\\/\",\"name\":\"Brazil - Monty&#039;s International\",\"isPartOf\":{\"@id\":\"https:\\\/\\\/montysinternational.com\\\/#website\"},\"primaryImageOfPage\":{\"@id\":\"https:\\\/\\\/montysinternational.com\\\/brazil\\\/#primaryimage\"},\"image\":{\"@id\":\"https:\\\/\\\/montysinternational.com\\\/brazil\\\/#primaryimage\"},\"thumbnailUrl\":\"https:\\\/\\\/montysinternational.com\\\/wp-content\\\/uploads\\\/2020\\\/08\\\/flag-brazil.png\",\"datePublished\":\"2022-11-11T21:47:15+00:00\",\"dateModified\":\"2024-01-29T18:32:56+00:00\",\"breadcrumb\":{\"@id\":\"https:\\\/\\\/montysinternational.com\\\/brazil\\\/#breadcrumb\"},\"inLanguage\":\"es-GT\",\"potentialAction\":[{\"@type\":\"ReadAction\",\"target\":[\"https:\\\/\\\/montysinternational.com\\\/brazil\\\/\"]}]},{\"@type\":\"ImageObject\",\"inLanguage\":\"es-GT\",\"@id\":\"https:\\\/\\\/montysinternational.com\\\/brazil\\\/#primaryimage\",\"url\":\"https:\\\/\\\/montysinternational.com\\\/wp-content\\\/uploads\\\/2020\\\/08\\\/flag-brazil.png\",\"contentUrl\":\"https:\\\/\\\/montysinternational.com\\\/wp-content\\\/uploads\\\/2020\\\/08\\\/flag-brazil.png\"},{\"@type\":\"BreadcrumbList\",\"@id\":\"https:\\\/\\\/montysinternational.com\\\/brazil\\\/#breadcrumb\",\"itemListElement\":[{\"@type\":\"ListItem\",\"position\":1,\"name\":\"Home\",\"item\":\"https:\\\/\\\/montysinternational.com\\\/\"},{\"@type\":\"ListItem\",\"position\":2,\"name\":\"Brazil\"}]},{\"@type\":\"WebSite\",\"@id\":\"https:\\\/\\\/montysinternational.com\\\/#website\",\"url\":\"https:\\\/\\\/montysinternational.com\\\/\",\"name\":\"Monty&#039;s International\",\"description\":\"\",\"publisher\":{\"@id\":\"https:\\\/\\\/montysinternational.com\\\/#organization\"},\"potentialAction\":[{\"@type\":\"SearchAction\",\"target\":{\"@type\":\"EntryPoint\",\"urlTemplate\":\"https:\\\/\\\/montysinternational.com\\\/?s={search_term_string}\"},\"query-input\":{\"@type\":\"PropertyValueSpecification\",\"valueRequired\":true,\"valueName\":\"search_term_string\"}}],\"inLanguage\":\"es-GT\"},{\"@type\":\"Organization\",\"@id\":\"https:\\\/\\\/montysinternational.com\\\/#organization\",\"name\":\"Monty's Plant Food\",\"url\":\"https:\\\/\\\/montysinternational.com\\\/\",\"logo\":{\"@type\":\"ImageObject\",\"inLanguage\":\"es-GT\",\"@id\":\"https:\\\/\\\/montysinternational.com\\\/#\\\/schema\\\/logo\\\/image\\\/\",\"url\":\"https:\\\/\\\/montysinternational.com\\\/wp-content\\\/uploads\\\/2020\\\/09\\\/Website-Logo-TEST.png\",\"contentUrl\":\"https:\\\/\\\/montysinternational.com\\\/wp-content\\\/uploads\\\/2020\\\/09\\\/Website-Logo-TEST.png\",\"width\":505,\"height\":358,\"caption\":\"Monty's Plant Food\"},\"image\":{\"@id\":\"https:\\\/\\\/montysinternational.com\\\/#\\\/schema\\\/logo\\\/image\\\/\"}}]}<\/script>\n<!-- \/ Yoast SEO plugin. -->","yoast_head_json":{"title":"Brazil - Monty&#039;s International","robots":{"index":"index","follow":"follow","max-snippet":"max-snippet:-1","max-image-preview":"max-image-preview:large","max-video-preview":"max-video-preview:-1"},"canonical":"https:\/\/montysinternational.com\/es\/brazil\/","og_locale":"es_ES","og_type":"article","og_title":"Brazil - Monty&#039;s International","og_description":"Brazil Maximize The Quality and Quantity Of Your Yields Monty&#8217;s primary goals has always been to help farmers be more successful. We offer Brazilian farmers high efficiency nutrient solutions &#8211; whether in-furrow starters, industry-leading humic-based soil conditioners, or foliar applied nutrient packages &#8211; designed to bring better root development, healthier plants, and ultimately higher yields!&hellip;","og_url":"https:\/\/montysinternational.com\/es\/brazil\/","og_site_name":"Monty&#039;s International","article_modified_time":"2024-01-29T18:32:56+00:00","og_image":[{"url":"https:\/\/montysinternational.com\/wp-content\/uploads\/2020\/08\/flag-brazil.png","type":"","width":"","height":""}],"twitter_card":"summary_large_image","twitter_misc":{"Est. reading time":"10 minutes"},"schema":{"@context":"https:\/\/schema.org","@graph":[{"@type":"WebPage","@id":"https:\/\/montysinternational.com\/brazil\/","url":"https:\/\/montysinternational.com\/brazil\/","name":"Brazil - Monty&#039;s International","isPartOf":{"@id":"https:\/\/montysinternational.com\/#website"},"primaryImageOfPage":{"@id":"https:\/\/montysinternational.com\/brazil\/#primaryimage"},"image":{"@id":"https:\/\/montysinternational.com\/brazil\/#primaryimage"},"thumbnailUrl":"https:\/\/montysinternational.com\/wp-content\/uploads\/2020\/08\/flag-brazil.png","datePublished":"2022-11-11T21:47:15+00:00","dateModified":"2024-01-29T18:32:56+00:00","breadcrumb":{"@id":"https:\/\/montysinternational.com\/brazil\/#breadcrumb"},"inLanguage":"es-GT","potentialAction":[{"@type":"ReadAction","target":["https:\/\/montysinternational.com\/brazil\/"]}]},{"@type":"ImageObject","inLanguage":"es-GT","@id":"https:\/\/montysinternational.com\/brazil\/#primaryimage","url":"https:\/\/montysinternational.com\/wp-content\/uploads\/2020\/08\/flag-brazil.png","contentUrl":"https:\/\/montysinternational.com\/wp-content\/uploads\/2020\/08\/flag-brazil.png"},{"@type":"BreadcrumbList","@id":"https:\/\/montysinternational.com\/brazil\/#breadcrumb","itemListElement":[{"@type":"ListItem","position":1,"name":"Home","item":"https:\/\/montysinternational.com\/"},{"@type":"ListItem","position":2,"name":"Brazil"}]},{"@type":"WebSite","@id":"https:\/\/montysinternational.com\/#website","url":"https:\/\/montysinternational.com\/","name":"Monty&#039;s Internacional","description":"","publisher":{"@id":"https:\/\/montysinternational.com\/#organization"},"potentialAction":[{"@type":"SearchAction","target":{"@type":"EntryPoint","urlTemplate":"https:\/\/montysinternational.com\/?s={search_term_string}"},"query-input":{"@type":"PropertyValueSpecification","valueRequired":true,"valueName":"search_term_string"}}],"inLanguage":"es-GT"},{"@type":"Organization","@id":"https:\/\/montysinternational.com\/#organization","name":"Monty's Plant Food","url":"https:\/\/montysinternational.com\/","logo":{"@type":"ImageObject","inLanguage":"es-GT","@id":"https:\/\/montysinternational.com\/#\/schema\/logo\/image\/","url":"https:\/\/montysinternational.com\/wp-content\/uploads\/2020\/09\/Website-Logo-TEST.png","contentUrl":"https:\/\/montysinternational.com\/wp-content\/uploads\/2020\/09\/Website-Logo-TEST.png","width":505,"height":358,"caption":"Monty's Plant Food"},"image":{"@id":"https:\/\/montysinternational.com\/#\/schema\/logo\/image\/"}}]}},"_links":{"self":[{"href":"https:\/\/montysinternational.com\/es\/wp-json\/wp\/v2\/pages\/12548","targetHints":{"allow":["GET"]}}],"collection":[{"href":"https:\/\/montysinternational.com\/es\/wp-json\/wp\/v2\/pages"}],"about":[{"href":"https:\/\/montysinternational.com\/es\/wp-json\/wp\/v2\/types\/page"}],"author":[{"embeddable":true,"href":"https:\/\/montysinternational.com\/es\/wp-json\/wp\/v2\/users\/17"}],"replies":[{"embeddable":true,"href":"https:\/\/montysinternational.com\/es\/wp-json\/wp\/v2\/comments?post=12548"}],"version-history":[{"count":10,"href":"https:\/\/montysinternational.com\/es\/wp-json\/wp\/v2\/pages\/12548\/revisions"}],"predecessor-version":[{"id":13267,"href":"https:\/\/montysinternational.com\/es\/wp-json\/wp\/v2\/pages\/12548\/revisions\/13267"}],"wp:attachment":[{"href":"https:\/\/montysinternational.com\/es\/wp-json\/wp\/v2\/media?parent=12548"}],"curies":[{"name":"wp","href":"https:\/\/api.w.org\/{rel}","templated":true}]}}