{"id":86,"date":"2020-08-19T21:46:32","date_gmt":"2020-08-20T01:46:32","guid":{"rendered":"http:\/\/localhost:10003\/why-montys\/"},"modified":"2024-01-16T09:12:57","modified_gmt":"2024-01-16T14:12:57","slug":"why-montys","status":"publish","type":"page","link":"https:\/\/montysinternational.com\/de\/why-montys\/","title":{"rendered":"Warum Monty's"},"content":{"rendered":"<h1>\n\t\tVon Landwirten gebaut. F\u00fcr Landwirte.\n\t<\/h1>\n\t<p>Praktisches Fachwissen f\u00fcr das Gedeihen Ihrer Felder<\/p>\n<h2>\n\t\tVertrauensw\u00fcrdige Berater. Bew\u00e4hrte L\u00f6sungen\n\t<\/h2>\n\t<p>Montys oberstes Ziel war es schon immer, Landwirten zu mehr Erfolg zu verhelfen. Wir bieten den Landwirten hocheffiziente N\u00e4hrstoffl\u00f6sungen - ob Starter in der Furche, branchenf\u00fchrende Bodenverbesserer auf Humusbasis oder N\u00e4hrstoffpakete zur Blattapplikation -, die f\u00fcr eine bessere Wurzelentwicklung, ges\u00fcndere Pflanzen und letztlich h\u00f6here Ertr\u00e4ge sorgen!<\/p>\n<p>Monty's ist Ihre vertrauensw\u00fcrdige Quelle f\u00fcr verl\u00e4ssliche Beratung und innovative, wissenschaftlich fundierte Pflanzen- und Bodenprodukte, die es Ihnen leicht machen, h\u00f6here, hochwertige Ertr\u00e4ge zu erzielen und gleichzeitig die Bodenqualit\u00e4t langfristig zu verbessern. Monty's... vertrauensw\u00fcrdige Berater. Bew\u00e4hrte L\u00f6sungen. Sprechen Sie noch heute mit Ihrem Monty's Vertreter!<\/p>\n<p><strong>Unser Auftrag.<\/strong> Durch die Bereitstellung zuverl\u00e4ssiger und umweltvertr\u00e4glicher Pflanzenn\u00e4hrstoff- und Bodenprodukte helfen wir unseren Kunden, ihr volles Potenzial zu entfalten.<\/p>\n<p><strong>Die wichtigsten Grunds\u00e4tze. <\/strong>Die Entwicklung jedes einzelnen Mitarbeiters f\u00f6rdern. Wir gehen die extra Meile, um unseren Kunden zum Erfolg zu verhelfen. Wir w\u00e4hlen die hochwertigsten und umweltvertr\u00e4glichsten Materialien. Wir arbeiten mit Integrit\u00e4t, auch wenn niemand zuschaut. Niemals aufh\u00f6ren zu lernen und neue innovative Technologien zu entwickeln.<\/p>\n\n<h2>\n\t\tPartnerschaft mit Ihnen f\u00fcr Ihre h\u00f6chste und ges\u00fcndeste Rendite\n\t<\/h2>\n\t\t\t\t\t\t\t\t\t<img loading=\"lazy\" decoding=\"async\" src=\"https:\/\/montysinternational.com\/wp-content\/uploads\/2020\/08\/icon-about-1.png\" alt=\"icon-about-1\" itemprop=\"image\" height=\"216\" width=\"213\" title=\"Symbol-\u00fcber-1\" onerror=\"this.style.display='none'\"  \/>\n<h3>\n\t\tAgronomische Experten, die f\u00fcr Sie arbeiten.\n\t<\/h3>\n\t<p>Von der L\u00f6sung kleinerer Probleme bis hin zur Wiederbelebung Ihrer schlechtesten Felder - Ihr Agronomie-Experte vor Ort wird mit Ihnen zusammenarbeiten, um Ihnen ma\u00dfgeschneiderte L\u00f6sungen anzubieten, die Ihren Zielen entsprechen.<\/p>\n<h3>\n\t\tSehen Sie sich die wichtigen Kennzahlen an.\n\t<\/h3>\n\t<p>Es gibt kein Patentrezept f\u00fcr Landwirte. Und wenn Sie nicht wissen, was unter der Oberfl\u00e4che vor sich geht, sind Sie ein blinder Landwirt. Treffen Sie datengest\u00fctzte Entscheidungen auf der Grundlage von Boden- und Pflanzenproben von Ihren Feldern.<\/p>\n\t\t\t\t\t\t\t\t\t<img loading=\"lazy\" decoding=\"async\" src=\"https:\/\/montysinternational.com\/wp-content\/uploads\/2020\/08\/icon-about-2.png\" alt=\"icon-about-2\" itemprop=\"image\" height=\"215\" width=\"213\" srcset=\"https:\/\/montysinternational.com\/wp-content\/uploads\/2020\/08\/icon-about-2.png 213w, https:\/\/montysinternational.com\/wp-content\/uploads\/2020\/08\/icon-about-2-150x150.png 150w\" sizes=\"auto, (max-width: 213px) 100vw, 213px\" title=\"Symbol-\u00fcber-2\" onerror=\"this.style.display='none'\"  \/>\n\t\t\t\t\t\t\t\t\t<img loading=\"lazy\" decoding=\"async\" src=\"https:\/\/montysinternational.com\/wp-content\/uploads\/2020\/08\/icon-about-3.png\" alt=\"icon-about-3\" itemprop=\"image\" height=\"216\" width=\"213\" title=\"Symbol-\u00fcber-3\" onerror=\"this.style.display='none'\"  \/>\n<h3>\n\t\tAngeberrechte f\u00fcr Hektar.\n\t<\/h3>\n\t<p>Sie (und Ihre Nachbarn) werden den Unterschied zwischen den Monty's-Feldern mit und ohne unsere Boden- und Pflanzenl\u00f6sungen sehen. <\/p>\n<h2>\n\t\tUnsere Geschichte\n\t<\/h2>\n<p><strong>Die fr\u00fchen Tage<\/strong><\/p>\n<p>Was als Hobby von Monty Justice begann, wurde schnell zu einer lebenslangen Leidenschaft. Nachdem er seine 32-j\u00e4hrige Karriere in der Metallindustrie beendet hatte, widmete sich Monty Justice der Zucht der ges\u00fcndesten und sch\u00f6nsten Rosen. Monty fand schnell heraus, dass es auf dem Markt kein einziges Produkt gab, das seine Rosen optimal ern\u00e4hren konnte, ohne ihnen Salze zuzusetzen und den pH-Wert des Bodens zu ver\u00e4ndern.<\/p>\n<p>Da er sich nicht damit zufrieden geben wollte, begann Monty mit eigenen Versuchen und Tests, bei denen er dem Boden verschiedene N\u00e4hrstoffe hinzuf\u00fcgte, und entwickelte \u00fcber einen Zeitraum von zwei Jahren die patentrechtlich gesch\u00fctzte Formel von Monty's Plant Food.<\/p>\n<p>Urspr\u00fcnglich hie\u00df die Formel \"Monty's Joy Juice\" und wurde bald zur Freude der G\u00e4rtner in der Gemeinde in Kentucky, wo er geboren und aufgewachsen war. Als sich die Berichte \u00fcber den Erfolg von Monty's in den G\u00e4rten h\u00e4uften, wuchs das Interesse der Landwirte in der Region.<\/p>\n<p><strong>Ein wachsendes Unternehmen<\/strong><\/p>\n<p>Dennis Stephens, ein Landwirt aus Bourbon County, KY, und Schwiegersohn von Monty's, begann mit den ersten Versuchen im Tabakanbau seiner Familie, um zu sehen, ob sich die Ergebnisse, die sie bei Rosen und im Gem\u00fcsegarten beobachtet hatten, in gr\u00f6\u00dferem Ma\u00dfstab reproduzieren lie\u00dfen. Nach nur einer Saison waren Stephens und zwei weitere Gesch\u00e4ftspartner, John Petrey und Kevin Voss, von den Ergebnissen so begeistert, dass sie Monty's davon \u00fcberzeugten, dass es an der Zeit war, das Produkt einem noch gr\u00f6\u00dferen Publikum zug\u00e4nglich zu machen. Zu diesem Zeitpunkt, 1997, wurde Monty's Plant Food Company gegr\u00fcndet.<\/p>\n<p>Monty's hat sich zu einem vertrauensw\u00fcrdigen Anbieter von Pflanzen- und Bodenprodukten f\u00fcr Landwirte und Z\u00fcchter in den Vereinigten Staaten und der ganzen Welt entwickelt. Das Unternehmen hat auch eine f\u00fchrende Rolle in den aufkommenden Gespr\u00e4chen \u00fcber die Bodengesundheit \u00fcbernommen, wobei wichtige Mitglieder des Monty's-Teams in den Vorst\u00e4nden und Aussch\u00fcssen der Soil Renaissance (Noble Foundation) und der Humics Product Trade Association mitarbeiten. Monty's f\u00fchrt auch weiterhin Feldversuche durch und sammelt Felddaten von seinen Landwirten, die zu echten F\u00fcrsprechern geworden sind.<\/p>\n<p>Monty's Plant Food Company steht bei Z\u00fcchtern auf der ganzen Welt hinter seinem Slogan \"Success You Can See\" (Erfolg, den man sehen kann) - vom Rosengarten im Hinterhof bis hin zu gro\u00dfen Pflanzenzuchtbetrieben.<\/p>\n<p><strong>\u00a0<\/strong><\/p>\n<p><strong>Monty's Familienwerte<\/strong><\/p>\n<p>Monty Justice war ein Mann voller Energie und Enthusiasmus, der sich nie scheute, neue Dinge auszuprobieren. Bevor er ein Pionier in der Landwirtschaft wurde, hatte er eine erfolgreiche Karriere in der Metallbranche. Monty war auch ein hingebungsvoller Ehemann, f\u00fcrsorglicher Vater und zupackender Gro\u00dfvater f\u00fcr seine 3 Enkelkinder.<\/p>\n<p>Als Monty mit \"Monty's Joy Juice\" begann, machte er es zu einem echten Familienunternehmen. Seine Frau und seine Kinder mischten und verpackten das auf Humus basierende Produkt auf ihrer Hinterveranda. Als sich seine erfolgreiche Mischung herumsprach, f\u00fcllte Monty sein Produkt in recycelte Milchkannen ab und lieferte sie vom Kofferraum seines Autos aus an Kunden in ganz Mid-South.<\/p>\n<p>Das Familienunternehmen wuchs um seinen Schwiegersohn, Dennis Stephens. Gemeinsam entwickelten Monty und Dennis die Marke Monty's Plant Food weiter und schlossen sich mit Gesch\u00e4ftspartnern zusammen, um das Produkt in gr\u00f6\u00dferen Mengen an Landwirte und Viehz\u00fcchter f\u00fcr deren Ernten zu vertreiben.<\/p>\n<p>Von der Veranda in den 1990er Jahren bis zum heutigen Multimillionen-Unternehmen hat der \u00fcberschw\u00e4ngliche und enthusiastische Monty Justice Z\u00fcchtern und G\u00e4rtnern auf der ganzen Welt ein Geschenk gemacht. Wie Monty selbst sagte, bevor er 2012 verstarb: \"Die Freude liegt im Geben\".<\/p>\n<p><a href=\"https:\/\/montysinternational.com\/wp-content\/uploads\/2020\/10\/Monty_driveway-full-of-roses.jpg\"><img loading=\"lazy\" decoding=\"async\" src=\"https:\/\/montysinternational.com\/wp-content\/uploads\/2020\/10\/Monty_driveway-full-of-roses.jpg\" alt=\"\" width=\"583\" height=\"345\" \/><\/a><\/p>\n<p>&nbsp;<\/p>\n<p>&nbsp;<\/p>\n\t\t\t\tMaximieren Sie das Potenzial Ihres Bodens\n\t\t<h2>Aktive Humustechnologie<\/h2>\n\t<p>Der Unterschied liegt in der Aktivierung. Wenn Sie die aktivste und l\u00f6slichste propriet\u00e4re Humustechnologie auf dem Markt auf Ihren Boden aufbringen, funktioniert alles andere, was Sie anwenden, besser.<\/p>\n\t<a href=\"https:\/\/montysplantfood.com\/montys-humics-fulvics\/\" target=\"_self\" role=\"button\" aria-label=\"Mehr erfahren\" rel=\"noopener\">\n\t\t\t\t\t\tMehr erfahren\n\t\t\t\t\t<\/a>\n<h2>\n\t\tWorauf Sie sich bei Monty's verlassen k\u00f6nnen\n\t<\/h2>\n\t\t\t\t\t\t\t<img decoding=\"async\" src=\"https:\/\/montysinternational.com\/wp-content\/uploads\/2020\/08\/icon-benefit-1.png\" alt=\"icon-benefit-1\" \/>\n\t\t<h3>Datengesteuerte L\u00f6sungen<\/h3>\n\t\t\t\t\t\t\t<img decoding=\"async\" src=\"https:\/\/montysinternational.com\/wp-content\/uploads\/2020\/08\/icon-benefit-2.png\" alt=\"icon-benefit-2\" \/>\n\t\t<h3>Prompte Antwort und Lieferung<\/h3>\n\t\t\t\t\t\t\t<img decoding=\"async\" src=\"https:\/\/montysinternational.com\/wp-content\/uploads\/2020\/08\/icon-benefit-3.png\" alt=\"icon-benefit-3\" \/>\n\t\t<h3>Innovative und bew\u00e4hrte Produkte<\/h3>\n\t\t\t\t\t\t\t<img decoding=\"async\" src=\"https:\/\/montysinternational.com\/wp-content\/uploads\/2020\/08\/icon-benefit-4.png\" alt=\"icon-benefit-4\" \/>\n\t\t<h3>Hohe und gesunde Renditen<\/h3>\n\t\t\t\t\t\t\t<img decoding=\"async\" src=\"https:\/\/montysinternational.com\/wp-content\/uploads\/2020\/08\/icon-benefit-5.png\" alt=\"icon-benefit-5\" \/>\n\t\t<h3>Zuverl\u00e4ssige Agronomie-Experten<\/h3>\n\t\t\t\t\t\t\t<img decoding=\"async\" src=\"https:\/\/montysinternational.com\/wp-content\/uploads\/2020\/08\/icon-benefit-6.png\" alt=\"icon-benefit-6\" \/>\n\t\t<h3>Umweltvertr\u00e4gliche Materialien<\/h3>","protected":false},"excerpt":{"rendered":"<p>Von Landwirten gebaut. F\u00fcr Landwirte. Praktisches Fachwissen f\u00fcr das Gedeihen Ihrer Felder Vertrauensw\u00fcrdige Berater. Bew\u00e4hrte L\u00f6sungen Montys oberstes Ziel war es schon immer, Landwirten zu mehr Erfolg zu verhelfen. Wir bieten Landwirten hocheffiziente N\u00e4hrstoffl\u00f6sungen - ob Starter in der Furche, branchenf\u00fchrende Bodenverbesserer auf Humusbasis oder N\u00e4hrstoffpakete zur Blattanwendung -, die eine bessere Wurzelentwicklung,...<\/p>","protected":false},"author":20,"featured_media":0,"parent":0,"menu_order":7,"comment_status":"closed","ping_status":"closed","template":"","meta":{"_acf_changed":false,"_monsterinsights_skip_tracking":false,"_monsterinsights_sitenote_active":false,"_monsterinsights_sitenote_note":"","_monsterinsights_sitenote_category":0,"footnotes":""},"class_list":["post-86","page","type-page","status-publish","hentry"],"acf":[],"yoast_head":"<!-- This site is optimized with the Yoast SEO plugin v27.3 - https:\/\/yoast.com\/product\/yoast-seo-wordpress\/ -->\n<title>Why Monty\u2019s - Monty&#039;s International<\/title>\n<meta name=\"robots\" content=\"index, follow, max-snippet:-1, max-image-preview:large, max-video-preview:-1\" \/>\n<link rel=\"canonical\" href=\"https:\/\/montysinternational.com\/de\/why-montys\/\" \/>\n<meta property=\"og:locale\" content=\"de_DE\" \/>\n<meta property=\"og:type\" content=\"article\" \/>\n<meta property=\"og:title\" content=\"Why Monty\u2019s - Monty&#039;s International\" \/>\n<meta property=\"og:description\" content=\"Built by Farmers. For Farmers. Hands-On Expertise To Help Your Fields Thrive Trusted Advisors. Proven Solutions Monty&#8217;s primary goal has always been to help farmers be more successful. We offer farmers high efficiency nutrient solutions &#8211; whether in-furrow starters, industry-leading humic-based soil conditioners, or foliar applied nutrient packages &#8211; designed to bring better root development,&hellip;\" \/>\n<meta property=\"og:url\" content=\"https:\/\/montysinternational.com\/de\/why-montys\/\" \/>\n<meta property=\"og:site_name\" content=\"Monty&#039;s International\" \/>\n<meta property=\"article:modified_time\" content=\"2024-01-16T14:12:57+00:00\" \/>\n<meta property=\"og:image\" content=\"https:\/\/montysinternational.com\/wp-content\/uploads\/2020\/08\/icon-about-1.png\" \/>\n<meta name=\"twitter:card\" content=\"summary_large_image\" \/>\n<meta name=\"twitter:label1\" content=\"Est. reading time\" \/>\n\t<meta name=\"twitter:data1\" content=\"6 minutes\" \/>\n<script type=\"application\/ld+json\" class=\"yoast-schema-graph\">{\"@context\":\"https:\\\/\\\/schema.org\",\"@graph\":[{\"@type\":\"WebPage\",\"@id\":\"https:\\\/\\\/montysinternational.com\\\/why-montys\\\/\",\"url\":\"https:\\\/\\\/montysinternational.com\\\/why-montys\\\/\",\"name\":\"Why Monty\u2019s - Monty&#039;s International\",\"isPartOf\":{\"@id\":\"https:\\\/\\\/montysinternational.com\\\/#website\"},\"primaryImageOfPage\":{\"@id\":\"https:\\\/\\\/montysinternational.com\\\/why-montys\\\/#primaryimage\"},\"image\":{\"@id\":\"https:\\\/\\\/montysinternational.com\\\/why-montys\\\/#primaryimage\"},\"thumbnailUrl\":\"https:\\\/\\\/montysinternational.com\\\/wp-content\\\/uploads\\\/2020\\\/08\\\/icon-about-1.png\",\"datePublished\":\"2020-08-20T01:46:32+00:00\",\"dateModified\":\"2024-01-16T14:12:57+00:00\",\"breadcrumb\":{\"@id\":\"https:\\\/\\\/montysinternational.com\\\/why-montys\\\/#breadcrumb\"},\"inLanguage\":\"de-DE\",\"potentialAction\":[{\"@type\":\"ReadAction\",\"target\":[\"https:\\\/\\\/montysinternational.com\\\/why-montys\\\/\"]}]},{\"@type\":\"ImageObject\",\"inLanguage\":\"de-DE\",\"@id\":\"https:\\\/\\\/montysinternational.com\\\/why-montys\\\/#primaryimage\",\"url\":\"https:\\\/\\\/montysinternational.com\\\/wp-content\\\/uploads\\\/2020\\\/08\\\/icon-about-1.png\",\"contentUrl\":\"https:\\\/\\\/montysinternational.com\\\/wp-content\\\/uploads\\\/2020\\\/08\\\/icon-about-1.png\"},{\"@type\":\"BreadcrumbList\",\"@id\":\"https:\\\/\\\/montysinternational.com\\\/why-montys\\\/#breadcrumb\",\"itemListElement\":[{\"@type\":\"ListItem\",\"position\":1,\"name\":\"Home\",\"item\":\"https:\\\/\\\/montysinternational.com\\\/\"},{\"@type\":\"ListItem\",\"position\":2,\"name\":\"Why Monty\u2019s\"}]},{\"@type\":\"WebSite\",\"@id\":\"https:\\\/\\\/montysinternational.com\\\/#website\",\"url\":\"https:\\\/\\\/montysinternational.com\\\/\",\"name\":\"Monty&#039;s International\",\"description\":\"\",\"publisher\":{\"@id\":\"https:\\\/\\\/montysinternational.com\\\/#organization\"},\"potentialAction\":[{\"@type\":\"SearchAction\",\"target\":{\"@type\":\"EntryPoint\",\"urlTemplate\":\"https:\\\/\\\/montysinternational.com\\\/?s={search_term_string}\"},\"query-input\":{\"@type\":\"PropertyValueSpecification\",\"valueRequired\":true,\"valueName\":\"search_term_string\"}}],\"inLanguage\":\"de-DE\"},{\"@type\":\"Organization\",\"@id\":\"https:\\\/\\\/montysinternational.com\\\/#organization\",\"name\":\"Monty's Plant Food\",\"url\":\"https:\\\/\\\/montysinternational.com\\\/\",\"logo\":{\"@type\":\"ImageObject\",\"inLanguage\":\"de-DE\",\"@id\":\"https:\\\/\\\/montysinternational.com\\\/#\\\/schema\\\/logo\\\/image\\\/\",\"url\":\"https:\\\/\\\/montysinternational.com\\\/wp-content\\\/uploads\\\/2020\\\/09\\\/Website-Logo-TEST.png\",\"contentUrl\":\"https:\\\/\\\/montysinternational.com\\\/wp-content\\\/uploads\\\/2020\\\/09\\\/Website-Logo-TEST.png\",\"width\":505,\"height\":358,\"caption\":\"Monty's Plant Food\"},\"image\":{\"@id\":\"https:\\\/\\\/montysinternational.com\\\/#\\\/schema\\\/logo\\\/image\\\/\"}}]}<\/script>\n<!-- \/ Yoast SEO plugin. -->","yoast_head_json":{"title":"Why Monty\u2019s - Monty&#039;s International","robots":{"index":"index","follow":"follow","max-snippet":"max-snippet:-1","max-image-preview":"max-image-preview:large","max-video-preview":"max-video-preview:-1"},"canonical":"https:\/\/montysinternational.com\/de\/why-montys\/","og_locale":"de_DE","og_type":"article","og_title":"Why Monty\u2019s - Monty&#039;s International","og_description":"Built by Farmers. For Farmers. Hands-On Expertise To Help Your Fields Thrive Trusted Advisors. Proven Solutions Monty&#8217;s primary goal has always been to help farmers be more successful. We offer farmers high efficiency nutrient solutions &#8211; whether in-furrow starters, industry-leading humic-based soil conditioners, or foliar applied nutrient packages &#8211; designed to bring better root development,&hellip;","og_url":"https:\/\/montysinternational.com\/de\/why-montys\/","og_site_name":"Monty&#039;s International","article_modified_time":"2024-01-16T14:12:57+00:00","og_image":[{"url":"https:\/\/montysinternational.com\/wp-content\/uploads\/2020\/08\/icon-about-1.png","type":"","width":"","height":""}],"twitter_card":"summary_large_image","twitter_misc":{"Est. reading time":"6 minutes"},"schema":{"@context":"https:\/\/schema.org","@graph":[{"@type":"WebPage","@id":"https:\/\/montysinternational.com\/why-montys\/","url":"https:\/\/montysinternational.com\/why-montys\/","name":"Why Monty\u2019s - Monty&#039;s International","isPartOf":{"@id":"https:\/\/montysinternational.com\/#website"},"primaryImageOfPage":{"@id":"https:\/\/montysinternational.com\/why-montys\/#primaryimage"},"image":{"@id":"https:\/\/montysinternational.com\/why-montys\/#primaryimage"},"thumbnailUrl":"https:\/\/montysinternational.com\/wp-content\/uploads\/2020\/08\/icon-about-1.png","datePublished":"2020-08-20T01:46:32+00:00","dateModified":"2024-01-16T14:12:57+00:00","breadcrumb":{"@id":"https:\/\/montysinternational.com\/why-montys\/#breadcrumb"},"inLanguage":"de-DE","potentialAction":[{"@type":"ReadAction","target":["https:\/\/montysinternational.com\/why-montys\/"]}]},{"@type":"ImageObject","inLanguage":"de-DE","@id":"https:\/\/montysinternational.com\/why-montys\/#primaryimage","url":"https:\/\/montysinternational.com\/wp-content\/uploads\/2020\/08\/icon-about-1.png","contentUrl":"https:\/\/montysinternational.com\/wp-content\/uploads\/2020\/08\/icon-about-1.png"},{"@type":"BreadcrumbList","@id":"https:\/\/montysinternational.com\/why-montys\/#breadcrumb","itemListElement":[{"@type":"ListItem","position":1,"name":"Home","item":"https:\/\/montysinternational.com\/"},{"@type":"ListItem","position":2,"name":"Why Monty\u2019s"}]},{"@type":"WebSite","@id":"https:\/\/montysinternational.com\/#website","url":"https:\/\/montysinternational.com\/","name":"Monty&#039;s International","description":"","publisher":{"@id":"https:\/\/montysinternational.com\/#organization"},"potentialAction":[{"@type":"SearchAction","target":{"@type":"EntryPoint","urlTemplate":"https:\/\/montysinternational.com\/?s={search_term_string}"},"query-input":{"@type":"PropertyValueSpecification","valueRequired":true,"valueName":"search_term_string"}}],"inLanguage":"de-DE"},{"@type":"Organization","@id":"https:\/\/montysinternational.com\/#organization","name":"Monty's Plant Food","url":"https:\/\/montysinternational.com\/","logo":{"@type":"ImageObject","inLanguage":"de-DE","@id":"https:\/\/montysinternational.com\/#\/schema\/logo\/image\/","url":"https:\/\/montysinternational.com\/wp-content\/uploads\/2020\/09\/Website-Logo-TEST.png","contentUrl":"https:\/\/montysinternational.com\/wp-content\/uploads\/2020\/09\/Website-Logo-TEST.png","width":505,"height":358,"caption":"Monty's Plant Food"},"image":{"@id":"https:\/\/montysinternational.com\/#\/schema\/logo\/image\/"}}]}},"_links":{"self":[{"href":"https:\/\/montysinternational.com\/de\/wp-json\/wp\/v2\/pages\/86","targetHints":{"allow":["GET"]}}],"collection":[{"href":"https:\/\/montysinternational.com\/de\/wp-json\/wp\/v2\/pages"}],"about":[{"href":"https:\/\/montysinternational.com\/de\/wp-json\/wp\/v2\/types\/page"}],"author":[{"embeddable":true,"href":"https:\/\/montysinternational.com\/de\/wp-json\/wp\/v2\/users\/20"}],"replies":[{"embeddable":true,"href":"https:\/\/montysinternational.com\/de\/wp-json\/wp\/v2\/comments?post=86"}],"version-history":[{"count":10,"href":"https:\/\/montysinternational.com\/de\/wp-json\/wp\/v2\/pages\/86\/revisions"}],"predecessor-version":[{"id":13159,"href":"https:\/\/montysinternational.com\/de\/wp-json\/wp\/v2\/pages\/86\/revisions\/13159"}],"wp:attachment":[{"href":"https:\/\/montysinternational.com\/de\/wp-json\/wp\/v2\/media?parent=86"}],"curies":[{"name":"wp","href":"https:\/\/api.w.org\/{rel}","templated":true}]}}