{"id":12689,"date":"2022-10-15T13:23:14","date_gmt":"2022-10-15T17:23:14","guid":{"rendered":"https:\/\/montysinternational.local.loud\/?page_id=12689"},"modified":"2025-12-03T10:23:55","modified_gmt":"2025-12-03T15:23:55","slug":"home-international","status":"publish","type":"page","link":"https:\/\/montysinternational.com\/de\/","title":{"rendered":"Startseite - International"},"content":{"rendered":"<h1>\n\t\tMonty's International\n\t<\/h1>\n\t<p>Revitalisieren Sie Ihren Boden. Energie f\u00fcr Ihre Pflanzen.<\/p>\n<h2>\n\t\tW\u00e4hlen Sie ein Land f\u00fcr weitere Informationen\n\t<\/h2>\n\t<p>Die Agronomie-Experten von Monty stehen Ihnen zur Seite, um die Qualit\u00e4t und Quantit\u00e4t Ihrer Ernteertr\u00e4ge mit innovativen L\u00f6sungen zu verbessern, die nachweislich zu ges\u00fcnderen B\u00f6den, ges\u00fcnderen Pflanzen und h\u00f6heren Ertr\u00e4gen f\u00fchren.<\/p>\n\t\t\t\t<a href=\"https:\/\/montysinternational.com\/en\/brazil\/\" target=\"_self\" rel=\"noopener\">\n\t\t\t\t\t\t\t<img decoding=\"async\" src=\"https:\/\/montysinternational.com\/wp-content\/uploads\/2022\/10\/6a66ed076bcd0aa4883daadf464f5dfb.jpeg\" alt=\"Brazil flag\">\n\t\t\t\t\t\t\t\t\t\tBrasilien\n\t\t\t\t<\/a>\n\t\t\t\t<a href=\"https:\/\/montysinternational.com\/en\/guatemala\/\" target=\"_self\" rel=\"noopener\">\n\t\t\t\t\t\t\t<img decoding=\"async\" src=\"https:\/\/montysinternational.com\/wp-content\/uploads\/2022\/10\/0a9778f19e8d751c5fa68ca4d71f9e40.jpeg\" alt=\"Guatemala flag\">\n\t\t\t\t\t\t\t\t\t\tGuatemala\n\t\t\t\t<\/a>\n\t\t\t\t<a href=\"https:\/\/montysinternational.com\/en\/nigeria\/\" target=\"_self\" rel=\"noopener\">\n\t\t\t\t\t\t\t<img decoding=\"async\" src=\"https:\/\/montysinternational.com\/wp-content\/uploads\/2022\/10\/06f67072a12f9bb9366db1f8f7cabc55.jpeg\" alt=\"Nigeria flag\">\n\t\t\t\t\t\t\t\t\t\tNigeria\n\t\t\t\t<\/a>\n\t\t\t\t<a href=\"https:\/\/montysplantfood.com\/\" target=\"_blank\" rel=\"noopener\">\n\t\t\t\t\t\t\t<img decoding=\"async\" src=\"https:\/\/montysinternational.com\/wp-content\/uploads\/2022\/10\/31a96dbf6561b751c27a59f2f370dc51.jpeg\" alt=\"United States flag\">\n\t\t\t\t\t\t\t\t\t\tVereinigte Staaten\n\t\t\t\t<\/a>\n\t<p><a href=\"https:\/\/montysinternational.com\/de\/contact\/\">Ist Ihr Land nicht dabei? Kontaktiere uns<\/a><\/p>\n<h2>\n\t\tWir wollen die Zukunft der internationalen Landwirtschaft ver\u00e4ndern\n\t<\/h2>\n\t<p>Sehen Sie, wie wir Tausenden von Landwirten in Dutzenden von L\u00e4ndern auf der ganzen Welt helfen, bessere Antworten zu finden, L\u00f6sungen pr\u00e4ziser anzuwenden und ihr Feldpotenzial zu maximieren.<\/p>\n<h3>\n\t\t24+\n\t<\/h3>\n\t<p>L\u00e4nder, in denen Monty's den Landwirten zum Erfolg verhilft<\/p>\n<h3>\n\t\t1,000s\n\t<\/h3>\n\t<p>der Landwirte, die von Monty's Produkten profitieren<\/p>\n<h3>\n\t\t1M+\n\t<\/h3>\n\t<p>Gallonen des verkauften Produkts<\/p>\n<h2>\n\t\tSehen Sie, warum Landwirte auf der ganzen Welt uns ihre Felder anvertrauen\n\t<\/h2>","protected":false},"excerpt":{"rendered":"<p>Monty's International Revitalisieren Sie Ihre B\u00f6den. Energie f\u00fcr Ihre Pflanzen. W\u00e4hlen Sie ein Land f\u00fcr weitere Informationen Monty's Agronomie-Experten stehen Ihnen zur Seite, um die Qualit\u00e4t und Quantit\u00e4t Ihrer Ernteertr\u00e4ge mit innovativen L\u00f6sungen zu verbessern, die nachweislich zu ges\u00fcnderen B\u00f6den, ges\u00fcnderen Pflanzen und h\u00f6heren Ertr\u00e4gen f\u00fchren. Brasilien Guatemala Nigeria Vereinigte Staaten Ist Ihr Land nicht dabei? Kontaktieren Sie uns Lassen Sie uns...<\/p>","protected":false},"author":20,"featured_media":0,"parent":0,"menu_order":0,"comment_status":"closed","ping_status":"closed","template":"","meta":{"_acf_changed":false,"_monsterinsights_skip_tracking":false,"_monsterinsights_sitenote_active":false,"_monsterinsights_sitenote_note":"","_monsterinsights_sitenote_category":0,"footnotes":""},"class_list":["post-12689","page","type-page","status-publish","hentry"],"acf":[],"yoast_head":"<!-- This site is optimized with the Yoast SEO plugin v27.3 - https:\/\/yoast.com\/product\/yoast-seo-wordpress\/ -->\n<title>Monty&#039;s International | Monty&#039;s Plant Food<\/title>\n<meta name=\"description\" content=\"Monty\u2019s Agronomy Experts come alongside you to improve the quality and quantity of your crop yields using innovative solutions proven to promote healthier soil, healthier plants, and higher yields.\" \/>\n<meta name=\"robots\" content=\"index, follow, max-snippet:-1, max-image-preview:large, max-video-preview:-1\" \/>\n<link rel=\"canonical\" href=\"https:\/\/montysinternational.com\/de\/\" \/>\n<meta property=\"og:locale\" content=\"de_DE\" \/>\n<meta property=\"og:type\" content=\"article\" \/>\n<meta property=\"og:title\" content=\"Monty&#039;s International | Monty&#039;s Plant Food\" \/>\n<meta property=\"og:description\" content=\"Monty\u2019s Agronomy Experts come alongside you to improve the quality and quantity of your crop yields using innovative solutions proven to promote healthier soil, healthier plants, and higher yields.\" \/>\n<meta property=\"og:url\" content=\"https:\/\/montysinternational.com\/de\/\" \/>\n<meta property=\"og:site_name\" content=\"Monty&#039;s International\" \/>\n<meta property=\"article:modified_time\" content=\"2025-12-03T15:23:55+00:00\" \/>\n<meta property=\"og:image\" content=\"https:\/\/montysinternational.com\/wp-content\/uploads\/2022\/10\/6a66ed076bcd0aa4883daadf464f5dfb.jpeg\" \/>\n<meta name=\"twitter:card\" content=\"summary_large_image\" \/>\n<meta name=\"twitter:label1\" content=\"Est. reading time\" \/>\n\t<meta name=\"twitter:data1\" content=\"2 minutes\" \/>\n<script type=\"application\/ld+json\" class=\"yoast-schema-graph\">{\"@context\":\"https:\\\/\\\/schema.org\",\"@graph\":[{\"@type\":\"WebPage\",\"@id\":\"https:\\\/\\\/montysinternational.com\\\/\",\"url\":\"https:\\\/\\\/montysinternational.com\\\/\",\"name\":\"Monty's International | Monty's Plant Food\",\"isPartOf\":{\"@id\":\"https:\\\/\\\/montysinternational.com\\\/#website\"},\"primaryImageOfPage\":{\"@id\":\"https:\\\/\\\/montysinternational.com\\\/#primaryimage\"},\"image\":{\"@id\":\"https:\\\/\\\/montysinternational.com\\\/#primaryimage\"},\"thumbnailUrl\":\"https:\\\/\\\/montysinternational.com\\\/wp-content\\\/uploads\\\/2022\\\/10\\\/6a66ed076bcd0aa4883daadf464f5dfb.jpeg\",\"datePublished\":\"2022-10-15T17:23:14+00:00\",\"dateModified\":\"2025-12-03T15:23:55+00:00\",\"description\":\"Monty\u2019s Agronomy Experts come alongside you to improve the quality and quantity of your crop yields using innovative solutions proven to promote healthier soil, healthier plants, and higher yields.\",\"breadcrumb\":{\"@id\":\"https:\\\/\\\/montysinternational.com\\\/#breadcrumb\"},\"inLanguage\":\"de-DE\",\"potentialAction\":[{\"@type\":\"ReadAction\",\"target\":[\"https:\\\/\\\/montysinternational.com\\\/\"]}]},{\"@type\":\"ImageObject\",\"inLanguage\":\"de-DE\",\"@id\":\"https:\\\/\\\/montysinternational.com\\\/#primaryimage\",\"url\":\"https:\\\/\\\/montysinternational.com\\\/wp-content\\\/uploads\\\/2022\\\/10\\\/6a66ed076bcd0aa4883daadf464f5dfb.jpeg\",\"contentUrl\":\"https:\\\/\\\/montysinternational.com\\\/wp-content\\\/uploads\\\/2022\\\/10\\\/6a66ed076bcd0aa4883daadf464f5dfb.jpeg\"},{\"@type\":\"BreadcrumbList\",\"@id\":\"https:\\\/\\\/montysinternational.com\\\/#breadcrumb\",\"itemListElement\":[{\"@type\":\"ListItem\",\"position\":1,\"name\":\"Home\",\"item\":\"https:\\\/\\\/montysinternational.com\\\/\"},{\"@type\":\"ListItem\",\"position\":2,\"name\":\"Home &#8211; International\"}]},{\"@type\":\"WebSite\",\"@id\":\"https:\\\/\\\/montysinternational.com\\\/#website\",\"url\":\"https:\\\/\\\/montysinternational.com\\\/\",\"name\":\"Monty&#039;s International\",\"description\":\"\",\"publisher\":{\"@id\":\"https:\\\/\\\/montysinternational.com\\\/#organization\"},\"potentialAction\":[{\"@type\":\"SearchAction\",\"target\":{\"@type\":\"EntryPoint\",\"urlTemplate\":\"https:\\\/\\\/montysinternational.com\\\/?s={search_term_string}\"},\"query-input\":{\"@type\":\"PropertyValueSpecification\",\"valueRequired\":true,\"valueName\":\"search_term_string\"}}],\"inLanguage\":\"de-DE\"},{\"@type\":\"Organization\",\"@id\":\"https:\\\/\\\/montysinternational.com\\\/#organization\",\"name\":\"Monty's Plant Food\",\"url\":\"https:\\\/\\\/montysinternational.com\\\/\",\"logo\":{\"@type\":\"ImageObject\",\"inLanguage\":\"de-DE\",\"@id\":\"https:\\\/\\\/montysinternational.com\\\/#\\\/schema\\\/logo\\\/image\\\/\",\"url\":\"https:\\\/\\\/montysinternational.com\\\/wp-content\\\/uploads\\\/2020\\\/09\\\/Website-Logo-TEST.png\",\"contentUrl\":\"https:\\\/\\\/montysinternational.com\\\/wp-content\\\/uploads\\\/2020\\\/09\\\/Website-Logo-TEST.png\",\"width\":505,\"height\":358,\"caption\":\"Monty's Plant Food\"},\"image\":{\"@id\":\"https:\\\/\\\/montysinternational.com\\\/#\\\/schema\\\/logo\\\/image\\\/\"}}]}<\/script>\n<!-- \/ Yoast SEO plugin. -->","yoast_head_json":{"title":"Monty's International | Monty's Plant Food","description":"Die Agronomie-Experten von Monty stehen Ihnen zur Seite, um die Qualit\u00e4t und Quantit\u00e4t Ihrer Ernteertr\u00e4ge mit innovativen L\u00f6sungen zu verbessern, die nachweislich zu ges\u00fcnderen B\u00f6den, ges\u00fcnderen Pflanzen und h\u00f6heren Ertr\u00e4gen f\u00fchren.","robots":{"index":"index","follow":"follow","max-snippet":"max-snippet:-1","max-image-preview":"max-image-preview:large","max-video-preview":"max-video-preview:-1"},"canonical":"https:\/\/montysinternational.com\/de\/","og_locale":"de_DE","og_type":"article","og_title":"Monty's International | Monty's Plant Food","og_description":"Monty\u2019s Agronomy Experts come alongside you to improve the quality and quantity of your crop yields using innovative solutions proven to promote healthier soil, healthier plants, and higher yields.","og_url":"https:\/\/montysinternational.com\/de\/","og_site_name":"Monty&#039;s International","article_modified_time":"2025-12-03T15:23:55+00:00","og_image":[{"url":"https:\/\/montysinternational.com\/wp-content\/uploads\/2022\/10\/6a66ed076bcd0aa4883daadf464f5dfb.jpeg","type":"","width":"","height":""}],"twitter_card":"summary_large_image","twitter_misc":{"Est. reading time":"2 minutes"},"schema":{"@context":"https:\/\/schema.org","@graph":[{"@type":"WebPage","@id":"https:\/\/montysinternational.com\/","url":"https:\/\/montysinternational.com\/","name":"Monty's International | Monty's Plant Food","isPartOf":{"@id":"https:\/\/montysinternational.com\/#website"},"primaryImageOfPage":{"@id":"https:\/\/montysinternational.com\/#primaryimage"},"image":{"@id":"https:\/\/montysinternational.com\/#primaryimage"},"thumbnailUrl":"https:\/\/montysinternational.com\/wp-content\/uploads\/2022\/10\/6a66ed076bcd0aa4883daadf464f5dfb.jpeg","datePublished":"2022-10-15T17:23:14+00:00","dateModified":"2025-12-03T15:23:55+00:00","description":"Die Agronomie-Experten von Monty stehen Ihnen zur Seite, um die Qualit\u00e4t und Quantit\u00e4t Ihrer Ernteertr\u00e4ge mit innovativen L\u00f6sungen zu verbessern, die nachweislich zu ges\u00fcnderen B\u00f6den, ges\u00fcnderen Pflanzen und h\u00f6heren Ertr\u00e4gen f\u00fchren.","breadcrumb":{"@id":"https:\/\/montysinternational.com\/#breadcrumb"},"inLanguage":"de-DE","potentialAction":[{"@type":"ReadAction","target":["https:\/\/montysinternational.com\/"]}]},{"@type":"ImageObject","inLanguage":"de-DE","@id":"https:\/\/montysinternational.com\/#primaryimage","url":"https:\/\/montysinternational.com\/wp-content\/uploads\/2022\/10\/6a66ed076bcd0aa4883daadf464f5dfb.jpeg","contentUrl":"https:\/\/montysinternational.com\/wp-content\/uploads\/2022\/10\/6a66ed076bcd0aa4883daadf464f5dfb.jpeg"},{"@type":"BreadcrumbList","@id":"https:\/\/montysinternational.com\/#breadcrumb","itemListElement":[{"@type":"ListItem","position":1,"name":"Home","item":"https:\/\/montysinternational.com\/"},{"@type":"ListItem","position":2,"name":"Home &#8211; International"}]},{"@type":"WebSite","@id":"https:\/\/montysinternational.com\/#website","url":"https:\/\/montysinternational.com\/","name":"Monty&#039;s International","description":"","publisher":{"@id":"https:\/\/montysinternational.com\/#organization"},"potentialAction":[{"@type":"SearchAction","target":{"@type":"EntryPoint","urlTemplate":"https:\/\/montysinternational.com\/?s={search_term_string}"},"query-input":{"@type":"PropertyValueSpecification","valueRequired":true,"valueName":"search_term_string"}}],"inLanguage":"de-DE"},{"@type":"Organization","@id":"https:\/\/montysinternational.com\/#organization","name":"Monty's Plant Food","url":"https:\/\/montysinternational.com\/","logo":{"@type":"ImageObject","inLanguage":"de-DE","@id":"https:\/\/montysinternational.com\/#\/schema\/logo\/image\/","url":"https:\/\/montysinternational.com\/wp-content\/uploads\/2020\/09\/Website-Logo-TEST.png","contentUrl":"https:\/\/montysinternational.com\/wp-content\/uploads\/2020\/09\/Website-Logo-TEST.png","width":505,"height":358,"caption":"Monty's Plant Food"},"image":{"@id":"https:\/\/montysinternational.com\/#\/schema\/logo\/image\/"}}]}},"_links":{"self":[{"href":"https:\/\/montysinternational.com\/de\/wp-json\/wp\/v2\/pages\/12689","targetHints":{"allow":["GET"]}}],"collection":[{"href":"https:\/\/montysinternational.com\/de\/wp-json\/wp\/v2\/pages"}],"about":[{"href":"https:\/\/montysinternational.com\/de\/wp-json\/wp\/v2\/types\/page"}],"author":[{"embeddable":true,"href":"https:\/\/montysinternational.com\/de\/wp-json\/wp\/v2\/users\/20"}],"replies":[{"embeddable":true,"href":"https:\/\/montysinternational.com\/de\/wp-json\/wp\/v2\/comments?post=12689"}],"version-history":[{"count":10,"href":"https:\/\/montysinternational.com\/de\/wp-json\/wp\/v2\/pages\/12689\/revisions"}],"predecessor-version":[{"id":12899,"href":"https:\/\/montysinternational.com\/de\/wp-json\/wp\/v2\/pages\/12689\/revisions\/12899"}],"wp:attachment":[{"href":"https:\/\/montysinternational.com\/de\/wp-json\/wp\/v2\/media?parent=12689"}],"curies":[{"name":"wp","href":"https:\/\/api.w.org\/{rel}","templated":true}]}}