{"id":12606,"date":"2022-08-16T14:10:42","date_gmt":"2022-08-16T18:10:42","guid":{"rendered":"https:\/\/montysplantfood.com\/?page_id=12606"},"modified":"2025-04-11T08:49:30","modified_gmt":"2025-04-11T12:49:30","slug":"team","status":"publish","type":"page","link":"https:\/\/montysinternational.com\/de\/nigeria\/team\/","title":{"rendered":"Nigeria-Team"},"content":{"rendered":"<h1>\n\t\tNigerianische Mannschaft\n\t<\/h1>\n\t\t\t\t<img loading=\"lazy\" decoding=\"async\" src=\"https:\/\/montysinternational.com\/wp-content\/uploads\/2022\/06\/Sunny-4x5-1-819x1024.png\" alt=\"SunnySunnySunnySunnySunnySunnySunnySunny\" itemprop=\"image\" height=\"1024\" width=\"819\" title=\"Sonnig\" onerror=\"this.style.display='none'\"  \/>\n\t\t\t\t<img loading=\"lazy\" decoding=\"async\" src=\"https:\/\/montysinternational.com\/wp-content\/uploads\/2024\/01\/Sangalli-Jeff.png\" alt=\"Sangalli-Jeff\" itemprop=\"image\" height=\"1200\" width=\"1200\" title=\"Sangalli-Jeff\" onerror=\"this.style.display='none'\"  \/>\n\t\t\t\t<img loading=\"lazy\" decoding=\"async\" src=\"https:\/\/montysinternational.com\/wp-content\/uploads\/2022\/06\/Marcel-4x5-1-819x1024.png\" alt=\"Marcel\" itemprop=\"image\" height=\"1024\" width=\"819\" title=\"Marcel\" onerror=\"this.style.display='none'\"  \/>\n\t\t\t\t<img loading=\"lazy\" decoding=\"async\" src=\"https:\/\/montysinternational.com\/wp-content\/uploads\/2024\/01\/Lambert-4x4-1.png\" alt=\"Lambert 4x4\" itemprop=\"image\" height=\"1200\" width=\"1200\" title=\"Lambert 4x4\" onerror=\"this.style.display='none'\"  \/>\n\t\t\t\t<img loading=\"lazy\" decoding=\"async\" src=\"https:\/\/montysinternational.com\/wp-content\/uploads\/2024\/01\/Barbara-Tucker-4x4-1.png\" alt=\"Barbara Tucker 4x4\" itemprop=\"image\" height=\"1200\" width=\"1200\" title=\"Barbara Tucker 4x4\" onerror=\"this.style.display='none'\"  \/>\n\t<h2><strong>Sunny Ameh <\/strong><strong><img loading=\"lazy\" decoding=\"async\" src=\"https:\/\/montysinternational.com\/wp-content\/uploads\/2020\/09\/Flag-Nigeria-300x219.png\" alt=\"\" width=\"84\" height=\"61\" \/><\/strong><\/h2>\n<h5>Nigeria Landesdirektor<\/h5>\n<p>Sunny ist Direktor f\u00fcr Subsahara-Afrika bei Monty's Plant Food Company, USA, und Pr\u00e4sident\/Direktor f\u00fcr Innovation und Wachstum bei Charis Lifescience Ltd in Nigeria. Er ist ausgebildeter Pharmazeut, Biotech- und internationaler Pflanzenern\u00e4hrungs- und -schutzexperte und verf\u00fcgt \u00fcber ein Advanced Management-Zertifikat mit Spezialisierung auf Agribusiness-Management der renommierten Lagos Business School in Lagos. Sunny hat an mehreren erstklassigen Ausbildungs- und Entwicklungsprogrammen f\u00fcr F\u00fchrungskr\u00e4fte an der MaSE Academy der Syngenta Agro AG in Basel in der Schweiz teilgenommen, sowie an weiteren Schulungen in Kenia, Sambia, Ghana, S\u00fcdafrika und Europa.<\/p>\n<p>Sunny ist Mitglied von CropLife Nigeria, der Nigerian Agribusiness Group (NABG), der Nigerian Economic Summit Group, der Agribusiness (Input und Vertrieb) thematic Lead (NESG), Branchenexperte und Gastdozent an der Lagos Business School (LBS) Nigeria.<\/p>\n<p><a href=\"mailto:Sunny.Ameh@montysplantfood.com\">Sunny.Ameh@montysplantfood.com<\/a><\/p>\n<p><a href=\"tel:2348098712223\">+234 809 871 2223<\/a><\/p>\n\t<h2><strong>Jeff Sangalli <\/strong><strong><img loading=\"lazy\" decoding=\"async\" src=\"https:\/\/montysinternational.com\/wp-content\/uploads\/2022\/03\/AFlag-300x180.jpg\" alt=\"\" width=\"95\" height=\"57\" \/><\/strong><\/h2>\n<h5>Gesch\u00e4ftsf\u00fchrender Direktor, Monty's Plant Food Co.<\/h5>\n<p>Als Vorstandsvorsitzender von Monty's Plant Food Co. ist Jeff f\u00fcr die allgemeine Vision, Strategie und Ausrichtung von Monty's verantwortlich. Jeffs erfolgreiche 25-j\u00e4hrige Karriere umfasst verschiedene F\u00fchrungspositionen, einschlie\u00dflich strategischer Planung und Innovation in den Bereichen Forschung und Entwicklung, Produktplanung und -entwicklung, weltweite Angebots- und Nachfrageplanung und -erf\u00fcllung sowie Produktions- und Betriebsmanagement bei Unternehmen wie Monty's, Lexmark International und Ford Motor Company. Dar\u00fcber hinaus h\u00e4lt Jeff f\u00fcnf U.S.-Patente.<\/p>\n<p>Jeffs Ausbildung umfasst: M.B.A., Xavier University (Williams College of Business &amp; Administration), Cincinnati, OH; M.Eng., Engineering, University of Louisville (Speed Scientific School), Louisville, KY; und B.S.E.S., University of Louisville (Speed Scientific School), Louisville, KY.<\/p>\n<p>&nbsp;<\/p>\n\t<h2><strong>Marcel Barbier <\/strong><strong><img loading=\"lazy\" decoding=\"async\" src=\"https:\/\/montysinternational.com\/wp-content\/uploads\/2022\/03\/AFlag-300x180.jpg\" alt=\"\" width=\"95\" height=\"57\" \/><\/strong><\/h2>\n<h5>Internationaler leitender technischer Angestellter<\/h5>\n<p>Dr. Barbier ist ein Boden-Pflanzen-Wissenschaftler mit mehr als 20 Jahren Erfahrung in der Entwicklung, Verbesserung und Vermarktung von Produkten f\u00fcr konventionelle und biologische M\u00e4rkte.  Er hat einen Bachelor-Abschluss in Agronomie, einen Master-Abschluss in Pflanzenschutz im internationalen Handel und einen Doktortitel in Boden- und Pflanzenwissenschaften mit einem Nebenfach in Pflanzengesundheitsmanagement.  Dr. Barbier hat Erfahrung mit Gem\u00fcse, Reihenkulturen, Obstg\u00e4rten und tropischen Pflanzen.  Er hat f\u00fcr multinationale Unternehmen wie Chiquita, Monsanto, Bayer, Syngenta, Stockton und Rio Tinto (US Borax) gearbeitet. Im Jahr 2010 gr\u00fcndete Dr. Barbier ein Beratungsunternehmen, das Unternehmen bei der Entwicklung und Einf\u00fchrung von Produkten unterst\u00fctzt.<\/p>\n<p>Seit Anfang 2020 ist Dr. Barbier als International Chief Technical Lead f\u00fcr Monty's Plant Food t\u00e4tig und konzentriert sich dabei auf die Bewertung von Produkten und die Unterrichtung von Landwirten \u00fcber die Vorteile von Monty's aktivierten Huminstoffen und wie diese Produkte die Bodengesundheit und die N\u00e4hrstoffstabilisierung verbessern und damit den Ertrag und die Qualit\u00e4t der Ernte steigern.<\/p>\n<p><a href=\"mailto:Marcel.Barbier@montysplantfood.com\">Marcel.Barbier@montysplantfood.com<\/a><\/p>\n<p><a href=\"tel:7724806831\">(772) 480-6831<\/a><\/p>\n\t<h2><strong>Lambert Franklin <\/strong><strong><img loading=\"lazy\" decoding=\"async\" src=\"https:\/\/montysinternational.com\/wp-content\/uploads\/2022\/03\/AFlag-300x180.jpg\" alt=\"\" width=\"95\" height=\"57\" \/><\/strong><\/h2>\n<h5>Nationale und internationale Logistik<\/h5>\n<p><a href=\"mailto:lambert.franklin@montysplantfood.com\">Lambert.Franklin@montysplantfood.com<\/a><\/p>\n<p><a href=\"tel:5026531104\">(502) 653-1104<\/a><\/p>\n\t<h2><strong>Barbara Tucker <\/strong><strong><img loading=\"lazy\" decoding=\"async\" src=\"https:\/\/montysinternational.com\/wp-content\/uploads\/2022\/03\/AFlag-300x180.jpg\" alt=\"\" width=\"95\" height=\"57\" \/><\/strong><\/h2>\n<h5>Internationale Logistik<\/h5>\n<p><a href=\"mailto:barbara.tucker@montysplantfood.com\">Barbara.Tucker@montysplantfood.com<\/a><\/p>\n<p><a href=\"tel:5024899888\">(502) 489-9888<\/a><\/p>","protected":false},"excerpt":{"rendered":"<p>Nigerianisches Team Sunny Ameh Nigeria Country Director Sunny ist Direktor f\u00fcr Subsahara-Afrika bei Monty's Plant Food Company, USA, und Pr\u00e4sident\/Direktor f\u00fcr Innovation und Wachstum bei Charis Lifescience Ltd in Nigeria. Er ist ausgebildeter Pharmazeut, Biotech- und internationaler Pflanzenern\u00e4hrungs- und -schutzexperte und verf\u00fcgt \u00fcber ein Advanced Management-Zertifikat mit Spezialisierung auf...<\/p>","protected":false},"author":17,"featured_media":0,"parent":12600,"menu_order":0,"comment_status":"closed","ping_status":"closed","template":"","meta":{"_acf_changed":false,"_monsterinsights_skip_tracking":false,"_monsterinsights_sitenote_active":false,"_monsterinsights_sitenote_note":"","_monsterinsights_sitenote_category":0,"footnotes":""},"class_list":["post-12606","page","type-page","status-publish","hentry"],"acf":[],"yoast_head":"<!-- This site is optimized with the Yoast SEO plugin v27.3 - https:\/\/yoast.com\/product\/yoast-seo-wordpress\/ -->\n<title>Nigeria Team - Monty&#039;s International<\/title>\n<meta name=\"robots\" content=\"index, follow, max-snippet:-1, max-image-preview:large, max-video-preview:-1\" \/>\n<link rel=\"canonical\" href=\"https:\/\/montysinternational.com\/de\/nigeria\/team\/\" \/>\n<meta property=\"og:locale\" content=\"de_DE\" \/>\n<meta property=\"og:type\" content=\"article\" \/>\n<meta property=\"og:title\" content=\"Nigeria Team - Monty&#039;s International\" \/>\n<meta property=\"og:description\" content=\"Nigerian Team Sunny Ameh Nigeria Country Director Sunny is the Director, Sub Saharan Africa, for Monty&#8217;s Plant Food Company, USA, and President\/Director of innovation and growth of Charis Lifescience Ltd in Nigeria. He is a trained Pharmacist, Biotech, and International Crop Nutrition and protection expert who holds an Advanced Management certificate with a specialization in&hellip;\" \/>\n<meta property=\"og:url\" content=\"https:\/\/montysinternational.com\/de\/nigeria\/team\/\" \/>\n<meta property=\"og:site_name\" content=\"Monty&#039;s International\" \/>\n<meta property=\"article:modified_time\" content=\"2025-04-11T12:49:30+00:00\" \/>\n<meta property=\"og:image\" content=\"https:\/\/montysinternational.com\/wp-content\/uploads\/2022\/06\/Sunny-4x5-1-819x1024.png\" \/>\n<meta name=\"twitter:card\" content=\"summary_large_image\" \/>\n<meta name=\"twitter:label1\" content=\"Est. reading time\" \/>\n\t<meta name=\"twitter:data1\" content=\"6 minutes\" \/>\n<script type=\"application\/ld+json\" class=\"yoast-schema-graph\">{\"@context\":\"https:\\\/\\\/schema.org\",\"@graph\":[{\"@type\":\"WebPage\",\"@id\":\"https:\\\/\\\/montysinternational.com\\\/nigeria\\\/team\\\/\",\"url\":\"https:\\\/\\\/montysinternational.com\\\/nigeria\\\/team\\\/\",\"name\":\"Nigeria Team - Monty&#039;s International\",\"isPartOf\":{\"@id\":\"https:\\\/\\\/montysinternational.com\\\/#website\"},\"primaryImageOfPage\":{\"@id\":\"https:\\\/\\\/montysinternational.com\\\/nigeria\\\/team\\\/#primaryimage\"},\"image\":{\"@id\":\"https:\\\/\\\/montysinternational.com\\\/nigeria\\\/team\\\/#primaryimage\"},\"thumbnailUrl\":\"https:\\\/\\\/montysinternational.com\\\/wp-content\\\/uploads\\\/2022\\\/06\\\/Sunny-4x5-1-819x1024.png\",\"datePublished\":\"2022-08-16T18:10:42+00:00\",\"dateModified\":\"2025-04-11T12:49:30+00:00\",\"breadcrumb\":{\"@id\":\"https:\\\/\\\/montysinternational.com\\\/nigeria\\\/team\\\/#breadcrumb\"},\"inLanguage\":\"de-DE\",\"potentialAction\":[{\"@type\":\"ReadAction\",\"target\":[\"https:\\\/\\\/montysinternational.com\\\/nigeria\\\/team\\\/\"]}]},{\"@type\":\"ImageObject\",\"inLanguage\":\"de-DE\",\"@id\":\"https:\\\/\\\/montysinternational.com\\\/nigeria\\\/team\\\/#primaryimage\",\"url\":\"https:\\\/\\\/montysinternational.com\\\/wp-content\\\/uploads\\\/2022\\\/06\\\/Sunny-4x5-1-819x1024.png\",\"contentUrl\":\"https:\\\/\\\/montysinternational.com\\\/wp-content\\\/uploads\\\/2022\\\/06\\\/Sunny-4x5-1-819x1024.png\"},{\"@type\":\"BreadcrumbList\",\"@id\":\"https:\\\/\\\/montysinternational.com\\\/nigeria\\\/team\\\/#breadcrumb\",\"itemListElement\":[{\"@type\":\"ListItem\",\"position\":1,\"name\":\"Home\",\"item\":\"https:\\\/\\\/montysinternational.com\\\/\"},{\"@type\":\"ListItem\",\"position\":2,\"name\":\"Nigeria\",\"item\":\"https:\\\/\\\/montysinternational.com\\\/nigeria\\\/\"},{\"@type\":\"ListItem\",\"position\":3,\"name\":\"Nigeria Team\"}]},{\"@type\":\"WebSite\",\"@id\":\"https:\\\/\\\/montysinternational.com\\\/#website\",\"url\":\"https:\\\/\\\/montysinternational.com\\\/\",\"name\":\"Monty&#039;s International\",\"description\":\"\",\"publisher\":{\"@id\":\"https:\\\/\\\/montysinternational.com\\\/#organization\"},\"potentialAction\":[{\"@type\":\"SearchAction\",\"target\":{\"@type\":\"EntryPoint\",\"urlTemplate\":\"https:\\\/\\\/montysinternational.com\\\/?s={search_term_string}\"},\"query-input\":{\"@type\":\"PropertyValueSpecification\",\"valueRequired\":true,\"valueName\":\"search_term_string\"}}],\"inLanguage\":\"de-DE\"},{\"@type\":\"Organization\",\"@id\":\"https:\\\/\\\/montysinternational.com\\\/#organization\",\"name\":\"Monty's Plant Food\",\"url\":\"https:\\\/\\\/montysinternational.com\\\/\",\"logo\":{\"@type\":\"ImageObject\",\"inLanguage\":\"de-DE\",\"@id\":\"https:\\\/\\\/montysinternational.com\\\/#\\\/schema\\\/logo\\\/image\\\/\",\"url\":\"https:\\\/\\\/montysinternational.com\\\/wp-content\\\/uploads\\\/2020\\\/09\\\/Website-Logo-TEST.png\",\"contentUrl\":\"https:\\\/\\\/montysinternational.com\\\/wp-content\\\/uploads\\\/2020\\\/09\\\/Website-Logo-TEST.png\",\"width\":505,\"height\":358,\"caption\":\"Monty's Plant Food\"},\"image\":{\"@id\":\"https:\\\/\\\/montysinternational.com\\\/#\\\/schema\\\/logo\\\/image\\\/\"}}]}<\/script>\n<!-- \/ Yoast SEO plugin. -->","yoast_head_json":{"title":"Nigeria Team - Monty&#039;s International","robots":{"index":"index","follow":"follow","max-snippet":"max-snippet:-1","max-image-preview":"max-image-preview:large","max-video-preview":"max-video-preview:-1"},"canonical":"https:\/\/montysinternational.com\/de\/nigeria\/team\/","og_locale":"de_DE","og_type":"article","og_title":"Nigeria Team - Monty&#039;s International","og_description":"Nigerian Team Sunny Ameh Nigeria Country Director Sunny is the Director, Sub Saharan Africa, for Monty&#8217;s Plant Food Company, USA, and President\/Director of innovation and growth of Charis Lifescience Ltd in Nigeria. He is a trained Pharmacist, Biotech, and International Crop Nutrition and protection expert who holds an Advanced Management certificate with a specialization in&hellip;","og_url":"https:\/\/montysinternational.com\/de\/nigeria\/team\/","og_site_name":"Monty&#039;s International","article_modified_time":"2025-04-11T12:49:30+00:00","og_image":[{"url":"https:\/\/montysinternational.com\/wp-content\/uploads\/2022\/06\/Sunny-4x5-1-819x1024.png","type":"","width":"","height":""}],"twitter_card":"summary_large_image","twitter_misc":{"Est. reading time":"6 minutes"},"schema":{"@context":"https:\/\/schema.org","@graph":[{"@type":"WebPage","@id":"https:\/\/montysinternational.com\/nigeria\/team\/","url":"https:\/\/montysinternational.com\/nigeria\/team\/","name":"Nigeria Team - Monty&#039;s International","isPartOf":{"@id":"https:\/\/montysinternational.com\/#website"},"primaryImageOfPage":{"@id":"https:\/\/montysinternational.com\/nigeria\/team\/#primaryimage"},"image":{"@id":"https:\/\/montysinternational.com\/nigeria\/team\/#primaryimage"},"thumbnailUrl":"https:\/\/montysinternational.com\/wp-content\/uploads\/2022\/06\/Sunny-4x5-1-819x1024.png","datePublished":"2022-08-16T18:10:42+00:00","dateModified":"2025-04-11T12:49:30+00:00","breadcrumb":{"@id":"https:\/\/montysinternational.com\/nigeria\/team\/#breadcrumb"},"inLanguage":"de-DE","potentialAction":[{"@type":"ReadAction","target":["https:\/\/montysinternational.com\/nigeria\/team\/"]}]},{"@type":"ImageObject","inLanguage":"de-DE","@id":"https:\/\/montysinternational.com\/nigeria\/team\/#primaryimage","url":"https:\/\/montysinternational.com\/wp-content\/uploads\/2022\/06\/Sunny-4x5-1-819x1024.png","contentUrl":"https:\/\/montysinternational.com\/wp-content\/uploads\/2022\/06\/Sunny-4x5-1-819x1024.png"},{"@type":"BreadcrumbList","@id":"https:\/\/montysinternational.com\/nigeria\/team\/#breadcrumb","itemListElement":[{"@type":"ListItem","position":1,"name":"Home","item":"https:\/\/montysinternational.com\/"},{"@type":"ListItem","position":2,"name":"Nigeria","item":"https:\/\/montysinternational.com\/nigeria\/"},{"@type":"ListItem","position":3,"name":"Nigeria Team"}]},{"@type":"WebSite","@id":"https:\/\/montysinternational.com\/#website","url":"https:\/\/montysinternational.com\/","name":"Monty&#039;s International","description":"","publisher":{"@id":"https:\/\/montysinternational.com\/#organization"},"potentialAction":[{"@type":"SearchAction","target":{"@type":"EntryPoint","urlTemplate":"https:\/\/montysinternational.com\/?s={search_term_string}"},"query-input":{"@type":"PropertyValueSpecification","valueRequired":true,"valueName":"search_term_string"}}],"inLanguage":"de-DE"},{"@type":"Organization","@id":"https:\/\/montysinternational.com\/#organization","name":"Monty's Plant Food","url":"https:\/\/montysinternational.com\/","logo":{"@type":"ImageObject","inLanguage":"de-DE","@id":"https:\/\/montysinternational.com\/#\/schema\/logo\/image\/","url":"https:\/\/montysinternational.com\/wp-content\/uploads\/2020\/09\/Website-Logo-TEST.png","contentUrl":"https:\/\/montysinternational.com\/wp-content\/uploads\/2020\/09\/Website-Logo-TEST.png","width":505,"height":358,"caption":"Monty's Plant Food"},"image":{"@id":"https:\/\/montysinternational.com\/#\/schema\/logo\/image\/"}}]}},"_links":{"self":[{"href":"https:\/\/montysinternational.com\/de\/wp-json\/wp\/v2\/pages\/12606","targetHints":{"allow":["GET"]}}],"collection":[{"href":"https:\/\/montysinternational.com\/de\/wp-json\/wp\/v2\/pages"}],"about":[{"href":"https:\/\/montysinternational.com\/de\/wp-json\/wp\/v2\/types\/page"}],"author":[{"embeddable":true,"href":"https:\/\/montysinternational.com\/de\/wp-json\/wp\/v2\/users\/17"}],"replies":[{"embeddable":true,"href":"https:\/\/montysinternational.com\/de\/wp-json\/wp\/v2\/comments?post=12606"}],"version-history":[{"count":11,"href":"https:\/\/montysinternational.com\/de\/wp-json\/wp\/v2\/pages\/12606\/revisions"}],"predecessor-version":[{"id":13365,"href":"https:\/\/montysinternational.com\/de\/wp-json\/wp\/v2\/pages\/12606\/revisions\/13365"}],"up":[{"embeddable":true,"href":"https:\/\/montysinternational.com\/de\/wp-json\/wp\/v2\/pages\/12600"}],"wp:attachment":[{"href":"https:\/\/montysinternational.com\/de\/wp-json\/wp\/v2\/media?parent=12606"}],"curies":[{"name":"wp","href":"https:\/\/api.w.org\/{rel}","templated":true}]}}