{"id":12600,"date":"2022-11-11T16:47:16","date_gmt":"2022-11-11T21:47:16","guid":{"rendered":"https:\/\/montysplantfood.com\/?page_id=12600"},"modified":"2024-01-18T09:10:23","modified_gmt":"2024-01-18T14:10:23","slug":"nigeria","status":"publish","type":"page","link":"https:\/\/montysinternational.com\/de\/nigeria\/","title":{"rendered":"Nigeria"},"content":{"rendered":"<h1>\n\t\tNigeria\n\t<\/h1>\n<h2>\n\t\tMaximieren Sie die Qualit\u00e4t und Quantit\u00e4t Ihrer Ernteertr\u00e4ge\n\t<\/h2>\n\t<p>Montys oberstes Ziel war es schon immer, nigerianischen Landwirten zu mehr Erfolg zu verhelfen. Wir bieten nigerianischen Landwirten hocheffiziente N\u00e4hrstoffl\u00f6sungen - ob Starter in der Furche, branchenf\u00fchrende Bodenverbesserer auf Humusbasis oder N\u00e4hrstoffpakete zur Blattapplikation -, die f\u00fcr eine bessere Wurzelentwicklung, ges\u00fcndere Pflanzen und letztlich h\u00f6here Ertr\u00e4ge sorgen!<\/p>\n<p>Monty's ist Ihre vertrauensw\u00fcrdige Quelle f\u00fcr verl\u00e4ssliche Beratung und innovative, wissenschaftlich fundierte Pflanzen- und Bodenprodukte, die es Ihnen leicht machen, h\u00f6here, hochwertige Ertr\u00e4ge zu erzielen und gleichzeitig die Bodenqualit\u00e4t langfristig zu verbessern. Monty's... vertrauensw\u00fcrdige Berater. Bew\u00e4hrte L\u00f6sungen. Sprechen Sie noch heute mit Ihrem Monty's Vertreter!<\/p>\n\t\t\t\t\t\t\t\t\t<img loading=\"lazy\" decoding=\"async\" src=\"https:\/\/montysinternational.com\/wp-content\/uploads\/2020\/09\/Flag-Nigeria.png\" alt=\"Flag-Nigeria\" itemprop=\"image\" height=\"436\" width=\"597\" srcset=\"https:\/\/montysinternational.com\/wp-content\/uploads\/2020\/09\/Flag-Nigeria.png 597w, https:\/\/montysinternational.com\/wp-content\/uploads\/2020\/09\/Flag-Nigeria-300x219.png 300w\" sizes=\"auto, (max-width: 597px) 100vw, 597px\" title=\"Flagge-Nigeria\" onerror=\"this.style.display='none'\"  \/>\n\t<a href=\"https:\/\/montysinternational.com\/de\/nigeria\/team\/\" target=\"_self\" role=\"button\" aria-label=\"Unser nigerianisches Team\" rel=\"noopener\">\n\t\t\t\t\t\tUnser nigerianisches Team\n\t\t\t\t\t<\/a>\n<h2>\n\t\tDie wichtigsten in Nigeria erh\u00e4ltlichen Produkte\n\t<\/h2>\n<h3>\n\t\tMonty's Fl\u00fcssigkohle\n\t<\/h3>\n\tMonty's Liquid Carbon Bodenverbesserer wurde entwickelt, um zu helfen bei<br \/>\nden Abbau von organischem Material. Es kann das Feuchtigkeitsmanagement in Ihrem Boden verbessern. Dieses Produkt enth\u00e4lt Monty's aktivierte Humins\u00e4ure, die mit unserer firmeneigenen Technologie verarbeitet wird. Humins\u00e4ure kann die Aufnahme von Mikron\u00e4hrstoffen verbessern.\n\t\t\t<a href=\"https:\/\/montysinternational.com\/wp-content\/uploads\/2024\/01\/1213-Montys-Liquid-Carbon-Sheet-Nigeria-English.pdf\" target=\"_blank\" role=\"button\" rel=\"noopener\">\n\t\t\t\t\t\tProduktblatt\n\t\t\t\t\t<\/a>\n\t\t\t<a href=\"https:\/\/montysinternational.com\/wp-content\/uploads\/2023\/01\/Montys-Liquid-Carbon-8694-Label.pdf\" target=\"_blank\" role=\"button\" rel=\"noopener\">\n\t\t\t\t\t\t\tEtikett\n\t\t\t\t\t<\/a>\n<h3>\n\t\tWurzel &amp; Bl\u00fcte\n\t<\/h3>\n\t<p>Root &amp; Bloom ist ein vielseitiges fl\u00fcssiges Pflanzennahrungsmittel, das bei der Pflanzung und als Blattd\u00fcngung bei allen Kulturen verwendet werden kann. Verwenden Sie es, wenn Qualit\u00e4t und Ertrag in der Bl\u00fctephase das Ziel sind, und bei allen Wurzelpflanzen in allen Wachstumsstadien.<\/p>\n\t\t\t<a href=\"https:\/\/montysinternational.com\/wp-content\/uploads\/2024\/01\/1213-Root-Bloom-Sheet-Nigeria-English.pdf\" target=\"_blank\" role=\"button\" rel=\"noopener\">\n\t\t\t\t\t\tProduktblatt\n\t\t\t\t\t<\/a>\n\t\t\t<a href=\"https:\/\/montysinternational.com\/wp-content\/uploads\/2023\/01\/Root-Bloom-8864-label.pdf\" target=\"_blank\" role=\"button\" rel=\"noopener\">\n\t\t\t\t\t\t\tEtikett\n\t\t\t\t\t<\/a>\n<h3>\n\t\tMagmaHume\n\t<\/h3>\n\t<p>MagmaHume ist eine einzigartige Kombination aus Basalt, einer Quelle von Sekund\u00e4r- und Mikron\u00e4hrstoffen, und Montys patentrechtlich gesch\u00fctztem aktiviertem Humus, um die Bodenfruchtbarkeit und -gesundheit zu verbessern. MagmaHume ist nat\u00fcrlich, organisch und ausgewogen f\u00fcr ein besseres Wachstum und bringt mehr Energie f\u00fcr Ihre Pflanzen.\u00a0<\/p>\n\t\t\t<a href=\"https:\/\/montysinternational.com\/wp-content\/uploads\/2024\/01\/1213-MagmaHume-Sheet-Nigeria-English.pdf\" target=\"_blank\" role=\"button\" rel=\"noopener\">\n\t\t\t\t\t\tProduktblatt\n\t\t\t\t\t<\/a>\n\t\t\t<a href=\"https:\/\/montysinternational.com\/wp-content\/uploads\/2023\/01\/MagmaHume-Label_Nigeria-Shipments_4.8.22.pdf\" target=\"_blank\" role=\"button\" rel=\"noopener\">\n\t\t\t\t\t\t\tEtikett\n\t\t\t\t\t<\/a>\n<h3>\n\t\tMicrohance\n\t<\/h3>\n\t<p>Microhance bietet eine einzigartige Mischung aus Montys Technologie, die darauf ausgelegt ist, der Pflanze in jeder Wachstumsphase N\u00e4hrstoffe zuzuf\u00fchren und so das Ertragspotenzial der Pflanze zu maximieren. <\/p>\n\t\t\t<a href=\"https:\/\/montysinternational.com\/wp-content\/uploads\/2024\/01\/1213-Microhance-Sheet-Nigeria-English.pdf\" target=\"_blank\" role=\"button\" rel=\"noopener\">\n\t\t\t\t\t\tProduktblatt\n\t\t\t\t\t<\/a>\n\t\t\t<a href=\"https:\/\/montysinternational.com\/wp-content\/uploads\/2023\/01\/Microhance-8865-label.pdf\" target=\"_blank\" role=\"button\" rel=\"noopener\">\n\t\t\t\t\t\t\tEtikett\n\t\t\t\t\t<\/a>\n<h3>\n\t\tAllseitiges Wachstum\n\t<\/h3>\n\t<p>Monty's All-Purpose Growth ist eine konzentrierte, nat\u00fcrliche organische Fl\u00fcssigpflanzennahrung, die bei der Pflanzung und als Blattd\u00fcnger bei allen Pflanzen verwendet werden kann, wenn ein Pflanzenwachstum gew\u00fcnscht wird, sei es w\u00e4hrend der vegetativen oder reproduktiven Wachstumsphase.<\/p>\n\t\t\t<a href=\"https:\/\/montysinternational.com\/wp-content\/uploads\/2024\/01\/1213-All-Purpose-Growth-Sheet-Nigeria-English.pdf\" target=\"_blank\" role=\"button\" rel=\"noopener\">\n\t\t\t\t\t\tProduktblatt\n\t\t\t\t\t<\/a>\n\t\t\t<a href=\"https:\/\/montysinternational.com\/wp-content\/uploads\/2023\/01\/All-Purpose-Growth-8697-label.pdf\" target=\"_blank\" role=\"button\" rel=\"noopener\">\n\t\t\t\t\t\t\tEtikett\n\t\t\t\t\t<\/a>\n<h3>\n\t\tHumihance\n\t<\/h3>\n\t<p>Humihance ist ein D\u00fcnger\u00fcberzug auf Huminstoffbasis, der schnell und effizient die Vorteile des N\u00e4hrstoffmanagements nutzt, ohne die Aktivit\u00e4t der nat\u00fcrlichen Bodenbakterien zu beeintr\u00e4chtigen. Es ist ideal f\u00fcr die Verwendung beim Mischen aller Granulatd\u00fcnger und ist mit einer Vielzahl von Mikron\u00e4hrstoffen und vorbehandelten D\u00fcngemitteln kompatibel.\u00a0\u00a0<\/p>\n\t\t\t<a href=\"https:\/\/montysinternational.com\/wp-content\/uploads\/2024\/01\/1213-Humihance-Sheet-Nigeria-English.pdf\" target=\"_blank\" role=\"button\" rel=\"noopener\">\n\t\t\t\t\t\tProduktblatt\n\t\t\t\t\t<\/a>\n\t\t\t<a href=\"https:\/\/montysinternational.com\/wp-content\/uploads\/2023\/01\/Humihance-Label_NIGERIA-6.3.22.pdf\" target=\"_blank\" role=\"button\" rel=\"noopener\">\n\t\t\t\t\t\t\tEtikett\n\t\t\t\t\t<\/a>\n\t<a href=\"https:\/\/montysinternational.com\/wp-content\/uploads\/2023\/01\/1188-Nigeria-Humic-Brochure-1-23.pdf\" target=\"_blank\" role=\"button\" rel=\"noopener\" aria-label=\"Huminstoffe &amp; Bodengesundheit\">\n\t\t\t\t\t\tHuminstoffe &amp; Bodengesundheit\n\t\t\t\t\t<\/a>\n\t<a href=\"https:\/\/montysinternational.com\/wp-content\/uploads\/2023\/01\/1204-Nigeria-Product-Quad-Fold-1-23.pdf\" target=\"_blank\" role=\"button\" rel=\"noopener\" aria-label=\"Produktf\u00fchrer\">\n\t\t\t\t\t\tProduktf\u00fchrer\n\t\t\t\t\t<\/a>\n<h2>\n\t\tL\u00f6sungen f\u00fcr Pflanzen und B\u00f6den, die genauso hart arbeiten wie Sie\n\t<\/h2>\n\t<p>Sehen Sie, wie wir Tausenden von Landwirten in Dutzenden von L\u00e4ndern auf der ganzen Welt helfen, bessere Antworten zu finden, L\u00f6sungen pr\u00e4ziser anzuwenden und ihr Feldpotenzial zu maximieren.<\/p>\n\t\t\t\t\t\t\t<img decoding=\"async\" src=\"https:\/\/montysinternational.com\/wp-content\/uploads\/2020\/08\/icon-soybeans.png\" alt=\"icon-soybeans\" \/>\n\t\t<h3>Sojabohnen<\/h3>\n\t\t\t\t\t\t\t<img decoding=\"async\" src=\"https:\/\/montysinternational.com\/wp-content\/uploads\/2020\/08\/icon-corn.png\" alt=\"icon-corn\" \/>\n\t\t<h3>Mais<\/h3>\n\t\t\t\t\t\t\t<img decoding=\"async\" src=\"https:\/\/montysinternational.com\/wp-content\/uploads\/2022\/12\/Crop_Icon_Rice.png\" alt=\"Crop_Icon_Rice\" \/>\n\t\t<h3>Reis<\/h3>\n\t\t\t\t\t\t\t<img decoding=\"async\" src=\"https:\/\/montysinternational.com\/wp-content\/uploads\/2022\/12\/Crop_Icon_Sorghum.png\" alt=\"Crop_Icon_Sorghum\" \/>\n\t\t<h3>Sorghum<\/h3>\n\t\t\t\t\t\t\t<img decoding=\"async\" src=\"https:\/\/montysinternational.com\/wp-content\/uploads\/2022\/07\/Crop_Icon_Tomato.png\" alt=\"Crop_Icon_Tomato\" \/>\n\t\t<h3>Tomaten<\/h3>\n\t\t\t\t\t\t\t<img decoding=\"async\" src=\"https:\/\/montysinternational.com\/wp-content\/uploads\/2022\/12\/Crop_Icon_Cocoa.png\" alt=\"Crop_Icon_Cocoa\" \/>\n\t\t<h3>Kakao<\/h3>\n<h2>\n\t\tWir wollen die Zukunft der nigerianischen Landwirtschaft ver\u00e4ndern\n\t<\/h2>\n\t<p>Sehen Sie, wie wir Tausenden von Landwirten in Dutzenden von L\u00e4ndern auf der ganzen Welt helfen, bessere Antworten zu finden, L\u00f6sungen pr\u00e4ziser anzuwenden und ihr Feldpotenzial zu maximieren.<\/p>\n<h3>\n\t\tKONTAKTE\n\t<\/h3>\n\t<strong>Sunny Ameh<\/strong>\nNigeria Landesdirektor\n<a title=\"mailto:GBarros@montysplantfood.com\" contenteditable=\"false\" href=\"mailto:SAmeh@montysplantfood.com\">E-Mail: SAmeh@montysplantfood.com<\/a>\n<a href=\"tel:2348098712223\">+234 809 871 2223<\/a>\n<h3>\n\t\tNIGERIA-VERTEILER\n\t<\/h3>\n\tNIGERIA-VERTRETER<br \/>\nCHARIS LIFESCIENCE LTD<br \/>\n2 JUJI-STRASSE\/ABZWEIGUNG KACHIA-STRASSE<br \/>\nKADUNA, NIGERIA<br \/>\n+ 234 811 211 1123","protected":false},"excerpt":{"rendered":"<p>Nigeria Maximieren Sie die Qualit\u00e4t und Quantit\u00e4t Ihrer Ertr\u00e4ge Montys oberstes Ziel war es schon immer, nigerianischen Landwirten zu mehr Erfolg zu verhelfen. Wir bieten nigerianischen Landwirten hocheffiziente N\u00e4hrstoffl\u00f6sungen - ob Starter in der Furche, branchenf\u00fchrende Bodenverbesserer auf Humusbasis oder N\u00e4hrstoffpakete zur Blattanwendung -, die f\u00fcr eine bessere Wurzelentwicklung, ges\u00fcndere Pflanzen und letztendlich h\u00f6here...<\/p>","protected":false},"author":17,"featured_media":0,"parent":0,"menu_order":0,"comment_status":"closed","ping_status":"closed","template":"","meta":{"_acf_changed":false,"_monsterinsights_skip_tracking":false,"_monsterinsights_sitenote_active":false,"_monsterinsights_sitenote_note":"","_monsterinsights_sitenote_category":0,"footnotes":""},"class_list":["post-12600","page","type-page","status-publish","hentry"],"acf":[],"yoast_head":"<!-- This site is optimized with the Yoast SEO plugin v27.3 - https:\/\/yoast.com\/product\/yoast-seo-wordpress\/ -->\n<title>Nigeria - Monty&#039;s International<\/title>\n<meta name=\"robots\" content=\"index, follow, max-snippet:-1, max-image-preview:large, max-video-preview:-1\" \/>\n<link rel=\"canonical\" href=\"https:\/\/montysinternational.com\/de\/nigeria\/\" \/>\n<meta property=\"og:locale\" content=\"de_DE\" \/>\n<meta property=\"og:type\" content=\"article\" \/>\n<meta property=\"og:title\" content=\"Nigeria - Monty&#039;s International\" \/>\n<meta property=\"og:description\" content=\"Nigeria Maximize The Quality and Quantity Of Your Yields Monty&#8217;s primary goals has always been to help Nigerian farmers be more successful. We offer Nigerian farmers high efficiency nutrient solutions &#8211; whether in-furrow starters, industry-leading humic-based soil conditioners, or foliar applied nutrient packages &#8211; designed to bring better root development, healthier plants, and ultimately higher&hellip;\" \/>\n<meta property=\"og:url\" content=\"https:\/\/montysinternational.com\/de\/nigeria\/\" \/>\n<meta property=\"og:site_name\" content=\"Monty&#039;s International\" \/>\n<meta property=\"article:modified_time\" content=\"2024-01-18T14:10:23+00:00\" \/>\n<meta property=\"og:image\" content=\"https:\/\/montysinternational.com\/wp-content\/uploads\/2020\/09\/Flag-Nigeria.png\" \/>\n<meta name=\"twitter:card\" content=\"summary_large_image\" \/>\n<meta name=\"twitter:label1\" content=\"Est. reading time\" \/>\n\t<meta name=\"twitter:data1\" content=\"4 minutes\" \/>\n<script type=\"application\/ld+json\" class=\"yoast-schema-graph\">{\"@context\":\"https:\\\/\\\/schema.org\",\"@graph\":[{\"@type\":\"WebPage\",\"@id\":\"https:\\\/\\\/montysinternational.com\\\/nigeria\\\/\",\"url\":\"https:\\\/\\\/montysinternational.com\\\/nigeria\\\/\",\"name\":\"Nigeria - Monty&#039;s International\",\"isPartOf\":{\"@id\":\"https:\\\/\\\/montysinternational.com\\\/#website\"},\"primaryImageOfPage\":{\"@id\":\"https:\\\/\\\/montysinternational.com\\\/nigeria\\\/#primaryimage\"},\"image\":{\"@id\":\"https:\\\/\\\/montysinternational.com\\\/nigeria\\\/#primaryimage\"},\"thumbnailUrl\":\"https:\\\/\\\/montysinternational.com\\\/wp-content\\\/uploads\\\/2020\\\/09\\\/Flag-Nigeria.png\",\"datePublished\":\"2022-11-11T21:47:16+00:00\",\"dateModified\":\"2024-01-18T14:10:23+00:00\",\"breadcrumb\":{\"@id\":\"https:\\\/\\\/montysinternational.com\\\/nigeria\\\/#breadcrumb\"},\"inLanguage\":\"de-DE\",\"potentialAction\":[{\"@type\":\"ReadAction\",\"target\":[\"https:\\\/\\\/montysinternational.com\\\/nigeria\\\/\"]}]},{\"@type\":\"ImageObject\",\"inLanguage\":\"de-DE\",\"@id\":\"https:\\\/\\\/montysinternational.com\\\/nigeria\\\/#primaryimage\",\"url\":\"https:\\\/\\\/montysinternational.com\\\/wp-content\\\/uploads\\\/2020\\\/09\\\/Flag-Nigeria.png\",\"contentUrl\":\"https:\\\/\\\/montysinternational.com\\\/wp-content\\\/uploads\\\/2020\\\/09\\\/Flag-Nigeria.png\"},{\"@type\":\"BreadcrumbList\",\"@id\":\"https:\\\/\\\/montysinternational.com\\\/nigeria\\\/#breadcrumb\",\"itemListElement\":[{\"@type\":\"ListItem\",\"position\":1,\"name\":\"Home\",\"item\":\"https:\\\/\\\/montysinternational.com\\\/\"},{\"@type\":\"ListItem\",\"position\":2,\"name\":\"Nigeria\"}]},{\"@type\":\"WebSite\",\"@id\":\"https:\\\/\\\/montysinternational.com\\\/#website\",\"url\":\"https:\\\/\\\/montysinternational.com\\\/\",\"name\":\"Monty&#039;s International\",\"description\":\"\",\"publisher\":{\"@id\":\"https:\\\/\\\/montysinternational.com\\\/#organization\"},\"potentialAction\":[{\"@type\":\"SearchAction\",\"target\":{\"@type\":\"EntryPoint\",\"urlTemplate\":\"https:\\\/\\\/montysinternational.com\\\/?s={search_term_string}\"},\"query-input\":{\"@type\":\"PropertyValueSpecification\",\"valueRequired\":true,\"valueName\":\"search_term_string\"}}],\"inLanguage\":\"de-DE\"},{\"@type\":\"Organization\",\"@id\":\"https:\\\/\\\/montysinternational.com\\\/#organization\",\"name\":\"Monty's Plant Food\",\"url\":\"https:\\\/\\\/montysinternational.com\\\/\",\"logo\":{\"@type\":\"ImageObject\",\"inLanguage\":\"de-DE\",\"@id\":\"https:\\\/\\\/montysinternational.com\\\/#\\\/schema\\\/logo\\\/image\\\/\",\"url\":\"https:\\\/\\\/montysinternational.com\\\/wp-content\\\/uploads\\\/2020\\\/09\\\/Website-Logo-TEST.png\",\"contentUrl\":\"https:\\\/\\\/montysinternational.com\\\/wp-content\\\/uploads\\\/2020\\\/09\\\/Website-Logo-TEST.png\",\"width\":505,\"height\":358,\"caption\":\"Monty's Plant Food\"},\"image\":{\"@id\":\"https:\\\/\\\/montysinternational.com\\\/#\\\/schema\\\/logo\\\/image\\\/\"}}]}<\/script>\n<!-- \/ Yoast SEO plugin. -->","yoast_head_json":{"title":"Nigeria - Monty&#039;s International","robots":{"index":"index","follow":"follow","max-snippet":"max-snippet:-1","max-image-preview":"max-image-preview:large","max-video-preview":"max-video-preview:-1"},"canonical":"https:\/\/montysinternational.com\/de\/nigeria\/","og_locale":"de_DE","og_type":"article","og_title":"Nigeria - Monty&#039;s International","og_description":"Nigeria Maximize The Quality and Quantity Of Your Yields Monty&#8217;s primary goals has always been to help Nigerian farmers be more successful. We offer Nigerian farmers high efficiency nutrient solutions &#8211; whether in-furrow starters, industry-leading humic-based soil conditioners, or foliar applied nutrient packages &#8211; designed to bring better root development, healthier plants, and ultimately higher&hellip;","og_url":"https:\/\/montysinternational.com\/de\/nigeria\/","og_site_name":"Monty&#039;s International","article_modified_time":"2024-01-18T14:10:23+00:00","og_image":[{"url":"https:\/\/montysinternational.com\/wp-content\/uploads\/2020\/09\/Flag-Nigeria.png","type":"","width":"","height":""}],"twitter_card":"summary_large_image","twitter_misc":{"Est. reading time":"4 minutes"},"schema":{"@context":"https:\/\/schema.org","@graph":[{"@type":"WebPage","@id":"https:\/\/montysinternational.com\/nigeria\/","url":"https:\/\/montysinternational.com\/nigeria\/","name":"Nigeria - Monty&#039;s International","isPartOf":{"@id":"https:\/\/montysinternational.com\/#website"},"primaryImageOfPage":{"@id":"https:\/\/montysinternational.com\/nigeria\/#primaryimage"},"image":{"@id":"https:\/\/montysinternational.com\/nigeria\/#primaryimage"},"thumbnailUrl":"https:\/\/montysinternational.com\/wp-content\/uploads\/2020\/09\/Flag-Nigeria.png","datePublished":"2022-11-11T21:47:16+00:00","dateModified":"2024-01-18T14:10:23+00:00","breadcrumb":{"@id":"https:\/\/montysinternational.com\/nigeria\/#breadcrumb"},"inLanguage":"de-DE","potentialAction":[{"@type":"ReadAction","target":["https:\/\/montysinternational.com\/nigeria\/"]}]},{"@type":"ImageObject","inLanguage":"de-DE","@id":"https:\/\/montysinternational.com\/nigeria\/#primaryimage","url":"https:\/\/montysinternational.com\/wp-content\/uploads\/2020\/09\/Flag-Nigeria.png","contentUrl":"https:\/\/montysinternational.com\/wp-content\/uploads\/2020\/09\/Flag-Nigeria.png"},{"@type":"BreadcrumbList","@id":"https:\/\/montysinternational.com\/nigeria\/#breadcrumb","itemListElement":[{"@type":"ListItem","position":1,"name":"Home","item":"https:\/\/montysinternational.com\/"},{"@type":"ListItem","position":2,"name":"Nigeria"}]},{"@type":"WebSite","@id":"https:\/\/montysinternational.com\/#website","url":"https:\/\/montysinternational.com\/","name":"Monty&#039;s International","description":"","publisher":{"@id":"https:\/\/montysinternational.com\/#organization"},"potentialAction":[{"@type":"SearchAction","target":{"@type":"EntryPoint","urlTemplate":"https:\/\/montysinternational.com\/?s={search_term_string}"},"query-input":{"@type":"PropertyValueSpecification","valueRequired":true,"valueName":"search_term_string"}}],"inLanguage":"de-DE"},{"@type":"Organization","@id":"https:\/\/montysinternational.com\/#organization","name":"Monty's Plant Food","url":"https:\/\/montysinternational.com\/","logo":{"@type":"ImageObject","inLanguage":"de-DE","@id":"https:\/\/montysinternational.com\/#\/schema\/logo\/image\/","url":"https:\/\/montysinternational.com\/wp-content\/uploads\/2020\/09\/Website-Logo-TEST.png","contentUrl":"https:\/\/montysinternational.com\/wp-content\/uploads\/2020\/09\/Website-Logo-TEST.png","width":505,"height":358,"caption":"Monty's Plant Food"},"image":{"@id":"https:\/\/montysinternational.com\/#\/schema\/logo\/image\/"}}]}},"_links":{"self":[{"href":"https:\/\/montysinternational.com\/de\/wp-json\/wp\/v2\/pages\/12600","targetHints":{"allow":["GET"]}}],"collection":[{"href":"https:\/\/montysinternational.com\/de\/wp-json\/wp\/v2\/pages"}],"about":[{"href":"https:\/\/montysinternational.com\/de\/wp-json\/wp\/v2\/types\/page"}],"author":[{"embeddable":true,"href":"https:\/\/montysinternational.com\/de\/wp-json\/wp\/v2\/users\/17"}],"replies":[{"embeddable":true,"href":"https:\/\/montysinternational.com\/de\/wp-json\/wp\/v2\/comments?post=12600"}],"version-history":[{"count":10,"href":"https:\/\/montysinternational.com\/de\/wp-json\/wp\/v2\/pages\/12600\/revisions"}],"predecessor-version":[{"id":13231,"href":"https:\/\/montysinternational.com\/de\/wp-json\/wp\/v2\/pages\/12600\/revisions\/13231"}],"wp:attachment":[{"href":"https:\/\/montysinternational.com\/de\/wp-json\/wp\/v2\/media?parent=12600"}],"curies":[{"name":"wp","href":"https:\/\/api.w.org\/{rel}","templated":true}]}}