{"id":12595,"date":"2022-08-04T11:16:03","date_gmt":"2022-08-04T15:16:03","guid":{"rendered":"https:\/\/montysplantfood.com\/?page_id=12595"},"modified":"2024-01-29T15:48:04","modified_gmt":"2024-01-29T20:48:04","slug":"guatemala","status":"publish","type":"page","link":"https:\/\/montysinternational.com\/de\/guatemala\/","title":{"rendered":"Guatemala"},"content":{"rendered":"<h1>\n\t\tGuatemala\n\t<\/h1>\n<h2>\n\t\tMaximieren Sie die Qualit\u00e4t und Quantit\u00e4t Ihrer Ernteertr\u00e4ge\n\t<\/h2>\n\t<p>Montys oberstes Ziel war es schon immer, den Landwirten in Guatemala zu mehr Erfolg zu verhelfen. Wir bieten den guatemaltekischen Landwirten hocheffiziente N\u00e4hrstoffl\u00f6sungen - ob Starter in der Furche, branchenf\u00fchrende Bodenverbesserer auf Humusbasis oder N\u00e4hrstoffpakete zur Blattanwendung -, die f\u00fcr eine bessere Wurzelentwicklung, ges\u00fcndere Pflanzen und letztlich h\u00f6here Ertr\u00e4ge sorgen!<\/p>\n<p>Monty's ist Ihre vertrauensw\u00fcrdige Quelle f\u00fcr verl\u00e4ssliche Beratung und innovative, wissenschaftlich fundierte Pflanzen- und Bodenprodukte, die es Ihnen leicht machen, h\u00f6here, hochwertige Ertr\u00e4ge zu erzielen und gleichzeitig die Bodenqualit\u00e4t langfristig zu verbessern. Monty's... vertrauensw\u00fcrdige Berater. Bew\u00e4hrte L\u00f6sungen. Sprechen Sie noch heute mit Ihrem Monty's Vertreter!<\/p>\n\t\t\t\t\t\t\t\t\t<img loading=\"lazy\" decoding=\"async\" src=\"https:\/\/montysinternational.com\/wp-content\/uploads\/2022\/07\/Flag-Guatemala.png\" alt=\"Flag-Guatemala\" itemprop=\"image\" height=\"500\" width=\"800\" srcset=\"https:\/\/montysinternational.com\/wp-content\/uploads\/2022\/07\/Flag-Guatemala.png 800w, https:\/\/montysinternational.com\/wp-content\/uploads\/2022\/07\/Flag-Guatemala-300x188.png 300w\" sizes=\"auto, (max-width: 800px) 100vw, 800px\" title=\"Flagge-Guatemala\" onerror=\"this.style.display='none'\"  \/>\n\t<a href=\"https:\/\/montysinternational.com\/de\/guatemala\/team\/\" target=\"_self\" role=\"button\" aria-label=\"Unser guatemaltekisches Team\" rel=\"noopener\">\n\t\t\t\t\t\tUnser guatemaltekisches Team\n\t\t\t\t\t<\/a>\n<h2>\n\t\tDie wichtigsten in Guatemala erh\u00e4ltlichen Produkte\n\t<\/h2>\n<h3>\n\t\tMonty's Fl\u00fcssigkohle\n\t<\/h3>\n\tMonty's Liquid Carbon Bodenverbesserer wurde entwickelt, um zu helfen bei<br \/>\nden Abbau von organischem Material. Es kann das Feuchtigkeitsmanagement in Ihrem Boden verbessern. Dieses Produkt enth\u00e4lt Monty's aktivierte Humins\u00e4ure, die mit unserer firmeneigenen Technologie verarbeitet wird. Humins\u00e4ure kann die Aufnahme von Mikron\u00e4hrstoffen verbessern.\n\t\t\t<a href=\"https:\/\/montysinternational.com\/wp-content\/uploads\/2024\/01\/1213-MLC-Sheet-Guatemala-Spanish-Marcel-Version.pdf\" target=\"_blank\" role=\"button\" rel=\"noopener\">\n\t\t\t\t\t\tProduktblatt\n\t\t\t\t\t<\/a>\n\t\t\t<a href=\"https:\/\/montysinternational.com\/wp-content\/uploads\/2024\/01\/Montys-Liquid-Carbon-label-Spanish.pdf\" target=\"_blank\" role=\"button\" rel=\"noopener\">\n\t\t\t\t\t\tEtikett\n\t\t\t\t\t<\/a>\n<h3>\n\t\tHumihance\n\t<\/h3>\n\t<p>Humihance ist ein D\u00fcnger\u00fcberzug auf Huminstoffbasis, der schnell und effizient die Vorteile des N\u00e4hrstoffmanagements nutzt, ohne die Aktivit\u00e4t der nat\u00fcrlichen Bodenbakterien zu beeintr\u00e4chtigen. Es ist ideal f\u00fcr die Verwendung beim Mischen aller Granulatd\u00fcnger und ist mit einer Vielzahl von Mikron\u00e4hrstoffen und vorbehandelten D\u00fcngemitteln kompatibel.\u00a0\u00a0<\/p>\n\t\t\t<a href=\"https:\/\/montysinternational.com\/wp-content\/uploads\/2024\/01\/1213-Humihance-Sheet-Guatemala-Spanish-Marcel-Version.pdf\" target=\"_blank\" role=\"button\" rel=\"noopener\">\n\t\t\t\t\t\tProduktblatt\n\t\t\t\t\t<\/a>\n\t\t\t<a href=\"https:\/\/montysinternational.com\/wp-content\/uploads\/2024\/01\/Humihance-label-Spanish.pdf\" target=\"_blank\" role=\"button\" rel=\"noopener\">\n\t\t\t\t\t\tEtikett\n\t\t\t\t\t<\/a>\n<h3>\n\t\tMonty's Dri-Carbon\n\t<\/h3>\n\t<p>Monty's Dri-Carbon bietet die gleichen Vorteile, auf die sich die Landwirte bei Monty's Liquid Carbon verlassen haben, nur in Form eines granulierten Produkts.<\/p>\n\t\t\t<a href=\"https:\/\/montysinternational.com\/wp-content\/uploads\/2024\/01\/1213-Dri-Carbon-Sheet-Guatemala-Spanish-Marcel-Version.pdf\" target=\"_blank\" role=\"button\" rel=\"noopener\">\n\t\t\t\t\t\tProduktblatt\n\t\t\t\t\t<\/a>\n\t\t\t<a href=\"https:\/\/montysinternational.com\/wp-content\/uploads\/2024\/01\/Montys-Dri-Carbon-label-Spanish.pdf\" target=\"_blank\" role=\"button\" rel=\"noopener\">\n\t\t\t\t\t\tEtikett\n\t\t\t\t\t<\/a>\n<h3>\n\t\tSurge XD\n\t<\/h3>\n\t<p>Surge XD ist f\u00fcr den Einsatz mit Fl\u00fcssigd\u00fcngern konzipiert, um die N\u00e4hrstoffaufnahme durch das Pflanzengewebe zu erleichtern.<\/p>\n\t\t\t<a href=\"https:\/\/montysinternational.com\/wp-content\/uploads\/2024\/01\/1213-Surge-XD-Sheet-Guatemala-Spanish-WEB.pdf\" target=\"_blank\" role=\"button\" rel=\"noopener\">\n\t\t\t\t\t\tProduktblatt\n\t\t\t\t\t<\/a>\n\t\t\t<a href=\"https:\/\/montysinternational.com\/wp-content\/uploads\/2024\/01\/Surge-XD-label-Spanish.pdf\" target=\"_blank\" role=\"button\" rel=\"noopener\">\n\t\t\t\t\t\tEtikett\n\t\t\t\t\t<\/a>\n<h3>\n\t\tMicrohance\n\t<\/h3>\n\t<p>Microhance bietet eine einzigartige Mischung aus Montys Technologie, die darauf ausgelegt ist, der Pflanze in jeder Wachstumsphase N\u00e4hrstoffe zuzuf\u00fchren und so das Ertragspotenzial der Pflanze zu maximieren.<\/p>\n\t\t\t<a href=\"https:\/\/montysinternational.com\/wp-content\/uploads\/2024\/01\/1213-Microhance-Sheet-Guatemala-Spanish-WEB.pdf\" target=\"_blank\" role=\"button\" rel=\"noopener\">\n\t\t\t\t\t\tProduktblatt\n\t\t\t\t\t<\/a>\n\t\t\t<a href=\"https:\/\/montysinternational.com\/wp-content\/uploads\/2024\/01\/Microhance-label-Spanish.pdf\" target=\"_blank\" role=\"button\" rel=\"noopener\">\n\t\t\t\t\t\tEtikett\n\t\t\t\t\t<\/a>\n<h3>\n\t\tMagmaHume\n\t<\/h3>\n\t<p>MagmaHume ist eine einzigartige Kombination aus Basalt, einer Quelle von Sekund\u00e4r- und Mikron\u00e4hrstoffen, und Montys patentrechtlich gesch\u00fctztem aktiviertem Humus, um die Bodenfruchtbarkeit und -gesundheit zu verbessern. MagmaHume ist nat\u00fcrlich, organisch und ausgewogen f\u00fcr ein besseres Wachstum und bringt mehr Energie f\u00fcr Ihre Pflanzen.\u00a0<\/p>\n\t\t\t<a href=\"https:\/\/montysplantfood.com\/products\/magmahume\/\" target=\"_blank\" role=\"button\" rel=\"noopener\">\n\t\t\t\t\t\tProduktblatt\n\t\t\t\t\t<\/a>\n\t\t\t<a href=\"https:\/\/montysplantfood.com\/products\/magmahume\/\" target=\"_blank\" role=\"button\" rel=\"noopener\">\n\t\t\t\t\t\tEtikett\n\t\t\t\t\t<\/a>\n<h3>\n\t\tWurzel &amp; Bl\u00fcte\n\t<\/h3>\n\t<p>Root &amp; Bloom ist ein vielseitiges fl\u00fcssiges Pflanzennahrungsmittel, das bei der Pflanzung und als Blattd\u00fcngung bei allen Kulturen verwendet werden kann. Verwenden Sie es, wenn Qualit\u00e4t und Ertrag in der Bl\u00fctephase das Ziel sind, und bei allen Wurzelpflanzen in allen Wachstumsstadien.<\/p>\n\t\t\t<a href=\"https:\/\/montysinternational.com\/wp-content\/uploads\/2024\/01\/1213-Root-Bloom-Sheet-Guatemala-Spanish-WEB.pdf\" target=\"_blank\" role=\"button\" rel=\"noopener\">\n\t\t\t\t\t\tProduktblatt\n\t\t\t\t\t<\/a>\n\t\t\t<a href=\"https:\/\/montysinternational.com\/wp-content\/uploads\/2024\/01\/Root-and-Bloom-label-Spanish.pdf\" target=\"_blank\" role=\"button\" rel=\"noopener\">\n\t\t\t\t\t\tEtikett\n\t\t\t\t\t<\/a>\n<h3>\n\t\tAllseitiges Wachstum\n\t<\/h3>\n\t<p>All-Purpose Growth ist ein vielseitiges fl\u00fcssiges Pflanzennahrungsmittel, das bei der Pflanzung und als Blattd\u00fcnger bei allen Pflanzen verwendet werden kann, wenn ein Pflanzenwachstum gew\u00fcnscht wird, sei es w\u00e4hrend der vegetativen oder reproduktiven Wachstumsphase.<\/p>\n\t\t\t<a href=\"https:\/\/montysinternational.com\/wp-content\/uploads\/2024\/01\/1213-All-Purpose-Growth-Sheet-Guatemala-SPANISH-WEB-Spanish.pdf\" target=\"_blank\" role=\"button\" rel=\"noopener\">\n\t\t\t\t\t\tProduktblatt\n\t\t\t\t\t<\/a>\n\t\t\t<a href=\"https:\/\/montysinternational.com\/wp-content\/uploads\/2024\/01\/All-Purpose-Growth-label-Spanish.pdf\" target=\"_blank\" role=\"button\" rel=\"noopener\">\n\t\t\t\t\t\tEtikett\n\t\t\t\t\t<\/a>\n<h3>\n\t\tDrivas\n\t<\/h3>\n\t<p>Drivas ist f\u00fcr die Verwendung mit Fl\u00fcssigd\u00fcngern vorgesehen, um die N\u00e4hrstoffaufnahme durch das Pflanzengewebe zu erleichtern.<\/p>\n\t\t\t<a href=\"https:\/\/montysinternational.com\/wp-content\/uploads\/2024\/01\/1213-Drivas-Sheet-Spanish.pdf\" target=\"_blank\" role=\"button\" rel=\"noopener\">\n\t\t\t\t\t\tProduktblatt\n\t\t\t\t\t<\/a>\n\t\t\t<a href=\"https:\/\/montysinternational.com\/wp-content\/uploads\/2024\/01\/Drivas-label-Spanish.pdf\" target=\"_blank\" role=\"button\" rel=\"noopener\">\n\t\t\t\t\t\tEtikett\n\t\t\t\t\t<\/a>\n\t<a href=\"https:\/\/montysinternational.com\/wp-content\/uploads\/2023\/01\/MontysHumicsBrochure_Latin-America__PAGES.pdf\" target=\"_blank\" role=\"button\" rel=\"noopener\" aria-label=\"Huminstoffe &amp; Bodengesundheit\">\n\t\t\t\t\t\tHuminstoffe &amp; Bodengesundheit\n\t\t\t\t\t<\/a>\n<h2>\n\t\tL\u00f6sungen f\u00fcr Pflanzen und B\u00f6den, die genauso hart arbeiten wie Sie\n\t<\/h2>\n\t<p>Sehen Sie, wie wir Tausenden von Landwirten in Dutzenden von L\u00e4ndern auf der ganzen Welt helfen, bessere Antworten zu finden, L\u00f6sungen pr\u00e4ziser anzuwenden und ihr Feldpotenzial zu maximieren.<\/p>\n\t\t\t\t\t\t\t<img decoding=\"async\" src=\"https:\/\/montysinternational.com\/wp-content\/uploads\/2020\/08\/icon-soybeans.png\" alt=\"icon-soybeans\" \/>\n\t\t<h3>Sojabohnen<\/h3>\n\t\t\t\t\t\t\t<img decoding=\"async\" src=\"https:\/\/montysinternational.com\/wp-content\/uploads\/2020\/12\/MNT_Icons_SugarCane.png\" alt=\"MNT_Icons_SugarCane\" \/>\n\t\t<h3>Zuckerrohr<\/h3>\n\t\t\t\t\t\t\t<img decoding=\"async\" src=\"https:\/\/montysinternational.com\/wp-content\/uploads\/2020\/08\/icon-corn.png\" alt=\"icon-corn\" \/>\n\t\t<h3>Mais<\/h3>\n\t\t\t\t\t\t\t<img decoding=\"async\" src=\"https:\/\/montysinternational.com\/wp-content\/uploads\/2022\/08\/Crop_Icon_Banana.png\" alt=\"Crop_Icon_Banana\" \/>\n\t\t<h3>Bananen<\/h3>\n\t\t\t\t\t\t\t<img decoding=\"async\" src=\"https:\/\/montysinternational.com\/wp-content\/uploads\/2022\/08\/Crop_Icon_Vegetables.png\" alt=\"Crop_Icon_Vegetables\" \/>\n\t\t<h3>Brokkoli<\/h3>\n<h2>\n\t\tWir wollen die Zukunft der guatemaltekischen Landwirtschaft ver\u00e4ndern\n\t<\/h2>\n\t<p>Sehen Sie, wie wir Tausenden von Landwirten in Dutzenden von L\u00e4ndern auf der ganzen Welt helfen, bessere Antworten zu finden, L\u00f6sungen pr\u00e4ziser anzuwenden und ihr Feldpotenzial zu maximieren.<\/p>\n<h3>\n\t\tKONTAKTE\n\t<\/h3>\n\t<strong>Gregorio Ordonez<\/strong>\nL\u00e4nderbereichsleiter Zentralamerika\n<a title=\"mailto:GBarros@montysplantfood.com\" contenteditable=\"false\" href=\"mailto:GOrdonez@montysplantfood.com\">E-Mail: GOrdonez@montysplantfood.com<\/a>\n<a href=\"tel:50252065276\">+502 5206 5276<\/a>\n<h3>\n\t\tGuatemaltekischer Konzernvertriebspartner\n\t<\/h3>\n\tIMPORTADOR Y DISTRIBUIDOR\nAREQUIPA S.A.\nCiudad de Guatemala\nTel\/Whatsapp: (502) 2479-1365 - 52065276","protected":false},"excerpt":{"rendered":"<p>Guatemala Maximieren Sie die Qualit\u00e4t und Quantit\u00e4t Ihrer Ertr\u00e4ge Montys oberstes Ziel war es schon immer, den Landwirten in Guatemala zu mehr Erfolg zu verhelfen. Wir bieten den guatemaltekischen Landwirten hocheffiziente N\u00e4hrstoffl\u00f6sungen - ob Starter in der Furche, branchenf\u00fchrende Bodenverbesserer auf Humusbasis oder N\u00e4hrstoffpakete zur Blattanwendung -, die f\u00fcr eine bessere Wurzelentwicklung, ges\u00fcndere Pflanzen und letztlich h\u00f6here Ertr\u00e4ge sorgen...<\/p>","protected":false},"author":17,"featured_media":0,"parent":0,"menu_order":0,"comment_status":"closed","ping_status":"closed","template":"","meta":{"_acf_changed":false,"_monsterinsights_skip_tracking":false,"_monsterinsights_sitenote_active":false,"_monsterinsights_sitenote_note":"","_monsterinsights_sitenote_category":0,"footnotes":""},"class_list":["post-12595","page","type-page","status-publish","hentry"],"acf":[],"yoast_head":"<!-- This site is optimized with the Yoast SEO plugin v27.3 - https:\/\/yoast.com\/product\/yoast-seo-wordpress\/ -->\n<title>Guatemala - Monty&#039;s International<\/title>\n<meta name=\"robots\" content=\"index, follow, max-snippet:-1, max-image-preview:large, max-video-preview:-1\" \/>\n<link rel=\"canonical\" href=\"https:\/\/montysinternational.com\/de\/guatemala\/\" \/>\n<meta property=\"og:locale\" content=\"de_DE\" \/>\n<meta property=\"og:type\" content=\"article\" \/>\n<meta property=\"og:title\" content=\"Guatemala - Monty&#039;s International\" \/>\n<meta property=\"og:description\" content=\"Guatemala Maximize The Quality and Quantity Of Your Yields Monty&#8217;s primary goals has always been to help Guatemalan farmers be more successful. We offer Guatemalan farmers high efficiency nutrient solutions &#8211; whether in-furrow starters, industry-leading humic-based soil conditioners, or foliar applied nutrient packages &#8211; designed to bring better root development, healthier plants, and ultimately higher&hellip;\" \/>\n<meta property=\"og:url\" content=\"https:\/\/montysinternational.com\/de\/guatemala\/\" \/>\n<meta property=\"og:site_name\" content=\"Monty&#039;s International\" \/>\n<meta property=\"article:modified_time\" content=\"2024-01-29T20:48:04+00:00\" \/>\n<meta property=\"og:image\" content=\"https:\/\/montysinternational.com\/wp-content\/uploads\/2022\/07\/Flag-Guatemala.png\" \/>\n<meta name=\"twitter:card\" content=\"summary_large_image\" \/>\n<meta name=\"twitter:label1\" content=\"Est. reading time\" \/>\n\t<meta name=\"twitter:data1\" content=\"4 minutes\" \/>\n<script type=\"application\/ld+json\" class=\"yoast-schema-graph\">{\"@context\":\"https:\\\/\\\/schema.org\",\"@graph\":[{\"@type\":\"WebPage\",\"@id\":\"https:\\\/\\\/montysinternational.com\\\/guatemala\\\/\",\"url\":\"https:\\\/\\\/montysinternational.com\\\/guatemala\\\/\",\"name\":\"Guatemala - Monty&#039;s International\",\"isPartOf\":{\"@id\":\"https:\\\/\\\/montysinternational.com\\\/#website\"},\"primaryImageOfPage\":{\"@id\":\"https:\\\/\\\/montysinternational.com\\\/guatemala\\\/#primaryimage\"},\"image\":{\"@id\":\"https:\\\/\\\/montysinternational.com\\\/guatemala\\\/#primaryimage\"},\"thumbnailUrl\":\"https:\\\/\\\/montysinternational.com\\\/wp-content\\\/uploads\\\/2022\\\/07\\\/Flag-Guatemala.png\",\"datePublished\":\"2022-08-04T15:16:03+00:00\",\"dateModified\":\"2024-01-29T20:48:04+00:00\",\"breadcrumb\":{\"@id\":\"https:\\\/\\\/montysinternational.com\\\/guatemala\\\/#breadcrumb\"},\"inLanguage\":\"de-DE\",\"potentialAction\":[{\"@type\":\"ReadAction\",\"target\":[\"https:\\\/\\\/montysinternational.com\\\/guatemala\\\/\"]}]},{\"@type\":\"ImageObject\",\"inLanguage\":\"de-DE\",\"@id\":\"https:\\\/\\\/montysinternational.com\\\/guatemala\\\/#primaryimage\",\"url\":\"https:\\\/\\\/montysinternational.com\\\/wp-content\\\/uploads\\\/2022\\\/07\\\/Flag-Guatemala.png\",\"contentUrl\":\"https:\\\/\\\/montysinternational.com\\\/wp-content\\\/uploads\\\/2022\\\/07\\\/Flag-Guatemala.png\"},{\"@type\":\"BreadcrumbList\",\"@id\":\"https:\\\/\\\/montysinternational.com\\\/guatemala\\\/#breadcrumb\",\"itemListElement\":[{\"@type\":\"ListItem\",\"position\":1,\"name\":\"Home\",\"item\":\"https:\\\/\\\/montysinternational.com\\\/\"},{\"@type\":\"ListItem\",\"position\":2,\"name\":\"Guatemala\"}]},{\"@type\":\"WebSite\",\"@id\":\"https:\\\/\\\/montysinternational.com\\\/#website\",\"url\":\"https:\\\/\\\/montysinternational.com\\\/\",\"name\":\"Monty&#039;s International\",\"description\":\"\",\"publisher\":{\"@id\":\"https:\\\/\\\/montysinternational.com\\\/#organization\"},\"potentialAction\":[{\"@type\":\"SearchAction\",\"target\":{\"@type\":\"EntryPoint\",\"urlTemplate\":\"https:\\\/\\\/montysinternational.com\\\/?s={search_term_string}\"},\"query-input\":{\"@type\":\"PropertyValueSpecification\",\"valueRequired\":true,\"valueName\":\"search_term_string\"}}],\"inLanguage\":\"de-DE\"},{\"@type\":\"Organization\",\"@id\":\"https:\\\/\\\/montysinternational.com\\\/#organization\",\"name\":\"Monty's Plant Food\",\"url\":\"https:\\\/\\\/montysinternational.com\\\/\",\"logo\":{\"@type\":\"ImageObject\",\"inLanguage\":\"de-DE\",\"@id\":\"https:\\\/\\\/montysinternational.com\\\/#\\\/schema\\\/logo\\\/image\\\/\",\"url\":\"https:\\\/\\\/montysinternational.com\\\/wp-content\\\/uploads\\\/2020\\\/09\\\/Website-Logo-TEST.png\",\"contentUrl\":\"https:\\\/\\\/montysinternational.com\\\/wp-content\\\/uploads\\\/2020\\\/09\\\/Website-Logo-TEST.png\",\"width\":505,\"height\":358,\"caption\":\"Monty's Plant Food\"},\"image\":{\"@id\":\"https:\\\/\\\/montysinternational.com\\\/#\\\/schema\\\/logo\\\/image\\\/\"}}]}<\/script>\n<!-- \/ Yoast SEO plugin. -->","yoast_head_json":{"title":"Guatemala - Monty&#039;s International","robots":{"index":"index","follow":"follow","max-snippet":"max-snippet:-1","max-image-preview":"max-image-preview:large","max-video-preview":"max-video-preview:-1"},"canonical":"https:\/\/montysinternational.com\/de\/guatemala\/","og_locale":"de_DE","og_type":"article","og_title":"Guatemala - Monty&#039;s International","og_description":"Guatemala Maximize The Quality and Quantity Of Your Yields Monty&#8217;s primary goals has always been to help Guatemalan farmers be more successful. We offer Guatemalan farmers high efficiency nutrient solutions &#8211; whether in-furrow starters, industry-leading humic-based soil conditioners, or foliar applied nutrient packages &#8211; designed to bring better root development, healthier plants, and ultimately higher&hellip;","og_url":"https:\/\/montysinternational.com\/de\/guatemala\/","og_site_name":"Monty&#039;s International","article_modified_time":"2024-01-29T20:48:04+00:00","og_image":[{"url":"https:\/\/montysinternational.com\/wp-content\/uploads\/2022\/07\/Flag-Guatemala.png","type":"","width":"","height":""}],"twitter_card":"summary_large_image","twitter_misc":{"Est. reading time":"4 minutes"},"schema":{"@context":"https:\/\/schema.org","@graph":[{"@type":"WebPage","@id":"https:\/\/montysinternational.com\/guatemala\/","url":"https:\/\/montysinternational.com\/guatemala\/","name":"Guatemala - Monty&#039;s International","isPartOf":{"@id":"https:\/\/montysinternational.com\/#website"},"primaryImageOfPage":{"@id":"https:\/\/montysinternational.com\/guatemala\/#primaryimage"},"image":{"@id":"https:\/\/montysinternational.com\/guatemala\/#primaryimage"},"thumbnailUrl":"https:\/\/montysinternational.com\/wp-content\/uploads\/2022\/07\/Flag-Guatemala.png","datePublished":"2022-08-04T15:16:03+00:00","dateModified":"2024-01-29T20:48:04+00:00","breadcrumb":{"@id":"https:\/\/montysinternational.com\/guatemala\/#breadcrumb"},"inLanguage":"de-DE","potentialAction":[{"@type":"ReadAction","target":["https:\/\/montysinternational.com\/guatemala\/"]}]},{"@type":"ImageObject","inLanguage":"de-DE","@id":"https:\/\/montysinternational.com\/guatemala\/#primaryimage","url":"https:\/\/montysinternational.com\/wp-content\/uploads\/2022\/07\/Flag-Guatemala.png","contentUrl":"https:\/\/montysinternational.com\/wp-content\/uploads\/2022\/07\/Flag-Guatemala.png"},{"@type":"BreadcrumbList","@id":"https:\/\/montysinternational.com\/guatemala\/#breadcrumb","itemListElement":[{"@type":"ListItem","position":1,"name":"Home","item":"https:\/\/montysinternational.com\/"},{"@type":"ListItem","position":2,"name":"Guatemala"}]},{"@type":"WebSite","@id":"https:\/\/montysinternational.com\/#website","url":"https:\/\/montysinternational.com\/","name":"Monty&#039;s International","description":"","publisher":{"@id":"https:\/\/montysinternational.com\/#organization"},"potentialAction":[{"@type":"SearchAction","target":{"@type":"EntryPoint","urlTemplate":"https:\/\/montysinternational.com\/?s={search_term_string}"},"query-input":{"@type":"PropertyValueSpecification","valueRequired":true,"valueName":"search_term_string"}}],"inLanguage":"de-DE"},{"@type":"Organization","@id":"https:\/\/montysinternational.com\/#organization","name":"Monty's Plant Food","url":"https:\/\/montysinternational.com\/","logo":{"@type":"ImageObject","inLanguage":"de-DE","@id":"https:\/\/montysinternational.com\/#\/schema\/logo\/image\/","url":"https:\/\/montysinternational.com\/wp-content\/uploads\/2020\/09\/Website-Logo-TEST.png","contentUrl":"https:\/\/montysinternational.com\/wp-content\/uploads\/2020\/09\/Website-Logo-TEST.png","width":505,"height":358,"caption":"Monty's Plant Food"},"image":{"@id":"https:\/\/montysinternational.com\/#\/schema\/logo\/image\/"}}]}},"_links":{"self":[{"href":"https:\/\/montysinternational.com\/de\/wp-json\/wp\/v2\/pages\/12595","targetHints":{"allow":["GET"]}}],"collection":[{"href":"https:\/\/montysinternational.com\/de\/wp-json\/wp\/v2\/pages"}],"about":[{"href":"https:\/\/montysinternational.com\/de\/wp-json\/wp\/v2\/types\/page"}],"author":[{"embeddable":true,"href":"https:\/\/montysinternational.com\/de\/wp-json\/wp\/v2\/users\/17"}],"replies":[{"embeddable":true,"href":"https:\/\/montysinternational.com\/de\/wp-json\/wp\/v2\/comments?post=12595"}],"version-history":[{"count":10,"href":"https:\/\/montysinternational.com\/de\/wp-json\/wp\/v2\/pages\/12595\/revisions"}],"predecessor-version":[{"id":13268,"href":"https:\/\/montysinternational.com\/de\/wp-json\/wp\/v2\/pages\/12595\/revisions\/13268"}],"wp:attachment":[{"href":"https:\/\/montysinternational.com\/de\/wp-json\/wp\/v2\/media?parent=12595"}],"curies":[{"name":"wp","href":"https:\/\/api.w.org\/{rel}","templated":true}]}}