{"id":12549,"date":"2022-09-15T11:25:57","date_gmt":"2022-09-15T15:25:57","guid":{"rendered":"https:\/\/montysplantfood.com\/?page_id=12549"},"modified":"2025-04-11T08:43:48","modified_gmt":"2025-04-11T12:43:48","slug":"team","status":"publish","type":"page","link":"https:\/\/montysinternational.com\/de\/brazil\/team\/","title":{"rendered":"Mannschaft Brasilien"},"content":{"rendered":"<h1>\n\t\tMannschaft Brasilien\n\t<\/h1>\n\t\t\t\t<img loading=\"lazy\" decoding=\"async\" src=\"https:\/\/montysinternational.com\/wp-content\/uploads\/2022\/06\/Marcos-4x5-1-819x1024.png\" alt=\"Marcos\" itemprop=\"image\" height=\"1024\" width=\"819\" title=\"Marcos\" onerror=\"this.style.display='none'\"  \/>\n\t\t\t\t<img loading=\"lazy\" decoding=\"async\" src=\"https:\/\/montysinternational.com\/wp-content\/uploads\/2022\/06\/Gabriel-4x5-1-819x1024.png\" alt=\"Gabriel\" itemprop=\"image\" height=\"1024\" width=\"819\" title=\"Gabriel\" onerror=\"this.style.display='none'\"  \/>\n\t\t\t\t<img loading=\"lazy\" decoding=\"async\" src=\"https:\/\/montysinternational.com\/wp-content\/uploads\/2024\/01\/Sangalli-Jeff.png\" alt=\"Sangalli-Jeff\" itemprop=\"image\" height=\"1200\" width=\"1200\" title=\"Sangalli-Jeff\" onerror=\"this.style.display='none'\"  \/>\n\t\t\t\t<img loading=\"lazy\" decoding=\"async\" src=\"https:\/\/montysinternational.com\/wp-content\/uploads\/2022\/06\/Marcel-4x5-1-819x1024.png\" alt=\"Marcel\" itemprop=\"image\" height=\"1024\" width=\"819\" title=\"Marcel\" onerror=\"this.style.display='none'\"  \/>\n\t\t\t\t<img loading=\"lazy\" decoding=\"async\" src=\"https:\/\/montysinternational.com\/wp-content\/uploads\/2024\/01\/Lambert-4x4-1.png\" alt=\"Lambert 4x4\" itemprop=\"image\" height=\"1200\" width=\"1200\" title=\"Lambert 4x4\" onerror=\"this.style.display='none'\"  \/>\n\t\t\t\t<img loading=\"lazy\" decoding=\"async\" src=\"https:\/\/montysinternational.com\/wp-content\/uploads\/2024\/01\/Barbara-Tucker-4x4-1.png\" alt=\"Barbara Tucker 4x4\" itemprop=\"image\" height=\"1200\" width=\"1200\" title=\"Barbara Tucker 4x4\" onerror=\"this.style.display='none'\"  \/>\n\t<h2><strong>Marcos Gaio <img loading=\"lazy\" decoding=\"async\" src=\"https:\/\/montysinternational.com\/wp-content\/uploads\/2020\/08\/flag-brazil-300x219.png\" alt=\"\" width=\"92\" height=\"67\" \/><\/strong><\/h2>\n<h5>Landesleiter Brasilien<\/h5>\n<p>Marcos Gaio, Agronom, ist Absolvent der Bundesuniversit\u00e4t von Vi\u00e7osa - MG - Brasilien. Er hat einen Postgraduiertenabschluss in Marketing und Werbung von ESPM - SP - Brasilien, einen MBA in Agribusiness von FGV und einen internationalen MBA von der Ohio University - USA. Marcos verf\u00fcgt \u00fcber umfangreiche Erfahrungen im brasilianischen und internationalen Agribusiness. Marcos war f\u00fcr DuPont, FMC, Nufarm und Gowan in Brasilien, den USA, Mexiko und ganz Lateinamerika in verschiedenen Positionen t\u00e4tig, unter anderem in den Bereichen Vertrieb, Marketing und F&amp;E. Au\u00dferdem war er als Vorstandsmitglied in vier verschiedenen Unternehmen in ganz Lateinamerika t\u00e4tig.<\/p>\n<p>In letzter Zeit arbeitet Marcos als technischer Berater in der Landwirtschaft und unterst\u00fctzt Monty's Plant Food bei der Ausweitung seines Gesch\u00e4fts in der ganzen Welt.<\/p>\n<p><a href=\"mailto:Marcos.Gaio@montysplantfood.com\">Marcos.Gaio@montysplantfood.com<\/a><\/p>\n<p><a href=\"tel:5511975789609\">+55 11 97578 9609<\/a><\/p>\n\t<h2><strong>Gabriel Barros <img loading=\"lazy\" decoding=\"async\" src=\"https:\/\/montysinternational.com\/wp-content\/uploads\/2020\/08\/flag-brazil-300x219.png\" alt=\"\" width=\"92\" height=\"67\" \/><\/strong><\/h2>\n<h5>Betriebsleiter Brasilien<\/h5>\n<p>Gabriel Prado de Barros ist eine F\u00fchrungskraft mit einem Marketing- und Finanzhintergrund sowie einem landwirtschaftlichen Familienbetrieb in der dritten Generation. Er hat einen Master-Abschluss in International Business von der Hult International Business School in SF, Boston und NYC (die internationalste Business School der Welt, Top-10-Ranking der Financial Times) und einen Postgraduierten-Abschluss in Angewandten Konsumwissenschaften von der ESPM (Brasiliens Top-Universit\u00e4t f\u00fcr Marketing).<\/p>\n<p>Gabriels Erfahrung umfasst Projekte f\u00fcr mehrere Start-ups und Unternehmen in einer Vielzahl von Sektoren, wobei er sich haupts\u00e4chlich auf die Agrarwirtschaft und Investitionen konzentriert. Derzeit arbeitet Gabriel als Brazilian Operation Manager f\u00fcr Monty's Plant Food und unterst\u00fctzt das Unternehmen beim Aufbau seiner Gesch\u00e4ftst\u00e4tigkeit in Brasilien.<\/p>\n<p><a href=\"mailto:Gabriel.Barros@montysplantfood.com\">Gabriel.Barros@montysplantfood.com<\/a><\/p>\n<p><a href=\"tel:5565999834503\">+55 65 99983 4503<\/a><\/p>\n\t<h2><strong>Jeff Sangalli <\/strong><strong><img loading=\"lazy\" decoding=\"async\" src=\"https:\/\/montysinternational.com\/wp-content\/uploads\/2022\/03\/AFlag-300x180.jpg\" alt=\"\" width=\"95\" height=\"57\" \/><\/strong><\/h2>\n<h5>Gesch\u00e4ftsf\u00fchrender Direktor, Monty's Plant Food Co.<\/h5>\n<p>Als Vorstandsvorsitzender von Monty's Plant Food Co. ist Jeff f\u00fcr die allgemeine Vision, Strategie und Ausrichtung von Monty's verantwortlich. Jeffs erfolgreiche 25-j\u00e4hrige Karriere umfasst verschiedene F\u00fchrungspositionen, einschlie\u00dflich strategischer Planung und Innovation in den Bereichen Forschung und Entwicklung, Produktplanung und -entwicklung, weltweite Angebots- und Nachfrageplanung und -erf\u00fcllung sowie Produktions- und Betriebsmanagement bei Unternehmen wie Monty's, Lexmark International und Ford Motor Company. Dar\u00fcber hinaus h\u00e4lt Jeff f\u00fcnf U.S.-Patente.<\/p>\n<p>Jeffs Ausbildung umfasst: M.B.A., Xavier University (Williams College of Business &amp; Administration), Cincinnati, OH; M.Eng., Engineering, University of Louisville (Speed Scientific School), Louisville, KY; und B.S.E.S., University of Louisville (Speed Scientific School), Louisville, KY.<\/p>\n\t<h2><strong>Marcel Barbier <\/strong><strong><img loading=\"lazy\" decoding=\"async\" src=\"https:\/\/montysinternational.com\/wp-content\/uploads\/2022\/03\/AFlag-300x180.jpg\" alt=\"\" width=\"95\" height=\"57\" \/><\/strong><\/h2>\n<h5>Internationaler leitender technischer Angestellter<\/h5>\n<p>Dr Barbier is a soil-plant scientist with 20+ years of experience in the development, enhancement, and marketing of products for the conventional and organic markets.\u00a0 He has a Bachelor&#8217;s degree in Agronomy, a Master&#8217;s Degree in Crop Protection in International Commerce, and a Doctorate in Soil and Plant Science, with a minor in Plant Health Management.\u00a0 Dr. Barbier has experience working with vegetables, row crops, orchards, and tropical crops.\u00a0 He has worked for multinational companies such as Chiquita, Monsanto, Bayer, Syngenta, Stockton, and Rio Tinto (US Borax). In 2010 Dr. Barbier founded a consultancy company that is focused on helping companies develop and launch products.<\/p>\n<p>Seit Anfang 2020 ist Dr. Barbier als International Chief Technical Lead f\u00fcr Monty's Plant Food t\u00e4tig und konzentriert sich dabei auf die Bewertung von Produkten und die Unterrichtung von Landwirten \u00fcber die Vorteile von Monty's aktivierten Huminstoffen und wie diese Produkte die Bodengesundheit und die N\u00e4hrstoffstabilisierung verbessern und damit den Ertrag und die Qualit\u00e4t der Ernte steigern.<\/p>\n<p><a href=\"mailto:Marcel.Barbier@montysplantfood.com\">Marcel.Barbier@montysplantfood.com<\/a><\/p>\n<p><a href=\"tel:7724806831\">(772) 480-6831<\/a><\/p>\n\t<h2><strong>Lambert Franklin <\/strong><strong><img loading=\"lazy\" decoding=\"async\" src=\"https:\/\/montysinternational.com\/wp-content\/uploads\/2022\/03\/AFlag-300x180.jpg\" alt=\"\" width=\"95\" height=\"57\" \/><\/strong><\/h2>\n<h5>Nationale und internationale Logistik<\/h5>\n<p><a href=\"mailto:lambert.franklin@montysplantfood.com\">Lambert.Franklin@montysplantfood.com<\/a><\/p>\n<p><a href=\"tel:5026531104\">(502) 653-1104<\/a><\/p>\n\t<h2><strong>Barbara Tucker <\/strong><strong><img loading=\"lazy\" decoding=\"async\" src=\"https:\/\/montysinternational.com\/wp-content\/uploads\/2022\/03\/AFlag-300x180.jpg\" alt=\"\" width=\"95\" height=\"57\" \/><\/strong><\/h2>\n<h5>Internationale Logistik<\/h5>\n<p><a href=\"mailto:barbara.tucker@montysplantfood.com\">Barbara.Tucker@montysplantfood.com<\/a><\/p>\n<p><a href=\"tel:5024899888\">(502) 489-9888<\/a><\/p>","protected":false},"excerpt":{"rendered":"<p>Brasilien Team Marcos Gaio Brasilien Country Manager Marcos Gaio, Agronom, hat seinen Abschluss an der Bundesuniversit\u00e4t von Vi\u00e7osa - MG - Brasilien gemacht. Er hat einen Postgraduiertenabschluss in Marketing und Werbung von ESPM - SP - Brasilien, einen MBA in Agribusiness von FGV und einen internationalen MBA von der Ohio University - USA. Marcos hat umfangreiche Erfahrungen in...<\/p>","protected":false},"author":17,"featured_media":0,"parent":12548,"menu_order":0,"comment_status":"closed","ping_status":"closed","template":"","meta":{"_acf_changed":false,"_monsterinsights_skip_tracking":false,"_monsterinsights_sitenote_active":false,"_monsterinsights_sitenote_note":"","_monsterinsights_sitenote_category":0,"footnotes":""},"class_list":["post-12549","page","type-page","status-publish","hentry"],"acf":[],"yoast_head":"<!-- This site is optimized with the Yoast SEO plugin v27.3 - https:\/\/yoast.com\/product\/yoast-seo-wordpress\/ -->\n<title>Brazil Team - Monty&#039;s International<\/title>\n<meta name=\"robots\" content=\"index, follow, max-snippet:-1, max-image-preview:large, max-video-preview:-1\" \/>\n<link rel=\"canonical\" href=\"https:\/\/montysinternational.com\/de\/brazil\/team\/\" \/>\n<meta property=\"og:locale\" content=\"de_DE\" \/>\n<meta property=\"og:type\" content=\"article\" \/>\n<meta property=\"og:title\" content=\"Brazil Team - Monty&#039;s International\" \/>\n<meta property=\"og:description\" content=\"Brazil Team Marcos Gaio Brazil Country Manager Marcos Gaio, Agronomist, graduated from the Federal University of Vi\u00e7osa &#8211; MG &#8211; Brazil. He holds a post-graduate degree in Marketing and Advertising from ESPM &#8211; SP &#8211; Brazil, an MBA in Agribusiness from FGV, and International MBA from Ohio University &#8211; USA. Marcos has significant experience in&hellip;\" \/>\n<meta property=\"og:url\" content=\"https:\/\/montysinternational.com\/de\/brazil\/team\/\" \/>\n<meta property=\"og:site_name\" content=\"Monty&#039;s International\" \/>\n<meta property=\"article:modified_time\" content=\"2025-04-11T12:43:48+00:00\" \/>\n<meta property=\"og:image\" content=\"https:\/\/montysinternational.com\/wp-content\/uploads\/2022\/06\/Marcos-4x5-1-819x1024.png\" \/>\n<meta name=\"twitter:card\" content=\"summary_large_image\" \/>\n<script type=\"application\/ld+json\" class=\"yoast-schema-graph\">{\"@context\":\"https:\\\/\\\/schema.org\",\"@graph\":[{\"@type\":\"WebPage\",\"@id\":\"https:\\\/\\\/montysinternational.com\\\/brazil\\\/team\\\/\",\"url\":\"https:\\\/\\\/montysinternational.com\\\/brazil\\\/team\\\/\",\"name\":\"Brazil Team - Monty&#039;s International\",\"isPartOf\":{\"@id\":\"https:\\\/\\\/montysinternational.com\\\/#website\"},\"primaryImageOfPage\":{\"@id\":\"https:\\\/\\\/montysinternational.com\\\/brazil\\\/team\\\/#primaryimage\"},\"image\":{\"@id\":\"https:\\\/\\\/montysinternational.com\\\/brazil\\\/team\\\/#primaryimage\"},\"thumbnailUrl\":\"https:\\\/\\\/montysinternational.com\\\/wp-content\\\/uploads\\\/2022\\\/06\\\/Marcos-4x5-1-819x1024.png\",\"datePublished\":\"2022-09-15T15:25:57+00:00\",\"dateModified\":\"2025-04-11T12:43:48+00:00\",\"breadcrumb\":{\"@id\":\"https:\\\/\\\/montysinternational.com\\\/brazil\\\/team\\\/#breadcrumb\"},\"inLanguage\":\"de-DE\",\"potentialAction\":[{\"@type\":\"ReadAction\",\"target\":[\"https:\\\/\\\/montysinternational.com\\\/brazil\\\/team\\\/\"]}]},{\"@type\":\"ImageObject\",\"inLanguage\":\"de-DE\",\"@id\":\"https:\\\/\\\/montysinternational.com\\\/brazil\\\/team\\\/#primaryimage\",\"url\":\"https:\\\/\\\/montysinternational.com\\\/wp-content\\\/uploads\\\/2022\\\/06\\\/Marcos-4x5-1-819x1024.png\",\"contentUrl\":\"https:\\\/\\\/montysinternational.com\\\/wp-content\\\/uploads\\\/2022\\\/06\\\/Marcos-4x5-1-819x1024.png\"},{\"@type\":\"BreadcrumbList\",\"@id\":\"https:\\\/\\\/montysinternational.com\\\/brazil\\\/team\\\/#breadcrumb\",\"itemListElement\":[{\"@type\":\"ListItem\",\"position\":1,\"name\":\"Home\",\"item\":\"https:\\\/\\\/montysinternational.com\\\/\"},{\"@type\":\"ListItem\",\"position\":2,\"name\":\"Brazil\",\"item\":\"https:\\\/\\\/montysinternational.com\\\/brazil\\\/\"},{\"@type\":\"ListItem\",\"position\":3,\"name\":\"Brazil Team\"}]},{\"@type\":\"WebSite\",\"@id\":\"https:\\\/\\\/montysinternational.com\\\/#website\",\"url\":\"https:\\\/\\\/montysinternational.com\\\/\",\"name\":\"Monty&#039;s International\",\"description\":\"\",\"publisher\":{\"@id\":\"https:\\\/\\\/montysinternational.com\\\/#organization\"},\"potentialAction\":[{\"@type\":\"SearchAction\",\"target\":{\"@type\":\"EntryPoint\",\"urlTemplate\":\"https:\\\/\\\/montysinternational.com\\\/?s={search_term_string}\"},\"query-input\":{\"@type\":\"PropertyValueSpecification\",\"valueRequired\":true,\"valueName\":\"search_term_string\"}}],\"inLanguage\":\"de-DE\"},{\"@type\":\"Organization\",\"@id\":\"https:\\\/\\\/montysinternational.com\\\/#organization\",\"name\":\"Monty's Plant Food\",\"url\":\"https:\\\/\\\/montysinternational.com\\\/\",\"logo\":{\"@type\":\"ImageObject\",\"inLanguage\":\"de-DE\",\"@id\":\"https:\\\/\\\/montysinternational.com\\\/#\\\/schema\\\/logo\\\/image\\\/\",\"url\":\"https:\\\/\\\/montysinternational.com\\\/wp-content\\\/uploads\\\/2020\\\/09\\\/Website-Logo-TEST.png\",\"contentUrl\":\"https:\\\/\\\/montysinternational.com\\\/wp-content\\\/uploads\\\/2020\\\/09\\\/Website-Logo-TEST.png\",\"width\":505,\"height\":358,\"caption\":\"Monty's Plant Food\"},\"image\":{\"@id\":\"https:\\\/\\\/montysinternational.com\\\/#\\\/schema\\\/logo\\\/image\\\/\"}}]}<\/script>\n<!-- \/ Yoast SEO plugin. -->","yoast_head_json":{"title":"Brazil Team - Monty&#039;s International","robots":{"index":"index","follow":"follow","max-snippet":"max-snippet:-1","max-image-preview":"max-image-preview:large","max-video-preview":"max-video-preview:-1"},"canonical":"https:\/\/montysinternational.com\/de\/brazil\/team\/","og_locale":"de_DE","og_type":"article","og_title":"Brazil Team - Monty&#039;s International","og_description":"Brazil Team Marcos Gaio Brazil Country Manager Marcos Gaio, Agronomist, graduated from the Federal University of Vi\u00e7osa &#8211; MG &#8211; Brazil. He holds a post-graduate degree in Marketing and Advertising from ESPM &#8211; SP &#8211; Brazil, an MBA in Agribusiness from FGV, and International MBA from Ohio University &#8211; USA. Marcos has significant experience in&hellip;","og_url":"https:\/\/montysinternational.com\/de\/brazil\/team\/","og_site_name":"Monty&#039;s International","article_modified_time":"2025-04-11T12:43:48+00:00","og_image":[{"url":"https:\/\/montysinternational.com\/wp-content\/uploads\/2022\/06\/Marcos-4x5-1-819x1024.png","type":"","width":"","height":""}],"twitter_card":"summary_large_image","schema":{"@context":"https:\/\/schema.org","@graph":[{"@type":"WebPage","@id":"https:\/\/montysinternational.com\/brazil\/team\/","url":"https:\/\/montysinternational.com\/brazil\/team\/","name":"Brazil Team - Monty&#039;s International","isPartOf":{"@id":"https:\/\/montysinternational.com\/#website"},"primaryImageOfPage":{"@id":"https:\/\/montysinternational.com\/brazil\/team\/#primaryimage"},"image":{"@id":"https:\/\/montysinternational.com\/brazil\/team\/#primaryimage"},"thumbnailUrl":"https:\/\/montysinternational.com\/wp-content\/uploads\/2022\/06\/Marcos-4x5-1-819x1024.png","datePublished":"2022-09-15T15:25:57+00:00","dateModified":"2025-04-11T12:43:48+00:00","breadcrumb":{"@id":"https:\/\/montysinternational.com\/brazil\/team\/#breadcrumb"},"inLanguage":"de-DE","potentialAction":[{"@type":"ReadAction","target":["https:\/\/montysinternational.com\/brazil\/team\/"]}]},{"@type":"ImageObject","inLanguage":"de-DE","@id":"https:\/\/montysinternational.com\/brazil\/team\/#primaryimage","url":"https:\/\/montysinternational.com\/wp-content\/uploads\/2022\/06\/Marcos-4x5-1-819x1024.png","contentUrl":"https:\/\/montysinternational.com\/wp-content\/uploads\/2022\/06\/Marcos-4x5-1-819x1024.png"},{"@type":"BreadcrumbList","@id":"https:\/\/montysinternational.com\/brazil\/team\/#breadcrumb","itemListElement":[{"@type":"ListItem","position":1,"name":"Home","item":"https:\/\/montysinternational.com\/"},{"@type":"ListItem","position":2,"name":"Brazil","item":"https:\/\/montysinternational.com\/brazil\/"},{"@type":"ListItem","position":3,"name":"Brazil Team"}]},{"@type":"WebSite","@id":"https:\/\/montysinternational.com\/#website","url":"https:\/\/montysinternational.com\/","name":"Monty&#039;s International","description":"","publisher":{"@id":"https:\/\/montysinternational.com\/#organization"},"potentialAction":[{"@type":"SearchAction","target":{"@type":"EntryPoint","urlTemplate":"https:\/\/montysinternational.com\/?s={search_term_string}"},"query-input":{"@type":"PropertyValueSpecification","valueRequired":true,"valueName":"search_term_string"}}],"inLanguage":"de-DE"},{"@type":"Organization","@id":"https:\/\/montysinternational.com\/#organization","name":"Monty's Plant Food","url":"https:\/\/montysinternational.com\/","logo":{"@type":"ImageObject","inLanguage":"de-DE","@id":"https:\/\/montysinternational.com\/#\/schema\/logo\/image\/","url":"https:\/\/montysinternational.com\/wp-content\/uploads\/2020\/09\/Website-Logo-TEST.png","contentUrl":"https:\/\/montysinternational.com\/wp-content\/uploads\/2020\/09\/Website-Logo-TEST.png","width":505,"height":358,"caption":"Monty's Plant Food"},"image":{"@id":"https:\/\/montysinternational.com\/#\/schema\/logo\/image\/"}}]}},"_links":{"self":[{"href":"https:\/\/montysinternational.com\/de\/wp-json\/wp\/v2\/pages\/12549","targetHints":{"allow":["GET"]}}],"collection":[{"href":"https:\/\/montysinternational.com\/de\/wp-json\/wp\/v2\/pages"}],"about":[{"href":"https:\/\/montysinternational.com\/de\/wp-json\/wp\/v2\/types\/page"}],"author":[{"embeddable":true,"href":"https:\/\/montysinternational.com\/de\/wp-json\/wp\/v2\/users\/17"}],"replies":[{"embeddable":true,"href":"https:\/\/montysinternational.com\/de\/wp-json\/wp\/v2\/comments?post=12549"}],"version-history":[{"count":11,"href":"https:\/\/montysinternational.com\/de\/wp-json\/wp\/v2\/pages\/12549\/revisions"}],"predecessor-version":[{"id":13362,"href":"https:\/\/montysinternational.com\/de\/wp-json\/wp\/v2\/pages\/12549\/revisions\/13362"}],"up":[{"embeddable":true,"href":"https:\/\/montysinternational.com\/de\/wp-json\/wp\/v2\/pages\/12548"}],"wp:attachment":[{"href":"https:\/\/montysinternational.com\/de\/wp-json\/wp\/v2\/media?parent=12549"}],"curies":[{"name":"wp","href":"https:\/\/api.w.org\/{rel}","templated":true}]}}